{"id":6103,"date":"2018-02-23T17:20:46","date_gmt":"2018-02-23T22:20:46","guid":{"rendered":"https:\/\/cansupport.ca\/how-volunteers-help\/"},"modified":"2022-03-09T14:30:47","modified_gmt":"2022-03-09T19:30:47","slug":"comment-les-benevoles-aident","status":"publish","type":"page","link":"https:\/\/cansupport.ca\/fr\/comment-les-benevoles-aident\/","title":{"rendered":"Comment les b\u00e9n\u00e9voles aident"},"content":{"rendered":"<p>CanSupport des C\u00e8dres continue de cro\u00eetre chaque ann\u00e9e et atteint son objectif de soutenir les patients atteints de cancer et leurs familles gr\u00e2ce \u00e0 nos b\u00e9n\u00e9voles d\u00e9vou\u00e9s. Nous avons plus de 200 b\u00e9n\u00e9voles qui soutiennent r\u00e9guli\u00e8rement nos patients atteints de cancer et leurs soignants.<\/p>\n<h4><span style=\"color: #1e22aa;\">Besoin de parler \u00e0 quelqu&rsquo;un?<\/span><\/h4>\n<p>Le cancer peut bouleverser votre vie. En parler \u00e0 quelqu&rsquo;un peut \u00eatre r\u00e9confortant. Nos b\u00e9n\u00e9voles peuvent pr\u00eater l&rsquo;oreille ou simplement \u00eatre avec vous pour passer le temps. Beaucoup de nos b\u00e9n\u00e9voles sont d&rsquo;anciens patients atteints de cancer et peuvent partager des id\u00e9es sur ce qui les a aid\u00e9s \u00e0 traverser leur exp\u00e9rience du cancer.<\/p>\n<h4><span style=\"color: #1e22aa;\">Difficult\u00e9 \u00e0 trouver votre chemin?<\/span><\/h4>\n<p>\u00catre dans un nouvel environnement peut \u00eatre stressant. Nos b\u00e9n\u00e9voles peuvent vous aider \u00e0 trouver votre chemin.<\/p>\n<h4><span style=\"color: #1e22aa;\">\u00cates-vous un peu nerveux?<\/span><\/h4>\n<p>Les b\u00e9n\u00e9voles de CanSupport des C\u00e8dres sont pr\u00e9sents pour \u00e9couter et soutenir les patients et leurs proches.<\/p>\n<h4><span style=\"color: #1e22aa;\">\u00c0 la recherche d&rsquo;information?<\/span><\/h4>\n<p>Des b\u00e9n\u00e9voles sont pr\u00e9sents au Centre de Ressources CanSupport des C\u00e8dres pour vous aider \u00e0 trouver de l\u2019information li\u00e9e au cancer sous forme de d\u00e9pliant \u00e0 prendre ou \u00a0livre \u00e0 emprunter afin de r\u00e9pondre aux questions et aux pr\u00e9occupations que vous pourriez avoir.<\/p>\n","protected":false},"excerpt":{"rendered":"<p>CanSupport des C\u00e8dres continue de cro\u00eetre chaque ann\u00e9e et atteint son objectif de soutenir les patients atteints de cancer et leurs familles gr\u00e2ce \u00e0 nos b\u00e9n\u00e9voles d\u00e9vou\u00e9s. Nous avons plus [&hellip;]<\/p>\n","protected":false},"author":4,"featured_media":0,"parent":0,"menu_order":0,"comment_status":"closed","ping_status":"closed","template":"","meta":{"footnotes":""},"class_list":["post-6103","page","type-page","status-publish","hentry"],"_links":{"self":[{"href":"https:\/\/cansupport.ca\/fr\/wp-json\/wp\/v2\/pages\/6103","targetHints":{"allow":["GET"]}}],"collection":[{"href":"https:\/\/cansupport.ca\/fr\/wp-json\/wp\/v2\/pages"}],"about":[{"href":"https:\/\/cansupport.ca\/fr\/wp-json\/wp\/v2\/types\/page"}],"author":[{"embeddable":true,"href":"https:\/\/cansupport.ca\/fr\/wp-json\/wp\/v2\/users\/4"}],"replies":[{"embeddable":true,"href":"https:\/\/cansupport.ca\/fr\/wp-json\/wp\/v2\/comments?post=6103"}],"version-history":[{"count":3,"href":"https:\/\/cansupport.ca\/fr\/wp-json\/wp\/v2\/pages\/6103\/revisions"}],"predecessor-version":[{"id":6214,"href":"https:\/\/cansupport.ca\/fr\/wp-json\/wp\/v2\/pages\/6103\/revisions\/6214"}],"wp:attachment":[{"href":"https:\/\/cansupport.ca\/fr\/wp-json\/wp\/v2\/media?parent=6103"}],"curies":[{"name":"wp","href":"https:\/\/api.w.org\/{rel}","templated":true}]}}