{"id":6065,"date":"2018-02-23T20:50:46","date_gmt":"2018-02-24T01:50:46","guid":{"rendered":"https:\/\/cansupport.ca\/donate-2\/"},"modified":"2026-01-29T16:36:47","modified_gmt":"2026-01-29T21:36:47","slug":"faire-un-don","status":"publish","type":"page","link":"https:\/\/cansupport.ca\/fr\/faire-un-don\/","title":{"rendered":"FAIRE UN DON"},"content":{"rendered":"<h4><strong><span style=\"color: #97d700;\">Comment les dons aident<\/span><\/strong><\/h4>\n<p>Depuis 1986, CanSupport des C\u00e8dres est financ\u00e9 par la Fondation du cancer des C\u00e8dres. Nous avons pu offrir des services gratuits et uniques tout au long de ces ann\u00e9es gr\u00e2ce au soutien continu de nombreux g\u00e9n\u00e9reux donateurs.<\/p>\n<p>&nbsp;<\/p>\n<h4><span style=\"color: #1e22aa;\"><strong>Vos contributions nous aideront \u00e0 maintenir nos services et activit\u00e9s, tels que:<\/strong><\/span><\/h4>\n<ul>\n<li>Aide financi\u00e8re aux patients et leurs familles<\/li>\n<li>Perruques, chapeaux et turbans GRATUITS<\/li>\n<li>Rafra\u00eechissements dans les salles d&rsquo;attente<\/li>\n<li>Fournitures pour nos ateliers d&rsquo;arts cr\u00e9atifs<\/li>\n<li>et beaucoup plus\u2026.<\/li>\n<\/ul>\n<p>&nbsp;<\/p>\n<h4><span style=\"color: #1e22aa;\"><strong>Comment faire un don<\/strong><\/span><\/h4>\n<p><strong>C&rsquo;est aussi simple que 1-2-3! <a href=\"https:\/\/donatecedars.ca\/programmes-prioritaires-des-cedres?lang=fr&#038;locale=fr-CA\" target=\"_blank\" rel=\"noopener noreferrer\">Cliquez ICI et remplissez le formulaire en ligne<\/a><\/strong><\/p>\n","protected":false},"excerpt":{"rendered":"<p>Comment les dons aident Depuis 1986, CanSupport des C\u00e8dres est financ\u00e9 par la Fondation du cancer des C\u00e8dres. Nous avons pu offrir des services gratuits et uniques tout au long [&hellip;]<\/p>\n","protected":false},"author":4,"featured_media":0,"parent":0,"menu_order":0,"comment_status":"closed","ping_status":"closed","template":"","meta":{"footnotes":""},"class_list":["post-6065","page","type-page","status-publish","hentry"],"_links":{"self":[{"href":"https:\/\/cansupport.ca\/fr\/wp-json\/wp\/v2\/pages\/6065","targetHints":{"allow":["GET"]}}],"collection":[{"href":"https:\/\/cansupport.ca\/fr\/wp-json\/wp\/v2\/pages"}],"about":[{"href":"https:\/\/cansupport.ca\/fr\/wp-json\/wp\/v2\/types\/page"}],"author":[{"embeddable":true,"href":"https:\/\/cansupport.ca\/fr\/wp-json\/wp\/v2\/users\/4"}],"replies":[{"embeddable":true,"href":"https:\/\/cansupport.ca\/fr\/wp-json\/wp\/v2\/comments?post=6065"}],"version-history":[{"count":4,"href":"https:\/\/cansupport.ca\/fr\/wp-json\/wp\/v2\/pages\/6065\/revisions"}],"predecessor-version":[{"id":20668,"href":"https:\/\/cansupport.ca\/fr\/wp-json\/wp\/v2\/pages\/6065\/revisions\/20668"}],"wp:attachment":[{"href":"https:\/\/cansupport.ca\/fr\/wp-json\/wp\/v2\/media?parent=6065"}],"curies":[{"name":"wp","href":"https:\/\/api.w.org\/{rel}","templated":true}]}}