{"id":6060,"date":"2018-03-02T16:57:21","date_gmt":"2018-03-02T21:57:21","guid":{"rendered":"https:\/\/cansupport.ca\/contact-us\/"},"modified":"2022-03-09T14:35:08","modified_gmt":"2022-03-09T19:35:08","slug":"nous-joindre","status":"publish","type":"page","link":"https:\/\/cansupport.ca\/fr\/nous-joindre\/","title":{"rendered":"NOUS JOINDRE"},"content":{"rendered":"<h4 style=\"text-align: left;\"><span style=\"color: #1e22aa;\"><strong>Vous avez une question pour nous? Remplissez le formulaire suivant:<\/strong><\/span><\/h4>\n<p><span style=\"color: #ff0000;\"><strong>Avertissement:<\/strong><\/span>\u00a0Veuillez noter que CanSupport des C\u00e8dres ne peut pas recevoir ou modifier les r\u00e9f\u00e9rences de patients ou les rendez-vous au Centre du cancer des C\u00e8dres du CUSM. \u00a0Veuillez ne pas utiliser ce formulaire de contact pour demander un rendez-vous. Veuillez ne pas partager vos renseignements personnels m\u00e9dicaux avec CanSupport des C\u00e8dres avec ce formulaire de contact.<\/p>\n<p><strong><span style=\"color: #ff0000;\">Pour demander ou reporter un rendez-vous, veuillez composez le 514-934-4400.<\/span><\/strong><\/p>\n<p>&nbsp;<\/p>\n\n<div class=\"wpcf7 no-js\" id=\"wpcf7-f6063-o1\" lang=\"en-US\" dir=\"ltr\" data-wpcf7-id=\"6063\">\n<div class=\"screen-reader-response\"><p role=\"status\" aria-live=\"polite\" aria-atomic=\"true\"><\/p> <ul><\/ul><\/div>\n<form action=\"\/fr\/wp-json\/wp\/v2\/pages\/6060#wpcf7-f6063-o1\" method=\"post\" class=\"wpcf7-form init\" aria-label=\"Contact form\" novalidate=\"novalidate\" data-status=\"init\">\n<fieldset class=\"hidden-fields-container\"><input type=\"hidden\" name=\"_wpcf7\" value=\"6063\" \/><input type=\"hidden\" name=\"_wpcf7_version\" value=\"6.1.5\" \/><input type=\"hidden\" name=\"_wpcf7_locale\" value=\"en_US\" \/><input type=\"hidden\" name=\"_wpcf7_unit_tag\" value=\"wpcf7-f6063-o1\" \/><input type=\"hidden\" name=\"_wpcf7_container_post\" value=\"0\" \/><input type=\"hidden\" name=\"_wpcf7_posted_data_hash\" value=\"\" \/><input type=\"hidden\" name=\"_wpcf7_recaptcha_response\" value=\"\" \/>\n<\/fieldset>\n<p><label> Votre nom (champs obligatoire)<br \/>\n<span class=\"wpcf7-form-control-wrap\" data-name=\"your-name\"><input size=\"40\" maxlength=\"400\" class=\"wpcf7-form-control wpcf7-text wpcf7-validates-as-required\" aria-required=\"true\" aria-invalid=\"false\" value=\"\" type=\"text\" name=\"your-name\" \/><\/span> <\/label>\n<\/p>\n<p><label> Votre courriel (champs obligatoire)<br \/>\n<span class=\"wpcf7-form-control-wrap\" data-name=\"your-email\"><input size=\"40\" maxlength=\"400\" class=\"wpcf7-form-control wpcf7-email wpcf7-validates-as-required wpcf7-text wpcf7-validates-as-email\" aria-required=\"true\" aria-invalid=\"false\" value=\"\" type=\"email\" name=\"your-email\" \/><\/span> <\/label>\n<\/p>\n<p><label> Objet (champs obligatoire)<br \/>\n<span class=\"wpcf7-form-control-wrap\" data-name=\"your-subject\"><input size=\"40\" maxlength=\"400\" class=\"wpcf7-form-control wpcf7-text\" aria-invalid=\"false\" value=\"\" type=\"text\" name=\"your-subject\" \/><\/span> <\/label>\n<\/p>\n<p><label> Votre message (champs obligatoire)<br \/>\n<span class=\"wpcf7-form-control-wrap\" data-name=\"your-message\"><textarea cols=\"40\" rows=\"10\" maxlength=\"2000\" class=\"wpcf7-form-control wpcf7-textarea\" aria-invalid=\"false\" name=\"your-message\"><\/textarea><\/span> <\/label>\n<\/p>\n<p><input class=\"wpcf7-form-control wpcf7-submit has-spinner\" type=\"submit\" value=\"Envoyer\" \/>\n<\/p><div class=\"wpcf7-response-output\" aria-hidden=\"true\"><\/div>\n<\/form>\n<\/div>\n\n<p>&nbsp;<\/p>\n<h4><span style=\"color: #97d700;\"><strong>Nos coordonn\u00e9es et adresse postale:<\/strong><\/span><\/h4>\n<p><strong>CanSupport des C\u00e8dres<\/strong><\/p>\n<p>Centre du cancer des C\u00e8dres du Centre universitaire de sant\u00e9 McGill<\/p>\n<p>1001 Blvd. D\u00e9carie, D RC. 1329<\/p>\n<p>Montr\u00e9al, Qu\u00e9bec H4A 3J1<\/p>\n<p>T\u00e9l\u00e9phone: (514) 934-1934 poste 35297<\/p>\n<p>Courriel: cedarscansupport@muhc.mcgill.ca<\/p>\n<p>&nbsp;<\/p>\n<p><strong>Heures d&rsquo;ouverture:<\/strong><\/p>\n<p>Lundi au vendredi<\/p>\n<p>8 h 00 \u00e0 16 h 00<\/p>\n<p>&nbsp;<\/p>\n<p>&nbsp;<\/p>\n<h3><span style=\"color: #1e22aa;\"><strong>Carte vers D RC. 1329<\/strong><\/span><\/h3>\n<p><a href=\"https:\/\/www.cansupport.ca\/wp-content\/uploads\/2020\/05\/Map-EN-768x594-1.jpg\"><img loading=\"lazy\" decoding=\"async\" class=\"size-full wp-image-1355 alignleft\" src=\"https:\/\/www.cansupport.ca\/wp-content\/uploads\/2020\/05\/Map-EN-768x594-1.jpg\" alt=\"\" width=\"768\" height=\"594\" \/><\/a><\/p>\n<p>&nbsp;<\/p>\n<p>&nbsp;<\/p>\n<p>&nbsp;<\/p>\n<h3><\/h3>\n<h3><\/h3>\n<h3><\/h3>\n<h3><\/h3>\n<h3><\/h3>\n<h3><\/h3>\n<h3><\/h3>\n<h3><\/h3>\n<h3><\/h3>\n<h3><\/h3>\n<p>&nbsp;<\/p>\n","protected":false},"excerpt":{"rendered":"<p>Vous avez une question pour nous? Remplissez le formulaire suivant: Avertissement:\u00a0Veuillez noter que CanSupport des C\u00e8dres ne peut pas recevoir ou modifier les r\u00e9f\u00e9rences de patients ou les rendez-vous au [&hellip;]<\/p>\n","protected":false},"author":4,"featured_media":0,"parent":0,"menu_order":0,"comment_status":"closed","ping_status":"closed","template":"","meta":{"footnotes":""},"class_list":["post-6060","page","type-page","status-publish","hentry"],"_links":{"self":[{"href":"https:\/\/cansupport.ca\/fr\/wp-json\/wp\/v2\/pages\/6060","targetHints":{"allow":["GET"]}}],"collection":[{"href":"https:\/\/cansupport.ca\/fr\/wp-json\/wp\/v2\/pages"}],"about":[{"href":"https:\/\/cansupport.ca\/fr\/wp-json\/wp\/v2\/types\/page"}],"author":[{"embeddable":true,"href":"https:\/\/cansupport.ca\/fr\/wp-json\/wp\/v2\/users\/4"}],"replies":[{"embeddable":true,"href":"https:\/\/cansupport.ca\/fr\/wp-json\/wp\/v2\/comments?post=6060"}],"version-history":[{"count":8,"href":"https:\/\/cansupport.ca\/fr\/wp-json\/wp\/v2\/pages\/6060\/revisions"}],"predecessor-version":[{"id":6220,"href":"https:\/\/cansupport.ca\/fr\/wp-json\/wp\/v2\/pages\/6060\/revisions\/6220"}],"wp:attachment":[{"href":"https:\/\/cansupport.ca\/fr\/wp-json\/wp\/v2\/media?parent=6060"}],"curies":[{"name":"wp","href":"https:\/\/api.w.org\/{rel}","templated":true}]}}