{"id":6058,"date":"2021-12-20T14:26:02","date_gmt":"2021-12-20T19:26:02","guid":{"rendered":"https:\/\/cansupport.ca\/educational-clip\/"},"modified":"2023-11-10T11:20:18","modified_gmt":"2023-11-10T16:20:18","slug":"clips-educatifs","status":"publish","type":"page","link":"https:\/\/cansupport.ca\/fr\/clips-educatifs\/","title":{"rendered":"Clips \u00c9ducatifs"},"content":{"rendered":"<p>Les clips \u00e9ducatifs fournissent des connaissances ainsi que de la sensibilisation et cr\u00e9ent une plate-forme d&rsquo;acc\u00e8s direct \u00e0 l&rsquo;information pour les personnes touch\u00e9es par le cancer. Une occasion d&rsquo;apprentissage pour mettre en \u00e9vidence des sujets li\u00e9s \u00e0 l&rsquo;exp\u00e9rience du cancer, de la part de professionnels dans leurs domaines respectifs.<\/p>\n<p><strong><a href=\"http:\/\/:  https:\/\/us06web.zoom.us\/meeting\/register\/tZIofuyvrTwpEta32gYtF_GbHNhaI1axO9hK\">Lien d&rsquo;inscription \u00e0 Zoom<\/a><\/strong><\/p>\n<p><a href=\"https:\/\/cansupport.ca\/wp-content\/uploads\/2023\/11\/Le-role-cl\ufffd-du-medecin-de-famille-The-Key-Role-of-the-Family-Doctor.jpg\"><img loading=\"lazy\" decoding=\"async\" class=\"alignnone size-full wp-image-13720\" src=\"https:\/\/cansupport.ca\/wp-content\/uploads\/2023\/11\/Le-role-cl\ufffd-du-medecin-de-famille-The-Key-Role-of-the-Family-Doctor.jpg\" alt=\"\" width=\"1640\" height=\"924\" srcset=\"https:\/\/cansupport.ca\/wp-content\/uploads\/2023\/11\/Le-role-cl\ufffd-du-medecin-de-famille-The-Key-Role-of-the-Family-Doctor.jpg 1640w, https:\/\/cansupport.ca\/wp-content\/uploads\/2023\/11\/Le-role-cl\ufffd-du-medecin-de-famille-The-Key-Role-of-the-Family-Doctor-300x169.jpg 300w, https:\/\/cansupport.ca\/wp-content\/uploads\/2023\/11\/Le-role-cl\ufffd-du-medecin-de-famille-The-Key-Role-of-the-Family-Doctor-1024x577.jpg 1024w, https:\/\/cansupport.ca\/wp-content\/uploads\/2023\/11\/Le-role-cl\ufffd-du-medecin-de-famille-The-Key-Role-of-the-Family-Doctor-768x433.jpg 768w, https:\/\/cansupport.ca\/wp-content\/uploads\/2023\/11\/Le-role-cl\ufffd-du-medecin-de-famille-The-Key-Role-of-the-Family-Doctor-1536x865.jpg 1536w\" sizes=\"auto, (max-width: 1640px) 100vw, 1640px\" \/><\/a><\/p>\n<p>&nbsp;<\/p>\n<p><strong>Clip \u00e9ducatif pass\u00e9<\/strong><\/p>\n<h4><a href=\"https:\/\/www.cansupport.ca\/wp-content\/uploads\/2021\/12\/Cedars-cansupport-2.png\"><img loading=\"lazy\" decoding=\"async\" class=\"alignnone wp-image-2470 size-large\" src=\"https:\/\/www.cansupport.ca\/wp-content\/uploads\/2021\/12\/Cedars-cansupport-2-1024x576.png\" alt=\"\" width=\"670\" height=\"377\" \/><\/a><\/h4>\n<p>Si vous avez manqu\u00e9 ce clip \u00e9ducatif <strong>sur les Principes de base des essais cliniques<\/strong> pr\u00e9sent\u00e9 par Stan Shapiro, PhD (professeur \u00e9m\u00e9rite, Universit\u00e9 McGill), vous pouvez visionner la vid\u00e9o en suivant directement le lien:\u00a0<strong><a href=\"https:\/\/www.youtube.com\/watch?v=VKvBe2d0Ug0\" target=\"_blank\" rel=\"noopener\">Clip \u00e9ducatif &#8211; Principes de base des essais cliniques<\/a><\/strong><\/p>\n<p>\u00ab\u00a0Les essais cliniques sont un outil puissant dans l&rsquo;effort continu pour am\u00e9liorer les soins de sant\u00e9. Ce sont des \u00e9tudes de recherche qui peuvent \u00eatre utilis\u00e9es pour \u00e9valuer l&rsquo;efficacit\u00e9 et la valeur d&rsquo;une vari\u00e9t\u00e9 de proc\u00e9dures m\u00e9dicales, le plus souvent des traitements.\u00a0\u00bb<\/p>\n<p>Veuillez prendre note que ce clip \u00e9ducatif n\u2019a pas pour but de se substituer \u00e0 des conseils, diagnostics ou traitements m\u00e9dicaux professionnels.<\/p>\n","protected":false},"excerpt":{"rendered":"<p>Les clips \u00e9ducatifs fournissent des connaissances ainsi que de la sensibilisation et cr\u00e9ent une plate-forme d&rsquo;acc\u00e8s direct \u00e0 l&rsquo;information pour les personnes touch\u00e9es par le cancer. Une occasion d&rsquo;apprentissage pour [&hellip;]<\/p>\n","protected":false},"author":2,"featured_media":0,"parent":0,"menu_order":0,"comment_status":"closed","ping_status":"closed","template":"","meta":{"footnotes":""},"class_list":["post-6058","page","type-page","status-publish","hentry"],"_links":{"self":[{"href":"https:\/\/cansupport.ca\/fr\/wp-json\/wp\/v2\/pages\/6058","targetHints":{"allow":["GET"]}}],"collection":[{"href":"https:\/\/cansupport.ca\/fr\/wp-json\/wp\/v2\/pages"}],"about":[{"href":"https:\/\/cansupport.ca\/fr\/wp-json\/wp\/v2\/types\/page"}],"author":[{"embeddable":true,"href":"https:\/\/cansupport.ca\/fr\/wp-json\/wp\/v2\/users\/2"}],"replies":[{"embeddable":true,"href":"https:\/\/cansupport.ca\/fr\/wp-json\/wp\/v2\/comments?post=6058"}],"version-history":[{"count":6,"href":"https:\/\/cansupport.ca\/fr\/wp-json\/wp\/v2\/pages\/6058\/revisions"}],"predecessor-version":[{"id":13741,"href":"https:\/\/cansupport.ca\/fr\/wp-json\/wp\/v2\/pages\/6058\/revisions\/13741"}],"wp:attachment":[{"href":"https:\/\/cansupport.ca\/fr\/wp-json\/wp\/v2\/media?parent=6058"}],"curies":[{"name":"wp","href":"https:\/\/api.w.org\/{rel}","templated":true}]}}