{"id":6056,"date":"2021-09-10T12:35:55","date_gmt":"2021-09-10T16:35:55","guid":{"rendered":"https:\/\/cansupport.ca\/us-connecting-through-art-gallery\/"},"modified":"2023-10-13T11:54:03","modified_gmt":"2023-10-13T15:54:03","slug":"galerie-nous-ensembles-a-travers-lart","status":"publish","type":"page","link":"https:\/\/cansupport.ca\/fr\/galerie-nous-ensembles-a-travers-lart\/","title":{"rendered":"Nous, Ensemble \u00e0 travers l\u2019art"},"content":{"rendered":"<h2>Rejoignez-nous \u00e0 la galerie\u00a0 \u00abNous, Ensemble \u00e0 travers l&rsquo;art\u00bb<\/h2>\n<h3>En explorant les concepts de r\u00e9flexion; le pass\u00e9, le pr\u00e9sent et l&rsquo;avenir.<\/h3>\n<p>Reflexions Vernissage<\/p>\n<p><strong>17 Oct 2023<\/strong><br \/>\nSite Glen- 1001 boul. D\u00e9carie<br \/>\nCentre Cancer des C\u00e8dres, DS1.7011<\/p>\n<p>10:00 R\u00e9ception<br \/>\n10:30 Tour de la galeire<br \/>\n11:30 Cr\u00e9ation artistique<br \/>\n12:00 Notes de R\u00e9confort Concert de Piano<br \/>\n1:00 Cr\u00e9ation artistique<br \/>\n2:30 R\u00e9flexions finale<\/p>\n<p>RSVP cedarscansupport@muhc.mcgill.ca 514-934-1934 ext:35297<\/p>\n<p><a href=\"https:\/\/cansupport.ca\/wp-content\/uploads\/2023\/10\/Final_Reflections_Vernissage_Invitation_CCS-3-scaled.jpg\"><img loading=\"lazy\" decoding=\"async\" class=\"alignnone size-full wp-image-13300\" src=\"https:\/\/cansupport.ca\/wp-content\/uploads\/2023\/10\/Final_Reflections_Vernissage_Invitation_CCS-3-scaled.jpg\" alt=\"\" width=\"2560\" height=\"1440\" srcset=\"https:\/\/cansupport.ca\/wp-content\/uploads\/2023\/10\/Final_Reflections_Vernissage_Invitation_CCS-3-scaled.jpg 2560w, https:\/\/cansupport.ca\/wp-content\/uploads\/2023\/10\/Final_Reflections_Vernissage_Invitation_CCS-3-300x169.jpg 300w, https:\/\/cansupport.ca\/wp-content\/uploads\/2023\/10\/Final_Reflections_Vernissage_Invitation_CCS-3-1024x576.jpg 1024w, https:\/\/cansupport.ca\/wp-content\/uploads\/2023\/10\/Final_Reflections_Vernissage_Invitation_CCS-3-768x432.jpg 768w, https:\/\/cansupport.ca\/wp-content\/uploads\/2023\/10\/Final_Reflections_Vernissage_Invitation_CCS-3-1536x864.jpg 1536w, https:\/\/cansupport.ca\/wp-content\/uploads\/2023\/10\/Final_Reflections_Vernissage_Invitation_CCS-3-2048x1152.jpg 2048w\" sizes=\"auto, (max-width: 2560px) 100vw, 2560px\" \/><\/a><\/p>\n<h3><\/h3>\n<h2><strong>Pass\u00e9e<\/strong><\/h2>\n<h3><strong>Vernissage de la Galerie \u00ab Nous, ensemble \u00e0 travers l\u2019art \u00bb<\/strong><\/h3>\n<h4><img loading=\"lazy\" decoding=\"async\" class=\"alignnone size-large wp-image-5351\" src=\"https:\/\/cansupport.ca\/wp-content\/uploads\/2022\/01\/FINAL-BelongingVernissageInvitation.10-1-1024x576.jpg\" alt=\"\" width=\"630\" height=\"354\" srcset=\"https:\/\/cansupport.ca\/wp-content\/uploads\/2022\/01\/FINAL-BelongingVernissageInvitation.10-1-1024x576.jpg 1024w, https:\/\/cansupport.ca\/wp-content\/uploads\/2022\/01\/FINAL-BelongingVernissageInvitation.10-1-300x169.jpg 300w, https:\/\/cansupport.ca\/wp-content\/uploads\/2022\/01\/FINAL-BelongingVernissageInvitation.10-1-768x432.jpg 768w, https:\/\/cansupport.ca\/wp-content\/uploads\/2022\/01\/FINAL-BelongingVernissageInvitation.10-1.jpg 1280w\" sizes=\"auto, (max-width: 630px) 100vw, 630px\" \/><\/h4>\n<p>&nbsp;<\/p>\n<p>Le jeudi 10 f\u00e9vrier 2022, nous avons c\u00e9l\u00e9br\u00e9 et pr\u00e9sent\u00e9 des \u0153uvres d\u2019art de notre exposition de galerie virtuelle \u00ab Nous, ensemble \u00e0 travers l\u2019art \u00bb, cr\u00e9\u00e9e par des personnes touch\u00e9es par le cancer, inspir\u00e9es par le th\u00e8me de \u00ab l\u2019appartenance \u00bb, avec notre conf\u00e9renci\u00e8re invit\u00e9e, Deborah Katz, RN, BSc, MScN, Facult\u00e9 des soins infirmiers, Langara College School of Nursing. Auteure de \u00ab Rares, mais partout \u00bb.<\/p>\n<p>Les artistes, que nous avons le plaisir de mettre en valeur, ont interpr\u00e9t\u00e9 l\u2019appartenance et ont trouv\u00e9 des fa\u00e7ons riches et signifiantes de partager ce concept avec nous.\u00a0<a href=\"https:\/\/www.youtube.com\/watch?v=54pVnp0qmDg\" target=\"_blank\" rel=\"noopener\">Veuillez cliquer ici pour regarder la vid\u00e9o.\u00a0<\/a><\/p>\n<p>&nbsp;<\/p>\n","protected":false},"excerpt":{"rendered":"<p>Rejoignez-nous \u00e0 la galerie\u00a0 \u00abNous, Ensemble \u00e0 travers l&rsquo;art\u00bb En explorant les concepts de r\u00e9flexion; le pass\u00e9, le pr\u00e9sent et l&rsquo;avenir. Reflexions Vernissage 17 Oct 2023 Site Glen- 1001 boul. [&hellip;]<\/p>\n","protected":false},"author":2,"featured_media":0,"parent":0,"menu_order":0,"comment_status":"closed","ping_status":"closed","template":"","meta":{"footnotes":""},"class_list":["post-6056","page","type-page","status-publish","hentry"],"_links":{"self":[{"href":"https:\/\/cansupport.ca\/fr\/wp-json\/wp\/v2\/pages\/6056","targetHints":{"allow":["GET"]}}],"collection":[{"href":"https:\/\/cansupport.ca\/fr\/wp-json\/wp\/v2\/pages"}],"about":[{"href":"https:\/\/cansupport.ca\/fr\/wp-json\/wp\/v2\/types\/page"}],"author":[{"embeddable":true,"href":"https:\/\/cansupport.ca\/fr\/wp-json\/wp\/v2\/users\/2"}],"replies":[{"embeddable":true,"href":"https:\/\/cansupport.ca\/fr\/wp-json\/wp\/v2\/comments?post=6056"}],"version-history":[{"count":7,"href":"https:\/\/cansupport.ca\/fr\/wp-json\/wp\/v2\/pages\/6056\/revisions"}],"predecessor-version":[{"id":13308,"href":"https:\/\/cansupport.ca\/fr\/wp-json\/wp\/v2\/pages\/6056\/revisions\/13308"}],"wp:attachment":[{"href":"https:\/\/cansupport.ca\/fr\/wp-json\/wp\/v2\/media?parent=6056"}],"curies":[{"name":"wp","href":"https:\/\/api.w.org\/{rel}","templated":true}]}}