{"id":6050,"date":"2022-01-19T11:19:23","date_gmt":"2022-01-19T16:19:23","guid":{"rendered":"https:\/\/cansupport.ca\/wcd-2022\/"},"modified":"2023-01-12T14:14:23","modified_gmt":"2023-01-12T19:14:23","slug":"jmcc-2022","status":"publish","type":"page","link":"https:\/\/cansupport.ca\/fr\/jmcc-2022\/","title":{"rendered":"Journ\u00e9e mondiale contre le cancer 2022"},"content":{"rendered":"<h2><a href=\"https:\/\/www.cansupport.ca\/wp-content\/uploads\/2022\/01\/2WCD2022_Poster_v-web.jpg\"><img loading=\"lazy\" decoding=\"async\" class=\"alignnone wp-image-2524 size-full\" src=\"https:\/\/www.cansupport.ca\/wp-content\/uploads\/2022\/01\/2WCD2022_Poster_v-web.jpg\" alt=\"\" width=\"792\" height=\"1224\" \/><\/a><\/h2>\n<p>veuillez cliquer sur le lien pour visionner l\u2019enregistrement :\u00a0<a href=\"https:\/\/youtu.be\/Vb5an1Y8Psk\" target=\"_blank\" rel=\"noopener\">https:\/\/youtu.be\/Vb5an1Y8Psk<\/a><\/p>\n<p><!--\n\n\n<h3><strong>D\u00e9tails de l\u2019\u00e9v\u00e9nement\u00a0<\/strong><\/h3>\n\n\n&nbsp;\n\n\n<h4><strong>Nom de l\u2019\u00e9v\u00e9nement<\/strong><\/h4>\n\n\n\n\n<h4>Journ\u00e9e mondiale contre le cancer: Pour des soins plus justes<\/h4>\n\n\n\n\n<h4><strong>Date<\/strong><\/h4>\n\n\n\n\n<h4>4 f\u00e9vrier 2022<\/h4>\n\n\n\n\n<h4><strong>Heure\u00a0<\/strong><\/h4>\n\n\n\n\n<h4>17H30 \u2013 19H15 (Heure de l\u2019est)<\/h4>\n\n\n&nbsp;\n\n\n<h4><strong>Conf\u00e9renciers<\/strong><\/h4>\n\n\n\n\n<h4>Jeff J. Shamie, MPA<\/h4>\n\n\n\n\n<h4>Virginia Lee, N., Ph.D.<\/h4>\n\n\n\n\n<h4>Antonio Vigano, MD, MSc.<\/h4>\n\n\n\n\n<h4>Justin J. Sanders, MD, MSc, FAAHPM<\/h4>\n\n\n\n\n<h4>Doreen Wan-Chow-Wah, MD, FRCPC<\/h4>\n\n\n\n\n<h4>Daphn\u00e9e Lamoussenery Rn BScN Con (C)<\/h4>\n\n\n\n\n<h4>Alexandra Fernando Sardou, MD<\/h4>\n\n\n\n\n<h4><\/h4>\n\n\n&nbsp;\n\n\n<h4><strong>Lieu<\/strong><\/h4>\n\n\n\n\n<h4>En ligne sur Zoom<\/h4>\n\n\n\n\n<h4>Les renseignements de la r\u00e9union zoom vous seront envoy\u00e9s par courriel apr\u00e8s que vous aurez compl\u00e9t\u00e9 votre inscription.<\/h4>\n\n\n\n\n<h4>Veuillez prendre note que cette conf\u00e9rence publique n\u2019a pas pour but de se substituer \u00e0 des conseils, diagnostics ou traitements m\u00e9dicaux professionnels. Veuillez toujours demander l\u2019avis de votre m\u00e9decin ou d\u2019un autre professionnel de la sant\u00e9 qualifi\u00e9 pour toute question que vous pourriez avoir concernant une condition m\u00e9dicale.<\/h4>\n\n\n\n\n<h4><\/h4>\n\n\n&nbsp;\n\n\n<h4><strong>Avertissement\u00a0<\/strong><\/h4>\n\n\n\n\n<h4>Veuillez prendre note qu\u2019en vous inscrivant \u00e0 cet \u00e9v\u00e9nement, vous \u00eates automatiquement abonn\u00e9 \u00e0 la liste d\u2019envoi de la Fondation du cancer des C\u00e8dres et vous allez recevoir des courriels de leur part. Vous pouvez vous d\u00e9sabonner \u00e0 tout moment.<\/h4>\n\n\n\n\n<h4><\/h4>\n\n\n&nbsp;\n\n\n<h4><\/h4>\n\n\n\n\n<h3><strong>Inscription<\/strong><\/h3>\n\n\n\n\n<h3>L'inscription pour cet \u00e9v\u00e9nement est ferm\u00e9.<\/h3>\n\n\n--><\/p>\n","protected":false},"excerpt":{"rendered":"<p>veuillez cliquer sur le lien pour visionner l\u2019enregistrement :\u00a0https:\/\/youtu.be\/Vb5an1Y8Psk<\/p>\n","protected":false},"author":2,"featured_media":0,"parent":0,"menu_order":0,"comment_status":"closed","ping_status":"closed","template":"","meta":{"footnotes":""},"class_list":["post-6050","page","type-page","status-publish","hentry"],"_links":{"self":[{"href":"https:\/\/cansupport.ca\/fr\/wp-json\/wp\/v2\/pages\/6050","targetHints":{"allow":["GET"]}}],"collection":[{"href":"https:\/\/cansupport.ca\/fr\/wp-json\/wp\/v2\/pages"}],"about":[{"href":"https:\/\/cansupport.ca\/fr\/wp-json\/wp\/v2\/types\/page"}],"author":[{"embeddable":true,"href":"https:\/\/cansupport.ca\/fr\/wp-json\/wp\/v2\/users\/2"}],"replies":[{"embeddable":true,"href":"https:\/\/cansupport.ca\/fr\/wp-json\/wp\/v2\/comments?post=6050"}],"version-history":[{"count":3,"href":"https:\/\/cansupport.ca\/fr\/wp-json\/wp\/v2\/pages\/6050\/revisions"}],"predecessor-version":[{"id":11349,"href":"https:\/\/cansupport.ca\/fr\/wp-json\/wp\/v2\/pages\/6050\/revisions\/11349"}],"wp:attachment":[{"href":"https:\/\/cansupport.ca\/fr\/wp-json\/wp\/v2\/media?parent=6050"}],"curies":[{"name":"wp","href":"https:\/\/api.w.org\/{rel}","templated":true}]}}