{"id":6047,"date":"2021-01-20T15:17:44","date_gmt":"2021-01-20T20:17:44","guid":{"rendered":"https:\/\/cansupport.ca\/wcd2021\/"},"modified":"2022-02-23T08:55:26","modified_gmt":"2022-02-23T13:55:26","slug":"jmcc2021","status":"publish","type":"page","link":"https:\/\/cansupport.ca\/fr\/jmcc2021\/","title":{"rendered":"Journ\u00e9e mondiale contre le cancer 2021 \/ World Cancer Day 2021"},"content":{"rendered":"<p><a href=\"https:\/\/cansupport.ca\/wp-content\/uploads\/2021\/01\/WCD2021_Zoom_Background_v2-2.jpg\"><img loading=\"lazy\" decoding=\"async\" class=\"aligncenter wp-image-1898 size-full\" src=\"https:\/\/cansupport.ca\/wp-content\/uploads\/2021\/01\/WCD2021_Zoom_Background_v2-2-e1611351120193.jpg\" alt=\"\" width=\"630\" height=\"345\" \/><\/a><\/p>\n<p>&nbsp;<\/p>\n<h4><span style=\"color: #1e22aa;\"><strong>D\u00e9tails de l&rsquo;\u00e9v\u00e9nement \/ Event Details<\/strong><\/span><\/h4>\n<p><strong>Nom de l&rsquo;\u00e9v\u00e9nement \/ Event Name:<\/strong><\/p>\n<p>Journ\u00e9e mondiale contre le cancer: autonomisation du patient et soins auto-administr\u00e9s \/ World Cancer Day: Patient Empowerment and Self-Care<\/p>\n<p><strong>Date<\/strong><\/p>\n<p>4 f\u00e9vrier 2021 \/ February 4th, 2021<\/p>\n<p><strong>Heure \/ Time<\/strong><\/p>\n<p>19H00 &#8211; 21H00 (Heure de l&rsquo;est) \/ 7:00P.M. &#8211; 9:00P.M. (Eastern Time)<\/p>\n<p><strong>Lieu \/ Location<\/strong><\/p>\n<p>En ligne sur Zoom \/ Online on Zoom<\/p>\n<p>Les renseignements de la r\u00e9union zoom vous seront envoy\u00e9s par courriel apr\u00e8s que vous aurez compl\u00e9t\u00e9 votre inscription. \/ The Zoom meeting information will be sent to you via email after you have completed your registration.<\/p>\n<p>Veuillez prendre note que cette conf\u00e9rence publique n&rsquo;a pas pour but de se substituer \u00e0 des conseils, diagnostics ou traitements m\u00e9dicaux professionnels. Veuillez toujours demander l&rsquo;avis de votre m\u00e9decin ou d&rsquo;un autre professionnel de la sant\u00e9 qualifi\u00e9 pour toute question que vous pourriez avoir concernant une condition m\u00e9dicale.<\/p>\n<p>Please take note this public lecture is not intended to be a substitute for professional medical advice, diagnosis, or treatment. Always seek the advice of your physician or other qualified health provider with any questions you may have regarding a medical condition.<\/p>\n<h4><\/h4>\n<p>&nbsp;<\/p>\n<h4><span style=\"color: #1e22aa;\"><strong>Avertissement \/ Disclaimer<\/strong><\/span><\/h4>\n<p>Veuillez prendre note qu&rsquo;en vous inscrivant \u00e0 cet \u00e9v\u00e9nement, vous \u00eates automatiquement abonn\u00e9 \u00e0 la liste d&rsquo;envoi de la Fondation du cancer des C\u00e8dres et vous allez recevoir des courriels de leur part. Vous pouvez vous d\u00e9sabonner \u00e0 tout moment.<\/p>\n<p>Please note that by registering for this event, you are automatically subscribed to the Cedars Cancer Foundation mailing list and you will be receiving emails from them. You may unsubscribe at any time.<\/p>\n<p>&nbsp;<\/p>\n<h4><span style=\"color: #1e22aa;\"><strong>Inscription\/ Registration<\/strong><\/span><\/h4>\n<p>Inscriptions sont ferm\u00e9es.<\/p>\n<h4><\/h4>\n<p>&nbsp;<\/p>\n<p><a href=\"https:\/\/cansupport.ca\/wp-content\/uploads\/2021\/01\/WCD-2021-bottom-banner.png\"><img loading=\"lazy\" decoding=\"async\" class=\"aligncenter size-large wp-image-1862\" src=\"https:\/\/cansupport.ca\/wp-content\/uploads\/2021\/01\/WCD-2021-bottom-banner-1024x161.png\" alt=\"\" width=\"670\" height=\"105\" \/><\/a><\/p>\n","protected":false},"excerpt":{"rendered":"<p>&nbsp; D\u00e9tails de l&rsquo;\u00e9v\u00e9nement \/ Event Details Nom de l&rsquo;\u00e9v\u00e9nement \/ Event Name: Journ\u00e9e mondiale contre le cancer: autonomisation du patient et soins auto-administr\u00e9s \/ World Cancer Day: Patient Empowerment [&hellip;]<\/p>\n","protected":false},"author":2,"featured_media":0,"parent":0,"menu_order":0,"comment_status":"closed","ping_status":"closed","template":"","meta":{"footnotes":""},"class_list":["post-6047","page","type-page","status-publish","hentry"],"_links":{"self":[{"href":"https:\/\/cansupport.ca\/fr\/wp-json\/wp\/v2\/pages\/6047","targetHints":{"allow":["GET"]}}],"collection":[{"href":"https:\/\/cansupport.ca\/fr\/wp-json\/wp\/v2\/pages"}],"about":[{"href":"https:\/\/cansupport.ca\/fr\/wp-json\/wp\/v2\/types\/page"}],"author":[{"embeddable":true,"href":"https:\/\/cansupport.ca\/fr\/wp-json\/wp\/v2\/users\/2"}],"replies":[{"embeddable":true,"href":"https:\/\/cansupport.ca\/fr\/wp-json\/wp\/v2\/comments?post=6047"}],"version-history":[{"count":2,"href":"https:\/\/cansupport.ca\/fr\/wp-json\/wp\/v2\/pages\/6047\/revisions"}],"predecessor-version":[{"id":6049,"href":"https:\/\/cansupport.ca\/fr\/wp-json\/wp\/v2\/pages\/6047\/revisions\/6049"}],"wp:attachment":[{"href":"https:\/\/cansupport.ca\/fr\/wp-json\/wp\/v2\/media?parent=6047"}],"curies":[{"name":"wp","href":"https:\/\/api.w.org\/{rel}","templated":true}]}}