{"id":6045,"date":"2018-02-23T19:23:52","date_gmt":"2018-02-24T00:23:52","guid":{"rendered":"https:\/\/cansupport.ca\/volunteer\/"},"modified":"2025-06-03T12:03:06","modified_gmt":"2025-06-03T16:03:06","slug":"benevolat","status":"publish","type":"page","link":"https:\/\/cansupport.ca\/fr\/benevolat\/","title":{"rendered":"B\u00e9n\u00e9volat"},"content":{"rendered":"<h3><span style=\"color: #1e22aa;\">Devenez b\u00e9n\u00e9vole<\/span><\/h3>\n<p><strong><span style=\"color: #1e22aa;\">Pourquoi faire du b\u00e9n\u00e9volat?<\/span><\/strong><\/p>\n<p>\u00abTrop souvent, nous sous-estimons la puissance d&rsquo;un toucher, d&rsquo;un sourire, d&rsquo;un mot aimable, d&rsquo;une oreille attentive, d&rsquo;un compliment honn\u00eate ou du moindre acte de bienveillance, qui ont tous le potentiel de changer la vie.\u00bb &#8211; Leo Buscaglia<\/p>\n<p>Le b\u00e9n\u00e9volat chez Cansupport des C\u00e8dres \u00a0est une exp\u00e9rience unique et enrichissante. Il est difficile mais inspirant de pouvoir servir les patients, leur famille et leurs amis. Les b\u00e9n\u00e9voles contribuent \u00e0 l&rsquo;atmosph\u00e8re de soins cultiv\u00e9e par notre personnel m\u00e9dical professionnel. Nous vous remercions de votre int\u00e9r\u00eat \u00e0 nous aider.<\/p>\n<p>Vous pouvez aider les patients et les soignants de plusieurs mani\u00e8res:<\/p>\n<ul>\n<li>Rassurez les patients qu&rsquo;ils ne sont pas seuls et offrez-leur de la compagnie<\/li>\n<li>D\u00e9montrer un sens de l&rsquo;engagement, de la compassion et de la communaut\u00e9<\/li>\n<li>Effectuer de petites t\u00e2ches qui peuvent am\u00e9liorer la qualit\u00e9 de l&rsquo;exp\u00e9rience hospitali\u00e8re<\/li>\n<li>\u00catre pr\u00e9sent pour aider \u00e0 soulager la solitude et les sentiments de frustration que les patients peuvent ressentir<\/li>\n<li>Aidez les patients \u00e0 se sentir valoris\u00e9s<\/li>\n<\/ul>\n<p>&nbsp;<\/p>\n<h3><span style=\"color: #1e22aa;\">R\u00f4les de b\u00e9n\u00e9vole<\/span><\/h3>\n<p><strong><span style=\"color: #1e22aa;\">Service d&rsquo;accueil:<\/span><\/strong><\/p>\n<p>\u00catre dans un nouvel environnement peut \u00eatre stressant. Les b\u00e9n\u00e9voles accueillent les patients et les guident l\u00e0 o\u00f9 ils doivent aller, que ce soit \u00e0 la r\u00e9ception, \u00e0 la salle de traitement, \u00e0 la caf\u00e9t\u00e9ria ou au stationnement.<\/p>\n<p><span style=\"color: #1e22aa;\"><strong>Centre de ressources CanSupport des C\u00e8dres:<\/strong><\/span><\/p>\n<p>Un diagnostic de cancer soul\u00e8ve de nombreuses questions et pr\u00e9occupations. Il s&rsquo;agit d&rsquo;un emplacement central pour l\u2019information et les ressources. Les b\u00e9n\u00e9voles peuvent aider les patients et leurs soignants \u00e0 trouver de l\u2019information sur le cancer, le stationnement, les ateliers, les groupes de soutien, les services de soutien \u00e9motionnel et bien plus encore.<\/p>\n<p><span style=\"color: #1e22aa;\"><strong>Visites amicales:<\/strong><\/span><\/p>\n<p>\u00catre hospitalis\u00e9 peut \u00eatre une exp\u00e9rience solitaire. Des b\u00e9n\u00e9voles rendent visite \u00e0 des patients canc\u00e9reux admis \u00e0 l&rsquo;h\u00f4pital. Ils peuvent \u00eatre un auditeur actif, une pr\u00e9sence r\u00e9confortante lorsque la famille ou les amis ne peuvent pas \u00eatre pr\u00e9sents, et peuvent aider \u00e0 passer les longues heures d&rsquo;hospitalisation.<\/p>\n<p><span style=\"color: #1e22aa;\"><strong>Service de roulement de patients\u00a0:<\/strong><\/span><\/p>\n<p>Les b\u00e9n\u00e9voles aident \u00e0 localiser les patients dans la salle d&rsquo;attente et \u00e0 les diriger vers l&rsquo;endroit o\u00f9 ils doivent se rendre.<\/p>\n<p><span style=\"color: #1e22aa;\"><strong>B\u00e9n\u00e9volat au sein de l&rsquo;unit\u00e9 de soins palliatifs:<\/strong><\/span><\/p>\n<p>Visites amicales: engager une conversation de soutien et une \u00e9coute active.<\/p>\n<h3><span style=\"color: #1e22aa;\">Exigences des b\u00e9n\u00e9voles<\/span><\/h3>\n<p><strong><span style=\"color: #1e22aa;\">Conditions pr\u00e9alables:<\/span><\/strong><\/p>\n<p>L&rsquo;\u00e2ge minimum pour faire du b\u00e9n\u00e9volat est de 18 ans au moment du d\u00e9but de votre engagement.<\/p>\n<p>Si vous \u00e9tiez un ancien patient du Centre du cancer des C\u00e8dres, il y a une p\u00e9riode d&rsquo;attente d&rsquo;un an avant de pouvoir postuler pour devenir b\u00e9n\u00e9vole.<\/p>\n<p><strong><span style=\"color: #1e22aa;\">Comp\u00e9tences requises<\/span><\/strong><\/p>\n<ul>\n<li>Connaissance du fran\u00e7ais et de l&rsquo;anglais<\/li>\n<li>Autonomie, solides comp\u00e9tences sociales, et fiabilit\u00e9<\/li>\n<li>Discr\u00e9tion, flexibilit\u00e9<\/li>\n<\/ul>\n<p><strong><span style=\"color: #1e22aa;\">Comment faire du b\u00e9n\u00e9volat<\/span><\/strong><\/p>\n<p>Tous les b\u00e9n\u00e9voles doivent d&rsquo;abord passer par les services b\u00e9n\u00e9voles du Centre universitaire de sant\u00e9 McGill. Veuillez suivre les instructions fournies par les Services de b\u00e9n\u00e9volat pour postuler comme b\u00e9n\u00e9vole (<a href=\"https:\/\/cusm.ca\/devenez-benevole\/devenez-benevole-maintenant\" target=\"_blank\" rel=\"noopener noreferrer\">https:\/\/cusm.ca\/devenez-benevole\/devenez-benevole-maintenant<\/a>). Indiquez clairement que vous \u00eates int\u00e9ress\u00e9 \u00e0 faire du b\u00e9n\u00e9volat avec CanSupport des C\u00e8dres.<\/p>\n<p><span style=\"color: #1e22aa;\"><strong>\u00c9tapes \u00e0 suivre:<\/strong><\/span><\/p>\n<p>1. T\u00e9l\u00e9chargez le formulaire de candidature. Selon votre navigateur, vous devrez peut-\u00eatre enregistrer le formulaire sur votre ordinateur avant de le remplir.<\/p>\n<h4><strong><a href=\"https:\/\/cusm.ca\/sites\/default\/files\/volunteering\/Application.pdf\" target=\"_blank\" rel=\"noopener noreferrer\">Cliquez ici pour t\u00e9l\u00e9charger le formulaire de candidature<\/a><\/strong><\/h4>\n<ul>\n<li>Remplissez le formulaire de demande<\/li>\n<li>Lisez et signez l&rsquo;accord de confidentialit\u00e9<\/li>\n<li>Joindre une photo<\/li>\n<li>Formulaires de r\u00e9f\u00e9rence remplis<\/li>\n<\/ul>\n<p>2. Assurez-vous que vous \u00eates en mesure de r\u00e9pondre aux exigences \u00e9num\u00e9r\u00e9es ci-dessus<\/p>\n<p>3. Envoyez par courriel ou par la poste \u00e0 l\u2019adresse postale mentionn\u00e9e ci-dessous.<\/p>\n<p>&nbsp;<\/p>\n<p>Si vous envoyez votre candidature par courriel, veuillez num\u00e9riser votre candidature compl\u00e8te et vos r\u00e9f\u00e9rences et l&rsquo;enregistrer en format PDF.<\/p>\n<p>Adresse postale:<\/p>\n<p>Lauryn Santiago<br \/>\n1001, boulevard D\u00e9carie, salle D. RC 1305<br \/>\nMontr\u00e9al, Qu\u00e9bec<br \/>\nH4A 3J1<br \/>\nOu envoyez un courriel \u00e0:<br \/>\n<a href=\"mailto:lauryn.santiago@muhc.mcgill.ca\">lauryn.santiago@muhc.mcgill.ca<\/a><\/p>\n","protected":false},"excerpt":{"rendered":"<p>Devenez b\u00e9n\u00e9vole Pourquoi faire du b\u00e9n\u00e9volat? \u00abTrop souvent, nous sous-estimons la puissance d&rsquo;un toucher, d&rsquo;un sourire, d&rsquo;un mot aimable, d&rsquo;une oreille attentive, d&rsquo;un compliment honn\u00eate ou du moindre acte de [&hellip;]<\/p>\n","protected":false},"author":4,"featured_media":0,"parent":0,"menu_order":0,"comment_status":"closed","ping_status":"closed","template":"","meta":{"footnotes":""},"class_list":["post-6045","page","type-page","status-publish","hentry"],"_links":{"self":[{"href":"https:\/\/cansupport.ca\/fr\/wp-json\/wp\/v2\/pages\/6045","targetHints":{"allow":["GET"]}}],"collection":[{"href":"https:\/\/cansupport.ca\/fr\/wp-json\/wp\/v2\/pages"}],"about":[{"href":"https:\/\/cansupport.ca\/fr\/wp-json\/wp\/v2\/types\/page"}],"author":[{"embeddable":true,"href":"https:\/\/cansupport.ca\/fr\/wp-json\/wp\/v2\/users\/4"}],"replies":[{"embeddable":true,"href":"https:\/\/cansupport.ca\/fr\/wp-json\/wp\/v2\/comments?post=6045"}],"version-history":[{"count":10,"href":"https:\/\/cansupport.ca\/fr\/wp-json\/wp\/v2\/pages\/6045\/revisions"}],"predecessor-version":[{"id":20304,"href":"https:\/\/cansupport.ca\/fr\/wp-json\/wp\/v2\/pages\/6045\/revisions\/20304"}],"wp:attachment":[{"href":"https:\/\/cansupport.ca\/fr\/wp-json\/wp\/v2\/media?parent=6045"}],"curies":[{"name":"wp","href":"https:\/\/api.w.org\/{rel}","templated":true}]}}