{"id":6041,"date":"2020-05-14T18:23:30","date_gmt":"2020-05-14T22:23:30","guid":{"rendered":"https:\/\/cansupport.ca\/life-after-cancer\/"},"modified":"2022-02-21T17:00:45","modified_gmt":"2022-02-21T22:00:45","slug":"la-vie-apres-le-cancer","status":"publish","type":"page","link":"https:\/\/cansupport.ca\/fr\/la-vie-apres-le-cancer\/","title":{"rendered":"La vie apr\u00e8s le cancer"},"content":{"rendered":"<h3><strong>R\u00e9seau de canc\u00e9rologie Rossy<\/strong><\/h3>\n<ul>\n<li class=\"title style-scope ytd-video-primary-info-renderer\">\n<h4><strong><a href=\"https:\/\/www.youtube.com\/watch?v=EDwKt3oD4vg\" target=\"_blank\" rel=\"noopener noreferrer\">Tourn\u00e9 vers l&rsquo;avenir &#8211; la vie apr\u00e8s le cancer (vid\u00e9o)<\/a><\/strong><\/h4>\n<\/li>\n<li>\n<h4 id=\"page-title\" class=\" \"><a href=\"https:\/\/www.mcgill.ca\/rcr-rcn\/files\/rcr-rcn\/tourne_vers_lavenir_1_nouveau_soi_0.pdf\" target=\"_blank\" rel=\"noopener noreferrer\"><strong>Tourn\u00e9 vers l&rsquo;avenir &#8211; se reconstruire apr\u00e8s le cancer (chapitre 1 de 6): Et apr\u00e8s?<\/strong><\/a><\/h4>\n<\/li>\n<li>\n<h4 id=\"page-title\" class=\" \"><a href=\"https:\/\/www.mcgill.ca\/rcr-rcn\/files\/rcr-rcn\/tourne_vers_lavenir_2_effets_secondaires.pdf\" target=\"_blank\" rel=\"noopener noreferrer\"><strong>Tourn\u00e9 vers l&rsquo;avenir &#8211; se reconstruire apr\u00e8s le cancer (chapitre 2 de 6): \u00c0 quoi s&rsquo;attendre apr\u00e8s le traitement?<\/strong><\/a><\/h4>\n<\/li>\n<li>\n<h4 id=\"page-title\" class=\" \"><a href=\"https:\/\/www.mcgill.ca\/rcr-rcn\/files\/rcr-rcn\/tourne_vers_lavenir_3_peurs_et_relations.pdf\" target=\"_blank\" rel=\"noopener noreferrer\"><strong>Tourn\u00e9 vers l&rsquo;avenir &#8211; se reconstruire apr\u00e8s le cancer (chapitre 3 de 6): \u00c9motions, peurs, et relations<\/strong><\/a><\/h4>\n<\/li>\n<li>\n<h4 id=\"page-title\" class=\" \"><a href=\"https:\/\/www.mcgill.ca\/rcr-rcn\/files\/rcr-rcn\/tourne_vers_lavenir_4_se_retablir_physiquement.pdf\" target=\"_blank\" rel=\"noopener noreferrer\"><strong>Tourn\u00e9 vers l&rsquo;avenir &#8211; se reconstruire apr\u00e8s le cancer (chapitre 4 de 6): Se r\u00e9tablir physiquement<\/strong><\/a><\/h4>\n<\/li>\n<li>\n<h4 id=\"page-title\" class=\" \"><a href=\"https:\/\/www.mcgill.ca\/rcr-rcn\/files\/rcr-rcn\/tourne_vers_lavenir_5_retour_au_travail.pdf\" target=\"_blank\" rel=\"noopener noreferrer\"><strong>Tourn\u00e9 vers l&rsquo;avenir &#8211; se reconstruire apr\u00e8s le cancer (chapitre 5 de 6): Retour au travail<\/strong><\/a><\/h4>\n<\/li>\n<li>\n<h4 id=\"page-title\" class=\" \"><a href=\"https:\/\/www.mcgill.ca\/rcr-rcn\/files\/rcr-rcn\/tourne_vers_lavenir_6_proches_aidants.pdf\" target=\"_blank\" rel=\"noopener noreferrer\"><strong>Tourn\u00e9 vers l&rsquo;avenir &#8211; se reconstruire apr\u00e8s le cancer (chapitre 6 de 6): Soutien des proches aidantes et proches aidants<\/strong><\/a><\/h4>\n<\/li>\n<\/ul>\n<h4><\/h4>\n<p>&nbsp;<\/p>\n<h3><strong>Cancerettravail.ca\u00a0<\/strong><\/h3>\n<ul>\n<li>\n<h4><strong><a href=\"https:\/\/www.cancerandwork.ca\/fr\/survivants\/\" target=\"_blank\" rel=\"noopener noreferrer\">Les survivants du cancer<\/a><\/strong><\/h4>\n<\/li>\n<\/ul>\n<p>&nbsp;<\/p>\n<h3><strong>Fondation qu\u00e9b\u00e9coise du cancer<\/strong><\/h3>\n<ul>\n<li>\n<h4><strong><a href=\"https:\/\/fqc.qc.ca\/fr\/information\/apres-cancer\/retour-vie-active\">L\u2019apr\u00e8s-cancer : vers le retour \u00e0 la vie active<\/a><\/strong><\/h4>\n<\/li>\n<li>\n<h4><strong><a href=\"https:\/\/fqc.qc.ca\/fr\/information\/apres-cancer\/retour-au-travail\" target=\"_blank\" rel=\"noopener noreferrer\">Retour au travail apr\u00e8s un cancer<\/a><\/strong><\/h4>\n<\/li>\n<li>\n<h4><a href=\"https:\/\/fqc.qc.ca\/fr\/information\/apres-cancer\/suivi-medical\" target=\"_blank\" rel=\"noopener noreferrer\"><strong>Suivi m\u00e9dical<\/strong><\/a><\/h4>\n<\/li>\n<\/ul>\n<p>&nbsp;<\/p>\n<h3><strong>Soci\u00e9t\u00e9 canadienne du cancer<\/strong><\/h3>\n<ul>\n<li>\n<h4><strong><a href=\"https:\/\/www.cancer.ca\/fr-ca\/cancer-information\/living-with-cancer\/after-treatment-ends\/?region=qc\" target=\"_blank\" rel=\"noopener noreferrer\">Apr\u00e8s la fin du traitement<\/a><\/strong><\/h4>\n<\/li>\n<li>\n<h4><strong><a href=\"https:\/\/www.cancer.ca\/fr-ca\/cancer-information\/living-with-cancer\/after-treatment-ends\/finding-your-new-normal\/?region=qc\" target=\"_blank\" rel=\"noopener noreferrer\">Red\u00e9finir ce qui est normal pour vous<\/a><\/strong><\/h4>\n<\/li>\n<li>\n<h4><strong><a href=\"https:\/\/www.cancer.ca\/fr-ca\/cancer-information\/living-with-cancer\/after-treatment-ends\/worrying-that-cancer-will-come-back\/?region=qc\" target=\"_blank\" rel=\"noopener noreferrer\">Crainte de la r\u00e9apparition du cancer<\/a><\/strong><\/h4>\n<\/li>\n<li>\n<h4><strong><a href=\"https:\/\/www.cancer.ca\/fr-ca\/cancer-information\/living-with-cancer\/after-treatment-ends\/cancer-as-a-chronic-disease\/?region=qc\" target=\"_blank\" rel=\"noopener noreferrer\">Le cancer en tant que maladie chronique<\/a><\/strong><\/h4>\n<\/li>\n<li>\n<h4><strong><a href=\"https:\/\/www.cancer.ca\/fr-ca\/cancer-information\/living-with-cancer\/after-treatment-ends\/follow-up-care\/?region=qc\" target=\"_blank\" rel=\"noopener noreferrer\">Soins de suivi<\/a><\/strong><\/h4>\n<\/li>\n<li>\n<h4><strong><a href=\"https:\/\/www.cancer.ca\/fr-ca\/cancer-information\/living-with-cancer\/after-treatment-ends\/keeping-track-of-your-treatment-history\/?region=qc\" target=\"_blank\" rel=\"noopener noreferrer\">Votre historique de traitement<\/a><\/strong><\/h4>\n<\/li>\n<li>\n<h4><strong><a href=\"https:\/\/cdn.cancer.ca\/-\/media\/files\/cancer-information\/resources\/publications\/life-after-cancer\/32060-life-after-cancer-treatment-fr.pdf?rev=4aae43c80e5246a7a0348b2a885ceb68&amp;hash=945205A2AAD2E56E1A7345326D6894F2&amp;_ga=2.9578359.398326846.1644512279-359541453.1642085334\" target=\"_blank\" rel=\"noopener noreferrer\">La vie apr\u00e8s un traitement contre le cancer (livret)<\/a><\/strong><\/h4>\n<\/li>\n<li>\n<h4><strong><a href=\"https:\/\/www.cancer.ca\/fr-ca\/cancer-information\/diagnosis-and-treatment\/rehabilitation\/?region=qc\" target=\"_blank\" rel=\"noopener noreferrer\">R\u00e9adaptation<\/a><\/strong><\/h4>\n<\/li>\n<\/ul>\n","protected":false},"excerpt":{"rendered":"<p>R\u00e9seau de canc\u00e9rologie Rossy Tourn\u00e9 vers l&rsquo;avenir &#8211; la vie apr\u00e8s le cancer (vid\u00e9o) Tourn\u00e9 vers l&rsquo;avenir &#8211; se reconstruire apr\u00e8s le cancer (chapitre 1 de 6): Et apr\u00e8s? Tourn\u00e9 [&hellip;]<\/p>\n","protected":false},"author":2,"featured_media":0,"parent":0,"menu_order":0,"comment_status":"closed","ping_status":"closed","template":"","meta":{"footnotes":""},"class_list":["post-6041","page","type-page","status-publish","hentry"],"_links":{"self":[{"href":"https:\/\/cansupport.ca\/fr\/wp-json\/wp\/v2\/pages\/6041","targetHints":{"allow":["GET"]}}],"collection":[{"href":"https:\/\/cansupport.ca\/fr\/wp-json\/wp\/v2\/pages"}],"about":[{"href":"https:\/\/cansupport.ca\/fr\/wp-json\/wp\/v2\/types\/page"}],"author":[{"embeddable":true,"href":"https:\/\/cansupport.ca\/fr\/wp-json\/wp\/v2\/users\/2"}],"replies":[{"embeddable":true,"href":"https:\/\/cansupport.ca\/fr\/wp-json\/wp\/v2\/comments?post=6041"}],"version-history":[{"count":1,"href":"https:\/\/cansupport.ca\/fr\/wp-json\/wp\/v2\/pages\/6041\/revisions"}],"predecessor-version":[{"id":6042,"href":"https:\/\/cansupport.ca\/fr\/wp-json\/wp\/v2\/pages\/6041\/revisions\/6042"}],"wp:attachment":[{"href":"https:\/\/cansupport.ca\/fr\/wp-json\/wp\/v2\/media?parent=6041"}],"curies":[{"name":"wp","href":"https:\/\/api.w.org\/{rel}","templated":true}]}}