{"id":6039,"date":"2020-05-20T13:25:51","date_gmt":"2020-05-20T17:25:51","guid":{"rendered":"https:\/\/cansupport.ca\/bladder-cancer\/"},"modified":"2022-02-21T16:59:56","modified_gmt":"2022-02-21T21:59:56","slug":"cancer-de-la-vessie","status":"publish","type":"page","link":"https:\/\/cansupport.ca\/fr\/cancer-de-la-vessie\/","title":{"rendered":"Cancer de la vessie"},"content":{"rendered":"<h3><strong>Office d&rsquo;\u00e9ducation des patients du CUSM<\/strong><\/h3>\n<ul>\n<li>\n<h4><strong><a href=\"https:\/\/educationdespatientscusm.ca\/DATA\/GUIDE\/675_fr~v~chirurgie-de-la-vessie-site-glen.pdf\" target=\"_blank\" rel=\"noopener noreferrer\">Guide de pr\u00e9paration: Chirurgie de la vessie<\/a><\/strong><\/h4>\n<\/li>\n<\/ul>\n<p>&nbsp;<\/p>\n<h3><strong>Soci\u00e9t\u00e9 canadienne du cancer<\/strong><\/h3>\n<ul>\n<li>\n<h4><strong><a href=\"https:\/\/www.cancer.ca\/fr-ca\/cancer-information\/cancer-type\/bladder\/bladder-cancer\/?region=qc\" target=\"_blank\" rel=\"noopener noreferrer\">Qu\u2019est-ce que le cancer de la vessie?<\/a><\/strong><\/h4>\n<\/li>\n<li>\n<h4><strong><a href=\"https:\/\/www.cancer.ca\/fr-ca\/cancer-information\/cancer-type\/bladder\/risks\/?region=qc\" target=\"_blank\" rel=\"noopener noreferrer\">Facteurs de risque du cancer de la vessie<\/a><\/strong><\/h4>\n<\/li>\n<li>\n<h4><strong><a href=\"https:\/\/www.cancer.ca\/fr-ca\/cancer-information\/cancer-type\/bladder\/signs-and-symptoms\/?region=qc\" target=\"_blank\" rel=\"noopener noreferrer\">Sympt\u00f4mes du cancer de la vessie<\/a><\/strong><\/h4>\n<\/li>\n<li>\n<h4><strong><a href=\"https:\/\/www.cancer.ca\/fr-ca\/cancer-information\/cancer-type\/bladder\/diagnosis\/?region=qc\" target=\"_blank\" rel=\"noopener noreferrer\">Diagnostic du cancer de la vessie<\/a><\/strong><\/h4>\n<\/li>\n<li>\n<h4><strong><a href=\"https:\/\/www.cancer.ca\/fr-ca\/cancer-information\/cancer-type\/bladder\/grading\/?region=qc\" target=\"_blank\" rel=\"noopener noreferrer\">Grades du cancer de la vessie<\/a><\/strong><\/h4>\n<\/li>\n<li>\n<h4><strong><a href=\"https:\/\/www.cancer.ca\/fr-ca\/cancer-information\/cancer-type\/bladder\/staging\/?region=qc\" target=\"_blank\" rel=\"noopener noreferrer\">Stades du cancer de la vessie<\/a><\/strong><\/h4>\n<\/li>\n<li>\n<h4><strong><a href=\"https:\/\/www.cancer.ca\/fr-ca\/cancer-information\/cancer-type\/bladder\/if-cancer-spreads\/?region=qc\" target=\"_blank\" rel=\"noopener noreferrer\">Si le cancer de la vessie se propage<\/a><\/strong><\/h4>\n<\/li>\n<li>\n<h4><strong><a href=\"https:\/\/www.cancer.ca\/fr-ca\/cancer-information\/cancer-type\/bladder\/prognosis-and-survival\/?region=qc\" target=\"_blank\" rel=\"noopener noreferrer\">Pronostic et survie pour le cancer de la vessie<\/a><\/strong><\/h4>\n<\/li>\n<li>\n<h4><strong><a href=\"https:\/\/www.cancer.ca\/fr-ca\/cancer-information\/cancer-type\/bladder\/treatment\/?region=qc\" target=\"_blank\" rel=\"noopener noreferrer\">Traitements du cancer de la vessie<\/a><\/strong><\/h4>\n<\/li>\n<li>\n<h4><strong><a href=\"https:\/\/www.cancer.ca\/fr-ca\/cancer-information\/cancer-type\/bladder\/supportive-care\/?region=qc\" target=\"_blank\" rel=\"noopener noreferrer\">Soins de soutien pour le cancer de la vessie<\/a><\/strong><\/h4>\n<\/li>\n<li>\n<h4><strong><a href=\"https:\/\/www.cancer.ca\/fr-ca\/cancer-information\/cancer-type\/bladder\/research\/?region=qc\" target=\"_blank\" rel=\"noopener noreferrer\">Recherche sur le cancer de la vessie<\/a><\/strong><\/h4>\n<\/li>\n<li>\n<h4><strong><a href=\"https:\/\/www.cancer.ca\/fr-ca\/cancer-information\/cancer-type\/bladder\/statistics\/?region=qc\" target=\"_blank\" rel=\"noopener noreferrer\">Statistiques sur le cancer de la vessie<\/a><\/strong><\/h4>\n<\/li>\n<\/ul>\n<p>&nbsp;<\/p>\n<h3><strong>Cancer de la vessie Canada<\/strong><\/h3>\n<ul>\n<li>\n<h4><strong><a href=\"https:\/\/bladdercancercanada.org\/fr\/nouvellement-diagnostique\/\" target=\"_blank\" rel=\"noopener noreferrer\">Nouvellement diagnostiqu\u00e9<\/a><\/strong><\/h4>\n<\/li>\n<li>\n<h4><strong><a href=\"https:\/\/bladdercancercanada.org\/fr\/gestion-des-emotions\/\" target=\"_blank\" rel=\"noopener noreferrer\">Gestion des \u00e9motions<\/a><\/strong><\/h4>\n<\/li>\n<li>\n<h4><strong><a href=\"https:\/\/bladdercancercanada.org\/fr\/essais-cliniques\/\" target=\"_blank\" rel=\"noopener noreferrer\">Essais cliniques<\/a><\/strong><\/h4>\n<\/li>\n<li>\n<h4><strong><a href=\"https:\/\/bladdercancercanada.org\/fr\/videos-4\/\" target=\"_blank\" rel=\"noopener noreferrer\">Faire face au cancer de la vessie: Vid\u00e9os<\/a><\/strong><\/h4>\n<\/li>\n<li>\n<h4><strong><a href=\"https:\/\/bladdercancercanada.org\/fr\/faits-et-chiffres\/\" target=\"_blank\" rel=\"noopener noreferrer\">Faits et chiffres<\/a><\/strong><\/h4>\n<\/li>\n<li>\n<h4><strong><a href=\"https:\/\/bladdercancercanada.org\/fr\/comment-fonctionne-le-corps\/\" target=\"_blank\" rel=\"noopener noreferrer\">Comment fonctionne le corps<\/a><\/strong><\/h4>\n<\/li>\n<li>\n<h4><strong><a href=\"https:\/\/bladdercancercanada.org\/fr\/definitions\/\" target=\"_blank\" rel=\"noopener noreferrer\">Types de cancer de la vessie<\/a><\/strong><\/h4>\n<\/li>\n<li>\n<h4><strong><a href=\"https:\/\/bladdercancercanada.org\/fr\/causes\/\" target=\"_blank\" rel=\"noopener noreferrer\">Causes<\/a><\/strong><\/h4>\n<\/li>\n<li>\n<h4><strong><a href=\"https:\/\/bladdercancercanada.org\/fr\/diagnostic\/\" target=\"_blank\" rel=\"noopener noreferrer\">Diagnostic<\/a><\/strong><\/h4>\n<\/li>\n<li>\n<h4><strong><a href=\"https:\/\/bladdercancercanada.org\/fr\/stadification-et-classification\/\" target=\"_blank\" rel=\"noopener noreferrer\">Stadification et classification\u00a0<\/a><\/strong><\/h4>\n<\/li>\n<li>\n<h4><strong><a href=\"https:\/\/bladdercancercanada.org\/fr\/options-de-traitements-cancer-invasif\/\" target=\"_blank\" rel=\"noopener noreferrer\">Cancer de la vessie non invasif<\/a><\/strong><\/h4>\n<\/li>\n<li>\n<h4><strong><a href=\"https:\/\/bladdercancercanada.org\/fr\/options-traitement-cancer-invasif\/\" target=\"_blank\" rel=\"noopener noreferrer\">Cancer de la vessie invasif<\/a><\/strong><\/h4>\n<\/li>\n<li>\n<h4><strong><a href=\"https:\/\/bladdercancercanada.org\/fr\/options-pour-preserver-la-vessie\/\" target=\"_blank\" rel=\"noopener noreferrer\">Pr\u00e9server la vessie<\/a><\/strong><\/h4>\n<\/li>\n<li>\n<h4><strong><a href=\"https:\/\/bladdercancercanada.org\/fr\/cancer-metastatique\/\" target=\"_blank\" rel=\"noopener noreferrer\">Cancer de la vessie m\u00e9tastatique<\/a><\/strong><\/h4>\n<\/li>\n<li>\n<h4><strong><a href=\"https:\/\/bladdercancercanada.org\/fr\/options-de-deviation\/\" target=\"_blank\" rel=\"noopener noreferrer\">Cystectomie: options de d\u00e9viation<\/a><\/strong><\/h4>\n<\/li>\n<li>\n<h4><strong><a href=\"https:\/\/bladdercancercanada.org\/fr\/problemes-courants\/\" target=\"_blank\" rel=\"noopener noreferrer\">Cystectomie: probl\u00e8mes courants<\/a><\/strong><\/h4>\n<\/li>\n<li>\n<h4><strong><a href=\"https:\/\/bladdercancercanada.org\/fr\/chimiotherapie\/\" target=\"_blank\" rel=\"noopener noreferrer\">Cystectomie: Chimioth\u00e9rapie<\/a><\/strong><\/h4>\n<\/li>\n<li>\n<h4><strong><a href=\"https:\/\/bladdercancercanada.org\/fr\/apres-la-chirurgie\/\" target=\"_blank\" rel=\"noopener noreferrer\">Cystectomie: Apr\u00e8s la chirurgie<\/a><\/strong><\/h4>\n<\/li>\n<li>\n<h4><strong><a href=\"https:\/\/bladdercancercanada.org\/fr\/a-la-maison\/\" target=\"_blank\" rel=\"noopener noreferrer\">Cystectomie: \u00c0 la maison<\/a><\/strong><\/h4>\n<\/li>\n<li>\n<h4><strong><a href=\"https:\/\/bladdercancercanada.org\/fr\/soins-palliatifs\/\" target=\"_blank\" rel=\"noopener noreferrer\">Soins Palliatifs<\/a><\/strong><\/h4>\n<\/li>\n<li>\n<h4><strong><a href=\"https:\/\/bladdercancercanada.org\/fr\/upper-tract-fr\/\" target=\"_blank\" rel=\"noopener noreferrer\">Cancer uroth\u00e9lial des voies sup\u00e9rieures<\/a><\/strong><\/h4>\n<\/li>\n<li>\n<h4><strong><a href=\"https:\/\/bladdercancercanada.org\/fr\/guides-sur-le-cancer-de-la-vessie\/\" target=\"_blank\" rel=\"noopener noreferrer\">Guides sur le cancer de la vessie par Cancer de la vessie Canada<\/a><\/strong><\/h4>\n<\/li>\n<\/ul>\n<p>&nbsp;<\/p>\n<h3><strong>Association des Urologues du Canada<\/strong><\/h3>\n<ul class=\"list-plain list-blocks\">\n<li>\n<h4><strong><a href=\"https:\/\/www.cua.org\/sites\/default\/files\/Flipbooks\/PIB\/PIB24_fr\" target=\"_blank\" rel=\"noopener noreferrer\">L&rsquo;incontinence urinaire \u00e0 l&rsquo;effort<\/a><\/strong><\/h4>\n<\/li>\n<li>\n<h4><strong><i class=\"icon-pdf-icon\"><\/i><a href=\"https:\/\/www.cua.org\/sites\/default\/files\/Flipbooks\/PIB\/PIB22_fr\" target=\"_blank\" rel=\"noopener noreferrer\">La Cystite interstitielle<\/a><\/strong><\/h4>\n<\/li>\n<li>\n<h4><strong><i class=\"icon-pdf-icon\"><\/i><a href=\"https:\/\/www.cua.org\/sites\/default\/files\/Flipbooks\/PIB\/PIB19_fr\" target=\"_blank\" rel=\"noopener noreferrer\">Les infections de la vessie chez la femme<\/a><\/strong><\/h4>\n<\/li>\n<li>\n<h4><strong><i class=\"icon-pdf-icon\"><\/i><a href=\"https:\/\/www.cua.org\/sites\/default\/files\/Flipbooks\/PIB\/PIB21_fr\" target=\"_blank\" rel=\"noopener noreferrer\">R\u00e9section de tumeur v\u00e9sicale &#8211; Instr. apr\u00e8s l&rsquo;interv<\/a><\/strong><\/h4>\n<\/li>\n<li>\n<h4><strong><i class=\"icon-pdf-icon\"><\/i><a href=\"https:\/\/www.cua.org\/sites\/default\/files\/Flipbooks\/PIB\/PIB18_fr\" target=\"_blank\" rel=\"noopener noreferrer\">Traitement de BCG pour le cancer de la vessie<\/a><\/strong><\/h4>\n<\/li>\n<li>\n<h4><strong><i class=\"icon-pdf-icon\"><\/i><a href=\"https:\/\/www.cua.org\/sites\/default\/files\/Flipbooks\/PIB\/PIB20_fr\" target=\"_blank\" rel=\"noopener noreferrer\">Tumeur de la vessie<\/a><\/strong><\/h4>\n<\/li>\n<li>\n<h4><strong><i class=\"icon-pdf-icon\"><\/i><a href=\"https:\/\/www.cua.org\/sites\/default\/files\/Flipbooks\/PIB\/PIB23_fr\" target=\"_blank\" rel=\"noopener noreferrer\">Vessie hyperactive<\/a><\/strong><\/h4>\n<\/li>\n<\/ul>\n","protected":false},"excerpt":{"rendered":"<p>Office d&rsquo;\u00e9ducation des patients du CUSM Guide de pr\u00e9paration: Chirurgie de la vessie &nbsp; Soci\u00e9t\u00e9 canadienne du cancer Qu\u2019est-ce que le cancer de la vessie? Facteurs de risque du cancer [&hellip;]<\/p>\n","protected":false},"author":2,"featured_media":0,"parent":0,"menu_order":0,"comment_status":"closed","ping_status":"closed","template":"","meta":{"footnotes":""},"class_list":["post-6039","page","type-page","status-publish","hentry"],"_links":{"self":[{"href":"https:\/\/cansupport.ca\/fr\/wp-json\/wp\/v2\/pages\/6039","targetHints":{"allow":["GET"]}}],"collection":[{"href":"https:\/\/cansupport.ca\/fr\/wp-json\/wp\/v2\/pages"}],"about":[{"href":"https:\/\/cansupport.ca\/fr\/wp-json\/wp\/v2\/types\/page"}],"author":[{"embeddable":true,"href":"https:\/\/cansupport.ca\/fr\/wp-json\/wp\/v2\/users\/2"}],"replies":[{"embeddable":true,"href":"https:\/\/cansupport.ca\/fr\/wp-json\/wp\/v2\/comments?post=6039"}],"version-history":[{"count":1,"href":"https:\/\/cansupport.ca\/fr\/wp-json\/wp\/v2\/pages\/6039\/revisions"}],"predecessor-version":[{"id":6040,"href":"https:\/\/cansupport.ca\/fr\/wp-json\/wp\/v2\/pages\/6039\/revisions\/6040"}],"wp:attachment":[{"href":"https:\/\/cansupport.ca\/fr\/wp-json\/wp\/v2\/media?parent=6039"}],"curies":[{"name":"wp","href":"https:\/\/api.w.org\/{rel}","templated":true}]}}