{"id":6037,"date":"2020-06-26T13:59:40","date_gmt":"2020-06-26T17:59:40","guid":{"rendered":"https:\/\/cansupport.ca\/gallbladder-cancer\/"},"modified":"2022-02-21T16:58:59","modified_gmt":"2022-02-21T21:58:59","slug":"cancer-de-la-vesicule-biliaire","status":"publish","type":"page","link":"https:\/\/cansupport.ca\/fr\/cancer-de-la-vesicule-biliaire\/","title":{"rendered":"Cancer de la v\u00e9sicule biliaire"},"content":{"rendered":"<h3><strong>Soci\u00e9t\u00e9 canadienne du cancer<\/strong><\/h3>\n<ul>\n<li>\n<h4><strong><a class=\"active\" href=\"https:\/\/www.cancer.ca\/fr-ca\/cancer-information\/cancer-type\/gallbladder\/gallbladder-cancer\/?region=qc\">Cancer de la v\u00e9sicule biliaire<\/a><\/strong><\/h4>\n<ul>\n<li>\n<h4><strong><a href=\"https:\/\/www.cancer.ca\/fr-ca\/cancer-information\/cancer-type\/gallbladder\/gallbladder-cancer\/the-gallbladder\/?region=qc\">La v\u00e9sicule biliaire<\/a><\/strong><\/h4>\n<\/li>\n<li>\n<h4><strong><a href=\"https:\/\/www.cancer.ca\/fr-ca\/cancer-information\/cancer-type\/gallbladder\/gallbladder-cancer\/cancerous-tumours\/?region=qc\">Tumeurs canc\u00e9reuses<\/a><\/strong><\/h4>\n<\/li>\n<\/ul>\n<\/li>\n<li>\n<h4><strong><a href=\"https:\/\/www.cancer.ca\/fr-ca\/cancer-information\/cancer-type\/gallbladder\/risks\/?region=qc\">Risques<\/a><\/strong><\/h4>\n<\/li>\n<li>\n<h4><strong><a href=\"https:\/\/www.cancer.ca\/fr-ca\/cancer-information\/cancer-type\/gallbladder\/signs-and-symptoms\/?region=qc\">Signes et sympt\u00f4mes<\/a><\/strong><\/h4>\n<\/li>\n<li>\n<h4><strong><a href=\"https:\/\/www.cancer.ca\/fr-ca\/cancer-information\/cancer-type\/gallbladder\/diagnosis\/?region=qc\">Diagnostic<\/a><\/strong><\/h4>\n<\/li>\n<li>\n<h4><strong><a href=\"https:\/\/www.cancer.ca\/fr-ca\/cancer-information\/cancer-type\/gallbladder\/grading\/?region=qc\">Classification histologique<\/a><\/strong><\/h4>\n<\/li>\n<li>\n<h4><strong><a href=\"https:\/\/www.cancer.ca\/fr-ca\/cancer-information\/cancer-type\/gallbladder\/staging\/?region=qc\">Stadification<\/a><\/strong><\/h4>\n<\/li>\n<li>\n<h4><strong><a href=\"https:\/\/www.cancer.ca\/fr-ca\/cancer-information\/cancer-type\/gallbladder\/if-cancer-spreads\/?region=qc\">Si le cancer se propage<\/a><\/strong><\/h4>\n<\/li>\n<li>\n<h4><strong><a href=\"https:\/\/www.cancer.ca\/fr-ca\/cancer-information\/cancer-type\/gallbladder\/prognosis-and-survival\/?region=qc\">Pronostic et survie<\/a><\/strong><\/h4>\n<\/li>\n<li>\n<h4><strong><a href=\"https:\/\/www.cancer.ca\/fr-ca\/cancer-information\/cancer-type\/gallbladder\/treatment\/?region=qc\">Traitement<\/a><\/strong><\/h4>\n<ul>\n<li>\n<h4><strong><a href=\"https:\/\/www.cancer.ca\/fr-ca\/cancer-information\/cancer-type\/gallbladder\/treatment\/resectable\/?region=qc\">R\u00e9s\u00e9cable<\/a><\/strong><\/h4>\n<\/li>\n<li>\n<h4><strong><a href=\"https:\/\/www.cancer.ca\/fr-ca\/cancer-information\/cancer-type\/gallbladder\/treatment\/unresectable\/?region=qc\">Non r\u00e9s\u00e9cable<\/a><\/strong><\/h4>\n<\/li>\n<li>\n<h4><strong><a href=\"https:\/\/www.cancer.ca\/fr-ca\/cancer-information\/cancer-type\/gallbladder\/treatment\/recurrent\/?region=qc\">R\u00e9cidive<\/a><\/strong><\/h4>\n<\/li>\n<li>\n<h4><strong><a href=\"https:\/\/www.cancer.ca\/fr-ca\/cancer-information\/cancer-type\/gallbladder\/treatment\/surgery\/?region=qc\">Chirurgie<\/a><\/strong><\/h4>\n<\/li>\n<li>\n<h4><strong><a href=\"https:\/\/www.cancer.ca\/fr-ca\/cancer-information\/cancer-type\/gallbladder\/treatment\/radiation-therapy\/?region=qc\">Radioth\u00e9rapie<\/a><\/strong><\/h4>\n<\/li>\n<li>\n<h4><strong><a href=\"https:\/\/www.cancer.ca\/fr-ca\/cancer-information\/cancer-type\/gallbladder\/treatment\/chemotherapy\/?region=qc\">Chimioth\u00e9rapie<\/a><\/strong><\/h4>\n<\/li>\n<li>\n<h4><strong><a href=\"https:\/\/www.cancer.ca\/fr-ca\/cancer-information\/cancer-type\/gallbladder\/treatment\/follow-up\/?region=qc\">Suivi<\/a><\/strong><\/h4>\n<\/li>\n<\/ul>\n<\/li>\n<li>\n<h4><strong><a href=\"https:\/\/www.cancer.ca\/fr-ca\/cancer-information\/cancer-type\/gallbladder\/supportive-care\/?region=qc\">Soins de soutien<\/a><\/strong><\/h4>\n<\/li>\n<li>\n<h4><strong><a href=\"https:\/\/www.cancer.ca\/fr-ca\/cancer-information\/cancer-type\/gallbladder\/statistics\/?region=qc\">Statistiques<\/a><\/strong><\/h4>\n<\/li>\n<\/ul>\n<p>&nbsp;<\/p>\n<h3><strong>Manuel Merck &#8211; Version pour le grand public<\/strong><\/h3>\n<ul>\n<li class=\"topic__header--title topic__header--title--animate\">\n<h4><strong><a href=\"https:\/\/www.merckmanuals.com\/fr-ca\/accueil\/troubles-du-foie-et-de-la-v%C3%A9sicule-biliaire\/maladies-de-la-v%C3%A9sicule-biliaire-et-des-voies-biliaires\/tumeurs-de-la-v%C3%A9sicule-et-des-voies-biliaires\" target=\"_blank\" rel=\"noopener noreferrer\">Tumeurs de la v\u00e9sicule et des voies biliaires<\/a><\/strong><\/h4>\n<\/li>\n<\/ul>\n","protected":false},"excerpt":{"rendered":"<p>Soci\u00e9t\u00e9 canadienne du cancer Cancer de la v\u00e9sicule biliaire La v\u00e9sicule biliaire Tumeurs canc\u00e9reuses Risques Signes et sympt\u00f4mes Diagnostic Classification histologique Stadification Si le cancer se propage Pronostic et survie [&hellip;]<\/p>\n","protected":false},"author":2,"featured_media":0,"parent":0,"menu_order":0,"comment_status":"closed","ping_status":"closed","template":"","meta":{"footnotes":""},"class_list":["post-6037","page","type-page","status-publish","hentry"],"_links":{"self":[{"href":"https:\/\/cansupport.ca\/fr\/wp-json\/wp\/v2\/pages\/6037","targetHints":{"allow":["GET"]}}],"collection":[{"href":"https:\/\/cansupport.ca\/fr\/wp-json\/wp\/v2\/pages"}],"about":[{"href":"https:\/\/cansupport.ca\/fr\/wp-json\/wp\/v2\/types\/page"}],"author":[{"embeddable":true,"href":"https:\/\/cansupport.ca\/fr\/wp-json\/wp\/v2\/users\/2"}],"replies":[{"embeddable":true,"href":"https:\/\/cansupport.ca\/fr\/wp-json\/wp\/v2\/comments?post=6037"}],"version-history":[{"count":1,"href":"https:\/\/cansupport.ca\/fr\/wp-json\/wp\/v2\/pages\/6037\/revisions"}],"predecessor-version":[{"id":6038,"href":"https:\/\/cansupport.ca\/fr\/wp-json\/wp\/v2\/pages\/6037\/revisions\/6038"}],"wp:attachment":[{"href":"https:\/\/cansupport.ca\/fr\/wp-json\/wp\/v2\/media?parent=6037"}],"curies":[{"name":"wp","href":"https:\/\/api.w.org\/{rel}","templated":true}]}}