{"id":6035,"date":"2020-05-27T15:02:23","date_gmt":"2020-05-27T19:02:23","guid":{"rendered":"https:\/\/cansupport.ca\/vaginal-cancer\/"},"modified":"2022-02-21T16:58:04","modified_gmt":"2022-02-21T21:58:04","slug":"cancer-du-vagin","status":"publish","type":"page","link":"https:\/\/cansupport.ca\/fr\/cancer-du-vagin\/","title":{"rendered":"Cancer du vagin"},"content":{"rendered":"<h3><strong>Soci\u00e9t\u00e9 canadienne du cancer<\/strong><\/h3>\n<ul>\n<li>\n<h4><strong><a class=\"active\" href=\"https:\/\/www.cancer.ca\/fr-ca\/cancer-information\/cancer-type\/vaginal\/vaginal-cancer\/?region=qc\" target=\"_blank\" rel=\"noopener noreferrer\">Cancer du vagin<\/a><\/strong><\/h4>\n<ul>\n<li>\n<h4><strong><a href=\"https:\/\/www.cancer.ca\/fr-ca\/cancer-information\/cancer-type\/vaginal\/vaginal-cancer\/the-vagina\/?region=qc\" target=\"_blank\" rel=\"noopener noreferrer\">Le vagin<\/a><\/strong><\/h4>\n<\/li>\n<li>\n<h4><strong><a href=\"https:\/\/www.cancer.ca\/fr-ca\/cancer-information\/cancer-type\/vaginal\/vaginal-cancer\/cancerous-tumours\/?region=qc\" target=\"_blank\" rel=\"noopener noreferrer\">Tumeurs canc\u00e9reuses<\/a><\/strong><\/h4>\n<\/li>\n<li>\n<h4><strong><a href=\"https:\/\/www.cancer.ca\/fr-ca\/cancer-information\/cancer-type\/vaginal\/vaginal-cancer\/precancerous-conditions\/?region=qc\" target=\"_blank\" rel=\"noopener noreferrer\">\u00c9tats pr\u00e9canc\u00e9reux<\/a><\/strong><\/h4>\n<\/li>\n<\/ul>\n<\/li>\n<li>\n<h4><strong><a href=\"https:\/\/www.cancer.ca\/fr-ca\/cancer-information\/cancer-type\/vaginal\/risks\/?region=qc\" target=\"_blank\" rel=\"noopener noreferrer\">Risques<\/a><\/strong><\/h4>\n<\/li>\n<li>\n<h4><strong><a href=\"https:\/\/www.cancer.ca\/fr-ca\/cancer-information\/cancer-type\/vaginal\/finding-cancer-early\/?region=qc\" target=\"_blank\" rel=\"noopener noreferrer\">Trouver le cancer \u00e0 ses d\u00e9buts<\/a><\/strong><\/h4>\n<\/li>\n<li>\n<h4><strong><a href=\"https:\/\/www.cancer.ca\/fr-ca\/cancer-information\/cancer-type\/vaginal\/signs-and-symptoms\/?region=qc\" target=\"_blank\" rel=\"noopener noreferrer\">Signes et sympt\u00f4mes<\/a><\/strong><\/h4>\n<\/li>\n<li>\n<h4><strong><a href=\"https:\/\/www.cancer.ca\/fr-ca\/cancer-information\/cancer-type\/vaginal\/diagnosis\/?region=qc\" target=\"_blank\" rel=\"noopener noreferrer\">Diagnostic<\/a><\/strong><\/h4>\n<\/li>\n<li>\n<h4><strong><a href=\"https:\/\/www.cancer.ca\/fr-ca\/cancer-information\/cancer-type\/vaginal\/grading\/?region=qc\" target=\"_blank\" rel=\"noopener noreferrer\">Classification histologique<\/a><\/strong><\/h4>\n<\/li>\n<li>\n<h4><strong><a href=\"https:\/\/www.cancer.ca\/fr-ca\/cancer-information\/cancer-type\/vaginal\/staging\/?region=qc\" target=\"_blank\" rel=\"noopener noreferrer\">Stadification<\/a><\/strong><\/h4>\n<\/li>\n<li>\n<h4><strong><a href=\"https:\/\/www.cancer.ca\/fr-ca\/cancer-information\/cancer-type\/vaginal\/if-cancer-spreads\/?region=qc\" target=\"_blank\" rel=\"noopener noreferrer\">Si le cancer se propage<\/a><\/strong><\/h4>\n<\/li>\n<li>\n<h4><strong><a href=\"https:\/\/www.cancer.ca\/fr-ca\/cancer-information\/cancer-type\/vaginal\/prognosis-and-survival\/?region=qc\" target=\"_blank\" rel=\"noopener noreferrer\">Pronostic et survie<\/a><\/strong><\/h4>\n<\/li>\n<li>\n<h4><strong><a href=\"https:\/\/www.cancer.ca\/fr-ca\/cancer-information\/cancer-type\/vaginal\/treatment\/?region=qc\" target=\"_blank\" rel=\"noopener noreferrer\">Traitement<\/a><\/strong><\/h4>\n<ul>\n<li>\n<h4><strong><a href=\"https:\/\/www.cancer.ca\/fr-ca\/cancer-information\/cancer-type\/vaginal\/treatment\/vaginal-carcinoma\/?region=qc\" target=\"_blank\" rel=\"noopener noreferrer\">Carcinome du vagin<\/a><\/strong><\/h4>\n<\/li>\n<li>\n<h4><strong><a href=\"https:\/\/www.cancer.ca\/fr-ca\/cancer-information\/cancer-type\/vaginal\/treatment\/melanoma-of-the-vagina\/?region=qc\" target=\"_blank\" rel=\"noopener noreferrer\">M\u00e9lanome du vagin<\/a><\/strong><\/h4>\n<\/li>\n<li>\n<h4><strong><a href=\"https:\/\/www.cancer.ca\/fr-ca\/cancer-information\/cancer-type\/vaginal\/treatment\/sarcoma-of-the-vagina\/?region=qc\" target=\"_blank\" rel=\"noopener noreferrer\">Sarcome du vagin<\/a><\/strong><\/h4>\n<\/li>\n<li>\n<h4><strong><a href=\"https:\/\/www.cancer.ca\/fr-ca\/cancer-information\/cancer-type\/vaginal\/treatment\/surgery\/?region=qc\" target=\"_blank\" rel=\"noopener noreferrer\">Chirurgie<\/a><\/strong><\/h4>\n<\/li>\n<li>\n<h4><strong><a href=\"https:\/\/www.cancer.ca\/fr-ca\/cancer-information\/cancer-type\/vaginal\/treatment\/radiation-therapy\/?region=qc\" target=\"_blank\" rel=\"noopener noreferrer\">Radioth\u00e9rapie<\/a><\/strong><\/h4>\n<\/li>\n<li>\n<h4><strong><a href=\"https:\/\/www.cancer.ca\/fr-ca\/cancer-information\/cancer-type\/vaginal\/treatment\/chemotherapy\/?region=qc\" target=\"_blank\" rel=\"noopener noreferrer\">Chimioth\u00e9rapie<\/a><\/strong><\/h4>\n<\/li>\n<li>\n<h4><strong><a href=\"https:\/\/www.cancer.ca\/fr-ca\/cancer-information\/cancer-type\/vaginal\/treatment\/follow-up\/?region=qc\" target=\"_blank\" rel=\"noopener noreferrer\">Suivi<\/a><\/strong><\/h4>\n<\/li>\n<\/ul>\n<\/li>\n<li>\n<h4><strong><a href=\"https:\/\/www.cancer.ca\/fr-ca\/cancer-information\/cancer-type\/vaginal\/supportive-care\/?region=qc\" target=\"_blank\" rel=\"noopener noreferrer\">Soins de soutien<\/a><\/strong><\/h4>\n<\/li>\n<li>\n<h4><strong><a href=\"https:\/\/www.cancer.ca\/fr-ca\/cancer-information\/cancer-type\/vaginal\/statistics\/?region=qc\" target=\"_blank\" rel=\"noopener noreferrer\">Statistiques<\/a><\/strong><\/h4>\n<\/li>\n<\/ul>\n<p>&nbsp;<\/p>\n<h3><strong>Manuel Merck &#8211; Version pour le grand public<\/strong><\/h3>\n<ul>\n<li>\n<h4><strong><a href=\"https:\/\/www.msdmanuals.com\/fr\/accueil\/probl%c3%a8mes-de-sant%c3%a9-de-la-femme\/cancers-gyn%c3%a9cologiques\/cancer-du-vagin\" target=\"_blank\" rel=\"noopener noreferrer\">Cancer du vagin<\/a><\/strong><\/h4>\n<\/li>\n<\/ul>\n","protected":false},"excerpt":{"rendered":"<p>Soci\u00e9t\u00e9 canadienne du cancer Cancer du vagin Le vagin Tumeurs canc\u00e9reuses \u00c9tats pr\u00e9canc\u00e9reux Risques Trouver le cancer \u00e0 ses d\u00e9buts Signes et sympt\u00f4mes Diagnostic Classification histologique Stadification Si le cancer [&hellip;]<\/p>\n","protected":false},"author":2,"featured_media":0,"parent":0,"menu_order":0,"comment_status":"closed","ping_status":"closed","template":"","meta":{"footnotes":""},"class_list":["post-6035","page","type-page","status-publish","hentry"],"_links":{"self":[{"href":"https:\/\/cansupport.ca\/fr\/wp-json\/wp\/v2\/pages\/6035","targetHints":{"allow":["GET"]}}],"collection":[{"href":"https:\/\/cansupport.ca\/fr\/wp-json\/wp\/v2\/pages"}],"about":[{"href":"https:\/\/cansupport.ca\/fr\/wp-json\/wp\/v2\/types\/page"}],"author":[{"embeddable":true,"href":"https:\/\/cansupport.ca\/fr\/wp-json\/wp\/v2\/users\/2"}],"replies":[{"embeddable":true,"href":"https:\/\/cansupport.ca\/fr\/wp-json\/wp\/v2\/comments?post=6035"}],"version-history":[{"count":1,"href":"https:\/\/cansupport.ca\/fr\/wp-json\/wp\/v2\/pages\/6035\/revisions"}],"predecessor-version":[{"id":6036,"href":"https:\/\/cansupport.ca\/fr\/wp-json\/wp\/v2\/pages\/6035\/revisions\/6036"}],"wp:attachment":[{"href":"https:\/\/cansupport.ca\/fr\/wp-json\/wp\/v2\/media?parent=6035"}],"curies":[{"name":"wp","href":"https:\/\/api.w.org\/{rel}","templated":true}]}}