{"id":6031,"date":"2020-05-14T13:05:00","date_gmt":"2020-05-14T17:05:00","guid":{"rendered":"https:\/\/cansupport.ca\/targeted-therapy\/"},"modified":"2022-02-21T16:55:32","modified_gmt":"2022-02-21T21:55:32","slug":"traitement-cible","status":"publish","type":"page","link":"https:\/\/cansupport.ca\/fr\/traitement-cible\/","title":{"rendered":"Traitement cibl\u00e9"},"content":{"rendered":"<h3><strong>Soci\u00e9t\u00e9 canadienne du cancer<\/strong><\/h3>\n<ul>\n<li>\n<h4><a href=\"https:\/\/www.cancer.ca\/fr-ca\/cancer-information\/diagnosis-and-treatment\/chemotherapy-and-other-drug-therapies\/targeted-therapy\/?region=on\" target=\"_blank\" rel=\"noopener noreferrer\"><strong>Traitement cibl\u00e9<\/strong><\/a><\/h4>\n<\/li>\n<\/ul>\n","protected":false},"excerpt":{"rendered":"<p>Soci\u00e9t\u00e9 canadienne du cancer Traitement cibl\u00e9<\/p>\n","protected":false},"author":2,"featured_media":0,"parent":0,"menu_order":0,"comment_status":"closed","ping_status":"closed","template":"","meta":{"footnotes":""},"class_list":["post-6031","page","type-page","status-publish","hentry"],"_links":{"self":[{"href":"https:\/\/cansupport.ca\/fr\/wp-json\/wp\/v2\/pages\/6031","targetHints":{"allow":["GET"]}}],"collection":[{"href":"https:\/\/cansupport.ca\/fr\/wp-json\/wp\/v2\/pages"}],"about":[{"href":"https:\/\/cansupport.ca\/fr\/wp-json\/wp\/v2\/types\/page"}],"author":[{"embeddable":true,"href":"https:\/\/cansupport.ca\/fr\/wp-json\/wp\/v2\/users\/2"}],"replies":[{"embeddable":true,"href":"https:\/\/cansupport.ca\/fr\/wp-json\/wp\/v2\/comments?post=6031"}],"version-history":[{"count":1,"href":"https:\/\/cansupport.ca\/fr\/wp-json\/wp\/v2\/pages\/6031\/revisions"}],"predecessor-version":[{"id":6032,"href":"https:\/\/cansupport.ca\/fr\/wp-json\/wp\/v2\/pages\/6031\/revisions\/6032"}],"wp:attachment":[{"href":"https:\/\/cansupport.ca\/fr\/wp-json\/wp\/v2\/media?parent=6031"}],"curies":[{"name":"wp","href":"https:\/\/api.w.org\/{rel}","templated":true}]}}