{"id":6029,"date":"2020-05-26T15:23:34","date_gmt":"2020-05-26T19:23:34","guid":{"rendered":"https:\/\/cansupport.ca\/thyroid-cancer\/"},"modified":"2022-02-21T16:52:44","modified_gmt":"2022-02-21T21:52:44","slug":"cancer-de-la-thyroide","status":"publish","type":"page","link":"https:\/\/cansupport.ca\/fr\/cancer-de-la-thyroide\/","title":{"rendered":"Cancer de la thyro\u00efde"},"content":{"rendered":"<h3><strong>Office d&rsquo;\u00e9ducation des patients du CUSM<\/strong><\/h3>\n<ul>\n<li>\n<h4><strong><a href=\"https:\/\/educationdespatientscusm.ca\/guides-sur-le-cancer\/trouver-un-cancer\/cancer-de-la-thyroide.html?parentID=300&amp;sectionID=348\" target=\"_blank\" rel=\"noopener noreferrer\">Tous les guides sur le cancer de la thyro\u00efde<\/a><\/strong><\/h4>\n<\/li>\n<li>\n<h4><strong><a href=\"http:\/\/muhcguides.com\/module\/thyroid-cancer\" target=\"_blank\" rel=\"noopener noreferrer\">Module &#8211; Cancer de la thyro\u00efde<\/a><\/strong><\/h4>\n<\/li>\n<li>\n<h4><strong><a class=\"nomGuide\" title=\"thyroid_cancer_infosheet2007FNL_fr\" href=\"https:\/\/educationdespatientscusm.ca\/DATA\/GUIDE\/411_fr~v~cancer-de-la-thyroide-non-realise-par-loffice-deducation-des-patients-du-cusm-.pdf\" target=\"_blank\" rel=\"noopener noreferrer\">Cancer de la thyro\u00efde<\/a><\/strong><\/h4>\n<\/li>\n<li>\n<h4><strong><a class=\"nomGuide\" title=\"Thyroid_Surgery_Guide_RVH_15Dec2015FNL_fr\" href=\"https:\/\/educationdespatientscusm.ca\/DATA\/GUIDE\/383_fr~v~chirurgie-de-la-thyroide-site-glen.pdf\" target=\"_blank\" rel=\"noopener noreferrer\">Chirurgie de la thyro\u00efde &#8211; site Glen<\/a><\/strong><\/h4>\n<\/li>\n<\/ul>\n<p>&nbsp;<\/p>\n<h3><strong>Soci\u00e9t\u00e9 canadienne du cancer<\/strong><\/h3>\n<ul>\n<li>\n<h4><strong><a href=\"https:\/\/www.cancer.ca\/fr-ca\/cancer-information\/cancer-type\/thyroid\/thyroid-cancer\/?region=qc\" target=\"_blank\" rel=\"noopener noreferrer\">Qu\u2019est-ce que le cancer de la thyro\u00efde?<\/a><\/strong><\/h4>\n<\/li>\n<li>\n<h4><strong><a id=\"pagecontent_0_ctl01_ctl00_9_TitleLink_9\" href=\"https:\/\/cdn.cancer.ca\/-\/media\/files\/cancer-information\/resources\/publications\/thyroid-cancer\/32051-thyroid-cancer-uyd-fr.pdf?rev=9a9e779da7f5417185d54e8123f90b5d&amp;hash=62221975AA1303DB1971A4E3D8343456&amp;_ga=2.73000273.398326846.1644512279-359541453.1642085334\" target=\"_blank\" rel=\"noopener noreferrer\">Cancer de la thyro\u00efde : Comprendre le diagnostic<\/a><\/strong><\/h4>\n<\/li>\n<\/ul>\n<p>&nbsp;<\/p>\n<h3><strong>Cancer de la thyro\u00efde Canada<\/strong><\/h3>\n<ul>\n<li>\n<h4><strong><a href=\"https:\/\/www.thyroidcancercanada.org\/fr\/cancer-de-la-thyroide\/de-quoi-sagit-il\" target=\"_blank\" rel=\"noopener noreferrer\">Qu\u2019est-ce que le cancer de la thyro\u00efde?<\/a><\/strong><\/h4>\n<\/li>\n<li class=\"text-align-center\">\n<h4><strong><a href=\"https:\/\/www.thyroidcancercanada.org\/fr\/cancer-de-la-thyroide\/les-gens-touches-et-les-facteurs-de-risque\" target=\"_blank\" rel=\"noopener noreferrer\">Les gens touch\u00e9s et les facteurs de risque<\/a><\/strong><\/h4>\n<\/li>\n<li class=\"text-align-center\">\n<h4><strong><a href=\"https:\/\/www.thyroidcancercanada.org\/fr\/cancer-de-la-thyroide\/quoi-faire-en-cas-de-diagnostic\" target=\"_blank\" rel=\"noopener noreferrer\">Si vous recevez un diagnostic de cancer de la thyro\u00efde<\/a><\/strong><\/h4>\n<\/li>\n<li class=\"text-align-center\">\n<h4><strong><a href=\"https:\/\/www.thyroidcancercanada.org\/fr\/cancer-de-la-thyroide\/types-de-cancer-de-la-thyroide\" target=\"_blank\" rel=\"noopener noreferrer\">Types de cancer de la thyro\u00efde<\/a><\/strong><\/h4>\n<\/li>\n<li class=\"text-align-center\">\n<h4><strong><a href=\"https:\/\/www.thyroidcancercanada.org\/fr\/cancer-de-la-thyroide\/moyens-de-depistage\" target=\"_blank\" rel=\"noopener noreferrer\">Comment le cancer de la thyro\u00efde est-il d\u00e9tect\u00e9?<\/a><\/strong><\/h4>\n<\/li>\n<li>\n<h4><strong><a href=\"https:\/\/www.thyroidcancercanada.org\/fr\/traitements\/options-de-traitement\" target=\"_blank\" rel=\"noopener noreferrer\">Options de traitement<\/a><\/strong><\/h4>\n<\/li>\n<li class=\"text-align-center\">\n<h4><strong><a href=\"https:\/\/www.thyroidcancercanada.org\/fr\/traitements\/chirurgie\" target=\"_blank\" rel=\"noopener noreferrer\">Chirurgie ou thyro\u00efdectomie<\/a><\/strong><\/h4>\n<\/li>\n<li class=\"text-align-center\">\n<h4><strong><a href=\"https:\/\/www.thyroidcancercanada.org\/fr\/traitements\/thyreostimuline\" target=\"_blank\" rel=\"noopener noreferrer\">Thyr\u00e9ostimuline (TSH)<\/a><\/strong><\/h4>\n<\/li>\n<li class=\"text-align-center\">\n<h4><strong><a href=\"https:\/\/www.thyroidcancercanada.org\/fr\/traitements\/traitement-par-liode-radioactif\" target=\"_blank\" rel=\"noopener noreferrer\">Traitement par l&rsquo;iode radioactif (IRA)<\/a><\/strong><\/h4>\n<\/li>\n<li>\n<h4><strong><a href=\"https:\/\/www.thyroidcancercanada.org\/fr\/traitements\/radiotherapie-et-chimiotherapie\" target=\"_blank\" rel=\"noopener noreferrer\">Radioth\u00e9rapie et Chimioth\u00e9rapie<\/a><\/strong><\/h4>\n<\/li>\n<li class=\"text-align-center\">\n<h4><strong><a href=\"https:\/\/www.thyroidcancercanada.org\/fr\/traitements\/inhibiteurs-de-tyrosine-kinase\" target=\"_blank\" rel=\"noopener noreferrer\">Inhibiteurs de la tyrosine-kinase (ITK)<\/a><\/strong><\/h4>\n<\/li>\n<li>\n<h4><strong><a href=\"https:\/\/www.thyroidcancercanada.org\/fr\/traitements\/suivis\" target=\"_blank\" rel=\"noopener noreferrer\">Suivis<\/a><\/strong><\/h4>\n<\/li>\n<\/ul>\n<h3><\/h3>\n<h3><strong>Gouvernement du Canada<\/strong><\/h3>\n<ul>\n<li>\n<h4><strong><a href=\"https:\/\/www.canada.ca\/fr\/sante-publique\/services\/maladies-chroniques\/cancer\/cancer-glande-thyroide.html\" target=\"_blank\" rel=\"noopener noreferrer\">Cancer de la glande thyro\u00efde<\/a><\/strong><\/h4>\n<\/li>\n<\/ul>\n<p>&nbsp;<\/p>\n<h3><strong>Manuel Merck &#8211; Version pour le grand public<\/strong><\/h3>\n<ul>\n<li>\n<h4><strong><a href=\"https:\/\/www.msdmanuals.com\/fr\/accueil\/troubles-hormonaux-et-m%c3%a9taboliques\/troubles-de-la-thyro%c3%afde\/cancer-de-la-thyro%c3%afde\" target=\"_blank\" rel=\"noopener noreferrer\">Cancer de la thyro\u00efde<\/a><\/strong><\/h4>\n<\/li>\n<\/ul>\n","protected":false},"excerpt":{"rendered":"<p>Office d&rsquo;\u00e9ducation des patients du CUSM Tous les guides sur le cancer de la thyro\u00efde Module &#8211; Cancer de la thyro\u00efde Cancer de la thyro\u00efde Chirurgie de la thyro\u00efde &#8211; [&hellip;]<\/p>\n","protected":false},"author":2,"featured_media":0,"parent":0,"menu_order":0,"comment_status":"closed","ping_status":"closed","template":"","meta":{"footnotes":""},"class_list":["post-6029","page","type-page","status-publish","hentry"],"_links":{"self":[{"href":"https:\/\/cansupport.ca\/fr\/wp-json\/wp\/v2\/pages\/6029","targetHints":{"allow":["GET"]}}],"collection":[{"href":"https:\/\/cansupport.ca\/fr\/wp-json\/wp\/v2\/pages"}],"about":[{"href":"https:\/\/cansupport.ca\/fr\/wp-json\/wp\/v2\/types\/page"}],"author":[{"embeddable":true,"href":"https:\/\/cansupport.ca\/fr\/wp-json\/wp\/v2\/users\/2"}],"replies":[{"embeddable":true,"href":"https:\/\/cansupport.ca\/fr\/wp-json\/wp\/v2\/comments?post=6029"}],"version-history":[{"count":1,"href":"https:\/\/cansupport.ca\/fr\/wp-json\/wp\/v2\/pages\/6029\/revisions"}],"predecessor-version":[{"id":6030,"href":"https:\/\/cansupport.ca\/fr\/wp-json\/wp\/v2\/pages\/6029\/revisions\/6030"}],"wp:attachment":[{"href":"https:\/\/cansupport.ca\/fr\/wp-json\/wp\/v2\/media?parent=6029"}],"curies":[{"name":"wp","href":"https:\/\/api.w.org\/{rel}","templated":true}]}}