{"id":6027,"date":"2020-07-07T16:54:44","date_gmt":"2020-07-07T20:54:44","guid":{"rendered":"https:\/\/cansupport.ca\/thymus-cancer\/"},"modified":"2022-02-21T16:51:52","modified_gmt":"2022-02-21T21:51:52","slug":"cancer-du-thymus","status":"publish","type":"page","link":"https:\/\/cansupport.ca\/fr\/cancer-du-thymus\/","title":{"rendered":"Cancer du thymus"},"content":{"rendered":"<h3><strong>Soci\u00e9t\u00e9 canadienne du cancer<\/strong><\/h3>\n<ul>\n<li>\n<h4><strong><a class=\"active\" href=\"https:\/\/www.cancer.ca\/fr-ca\/cancer-information\/cancer-type\/thymus\/thymus-cancer\/?region=qc\">Cancer du thymus<\/a><\/strong><\/h4>\n<ul>\n<li>\n<h4><strong><a href=\"https:\/\/www.cancer.ca\/fr-ca\/cancer-information\/cancer-type\/thymus\/thymus-cancer\/the-thymus\/?region=qc\">Le thymus<\/a><\/strong><\/h4>\n<\/li>\n<li>\n<h4><strong><a href=\"https:\/\/www.cancer.ca\/fr-ca\/cancer-information\/cancer-type\/thymus\/thymus-cancer\/cancerous-tumours\/?region=qc\">Tumeurs canc\u00e9reuses<\/a><\/strong><\/h4>\n<\/li>\n<li>\n<h4><strong><a href=\"https:\/\/www.cancer.ca\/fr-ca\/cancer-information\/cancer-type\/thymus\/thymus-cancer\/non-cancerous-tumours\/?region=qc\">Tumeurs non canc\u00e9reuses<\/a><\/strong><\/h4>\n<\/li>\n<\/ul>\n<\/li>\n<li>\n<h4><strong><a href=\"https:\/\/www.cancer.ca\/fr-ca\/cancer-information\/cancer-type\/thymus\/risks\/?region=qc\">Risques<\/a><\/strong><\/h4>\n<\/li>\n<li>\n<h4><strong><a href=\"https:\/\/www.cancer.ca\/fr-ca\/cancer-information\/cancer-type\/thymus\/signs-and-symptoms\/?region=qc\">Signes et sympt\u00f4mes<\/a><\/strong><\/h4>\n<\/li>\n<li>\n<h4><strong><a href=\"https:\/\/www.cancer.ca\/fr-ca\/cancer-information\/cancer-type\/thymus\/diagnosis\/?region=qc\">Diagnostic<\/a><\/strong><\/h4>\n<\/li>\n<li>\n<h4><strong><a href=\"https:\/\/www.cancer.ca\/fr-ca\/cancer-information\/cancer-type\/thymus\/staging\/?region=qc\">Stadification<\/a><\/strong><\/h4>\n<\/li>\n<li>\n<h4><strong><a href=\"https:\/\/www.cancer.ca\/fr-ca\/cancer-information\/cancer-type\/thymus\/if-cancer-spreads\/?region=qc\">Si le cancer se propage<\/a><\/strong><\/h4>\n<\/li>\n<li>\n<h4><strong><a href=\"https:\/\/www.cancer.ca\/fr-ca\/cancer-information\/cancer-type\/thymus\/prognosis-and-survival\/?region=qc\">Pronostic et survie<\/a><\/strong><\/h4>\n<\/li>\n<li>\n<h4><strong><a href=\"https:\/\/www.cancer.ca\/fr-ca\/cancer-information\/cancer-type\/thymus\/treatment\/?region=qc\">Traitement<\/a><\/strong><\/h4>\n<ul>\n<li>\n<h4><strong><a href=\"https:\/\/www.cancer.ca\/fr-ca\/cancer-information\/cancer-type\/thymus\/treatment\/stage-1\/?region=qc\">Stade 1<\/a><\/strong><\/h4>\n<\/li>\n<li>\n<h4><strong><a href=\"https:\/\/www.cancer.ca\/fr-ca\/cancer-information\/cancer-type\/thymus\/treatment\/stage-2\/?region=qc\">Stade 2<\/a><\/strong><\/h4>\n<\/li>\n<li>\n<h4><strong><a href=\"https:\/\/www.cancer.ca\/fr-ca\/cancer-information\/cancer-type\/thymus\/treatment\/stage-3\/?region=qc\">Stade 3<\/a><\/strong><\/h4>\n<\/li>\n<li>\n<h4><strong><a href=\"https:\/\/www.cancer.ca\/fr-ca\/cancer-information\/cancer-type\/thymus\/treatment\/stage-4\/?region=qc\">Stade 4<\/a><\/strong><\/h4>\n<\/li>\n<li>\n<h4><strong><a href=\"https:\/\/www.cancer.ca\/fr-ca\/cancer-information\/cancer-type\/thymus\/treatment\/recurrent\/?region=qc\">R\u00e9cidive<\/a><\/strong><\/h4>\n<\/li>\n<li>\n<h4><strong><a href=\"https:\/\/www.cancer.ca\/fr-ca\/cancer-information\/cancer-type\/thymus\/treatment\/surgery\/?region=qc\">Chirurgie<\/a><\/strong><\/h4>\n<\/li>\n<li>\n<h4><strong><a href=\"https:\/\/www.cancer.ca\/fr-ca\/cancer-information\/cancer-type\/thymus\/treatment\/radiation-therapy\/?region=qc\">Radioth\u00e9rapie<\/a><\/strong><\/h4>\n<\/li>\n<li>\n<h4><strong><a href=\"https:\/\/www.cancer.ca\/fr-ca\/cancer-information\/cancer-type\/thymus\/treatment\/chemotherapy\/?region=qc\">Chimioth\u00e9rapie<\/a><\/strong><\/h4>\n<\/li>\n<li>\n<h4><strong><a href=\"https:\/\/www.cancer.ca\/fr-ca\/cancer-information\/cancer-type\/thymus\/treatment\/follow-up\/?region=qc\">Suivi<\/a><\/strong><\/h4>\n<\/li>\n<\/ul>\n<\/li>\n<li>\n<h4><strong><a href=\"https:\/\/www.cancer.ca\/fr-ca\/cancer-information\/cancer-type\/thymus\/supportive-care\/?region=qc\">Soins de soutien<\/a><\/strong><\/h4>\n<\/li>\n<li>\n<h4><strong><a href=\"https:\/\/www.cancer.ca\/fr-ca\/cancer-information\/cancer-type\/thymus\/research\/?region=qc\">Recherche<\/a><\/strong><\/h4>\n<\/li>\n<li>\n<h4><strong><a href=\"https:\/\/www.cancer.ca\/fr-ca\/cancer-information\/cancer-type\/thymus\/statistics\/?region=qc\">Statistiques<\/a><\/strong><\/h4>\n<\/li>\n<\/ul>\n","protected":false},"excerpt":{"rendered":"<p>Soci\u00e9t\u00e9 canadienne du cancer Cancer du thymus Le thymus Tumeurs canc\u00e9reuses Tumeurs non canc\u00e9reuses Risques Signes et sympt\u00f4mes Diagnostic Stadification Si le cancer se propage Pronostic et survie Traitement Stade [&hellip;]<\/p>\n","protected":false},"author":2,"featured_media":0,"parent":0,"menu_order":0,"comment_status":"closed","ping_status":"closed","template":"","meta":{"footnotes":""},"class_list":["post-6027","page","type-page","status-publish","hentry"],"_links":{"self":[{"href":"https:\/\/cansupport.ca\/fr\/wp-json\/wp\/v2\/pages\/6027","targetHints":{"allow":["GET"]}}],"collection":[{"href":"https:\/\/cansupport.ca\/fr\/wp-json\/wp\/v2\/pages"}],"about":[{"href":"https:\/\/cansupport.ca\/fr\/wp-json\/wp\/v2\/types\/page"}],"author":[{"embeddable":true,"href":"https:\/\/cansupport.ca\/fr\/wp-json\/wp\/v2\/users\/2"}],"replies":[{"embeddable":true,"href":"https:\/\/cansupport.ca\/fr\/wp-json\/wp\/v2\/comments?post=6027"}],"version-history":[{"count":1,"href":"https:\/\/cansupport.ca\/fr\/wp-json\/wp\/v2\/pages\/6027\/revisions"}],"predecessor-version":[{"id":6028,"href":"https:\/\/cansupport.ca\/fr\/wp-json\/wp\/v2\/pages\/6027\/revisions\/6028"}],"wp:attachment":[{"href":"https:\/\/cansupport.ca\/fr\/wp-json\/wp\/v2\/media?parent=6027"}],"curies":[{"name":"wp","href":"https:\/\/api.w.org\/{rel}","templated":true}]}}