{"id":6025,"date":"2020-05-27T14:43:57","date_gmt":"2020-05-27T18:43:57","guid":{"rendered":"https:\/\/cansupport.ca\/testicular-cancer\/"},"modified":"2022-02-21T16:50:37","modified_gmt":"2022-02-21T21:50:37","slug":"cancer-du-testicul","status":"publish","type":"page","link":"https:\/\/cansupport.ca\/fr\/cancer-du-testicul\/","title":{"rendered":"Cancer du testicul"},"content":{"rendered":"<h4><\/h4>\n<p>&nbsp;<\/p>\n<h3><strong>Association des Urologues du Canada<\/strong><\/h3>\n<ul>\n<li>\n<h4><strong><a href=\"https:\/\/www.cua.org\/sites\/default\/files\/Flipbooks\/PIB\/PIB58_fr\/mobile\/index.html\" target=\"_blank\" rel=\"noopener noreferrer\">Cancer des testicules<\/a><\/strong><\/h4>\n<\/li>\n<\/ul>\n<p>&nbsp;<\/p>\n<h3><strong>Cancer Testiculaire Canada<\/strong><\/h3>\n<ul>\n<li>\n<h4><strong><a href=\"https:\/\/www.cancertesticulaire.ong\/tout-sur-le-cancer\" target=\"_blank\" rel=\"noopener noreferrer\">Tout sur le cancer testiculaire<\/a><\/strong><\/h4>\n<\/li>\n<li>\n<h4><strong><a href=\"https:\/\/www.cancertesticulaire.ong\/infos-statistiques\">Infos et statistiques<\/a><\/strong><\/h4>\n<\/li>\n<li>\n<h4><strong><a href=\"https:\/\/www.cancertesticulaire.ong\/signes-symptmes\" target=\"_blank\" rel=\"noopener noreferrer\">Signes &amp; Sympt\u00f4mes<\/a><\/strong><\/h4>\n<\/li>\n<li>\n<h4><strong><a href=\"https:\/\/www.cancertesticulaire.ong\/aspects-psychologiques\" target=\"_blank\" rel=\"noopener noreferrer\">Aspects Psychologiques<\/a><\/strong><\/h4>\n<\/li>\n<li>\n<h4><strong><a href=\"https:\/\/www.cancertesticulaire.ong\/sexualit-fertilit\" target=\"_blank\" rel=\"noopener noreferrer\">Sexualit\u00e9 et Fertilit\u00e9<\/a><\/strong><\/h4>\n<\/li>\n<li>\n<h4><strong><a href=\"https:\/\/www.cancertesticulaire.ong\/traitements\" target=\"_blank\" rel=\"noopener noreferrer\">Traitements<\/a><\/strong><\/h4>\n<\/li>\n<li>\n<h4><strong><a href=\"https:\/\/www.cancertesticulaire.ong\/auto-examen\" target=\"_blank\" rel=\"noopener noreferrer\">Auto-examen<\/a><\/strong><\/h4>\n<\/li>\n<\/ul>\n<h4><\/h4>\n<h3><strong>Soci\u00e9t\u00e9 canadienne du cancer<\/strong><\/h3>\n<ul>\n<li>\n<h4><strong><a href=\"https:\/\/www.cancer.ca\/fr-ca\/cancer-information\/cancer-type\/testicular\/testicular-cancer\/?region=qc\" target=\"_blank\" rel=\"noopener noreferrer\">Qu\u2019est-ce que le cancer du testicule?<\/a><\/strong><\/h4>\n<\/li>\n<li>\n<h4><strong><a id=\"pagecontent_0_ctl01_ctl00_20_TitleLink_20\" href=\"https:\/\/cdn.cancer.ca\/-\/media\/files\/cancer-information\/resources\/publications\/testicular-cancer-uyd\/32069-testicular-cancer-uyd-fr.pdf?rev=ac70f611392e4afdbdb24b680df86e84&amp;hash=E1B6EDE7E6A32260837B03395D4380C5&amp;_ga=2.75583063.398326846.1644512279-359541453.1642085334\" target=\"_blank\" rel=\"noopener noreferrer\">Cancer du testicule : Comprendre le diagnostic<\/a><\/strong><\/h4>\n<\/li>\n<\/ul>\n<p>&nbsp;<\/p>\n<h3><\/h3>\n<h3><strong>Manuel Merck &#8211; Version pour le grand public<\/strong><\/h3>\n<ul>\n<li>\n<h4><strong><a href=\"https:\/\/www.merckmanuals.com\/fr-ca\/accueil\/troubles-r%C3%A9naux-et-des-voies-urinaires\/cancers-du-rein-et-des-voies-g%C3%A9nitales-et-urinaires\/cancer-du-testicule\" target=\"_blank\" rel=\"noopener noreferrer\">Cancer du testicule<\/a><\/strong><\/h4>\n<\/li>\n<\/ul>\n","protected":false},"excerpt":{"rendered":"<p>&nbsp; Association des Urologues du Canada Cancer des testicules &nbsp; Cancer Testiculaire Canada Tout sur le cancer testiculaire Infos et statistiques Signes &amp; Sympt\u00f4mes Aspects Psychologiques Sexualit\u00e9 et Fertilit\u00e9 Traitements [&hellip;]<\/p>\n","protected":false},"author":2,"featured_media":0,"parent":0,"menu_order":0,"comment_status":"closed","ping_status":"closed","template":"","meta":{"footnotes":""},"class_list":["post-6025","page","type-page","status-publish","hentry"],"_links":{"self":[{"href":"https:\/\/cansupport.ca\/fr\/wp-json\/wp\/v2\/pages\/6025","targetHints":{"allow":["GET"]}}],"collection":[{"href":"https:\/\/cansupport.ca\/fr\/wp-json\/wp\/v2\/pages"}],"about":[{"href":"https:\/\/cansupport.ca\/fr\/wp-json\/wp\/v2\/types\/page"}],"author":[{"embeddable":true,"href":"https:\/\/cansupport.ca\/fr\/wp-json\/wp\/v2\/users\/2"}],"replies":[{"embeddable":true,"href":"https:\/\/cansupport.ca\/fr\/wp-json\/wp\/v2\/comments?post=6025"}],"version-history":[{"count":1,"href":"https:\/\/cansupport.ca\/fr\/wp-json\/wp\/v2\/pages\/6025\/revisions"}],"predecessor-version":[{"id":6026,"href":"https:\/\/cansupport.ca\/fr\/wp-json\/wp\/v2\/pages\/6025\/revisions\/6026"}],"wp:attachment":[{"href":"https:\/\/cansupport.ca\/fr\/wp-json\/wp\/v2\/media?parent=6025"}],"curies":[{"name":"wp","href":"https:\/\/api.w.org\/{rel}","templated":true}]}}