{"id":6023,"date":"2020-05-15T19:20:58","date_gmt":"2020-05-15T23:20:58","guid":{"rendered":"https:\/\/cansupport.ca\/end-of-life-care\/"},"modified":"2022-02-21T16:49:41","modified_gmt":"2022-02-21T21:49:41","slug":"soins-de-fin-de-vie","status":"publish","type":"page","link":"https:\/\/cansupport.ca\/fr\/soins-de-fin-de-vie\/","title":{"rendered":"Soins de fin de vie"},"content":{"rendered":"<h3><em><strong>\u00c9galement appel\u00e9 soins palliatifs<\/strong><\/em><\/h3>\n<p>&nbsp;<\/p>\n<h3><\/h3>\n<h3><strong>Ressources \u2013 CUSM<\/strong><\/h3>\n<h3><\/h3>\n<p>&nbsp;<\/p>\n<h3><strong>Office d&rsquo;\u00e9ducation des patients du CUSM<\/strong><\/h3>\n<ul>\n<li>\n<h4><strong><a href=\"http:\/\/www.educationdespatientscusm.ca\/guides-sur-la-sante-generale\/soins-de-fin-de-vie-et-deuil.html?sectionID=384\" target=\"_blank\" rel=\"noopener noreferrer\">Soins de fin de vie et deuil<\/a><\/strong><\/h4>\n<\/li>\n<li>\n<h4><strong><a class=\"nomGuide\" title=\"Patient_Safety_booklet_06JUN2013FNL_fr\" href=\"http:\/\/www.educationdespatientscusm.ca\/DATA\/GUIDE\/350_fr~v~securite-des-patients-a-l-unite-de-soins-palliatifs.pdf\" target=\"_blank\" rel=\"noopener\">S\u00e9curit\u00e9 des Patients \u00e0 l&rsquo;unit\u00e9 de soins palliatifs<\/a><\/strong><\/h4>\n<\/li>\n<\/ul>\n<p>&nbsp;<\/p>\n<h3><strong>Conseil des soins palliatifs de l\u2019Universit\u00e9 McGill<\/strong><\/h3>\n<ul>\n<li>\n<h4><strong><a title=\"Le lien s'ouvrira dans une nouvelle fen\u00eatre\" href=\"http:\/\/www.mcgill.ca\/council-on-palliative-care\/fr\/aide-aux-patients-et-aux-familles\" target=\"_blank\" rel=\"noopener noreferrer\">Aide aux patients et aux familles : Les soins palliatifs : Qu\u2019est-ce que c\u2019est?<\/a><\/strong><\/h4>\n<\/li>\n<\/ul>\n<h3><\/h3>\n<p>&nbsp;<\/p>\n<p>&nbsp;<\/p>\n<h3><strong>Ressources \u2013 Qu\u00e9bec<\/strong><\/h3>\n<p>&nbsp;<\/p>\n<h3><strong>Association qu\u00e9b\u00e9coise de soins palliatifs<\/strong><\/h3>\n<ul>\n<li>\n<h4><strong><a href=\"https:\/\/www.aqsp.org\/\" target=\"_blank\" rel=\"noopener noreferrer\">Page d&rsquo;acceuil<\/a><\/strong><\/h4>\n<\/li>\n<\/ul>\n<p>&nbsp;<\/p>\n<h3><strong>Biblio-Sant\u00e9<\/strong><\/h3>\n<ul>\n<li>\n<h4><a href=\"https:\/\/bibliosante.ca\/fr\/information_sante\/soins-de-fin-de-vie.php\"><strong>Soins de fin de vie (livret)<\/strong><\/a><\/h4>\n<\/li>\n<\/ul>\n<h4><\/h4>\n<p>&nbsp;<\/p>\n<h3><strong>Ressources \u2013 Canada<\/strong><\/h3>\n<p>&nbsp;<\/p>\n<h3><\/h3>\n<h3><strong>Association canadienne de soins palliatifs<\/strong><\/h3>\n<ul>\n<li>\n<h4><strong><a href=\"https:\/\/www.acsp.net\/\" target=\"_blank\" rel=\"noopener noreferrer\">Page d&rsquo;acceuil<\/a><\/strong><\/h4>\n<\/li>\n<\/ul>\n<p>&nbsp;<\/p>\n<h3><strong>Gouvernement du Canada<\/strong><\/h3>\n<ul>\n<li>\n<h4><strong><a title=\"Le lien s'ouvrira dans une nouvelle fen\u00eatre\" href=\"https:\/\/www.canada.ca\/fr\/sante-canada\/sujets\/soins-fin-vie.html\" target=\"_blank\" rel=\"noopener noreferrer\">Soins en fin de vie<\/a><\/strong><\/h4>\n<\/li>\n<\/ul>\n<h4><\/h4>\n<p>&nbsp;<\/p>\n<h3><strong>Ordre militaire et hospitalier de Saint-Lazare de J\u00e9rusalem<\/strong><\/h3>\n<ul>\n<li>\n<h4><strong><a title=\"Le lien s'ouvrira dans une nouvelle fen\u00eatre\" href=\"http:\/\/www.stlazarus.ca\/docs\/publications\/caregivers_guide_2014_fr.pdf\" target=\"_blank\" rel=\"noopener noreferrer\">Guide des proches aidants : Un manuel sur les soins de fin de vie<\/a><\/strong><\/h4>\n<\/li>\n<\/ul>\n<p>&nbsp;<\/p>\n<h3><strong>Portail canadien en soins palliatifs<\/strong><\/h3>\n<ul>\n<li>\n<h4><strong><a href=\"https:\/\/www.virtualhospice.ca\/fr_CA\/Main+Site+Navigation\/Home\/Topics\/Topics\/What+Is+Palliative+Care_\/What+Is+Palliative+Care_.aspx\" target=\"_blank\" rel=\"noopener noreferrer\">Que sont les soins palliatifs?<\/a><\/strong><\/h4>\n<\/li>\n<li>\n<h4><strong><a href=\"https:\/\/www.virtualhospice.ca\/fr_CA\/Main+Site+Navigation\/Home\/Topics\/Topics\/What+Is+Palliative+Care_\/10+Myths+about+Palliative+Care.aspx\" target=\"_blank\" rel=\"noopener noreferrer\">10 mythes entourant les soins palliatifs<\/a><\/strong><\/h4>\n<\/li>\n<li>\n<h4><strong><a href=\"https:\/\/www.virtualhospice.ca\/fr_CA\/Main+Site+Navigation\/Home\/Support\/Resources\/Books_+Links_+and+More.aspx\" target=\"_blank\" rel=\"noopener noreferrer\">Livres, liens et bien plus<\/a><\/strong><\/h4>\n<\/li>\n<\/ul>\n<h4><\/h4>\n<p>&nbsp;<\/p>\n<h3><strong>Soci\u00e9t\u00e9 canadienne du cancer<\/strong><\/h3>\n<ul>\n<li>\n<h4><strong><a href=\"https:\/\/www.cancer.ca\/fr-ca\/cancer-information\/living-with-cancer\/advanced-cancer\/palliative-care\/?region=qc\" target=\"_blank\" rel=\"noopener noreferrer\">Soins palliatifs<\/a><\/strong><\/h4>\n<\/li>\n<\/ul>\n<h3><\/h3>\n<p>&nbsp;<\/p>\n<p>&nbsp;<\/p>\n<h3><\/h3>\n<h3><strong>Ressources \u2013 \u00c9tats-Unis<\/strong><\/h3>\n<h3><\/h3>\n<p>&nbsp;<\/p>\n<h3><strong>Manuel Merck \u2014 Version pour le grand public<\/strong><\/h3>\n<ul>\n<li>\n<h4><strong><a title=\"Le lien s'ouvrira dans une nouvelle fen\u00eatre\" href=\"https:\/\/www.merckmanuals.com\/fr-ca\/home\/fondamentaux\/mort-et-mourir\/les-choix-de-traitement-en-phase-terminale\" target=\"_blank\" rel=\"noopener noreferrer\">Les choix de traitement en phase terminale<\/a><\/strong><\/h4>\n<\/li>\n<li>\n<h4><strong><a title=\"Le lien s'ouvrira dans une nouvelle fen\u00eatre\" href=\"https:\/\/www.merckmanuals.com\/fr-ca\/home\/fondamentaux\/mort-et-mourir\/choix-%C3%A0-faire-avant-la-mort\" target=\"_blank\" rel=\"noopener noreferrer\">Choix \u00e0 faire avant la mort<\/a><\/strong><\/h4>\n<\/li>\n<\/ul>\n<p>&nbsp;<\/p>\n","protected":false},"excerpt":{"rendered":"<p>\u00c9galement appel\u00e9 soins palliatifs &nbsp; Ressources \u2013 CUSM &nbsp; Office d&rsquo;\u00e9ducation des patients du CUSM Soins de fin de vie et deuil S\u00e9curit\u00e9 des Patients \u00e0 l&rsquo;unit\u00e9 de soins palliatifs [&hellip;]<\/p>\n","protected":false},"author":2,"featured_media":0,"parent":0,"menu_order":0,"comment_status":"closed","ping_status":"closed","template":"","meta":{"footnotes":""},"class_list":["post-6023","page","type-page","status-publish","hentry"],"_links":{"self":[{"href":"https:\/\/cansupport.ca\/fr\/wp-json\/wp\/v2\/pages\/6023","targetHints":{"allow":["GET"]}}],"collection":[{"href":"https:\/\/cansupport.ca\/fr\/wp-json\/wp\/v2\/pages"}],"about":[{"href":"https:\/\/cansupport.ca\/fr\/wp-json\/wp\/v2\/types\/page"}],"author":[{"embeddable":true,"href":"https:\/\/cansupport.ca\/fr\/wp-json\/wp\/v2\/users\/2"}],"replies":[{"embeddable":true,"href":"https:\/\/cansupport.ca\/fr\/wp-json\/wp\/v2\/comments?post=6023"}],"version-history":[{"count":1,"href":"https:\/\/cansupport.ca\/fr\/wp-json\/wp\/v2\/pages\/6023\/revisions"}],"predecessor-version":[{"id":6024,"href":"https:\/\/cansupport.ca\/fr\/wp-json\/wp\/v2\/pages\/6023\/revisions\/6024"}],"wp:attachment":[{"href":"https:\/\/cansupport.ca\/fr\/wp-json\/wp\/v2\/media?parent=6023"}],"curies":[{"name":"wp","href":"https:\/\/api.w.org\/{rel}","templated":true}]}}