{"id":6021,"date":"2020-05-20T15:00:46","date_gmt":"2020-05-20T19:00:46","guid":{"rendered":"https:\/\/cansupport.ca\/breast-cancer\/"},"modified":"2022-02-21T16:48:34","modified_gmt":"2022-02-21T21:48:34","slug":"cancer-du-sein","status":"publish","type":"page","link":"https:\/\/cansupport.ca\/fr\/cancer-du-sein\/","title":{"rendered":"Cancer du Sein"},"content":{"rendered":"<h3><strong>Ressources \u2013 CUSM<\/strong><\/h3>\n<h3><\/h3>\n<h3><\/h3>\n<p>&nbsp;<\/p>\n<h3><strong>Office d\u2019\u00e9ducation des patients du CUSM<\/strong><\/h3>\n<ul>\n<li>\n<h4><strong><a title=\"Le lien s'ouvrira dans une nouvelle fen\u00eatre\" href=\"https:\/\/educationdespatientscusm.ca\/guides-sur-le-cancer\/trouver-un-cancer\/cancer-du-sein.html?parentID=300&amp;sectionID=305\" target=\"_blank\" rel=\"noopener noreferrer\">Guides sur le cancer du sein<\/a><\/strong><\/h4>\n<\/li>\n<li>\n<h4><strong><a title=\"Le lien s'ouvrira dans une nouvelle fen\u00eatre\" href=\"http:\/\/muhcguides.com\/module\/breast-cancer\" target=\"_blank\" rel=\"noopener noreferrer\">Cancer du sein<\/a>\u00a0<i>(Module)<\/i><\/strong><\/h4>\n<\/li>\n<li>\n<h4><strong><a title=\"Le lien s'ouvrira dans une nouvelle fen\u00eatre\" href=\"http:\/\/muhcguides.com\/module\/intro-to-breast-cancer\" target=\"_blank\" rel=\"noopener noreferrer\">Cancer du sein : une introduction<\/a>\u00a0<i>(Module)<\/i><\/strong><\/h4>\n<\/li>\n<li>\n<h4><strong><a title=\"Le lien s'ouvrira dans une nouvelle fen\u00eatre\" href=\"https:\/\/educationdespatientscusm.ca\/DATA\/GUIDE\/294_fr~v~guide-du-traitement-de-radiotherapie-des-seins.pdf\" target=\"_blank\" rel=\"noopener noreferrer\">Guide du traitement de radioth\u00e9rapie des seins<\/a><\/strong><\/h4>\n<\/li>\n<li>\n<h4><strong><a title=\"Le lien s'ouvrira dans une nouvelle fen\u00eatre\" href=\"http:\/\/muhcguides.com\/module\/dibh\" target=\"_blank\" rel=\"noopener noreferrer\">La technique d\u2019inspiration profonde bloqu\u00e9e (IPB)<\/a>\u00a0<i>(Module)<\/i><\/strong><\/h4>\n<\/li>\n<li>\n<h4><strong><a title=\"Le lien s'ouvrira dans une nouvelle fen\u00eatre\" href=\"https:\/\/educationdespatientscusm.ca\/DATA\/GUIDE\/815_fr~v~guide-de-preparation-a-la-chirurgie-du-sein.pdf\" target=\"_blank\" rel=\"noopener noreferrer\">Comment se pr\u00e9parer pour une chirurgie du sein<\/a><\/strong><\/h4>\n<\/li>\n<li>\n<h4><strong><a title=\"Le lien s'ouvrira dans une nouvelle fen\u00eatre\" href=\"https:\/\/educationdespatientscusm.ca\/DATA\/GUIDE\/137_fr~v~la-biopsie-du-sein-francais-.pdf\" target=\"_blank\" rel=\"noopener noreferrer\">La biopsie st\u00e9reotaxique du sein<\/a><\/strong><\/h4>\n<\/li>\n<li>\n<h4><strong><a title=\"Le lien s'ouvrira dans une nouvelle fen\u00eatre\" href=\"https:\/\/educationdespatientscusm.ca\/DATA\/GUIDE\/138_fr~v~la-biopsie-du-sein-italien-.pdf\" target=\"_blank\" rel=\"noopener noreferrer\">La biopsia stereotassica della mammella<\/a>(Version en italien du livret <em>La biopsie st\u00e9reotaxique du sein<\/em>)<\/strong><\/h4>\n<\/li>\n<\/ul>\n<p>&nbsp;<\/p>\n<h3><\/h3>\n<h3><strong>Ressources \u2013 Qu\u00e9bec<\/strong><\/h3>\n<h3><\/h3>\n<p>&nbsp;<\/p>\n<h3><strong>Gouvernement du Qu\u00e9bec<\/strong><\/h3>\n<ul>\n<li id=\"titreNo1\" class=\"d-block themeTitre\">\n<h4><strong><a href=\"https:\/\/www.quebec.ca\/sante\/conseils-et-prevention\/depistage-et-offre-de-tests-de-porteur\/programme-quebecois-de-depistage-du-cancer-du-sein\/\" target=\"_blank\" rel=\"noopener noreferrer\">Programme qu\u00e9b\u00e9cois de d\u00e9pistage du cancer du sein (PQDCS)<\/a><\/strong><\/h4>\n<\/li>\n<li>\n<h4 id=\"titreNo1\" class=\"d-block themeTitre\"><a href=\"https:\/\/www.quebec.ca\/sante\/conseils-et-prevention\/depistage-et-offre-de-tests-de-porteur\/depistage-du-cancer-du-sein\/\" target=\"_blank\" rel=\"noopener noreferrer\"><strong>D\u00e9pistage du cancer du sein<\/strong><\/a><\/h4>\n<\/li>\n<li>\n<h4><strong><a href=\"https:\/\/www.ramq.gouv.qc.ca\/fr\/citoyens\/programmes-aide\/Pages\/protheses-mammaires-externes.aspx\" target=\"_blank\" rel=\"noopener noreferrer\">Programme des proth\u00e8ses mammaires externes<\/a><\/strong><\/h4>\n<\/li>\n<li>\n<h4 id=\"titreNo1\" class=\"d-block themeTitre\"><strong><a href=\"https:\/\/www.quebec.ca\/sante\/conseils-et-prevention\/prevention-des-accidents-des-lesions-et-des-maladies\/implants-mammaires-textures\/\" target=\"_blank\" rel=\"noopener noreferrer\">Implants mammaires textur\u00e9s<\/a><\/strong><\/h4>\n<\/li>\n<li>\n<h4><strong><a href=\"https:\/\/www.ramq.gouv.qc.ca\/fr\/citoyens\/programmes-aide\/vetements-compression-lymphoedeme\/Pages\/vetements-compression-traitement-lymphoedeme.aspx\" target=\"_blank\" rel=\"noopener noreferrer\">Programme relatif aux bandages et aux v\u00eatements de compression n\u00e9cessaires au traitement du lymph\u0153d\u00e8me<\/a><\/strong><\/h4>\n<\/li>\n<\/ul>\n<p>&nbsp;<\/p>\n<h3><\/h3>\n<h3><strong>Fondation du cancer du sein du Qu\u00e9bec<\/strong><\/h3>\n<ul>\n<li>\n<h4><strong><a title=\"Le lien s'ouvrira dans une nouvelle fen\u00eatre\" href=\"https:\/\/rubanrose.org\/cancer-du-sein\/comprendre\" target=\"_blank\" rel=\"noopener noreferrer\">Comprendre le cancer du sein<\/a><\/strong><\/h4>\n<\/li>\n<li>\n<h4><strong><a title=\"Le lien s'ouvrira dans une nouvelle fen\u00eatre\" href=\"https:\/\/rubanrose.org\/cancer-du-sein\/facteurs-de-risque\" target=\"_blank\" rel=\"noopener noreferrer\">Facteurs de risque<\/a><\/strong><\/h4>\n<\/li>\n<li>\n<h4><strong><a title=\"Le lien s'ouvrira dans une nouvelle fen\u00eatre\" href=\"https:\/\/rubanrose.org\/cancer-du-sein\/depistage-diagnostics\" target=\"_blank\" rel=\"noopener noreferrer\">D\u00e9pistage et diagnostic<\/a><\/strong><\/h4>\n<\/li>\n<li>\n<h4><strong><a title=\"Le lien s'ouvrira dans une nouvelle fen\u00eatre\" href=\"https:\/\/rubanrose.org\/cancer-du-sein\/traitements\" target=\"_blank\" rel=\"noopener noreferrer\">Traitements<\/a><\/strong><\/h4>\n<\/li>\n<li>\n<h4><strong><a title=\"Le lien s'ouvrira dans une nouvelle fen\u00eatre\" href=\"https:\/\/rubanrose.org\/cancer-du-sein\/homme\" target=\"_blank\" rel=\"noopener noreferrer\">Cancer du sein chez l\u2019homme<\/a><\/strong><\/h4>\n<\/li>\n<\/ul>\n<h3><\/h3>\n<h3><\/h3>\n<p>&nbsp;<\/p>\n<h3><strong>Ressources \u2013 Canada<\/strong><\/h3>\n<p>&nbsp;<\/p>\n<h3><strong>Gouvernement du Canada<\/strong><\/h3>\n<ul>\n<li>\n<h4><strong><a href=\"https:\/\/www.canada.ca\/fr\/sante-publique\/services\/maladies-chroniques\/cancer\/cancer-sein.html\" target=\"_blank\" rel=\"noopener noreferrer\">Cancer du sein<\/a><\/strong><\/h4>\n<\/li>\n<\/ul>\n<h4><\/h4>\n<p>&nbsp;<\/p>\n<h3><strong>Soci\u00e9t\u00e9 canadienne du cancer<\/strong><\/h3>\n<ul>\n<li>\n<h4><strong><a title=\"Le lien s'ouvrira dans une nouvelle fen\u00eatre\" href=\"http:\/\/www.cancer.ca\/fr-ca\/cancer-information\/cancer-type\/breast\/breast-cancer\/?region=qc\" target=\"_blank\" rel=\"noopener noreferrer\">Qu\u2019est-ce que le cancer du sein?<\/a><\/strong><\/h4>\n<\/li>\n<li>\n<h4><strong><a title=\"Le lien s'ouvrira dans une nouvelle fen\u00eatre\" href=\"http:\/\/www.cancer.ca\/fr-ca\/cancer-information\/cancer-type\/breast\/risks\/?region=qc\" target=\"_blank\" rel=\"noopener noreferrer\">Facteurs de risque du cancer du sein<\/a><\/strong><\/h4>\n<\/li>\n<li>\n<h4><strong><a title=\"Le lien s'ouvrira dans une nouvelle fen\u00eatre\" href=\"http:\/\/www.cancer.ca\/fr-ca\/cancer-information\/cancer-type\/breast\/screening\/?region=qc\" target=\"_blank\" rel=\"noopener noreferrer\">D\u00e9pistage du cancer du sein<\/a><\/strong><\/h4>\n<\/li>\n<li>\n<h4><strong><a title=\"Le lien s'ouvrira dans une nouvelle fen\u00eatre\" href=\"http:\/\/www.cancer.ca\/fr-ca\/cancer-information\/cancer-type\/breast\/signs-and-symptoms\/?region=qc\" target=\"_blank\" rel=\"noopener noreferrer\">Sympt\u00f4mes du cancer du sein<\/a><\/strong><\/h4>\n<\/li>\n<li>\n<h4><strong><a title=\"Le lien s'ouvrira dans une nouvelle fen\u00eatre\" href=\"http:\/\/www.cancer.ca\/fr-ca\/cancer-information\/cancer-type\/breast\/diagnosis\/?region=qc\" target=\"_blank\" rel=\"noopener noreferrer\">Diagnostic du cancer du sein<\/a><\/strong><\/h4>\n<\/li>\n<li>\n<h4><strong><a title=\"Le lien s'ouvrira dans une nouvelle fen\u00eatre\" href=\"http:\/\/www.cancer.ca\/fr-ca\/cancer-information\/cancer-type\/breast\/grading\/?region=qc\" target=\"_blank\" rel=\"noopener noreferrer\">Classification histologique du cancer du sein<\/a><\/strong><\/h4>\n<\/li>\n<li>\n<h4><strong><a title=\"Le lien s'ouvrira dans une nouvelle fen\u00eatre\" href=\"http:\/\/www.cancer.ca\/fr-ca\/cancer-information\/cancer-type\/breast\/staging\/?region=qc\" target=\"_blank\" rel=\"noopener noreferrer\">Stades du cancer du sein<\/a><\/strong><\/h4>\n<\/li>\n<li>\n<h4><strong><a title=\"Le lien s'ouvrira dans une nouvelle fen\u00eatre\" href=\"http:\/\/www.cancer.ca\/fr-ca\/cancer-information\/cancer-type\/breast\/if-cancer-spreads\/?region=qc\" target=\"_blank\" rel=\"noopener noreferrer\">Si le cancer du sein se propage<\/a><\/strong><\/h4>\n<\/li>\n<li>\n<h4><strong><a title=\"Le lien s'ouvrira dans une nouvelle fen\u00eatre\" href=\"http:\/\/www.cancer.ca\/fr-ca\/cancer-information\/cancer-type\/breast\/prognosis-and-survival\/?region=qc\" target=\"_blank\" rel=\"noopener noreferrer\">Pronostic et survie pour le cancer du sein<\/a><\/strong><\/h4>\n<\/li>\n<li>\n<h4><strong><a title=\"Le lien s'ouvrira dans une nouvelle fen\u00eatre\" href=\"http:\/\/www.cancer.ca\/fr-ca\/cancer-information\/cancer-type\/breast\/treatment\/?region=qc\" target=\"_blank\" rel=\"noopener noreferrer\">Traitements du cancer du sein<\/a><\/strong><\/h4>\n<\/li>\n<li>\n<h4><strong><a title=\"Le lien s'ouvrira dans une nouvelle fen\u00eatre\" href=\"http:\/\/www.cancer.ca\/fr-ca\/cancer-information\/cancer-type\/breast\/supportive-care\/?region=qc\" target=\"_blank\" rel=\"noopener noreferrer\">Soins de soutien pour le cancer du sein<\/a><\/strong><\/h4>\n<\/li>\n<li>\n<h4><strong><a title=\"Le lien s'ouvrira dans une nouvelle fen\u00eatre\" href=\"http:\/\/www.cancer.ca\/fr-ca\/cancer-information\/cancer-type\/breast\/research\/?region=qc\" target=\"_blank\" rel=\"noopener noreferrer\">Recherche sur le cancer du sein<\/a><\/strong><\/h4>\n<\/li>\n<li>\n<h4><strong><a title=\"Le lien s'ouvrira dans une nouvelle fen\u00eatre\" href=\"https:\/\/cdn.cancer.ca\/-\/media\/files\/cancer-information\/resources\/publications\/breast-cancer\/32064-breast-cancer-uyd-fr.pdf?rev=5cc33506614146229c80094800433c30&amp;hash=59C5E80EC3C22CCEB73E209191428966&amp;_ga=2.2907762.398326846.1644512279-359541453.1642085334\" target=\"_blank\" rel=\"noopener noreferrer\">Cancer du sein : comprendre le diagnostic<\/a><\/strong><\/h4>\n<\/li>\n<li>\n<h4><strong><a title=\"Le lien s'ouvrira dans une nouvelle fen\u00eatre\" href=\"https:\/\/cdn.cancer.ca\/-\/media\/files\/cancer-information\/resources\/publications\/understanding-treatment-for-breast-cancer\/32077-understanding-treatment-for-breast-cancer-fr.pdf?rev=48fab97651a94c8dac8919317761ec07&amp;hash=E4C25F654D69544627C0B84E88CB1D25&amp;_ga=2.2907762.398326846.1644512279-359541453.1642085334\" target=\"_blank\" rel=\"noopener noreferrer\">Comprendre les traitements du cancer du sein<\/a><\/strong><\/h4>\n<\/li>\n<li>\n<h4><strong><a title=\"Le lien s'ouvrira dans une nouvelle fen\u00eatre\" href=\"https:\/\/cdn.cancer.ca\/-\/media\/files\/cancer-information\/resources\/publications\/exercises-after-breast-surgery\/32071-exercises-after-breast-surgery-fr.pdf?rev=55f3216887854ea3b7374c040bca7cc7&amp;hash=F2A9EC73BEEEA5F3F8E8E707236018C1&amp;_ga=2.10175223.398326846.1644512279-359541453.1642085334\" target=\"_blank\" rel=\"noopener noreferrer\">Exercices \u00e0 effectuer apr\u00e8s une chirurgie mammaire<\/a><\/strong><\/h4>\n<\/li>\n<\/ul>\n<p>&nbsp;<\/p>\n<p>&nbsp;<\/p>\n<h3><strong>Ressources \u2013 \u00c9tats-Unis<\/strong><\/h3>\n<p>&nbsp;<\/p>\n<h3><strong>Manuel Merck \u2014 Version pour le grand public<\/strong><\/h3>\n<ul>\n<li>\n<h4><strong><a title=\"Le lien s'ouvrira dans une nouvelle fen\u00eatre\" href=\"https:\/\/www.merckmanuals.com\/fr-ca\/accueil\/probl%C3%A8mes-de-sant%C3%A9-de-la-femme\/maladies-du-sein\/cancer-du-sein\" target=\"_blank\" rel=\"noopener noreferrer\">Le cancer du sein<\/a><\/strong><\/h4>\n<\/li>\n<\/ul>\n<p>&nbsp;<\/p>\n","protected":false},"excerpt":{"rendered":"<p>Ressources \u2013 CUSM &nbsp; Office d\u2019\u00e9ducation des patients du CUSM Guides sur le cancer du sein Cancer du sein\u00a0(Module) Cancer du sein : une introduction\u00a0(Module) Guide du traitement de radioth\u00e9rapie [&hellip;]<\/p>\n","protected":false},"author":2,"featured_media":0,"parent":0,"menu_order":0,"comment_status":"closed","ping_status":"closed","template":"","meta":{"footnotes":""},"class_list":["post-6021","page","type-page","status-publish","hentry"],"_links":{"self":[{"href":"https:\/\/cansupport.ca\/fr\/wp-json\/wp\/v2\/pages\/6021","targetHints":{"allow":["GET"]}}],"collection":[{"href":"https:\/\/cansupport.ca\/fr\/wp-json\/wp\/v2\/pages"}],"about":[{"href":"https:\/\/cansupport.ca\/fr\/wp-json\/wp\/v2\/types\/page"}],"author":[{"embeddable":true,"href":"https:\/\/cansupport.ca\/fr\/wp-json\/wp\/v2\/users\/2"}],"replies":[{"embeddable":true,"href":"https:\/\/cansupport.ca\/fr\/wp-json\/wp\/v2\/comments?post=6021"}],"version-history":[{"count":1,"href":"https:\/\/cansupport.ca\/fr\/wp-json\/wp\/v2\/pages\/6021\/revisions"}],"predecessor-version":[{"id":6022,"href":"https:\/\/cansupport.ca\/fr\/wp-json\/wp\/v2\/pages\/6021\/revisions\/6022"}],"wp:attachment":[{"href":"https:\/\/cansupport.ca\/fr\/wp-json\/wp\/v2\/media?parent=6021"}],"curies":[{"name":"wp","href":"https:\/\/api.w.org\/{rel}","templated":true}]}}