{"id":6017,"date":"2020-05-21T18:25:00","date_gmt":"2020-05-21T22:25:00","guid":{"rendered":"https:\/\/cansupport.ca\/kidney-cancer\/"},"modified":"2022-02-21T16:05:50","modified_gmt":"2022-02-21T21:05:50","slug":"cancer-du-rein","status":"publish","type":"page","link":"https:\/\/cansupport.ca\/fr\/cancer-du-rein\/","title":{"rendered":"Cancer du Rein"},"content":{"rendered":"<h3><strong>Ressources \u2013 Canada<\/strong><\/h3>\n<h3><\/h3>\n<p>&nbsp;<\/p>\n<h3><strong>Association des Urologues du Canada<\/strong><\/h3>\n<ul class=\"list-plain list-blocks\">\n<li>\n<h4><strong><a href=\"https:\/\/www.cua.org\/sites\/default\/files\/Flipbooks\/PIB\/PIB35_fr\" target=\"_blank\" rel=\"noopener noreferrer\">Calculs r\u00e9naux<\/a><\/strong><\/h4>\n<\/li>\n<li>\n<h4><strong><i class=\"icon-pdf-icon\"><\/i><a href=\"https:\/\/www.cua.org\/sites\/default\/files\/Flipbooks\/PIB\/PIB38_fr\" target=\"_blank\" rel=\"noopener noreferrer\">Colique n\u00e9phr\u00e9tique<\/a><\/strong><\/h4>\n<\/li>\n<li>\n<h4><strong><i class=\"icon-pdf-icon\"><\/i><a href=\"https:\/\/www.cua.org\/sites\/default\/files\/Flipbooks\/PIB\/PIB43_fr\" target=\"_blank\" rel=\"noopener noreferrer\">L&rsquo;ur\u00e9t\u00e9roscopie<\/a><\/strong><\/h4>\n<\/li>\n<li>\n<h4><strong><i class=\"icon-pdf-icon\"><\/i><a href=\"https:\/\/www.cua.org\/sites\/default\/files\/Flipbooks\/PIB\/PIB36_fr\" target=\"_blank\" rel=\"noopener noreferrer\">Les tumeurs r\u00e9nales<\/a><\/strong><\/h4>\n<\/li>\n<li>\n<h4><strong><i class=\"icon-pdf-icon\"><\/i><a href=\"https:\/\/www.cua.org\/sites\/default\/files\/Flipbooks\/PIB\/PIB40_fr\" target=\"_blank\" rel=\"noopener noreferrer\">Mise en place de sonde ur\u00e9t\u00e9rale &#8211; Instructions apr\u00e8s l&rsquo;intervention<\/a><\/strong><\/h4>\n<\/li>\n<li>\n<h4><strong><i class=\"icon-pdf-icon\"><\/i><a href=\"https:\/\/www.cua.org\/sites\/default\/files\/Flipbooks\/PIB\/PIB37_fr\" target=\"_blank\" rel=\"noopener noreferrer\">N\u00e9phrolithotomie percutan\u00e9e<\/a><\/strong><\/h4>\n<\/li>\n<li>\n<h4><strong><i class=\"icon-pdf-icon\"><\/i><a href=\"https:\/\/www.cua.org\/sites\/default\/files\/Flipbooks\/PIB\/PIB42_fr\" target=\"_blank\" rel=\"noopener noreferrer\">Obstruction de la jonction ur\u00e9t\u00e9ro-py\u00e9lique<\/a><\/strong><\/h4>\n<\/li>\n<\/ul>\n<p>&nbsp;<\/p>\n<h3><strong>Cancer du rein Canada<\/strong><\/h3>\n<ul>\n<li>\n<h4><strong><a href=\"https:\/\/www.cancerdurein.ca\/patients-plus-aidants\/information-sur-la-covid-19-pour-les-patients-atteints-dun-cancer-du-rein\/\" target=\"_blank\" rel=\"noopener noreferrer\">Information sur la COVID-19 pour les patients atteints du cancer du rein<\/a><\/strong><\/h4>\n<\/li>\n<li>\n<h4><strong><a href=\"https:\/\/www.cancerdurein.ca\/patients-plus-aidants\/diagnostique-recemment\/\" target=\"_blank\" rel=\"noopener noreferrer\">Diagnostiqu\u00e9 r\u00e9cemment<\/a><\/strong><\/h4>\n<\/li>\n<li>\n<h4><strong><a href=\"https:\/\/www.cancerdurein.ca\/patients-plus-aidants\/guide\/\" target=\"_blank\" rel=\"noopener noreferrer\">Un guide pour le cancer du rein<\/a><\/strong><\/h4>\n<\/li>\n<li>\n<h4><strong><a href=\"https:\/\/www.cancerdurein.ca\/patients-plus-aidants\/acces-aux-traitements\/\" target=\"_blank\" rel=\"noopener noreferrer\">Acc\u00e8s aux traitements pour le cancer du rein<\/a><\/strong><\/h4>\n<\/li>\n<li>\n<h4><strong><a href=\"https:\/\/www.cancerdurein.ca\/patients-plus-aidants\/acces-aux-traitements\/lignes-directrices-pour-le-traitement-du-cancer-du-rein\/\" target=\"_blank\" rel=\"noopener noreferrer\">Lignes directrices pour le traitement du cancer du rein<\/a><\/strong><\/h4>\n<\/li>\n<li>\n<h4><strong><a href=\"https:\/\/www.cancerdurein.ca\/genetique\/\" target=\"_blank\" rel=\"noopener noreferrer\">G\u00e8nes, g\u00e9n\u00e9tiques et cancer du rein<\/a><\/strong><\/h4>\n<\/li>\n<li>\n<h4><strong><a href=\"https:\/\/www.cancerdurein.ca\/patients-plus-aidants\/demander-une-deuxieme-opinion\/\" target=\"_blank\" rel=\"noopener noreferrer\">Demander une deuxi\u00e8me opinion<\/a><\/strong><\/h4>\n<\/li>\n<li>\n<h4><strong><a href=\"https:\/\/www.cancerdurein.ca\/patients-plus-aidants\/questions-a-poser-a-votre-medecin\/\" target=\"_blank\" rel=\"noopener noreferrer\">Questions \u00e0 poser \u00e0 votre m\u00e9decin<\/a><\/strong><\/h4>\n<\/li>\n<li>\n<h4><strong><a href=\"https:\/\/www.cancerdurein.ca\/patients-plus-aidants\/gestion-des-effets-secondaires\/\" target=\"_blank\" rel=\"noopener noreferrer\">Gestion des effets secondaires<\/a><\/strong><\/h4>\n<\/li>\n<li>\n<h4><strong><a href=\"https:\/\/www.cancerdurein.ca\/documentations-pour-les-patients-et-les-professionnels-de-la-sante\/documentations-pour-les-patients-et-les-aidants\/\" target=\"_blank\" rel=\"noopener noreferrer\">Guides de Cancer du rein Canada<\/a><\/strong><\/h4>\n<\/li>\n<\/ul>\n<p>&nbsp;<\/p>\n<h3><strong>Soci\u00e9t\u00e9 canadienne du cancer<\/strong><\/h3>\n<ul>\n<li>\n<h4><strong><a href=\"https:\/\/www.cancer.ca\/fr-ca\/cancer-information\/cancer-type\/kidney\/kidney-cancer\/?region=qc\" target=\"_blank\" rel=\"noopener noreferrer\">Qu\u2019est-ce que le cancer du rein?<\/a><\/strong><\/h4>\n<\/li>\n<li>\n<h4><strong><a href=\"https:\/\/www.cancer.ca\/fr-ca\/cancer-information\/cancer-type\/kidney\/risks\/?region=qc\" target=\"_blank\" rel=\"noopener noreferrer\">Facteurs de risque du cancer du rein<\/a><\/strong><\/h4>\n<\/li>\n<li>\n<h4><strong><a href=\"https:\/\/www.cancer.ca\/fr-ca\/cancer-information\/cancer-type\/kidney\/finding-cancer-early\/?region=qc\" target=\"_blank\" rel=\"noopener noreferrer\">Trouver le cancer du rein \u00e0 ses d\u00e9buts<\/a><\/strong><\/h4>\n<\/li>\n<li>\n<h4><strong><a href=\"https:\/\/www.cancer.ca\/fr-ca\/cancer-information\/cancer-type\/kidney\/signs-and-symptoms\/?region=qc\" target=\"_blank\" rel=\"noopener noreferrer\">Sympt\u00f4mes du cancer du rein<\/a><\/strong><\/h4>\n<\/li>\n<li>\n<h4><strong><a href=\"https:\/\/www.cancer.ca\/fr-ca\/cancer-information\/cancer-type\/kidney\/diagnosis\/?region=qc\" target=\"_blank\" rel=\"noopener noreferrer\">Diagnostic du cancer du rein<\/a><\/strong><\/h4>\n<\/li>\n<li>\n<h4><strong><a href=\"https:\/\/www.cancer.ca\/fr-ca\/cancer-information\/cancer-type\/kidney\/grading\/?region=qc\" target=\"_blank\" rel=\"noopener noreferrer\">Grades du cancer du rein<\/a><\/strong><\/h4>\n<\/li>\n<li>\n<h4><strong><a href=\"https:\/\/www.cancer.ca\/fr-ca\/cancer-information\/cancer-type\/kidney\/staging\/?region=qc\" target=\"_blank\" rel=\"noopener noreferrer\">Stades du cancer du rein<\/a><\/strong><\/h4>\n<\/li>\n<li>\n<h4><strong><a href=\"https:\/\/www.cancer.ca\/fr-ca\/cancer-information\/cancer-type\/kidney\/if-cancer-spreads\/?region=qc\" target=\"_blank\" rel=\"noopener noreferrer\">Si le cancer du rein se propage<\/a><\/strong><\/h4>\n<\/li>\n<li>\n<h4><strong><a href=\"https:\/\/www.cancer.ca\/fr-ca\/cancer-information\/cancer-type\/kidney\/prognosis-and-survival\/?region=qc\" target=\"_blank\" rel=\"noopener noreferrer\">Pronostic et survie pour le cancer du rein<\/a><\/strong><\/h4>\n<\/li>\n<li>\n<h4><strong><a href=\"https:\/\/www.cancer.ca\/fr-ca\/cancer-information\/cancer-type\/kidney\/treatment\/?region=qc\" target=\"_blank\" rel=\"noopener noreferrer\">Traitements du cancer du rein<\/a><\/strong><\/h4>\n<\/li>\n<li>\n<h4><strong><a href=\"https:\/\/www.cancer.ca\/fr-ca\/cancer-information\/cancer-type\/kidney\/supportive-care\/?region=qc\" target=\"_blank\" rel=\"noopener noreferrer\">Soins de soutien pour le cancer du rein<\/a><\/strong><\/h4>\n<\/li>\n<li>\n<h4><strong><a href=\"https:\/\/www.cancer.ca\/fr-ca\/cancer-information\/cancer-type\/kidney\/research\/?region=qc\" target=\"_blank\" rel=\"noopener noreferrer\">Recherche sur le cancer du rein<\/a><\/strong><\/h4>\n<\/li>\n<li>\n<h4><strong><a href=\"https:\/\/www.cancer.ca\/fr-ca\/cancer-information\/cancer-type\/kidney\/statistics\/?region=qc\" target=\"_blank\" rel=\"noopener noreferrer\">Statistiques sur le cancer du rein<\/a><\/strong><\/h4>\n<\/li>\n<li>\n<h4><strong><a id=\"pagecontent_0_ctl01_ctl00_18_TitleLink_18\" href=\"https:\/\/cdn.cancer.ca\/-\/media\/files\/cancer-information\/resources\/publications\/early-stage-kidney-cancer\/early-stage-kidney-cancer-fr.pdf?rev=a9ef2ec9d49641acb3b2132f5c2567a9&amp;hash=244C0585AAC5025753518F1673D6CB4F&amp;_ga=2.43139559.398326846.1644512279-359541453.1642085334\" target=\"_blank\" rel=\"noopener noreferrer\">Cancer du rein de stade pr\u00e9coce<\/a><\/strong>\u00a0 (livret)<\/h4>\n<\/li>\n<li>\n<h4><strong><a href=\"https:\/\/cdn.cancer.ca\/-\/media\/files\/cancer-information\/resources\/publications\/kidney-cancer\/32052-kidney-cancer-uyd-fr.pdf?rev=6636c50e040c4cbbab1123b4a3a4afb5&amp;hash=1068056CB3EF62DB177807013F337954&amp;_ga=2.107744448.398326846.1644512279-359541453.1642085334\">Cancer du rein : Comprendre le diagnostic<\/a> (livret)<\/strong><\/h4>\n<\/li>\n<li>\n<h4><strong><a href=\"https:\/\/www.cancer.ca\/fr-ca\/cancer-information\/cancer-type\/renal-pelvis-and-ureter\/renal-pelvis-and-ureter-cancer\/?region=qc\" target=\"_blank\" rel=\"noopener noreferrer\">Cancers du bassinet du rein et de l&rsquo;uret\u00e8re<\/a><\/strong><\/h4>\n<\/li>\n<\/ul>\n<h4><\/h4>\n","protected":false},"excerpt":{"rendered":"<p>Ressources \u2013 Canada &nbsp; Association des Urologues du Canada Calculs r\u00e9naux Colique n\u00e9phr\u00e9tique L&rsquo;ur\u00e9t\u00e9roscopie Les tumeurs r\u00e9nales Mise en place de sonde ur\u00e9t\u00e9rale &#8211; Instructions apr\u00e8s l&rsquo;intervention N\u00e9phrolithotomie percutan\u00e9e Obstruction [&hellip;]<\/p>\n","protected":false},"author":2,"featured_media":0,"parent":0,"menu_order":0,"comment_status":"closed","ping_status":"closed","template":"","meta":{"footnotes":""},"class_list":["post-6017","page","type-page","status-publish","hentry"],"_links":{"self":[{"href":"https:\/\/cansupport.ca\/fr\/wp-json\/wp\/v2\/pages\/6017","targetHints":{"allow":["GET"]}}],"collection":[{"href":"https:\/\/cansupport.ca\/fr\/wp-json\/wp\/v2\/pages"}],"about":[{"href":"https:\/\/cansupport.ca\/fr\/wp-json\/wp\/v2\/types\/page"}],"author":[{"embeddable":true,"href":"https:\/\/cansupport.ca\/fr\/wp-json\/wp\/v2\/users\/2"}],"replies":[{"embeddable":true,"href":"https:\/\/cansupport.ca\/fr\/wp-json\/wp\/v2\/comments?post=6017"}],"version-history":[{"count":1,"href":"https:\/\/cansupport.ca\/fr\/wp-json\/wp\/v2\/pages\/6017\/revisions"}],"predecessor-version":[{"id":6018,"href":"https:\/\/cansupport.ca\/fr\/wp-json\/wp\/v2\/pages\/6017\/revisions\/6018"}],"wp:attachment":[{"href":"https:\/\/cansupport.ca\/fr\/wp-json\/wp\/v2\/media?parent=6017"}],"curies":[{"name":"wp","href":"https:\/\/api.w.org\/{rel}","templated":true}]}}