{"id":6012,"date":"2020-05-27T14:20:19","date_gmt":"2020-05-27T18:20:19","guid":{"rendered":"https:\/\/cansupport.ca\/prostate-cancer\/"},"modified":"2022-02-21T15:59:51","modified_gmt":"2022-02-21T20:59:51","slug":"cancer-de-la-prostate","status":"publish","type":"page","link":"https:\/\/cansupport.ca\/fr\/cancer-de-la-prostate\/","title":{"rendered":"Cancer de la prostate"},"content":{"rendered":"<h3><strong>Office d\u2019\u00e9ducation des patients du CUSM<\/strong><\/h3>\n<ul>\n<li>\n<h4><strong><a title=\"Le lien s'ouvrira dans une nouvelle fen\u00eatre\" href=\"https:\/\/educationdespatientscusm.ca\/guides-sur-le-cancer\/trouver-un-cancer\/cancer-de-la-prostate.html?parentID=300&amp;sectionID=340\" target=\"_blank\" rel=\"noopener noreferrer\">Guides sur le cancer de la prostate<\/a><\/strong><\/h4>\n<\/li>\n<li>\n<h4><strong><a href=\"http:\/\/muhcguides.com\/module\/prostate\" target=\"_blank\" rel=\"noopener noreferrer\">Module &#8211; Cancer de la prostate<\/a><\/strong><\/h4>\n<\/li>\n<li>\n<h4 class=\"conteneurLienGuide\"><strong><a class=\"nomGuide\" title=\"Prostate_Surgery_Booklet_RVH_5Oct2016FNL_fr\" href=\"https:\/\/educationdespatientscusm.ca\/DATA\/GUIDE\/617_fr~v~chirurgie-de-la-prostate-site-glen.pdf\" target=\"_blank\" rel=\"noopener noreferrer\">Chirurgie de la prostate- site Glen<\/a><\/strong><\/h4>\n<\/li>\n<li>\n<h4 class=\"conteneurLienGuide\"><strong><a class=\"nomGuide\" href=\"http:\/\/muhcguides.com\/module\/kegels-male\">Module &#8211; Exercices de Kegel pour hommes<\/a><\/strong><\/h4>\n<\/li>\n<li>\n<h4><strong><a class=\"nomGuide\" title=\"Prostate_Radio_Guidelines_GLEN_20June2016_fr\" href=\"https:\/\/educationdespatientscusm.ca\/DATA\/GUIDE\/299_fr~v~guide-du-traitement-de-radiotherapie-de-la-prostate.pdf\" target=\"_blank\" rel=\"noopener noreferrer\">Guide du traitement de radioth\u00e9rapie de la prostate<\/a><\/strong><\/h4>\n<\/li>\n<\/ul>\n<p>&nbsp;<\/p>\n<h3><strong>Soci\u00e9t\u00e9 canadienne du cancer<\/strong><\/h3>\n<ul>\n<li>\n<h4><strong><a title=\"Le lien s'ouvrira dans une nouvelle fen\u00eatre\" href=\"http:\/\/www.cancer.ca\/fr-ca\/cancer-information\/cancer-type\/prostate\/prostate-cancer\/?region=qc\" target=\"_blank\" rel=\"noopener noreferrer\">Qu\u2019est-ce que le cancer de la prostate?<\/a><\/strong><\/h4>\n<\/li>\n<li>\n<h4><strong><a title=\"Le lien s'ouvrira dans une nouvelle fen\u00eatre\" href=\"http:\/\/www.cancer.ca\/fr-ca\/cancer-information\/cancer-type\/prostate\/risks\/?region=qc\" target=\"_blank\" rel=\"noopener noreferrer\">Facteurs de risque du cancer de la prostate<\/a><\/strong><\/h4>\n<\/li>\n<li>\n<h4><strong><a title=\"Le lien s'ouvrira dans une nouvelle fen\u00eatre\" href=\"http:\/\/www.cancer.ca\/fr-ca\/cancer-information\/cancer-type\/prostate\/finding-cancer-early\/?region=qc\" target=\"_blank\" rel=\"noopener noreferrer\">Trouver le cancer de la prostate \u00e0 ses d\u00e9buts<\/a><\/strong><\/h4>\n<\/li>\n<li>\n<h4><strong><a title=\"Le lien s'ouvrira dans une nouvelle fen\u00eatre\" href=\"http:\/\/www.cancer.ca\/fr-ca\/cancer-information\/cancer-type\/prostate\/signs-and-symptoms\/?region=qc\" target=\"_blank\" rel=\"noopener noreferrer\">Sympt\u00f4mes du cancer de la prostate<\/a><\/strong><\/h4>\n<\/li>\n<li>\n<h4><strong><a title=\"Le lien s'ouvrira dans une nouvelle fen\u00eatre\" href=\"http:\/\/www.cancer.ca\/fr-ca\/cancer-information\/cancer-type\/prostate\/diagnosis\/?region=qc\" target=\"_blank\" rel=\"noopener noreferrer\">Diagnostic du cancer de la prostate<\/a><\/strong><\/h4>\n<\/li>\n<li>\n<h4><strong><a title=\"Le lien s'ouvrira dans une nouvelle fen\u00eatre\" href=\"http:\/\/www.cancer.ca\/fr-ca\/cancer-information\/cancer-type\/prostate\/grading\/?region=qc\" target=\"_blank\" rel=\"noopener noreferrer\">Classification histologique du cancer de la prostate<\/a><\/strong><\/h4>\n<\/li>\n<li>\n<h4><strong><a title=\"Le lien s'ouvrira dans une nouvelle fen\u00eatre\" href=\"http:\/\/www.cancer.ca\/fr-ca\/cancer-information\/cancer-type\/prostate\/staging\/?region=qc\" target=\"_blank\" rel=\"noopener noreferrer\">Stades du cancer de la prostate<\/a><\/strong><\/h4>\n<\/li>\n<li>\n<h4><strong><a title=\"Le lien s'ouvrira dans une nouvelle fen\u00eatre\" href=\"http:\/\/www.cancer.ca\/fr-ca\/cancer-information\/cancer-type\/prostate\/if-cancer-spreads\/?region=qc\" target=\"_blank\" rel=\"noopener noreferrer\">Si le cancer de la prostate se propage<\/a><\/strong><\/h4>\n<\/li>\n<li>\n<h4><strong><a title=\"Le lien s'ouvrira dans une nouvelle fen\u00eatre\" href=\"http:\/\/www.cancer.ca\/fr-ca\/cancer-information\/cancer-type\/prostate\/prognosis-and-survival\/?region=qc\" target=\"_blank\" rel=\"noopener noreferrer\">Pronostic et survie pour le cancer de la prostate<\/a><\/strong><\/h4>\n<\/li>\n<li>\n<h4><strong><a title=\"Le lien s'ouvrira dans une nouvelle fen\u00eatre\" href=\"http:\/\/www.cancer.ca\/fr-ca\/cancer-information\/cancer-type\/prostate\/treatment\/?region=qc\" target=\"_blank\" rel=\"noopener noreferrer\">Traitement du cancer de la prostate<\/a><\/strong><\/h4>\n<\/li>\n<li>\n<h4><strong><a title=\"Le lien s'ouvrira dans une nouvelle fen\u00eatre\" href=\"http:\/\/www.cancer.ca\/fr-ca\/cancer-information\/cancer-type\/prostate\/supportive-care\/?region=qc\" target=\"_blank\" rel=\"noopener noreferrer\">Soins de soutien pour le cancer de la prostate<\/a><\/strong><\/h4>\n<\/li>\n<li>\n<h4><strong><a title=\"Le lien s'ouvrira dans une nouvelle fen\u00eatre\" href=\"http:\/\/www.cancer.ca\/fr-ca\/cancer-information\/cancer-type\/prostate\/research\/?region=qc\" target=\"_blank\" rel=\"noopener noreferrer\">Recherche sur le cancer de la prostate<\/a><\/strong><\/h4>\n<\/li>\n<li>\n<h4><strong><a href=\"https:\/\/www.cancer.ca\/fr-ca\/cancer-information\/cancer-type\/prostate\/statistics\/?region=qc\" target=\"_blank\" rel=\"noopener noreferrer\">Statistiques sur le cancer de la prostate<\/a><\/strong><\/h4>\n<\/li>\n<li>\n<h4><a href=\"https:\/\/cdn.cancer.ca\/-\/media\/files\/cancer-information\/resources\/publications\/prostate-cancer-uyd\/32068-prostate-uyd-fr.pdf?rev=88d9e1a0dd1743cabf19e88de8eff652&amp;hash=0BF3C20BB8220C0EDE8CFA3186C0D20C&amp;_ga=2.106049089.398326846.1644512279-359541453.1642085334\" target=\"_blank\" rel=\"noopener noreferrer\"><strong>Cancer de la prostate : Comprendre le diagnostic<\/strong><\/a><\/h4>\n<\/li>\n<li>\n<h4><strong><a href=\"https:\/\/cancer.ca\/fr\/cancer-information\/resources\/publications?tags=665435309d364c4cb211a8b457f0af66\">Livrets sur le cancer de la prostate<\/a><\/strong><\/h4>\n<\/li>\n<\/ul>\n<p>&nbsp;<\/p>\n<h3><strong>Association des urologues du Canada<\/strong><\/h3>\n<ul>\n<li>\n<h4><strong><a title=\"Le lien s'ouvrira dans une nouvelle fen\u00eatre\" href=\"https:\/\/www.cua.org\/sites\/default\/files\/Flipbooks\/Additional-Patient-Resources\/le_cancer_de_la_prostate_reeimpression_epdf\/mobile\/index.html\" target=\"_blank\" rel=\"noopener noreferrer\">Livre num\u00e9rique : 5e \u00c9dition Le cancer de la prostate. Comprendre la maladie et ses traitements par Fred Saad et Michael McCormack<\/a><\/strong><\/h4>\n<\/li>\n<li>\n<h4><strong><a href=\"https:\/\/www.cua.org\/sites\/default\/files\/Flipbooks\/PIB\/PIB52_fr\" target=\"_blank\" rel=\"noopener noreferrer\">Antig\u00e8ne prostatic sp\u00e9cique<\/a><\/strong><\/h4>\n<\/li>\n<li>\n<h4><strong><i class=\"icon-pdf-icon\"><\/i><a href=\"https:\/\/www.cua.org\/sites\/default\/files\/Flipbooks\/PIB\/PIB56_fr\" target=\"_blank\" rel=\"noopener noreferrer\">Emploi des I5AR contre l&rsquo;HBP et pour prevenir le cancer de la prostate<\/a><\/strong><\/h4>\n<\/li>\n<li>\n<h4><strong><i class=\"icon-pdf-icon\"><\/i><a href=\"https:\/\/www.cua.org\/sites\/default\/files\/Flipbooks\/PIB\/PIB26_fr\" target=\"_blank\" rel=\"noopener noreferrer\">\u00c9chographie et biopsies de la prostate<\/a><\/strong><\/h4>\n<\/li>\n<li>\n<h4><strong><i class=\"icon-pdf-icon\"><\/i><a href=\"https:\/\/www.cua.org\/sites\/default\/files\/Flipbooks\/PIB\/PIB54_fr\" target=\"_blank\" rel=\"noopener noreferrer\">Hypertrophie b\u00e9nigne de la prostate<\/a><\/strong><\/h4>\n<\/li>\n<li>\n<h4><strong><i class=\"icon-pdf-icon\"><\/i><a href=\"https:\/\/www.cua.org\/sites\/default\/files\/Flipbooks\/PIB\/PIB51_Prostate%20Cancer%20Prevention_FR\/index.html\" target=\"_blank\" rel=\"noopener noreferrer\">Pr\u00e9vention du cancer de la prostate<\/a><\/strong><\/h4>\n<\/li>\n<li>\n<h4><strong><i class=\"icon-pdf-icon\"><\/i><a href=\"https:\/\/www.cua.org\/sites\/default\/files\/Flipbooks\/PIB\/PIB28_fr\" target=\"_blank\" rel=\"noopener noreferrer\">Prostatectomie radicale<\/a><\/strong><\/h4>\n<\/li>\n<li>\n<h4><strong><i class=\"icon-pdf-icon\"><\/i><a href=\"https:\/\/www.cua.org\/sites\/default\/files\/Flipbooks\/PIB\/PIB29_fr\" target=\"_blank\" rel=\"noopener noreferrer\">Prostatectomie radicale &#8211; Instructions apr\u00e8s l&rsquo;intervention<\/a><\/strong><\/h4>\n<\/li>\n<li>\n<h4><strong><i class=\"icon-pdf-icon\"><\/i><a href=\"https:\/\/www.cua.org\/sites\/default\/files\/Flipbooks\/PIB\/PIB55_fr\" target=\"_blank\" rel=\"noopener noreferrer\">Prostatite<\/a><\/strong><\/h4>\n<\/li>\n<li>\n<h4><strong><i class=\"icon-pdf-icon\"><\/i><a href=\"https:\/\/www.cua.org\/sites\/default\/files\/Flipbooks\/PIB\/PIB27_fr\" target=\"_blank\" rel=\"noopener noreferrer\">Radioth\u00e9rapie<\/a><\/strong><\/h4>\n<\/li>\n<li>\n<h4><strong><i class=\"icon-pdf-icon\"><\/i><a href=\"https:\/\/www.cua.org\/sites\/default\/files\/Flipbooks\/PIB\/PIB30_fr\" target=\"_blank\" rel=\"noopener noreferrer\">R\u00e9section transur\u00e9trale de la prostate<\/a><\/strong><\/h4>\n<\/li>\n<li>\n<h4><strong><i class=\"icon-pdf-icon\"><\/i><a href=\"https:\/\/www.cua.org\/sites\/default\/files\/Flipbooks\/PIB\/PIB31_fr\" target=\"_blank\" rel=\"noopener noreferrer\">R\u00e9section transur\u00e9trale de la prostate &#8211; Instructions apr\u00e8s l&rsquo;intervention<\/a><\/strong><\/h4>\n<\/li>\n<li>\n<h4><strong><i class=\"icon-pdf-icon\"><\/i><a href=\"https:\/\/www.cua.org\/sites\/default\/files\/Flipbooks\/PIB\/PIB53_fr\" target=\"_blank\" rel=\"noopener noreferrer\">Surveillance active pour le cancer de la prostate<\/a><\/strong><\/h4>\n<\/li>\n<li>\n<h4><strong><i class=\"icon-pdf-icon\"><\/i><a href=\"https:\/\/www.cua.org\/sites\/default\/files\/Flipbooks\/PIB\/PIB25_fr\" target=\"_blank\" rel=\"noopener noreferrer\">Th\u00e9rapie hormonale pour le cancer de la prostate<\/a><\/strong><\/h4>\n<\/li>\n<li>\n<h4><strong><a href=\"https:\/\/www.cua.org\/sites\/default\/files\/Flipbooks\/PIB\/PIB32_fr\" target=\"_blank\" rel=\"noopener noreferrer\">Dysfonction \u00e9rectile &#8211; options de traitement<\/a><\/strong><\/h4>\n<\/li>\n<li>\n<h4><strong><i class=\"icon-pdf-icon\"><\/i><a href=\"https:\/\/www.cua.org\/sites\/default\/files\/Flipbooks\/PIB\/PIB33_fr\" target=\"_blank\" rel=\"noopener noreferrer\">Suppl\u00e9ment hormonal chez l\u2019homme<\/a><\/strong><\/h4>\n<\/li>\n<\/ul>\n<p>&nbsp;<\/p>\n<h3><strong>PROCURE<\/strong><\/h3>\n<ul>\n<li>\n<h4><strong><a title=\"Le lien s'ouvrira dans une nouvelle fen\u00eatre\" href=\"http:\/\/www.procure.ca\/cancer-de-la-prostate\/\" target=\"_blank\" rel=\"noopener noreferrer\">Cancer de la prostate<\/a><\/strong><\/h4>\n<\/li>\n<li>\n<h4><strong><a title=\"Le lien s'ouvrira dans une nouvelle fen\u00eatre\" href=\"http:\/\/www.procure.ca\/vivre-avec-le-cancer\/\" target=\"_blank\" rel=\"noopener noreferrer\">Vivre avec le cancer<\/a><\/strong><\/h4>\n<\/li>\n<li>\n<h4><strong><a href=\"https:\/\/www.procure.ca\/coronavirus\/\" target=\"_blank\" rel=\"noopener noreferrer\">COVID-19 (Coronavirus) et le cancer de la prostate<\/a><\/strong><\/h4>\n<\/li>\n<li><strong><a href=\"https:\/\/www.procure.ca\/cancer-de-la-prostate\/glossaire-et-publications\/publications\/\" target=\"_blank\" rel=\"noopener noreferrer\">Publications de PROCURE<\/a><\/strong><\/li>\n<\/ul>\n<h4><\/h4>\n<p>&nbsp;<\/p>\n<h3><strong>Manuel Merck \u2014 Version pour le grand public<\/strong><\/h3>\n<ul>\n<li>\n<h4><strong><a title=\"Le lien s'ouvrira dans une nouvelle fen\u00eatre\" href=\"https:\/\/www.merckmanuals.com\/fr-ca\/accueil\/troubles-r%C3%A9naux-et-des-voies-urinaires\/cancers-du-rein-et-des-voies-g%C3%A9nitales-et-urinaires\/cancer-de-la-prostate\" target=\"_blank\" rel=\"noopener noreferrer\">Cancer de la prostate<\/a><\/strong><\/h4>\n<\/li>\n<\/ul>\n","protected":false},"excerpt":{"rendered":"<p>Office d\u2019\u00e9ducation des patients du CUSM Guides sur le cancer de la prostate Module &#8211; Cancer de la prostate Chirurgie de la prostate- site Glen Module &#8211; Exercices de Kegel [&hellip;]<\/p>\n","protected":false},"author":2,"featured_media":0,"parent":0,"menu_order":0,"comment_status":"closed","ping_status":"closed","template":"","meta":{"footnotes":""},"class_list":["post-6012","page","type-page","status-publish","hentry"],"_links":{"self":[{"href":"https:\/\/cansupport.ca\/fr\/wp-json\/wp\/v2\/pages\/6012","targetHints":{"allow":["GET"]}}],"collection":[{"href":"https:\/\/cansupport.ca\/fr\/wp-json\/wp\/v2\/pages"}],"about":[{"href":"https:\/\/cansupport.ca\/fr\/wp-json\/wp\/v2\/types\/page"}],"author":[{"embeddable":true,"href":"https:\/\/cansupport.ca\/fr\/wp-json\/wp\/v2\/users\/2"}],"replies":[{"embeddable":true,"href":"https:\/\/cansupport.ca\/fr\/wp-json\/wp\/v2\/comments?post=6012"}],"version-history":[{"count":1,"href":"https:\/\/cansupport.ca\/fr\/wp-json\/wp\/v2\/pages\/6012\/revisions"}],"predecessor-version":[{"id":6013,"href":"https:\/\/cansupport.ca\/fr\/wp-json\/wp\/v2\/pages\/6012\/revisions\/6013"}],"wp:attachment":[{"href":"https:\/\/cansupport.ca\/fr\/wp-json\/wp\/v2\/media?parent=6012"}],"curies":[{"name":"wp","href":"https:\/\/api.w.org\/{rel}","templated":true}]}}