{"id":6010,"date":"2020-05-15T13:32:37","date_gmt":"2020-05-15T17:32:37","guid":{"rendered":"https:\/\/cansupport.ca\/caregivers\/"},"modified":"2022-02-21T15:58:08","modified_gmt":"2022-02-21T20:58:08","slug":"proches-aidants","status":"publish","type":"page","link":"https:\/\/cansupport.ca\/fr\/proches-aidants\/","title":{"rendered":"Proches aidants"},"content":{"rendered":"<h3><\/h3>\n<h3><strong>Ressources \u2013 Qu\u00e9bec<\/strong><\/h3>\n<h3><\/h3>\n<p>&nbsp;<\/p>\n<h3><strong>Biblio-Sant\u00e9<\/strong><\/h3>\n<ul>\n<li>\n<h4><a href=\"https:\/\/bibliosante.ca\/fr\/information_sante\/proches-aidants.php\"><strong>Proches aidants (livret)<\/strong><\/a><\/h4>\n<\/li>\n<\/ul>\n<h3><\/h3>\n<h3><\/h3>\n<p>&nbsp;<\/p>\n<h3><strong>Fondation qu\u00e9b\u00e9coise du cancer<\/strong><\/h3>\n<ul>\n<li>\n<h4><a href=\"https:\/\/fqc.qc.ca\/fr\/information\/etre-un-proche-aidant\" target=\"_blank\" rel=\"noopener noreferrer\"><strong>\u00catre un proche aidant<\/strong><\/a><\/h4>\n<\/li>\n<li>\n<h4><strong><a href=\"https:\/\/fqc.qc.ca\/fr\/information\/etre-un-proche-aidant\/programme-de-soutien-pour-les-jeunes-adultes-atteints-de-cancer\" target=\"_blank\" rel=\"noopener noreferrer\">Soutenir un jeune adulte atteint de cancer<\/a><\/strong><\/h4>\n<\/li>\n<\/ul>\n<h4><\/h4>\n<p>&nbsp;<\/p>\n<h3><strong>Ressources \u2013 Canada<\/strong><\/h3>\n<p>&nbsp;<\/p>\n<h3><strong>Soci\u00e9t\u00e9 canadienne du cancer<\/strong><\/h3>\n<ul>\n<li>\n<h4><strong><a href=\"https:\/\/www.cancer.ca\/fr-ca\/cancer-information\/living-with-cancer\/caregiving\/?region=qc\" target=\"_blank\" rel=\"noopener noreferrer\">Proches aidants<\/a><\/strong><\/h4>\n<\/li>\n<li>\n<h4><strong><a href=\"https:\/\/www.cancer.ca\/fr-ca\/cancer-information\/living-with-cancer\/caregiving\/what-caregivers-do\/?region=qc\" target=\"_blank\" rel=\"noopener noreferrer\">T\u00e2ches des proches aidants<\/a><\/strong><\/h4>\n<\/li>\n<li>\n<h4><strong><a href=\"https:\/\/www.cancer.ca\/fr-ca\/cancer-information\/living-with-cancer\/caregiving\/taking-care-of-yourself\/?region=qc\" target=\"_blank\" rel=\"noopener noreferrer\">Prendre soin de vous<\/a><\/strong><\/h4>\n<\/li>\n<li>\n<h4><strong><a href=\"https:\/\/www.cancer.ca\/fr-ca\/cancer-information\/living-with-cancer\/caregiving\/life-after-caregiving\/?region=qc\" target=\"_blank\" rel=\"noopener noreferrer\">La vie apr\u00e8s avoir \u00e9t\u00e9 un proche aidant<\/a><\/strong><\/h4>\n<\/li>\n<li>\n<h4><strong><a href=\"https:\/\/www.cancer.ca\/fr-ca\/cancer-information\/living-with-cancer\/helping-someone-with-cancer\/?region=qc\" target=\"_blank\" rel=\"noopener noreferrer\">Comment vous pouvez aider une personne atteinte de cancer<\/a><\/strong><\/h4>\n<\/li>\n<li>\n<h4><strong><a id=\"pagecontent_0_ctl01_ctl00_26_TitleLink_26\" href=\"https:\/\/cdn.cancer.ca\/-\/media\/files\/cancer-information\/resources\/publications\/listen-first\/32100-listen-first-fr.pdf?rev=6dc52b92c0234bd391a3ae6964c5fdf9&amp;hash=D56DF7FB37B09590067BA16AA8374E45&amp;_ga=2.214995351.1057318771.1643912076-359541453.1642085334\" target=\"_blank\" rel=\"noopener noreferrer\">\u00c9coutez avant tout : Et 9 autres fa\u00e7ons de soutenir une personne atteinte de cancer<\/a><\/strong><\/h4>\n<\/li>\n<\/ul>\n<p>&nbsp;<\/p>\n","protected":false},"excerpt":{"rendered":"<p>Ressources \u2013 Qu\u00e9bec &nbsp; Biblio-Sant\u00e9 Proches aidants (livret) &nbsp; Fondation qu\u00e9b\u00e9coise du cancer \u00catre un proche aidant Soutenir un jeune adulte atteint de cancer &nbsp; Ressources \u2013 Canada &nbsp; Soci\u00e9t\u00e9 [&hellip;]<\/p>\n","protected":false},"author":2,"featured_media":0,"parent":0,"menu_order":0,"comment_status":"closed","ping_status":"closed","template":"","meta":{"footnotes":""},"class_list":["post-6010","page","type-page","status-publish","hentry"],"_links":{"self":[{"href":"https:\/\/cansupport.ca\/fr\/wp-json\/wp\/v2\/pages\/6010","targetHints":{"allow":["GET"]}}],"collection":[{"href":"https:\/\/cansupport.ca\/fr\/wp-json\/wp\/v2\/pages"}],"about":[{"href":"https:\/\/cansupport.ca\/fr\/wp-json\/wp\/v2\/types\/page"}],"author":[{"embeddable":true,"href":"https:\/\/cansupport.ca\/fr\/wp-json\/wp\/v2\/users\/2"}],"replies":[{"embeddable":true,"href":"https:\/\/cansupport.ca\/fr\/wp-json\/wp\/v2\/comments?post=6010"}],"version-history":[{"count":1,"href":"https:\/\/cansupport.ca\/fr\/wp-json\/wp\/v2\/pages\/6010\/revisions"}],"predecessor-version":[{"id":6011,"href":"https:\/\/cansupport.ca\/fr\/wp-json\/wp\/v2\/pages\/6010\/revisions\/6011"}],"wp:attachment":[{"href":"https:\/\/cansupport.ca\/fr\/wp-json\/wp\/v2\/media?parent=6010"}],"curies":[{"name":"wp","href":"https:\/\/api.w.org\/{rel}","templated":true}]}}