{"id":6006,"date":"2020-05-28T14:01:35","date_gmt":"2020-05-28T18:01:35","guid":{"rendered":"https:\/\/cansupport.ca\/penile-cancer\/"},"modified":"2022-02-21T15:55:07","modified_gmt":"2022-02-21T20:55:07","slug":"cancer-du-penis","status":"publish","type":"page","link":"https:\/\/cansupport.ca\/fr\/cancer-du-penis\/","title":{"rendered":"Cancer du p\u00e9nis"},"content":{"rendered":"<h3><strong>Ressources \u2013 Canada<\/strong><\/h3>\n<h3><\/h3>\n<h3><\/h3>\n<h3><strong>Soci\u00e9t\u00e9 canadienne du cancer<\/strong><\/h3>\n<ul>\n<li>\n<h4><strong><a class=\"active\" href=\"https:\/\/www.cancer.ca\/fr-ca\/cancer-information\/cancer-type\/penile\/penile-cancer\/?region=qc\">Cancer du p\u00e9nis<\/a><\/strong><\/h4>\n<ul>\n<li>\n<h4><strong><a href=\"https:\/\/www.cancer.ca\/fr-ca\/cancer-information\/cancer-type\/penile\/penile-cancer\/cancerous-tumours\/?region=qc\">Tumeurs canc\u00e9reuses<\/a><\/strong><\/h4>\n<\/li>\n<li>\n<h4><strong><a href=\"https:\/\/www.cancer.ca\/fr-ca\/cancer-information\/cancer-type\/penile\/penile-cancer\/precancerous-conditions\/?region=qc\">\u00c9tats pr\u00e9canc\u00e9reux<\/a><\/strong><\/h4>\n<\/li>\n<li>\n<h4><strong><a href=\"https:\/\/www.cancer.ca\/fr-ca\/cancer-information\/cancer-type\/penile\/penile-cancer\/non-cancerous-conditions\/?region=qc\">Affections non canc\u00e9reuses<\/a><\/strong><\/h4>\n<\/li>\n<\/ul>\n<\/li>\n<li>\n<h4><strong><a href=\"https:\/\/www.cancer.ca\/fr-ca\/cancer-information\/cancer-type\/penile\/risks\/?region=qc\">Risques<\/a><\/strong><\/h4>\n<\/li>\n<li>\n<h4><strong><a href=\"https:\/\/www.cancer.ca\/fr-ca\/cancer-information\/cancer-type\/penile\/signs-and-symptoms\/?region=qc\">Signes et sympt\u00f4mes<\/a><\/strong><\/h4>\n<\/li>\n<li>\n<h4><strong><a href=\"https:\/\/www.cancer.ca\/fr-ca\/cancer-information\/cancer-type\/penile\/diagnosis\/?region=qc\">Diagnostic<\/a><\/strong><\/h4>\n<\/li>\n<li>\n<h4><strong><a href=\"https:\/\/www.cancer.ca\/fr-ca\/cancer-information\/cancer-type\/penile\/grading\/?region=qc\">Classification histologique<\/a><\/strong><\/h4>\n<\/li>\n<li>\n<h4><strong><a href=\"https:\/\/www.cancer.ca\/fr-ca\/cancer-information\/cancer-type\/penile\/staging\/?region=qc\">Stadification<\/a><\/strong><\/h4>\n<\/li>\n<li>\n<h4><strong><a href=\"https:\/\/www.cancer.ca\/fr-ca\/cancer-information\/cancer-type\/penile\/if-cancer-spreads\/?region=qc\">Si le cancer se propage<\/a><\/strong><\/h4>\n<\/li>\n<li>\n<h4><strong><a href=\"https:\/\/www.cancer.ca\/fr-ca\/cancer-information\/cancer-type\/penile\/prognosis-and-survival\/?region=qc\">Pronostic et survie<\/a><\/strong><\/h4>\n<\/li>\n<li>\n<h4><strong><a href=\"https:\/\/www.cancer.ca\/fr-ca\/cancer-information\/cancer-type\/penile\/treatment\/?region=qc\">Traitement<\/a><\/strong><\/h4>\n<ul>\n<li>\n<h4><strong><a href=\"https:\/\/www.cancer.ca\/fr-ca\/cancer-information\/cancer-type\/penile\/treatment\/stage-0\/?region=qc\">Stade 0<\/a><\/strong><\/h4>\n<\/li>\n<li>\n<h4><strong><a href=\"https:\/\/www.cancer.ca\/fr-ca\/cancer-information\/cancer-type\/penile\/treatment\/stage-1\/?region=qc\">Stade 1<\/a><\/strong><\/h4>\n<\/li>\n<li>\n<h4><strong><a href=\"https:\/\/www.cancer.ca\/fr-ca\/cancer-information\/cancer-type\/penile\/treatment\/stage-2\/?region=qc\">Stade 2<\/a><\/strong><\/h4>\n<\/li>\n<li>\n<h4><strong><a href=\"https:\/\/www.cancer.ca\/fr-ca\/cancer-information\/cancer-type\/penile\/treatment\/stage-3\/?region=qc\">Stade 3<\/a><\/strong><\/h4>\n<\/li>\n<li>\n<h4><strong><a href=\"https:\/\/www.cancer.ca\/fr-ca\/cancer-information\/cancer-type\/penile\/treatment\/stage-4\/?region=qc\">Stade 4<\/a><\/strong><\/h4>\n<\/li>\n<li>\n<h4><strong><a href=\"https:\/\/www.cancer.ca\/fr-ca\/cancer-information\/cancer-type\/penile\/treatment\/recurrent\/?region=qc\">R\u00e9cidive<\/a><\/strong><\/h4>\n<\/li>\n<li>\n<h4><strong><a href=\"https:\/\/www.cancer.ca\/fr-ca\/cancer-information\/cancer-type\/penile\/treatment\/surgery\/?region=qc\">Chirurgie<\/a><\/strong><\/h4>\n<\/li>\n<li>\n<h4><strong><a href=\"https:\/\/www.cancer.ca\/fr-ca\/cancer-information\/cancer-type\/penile\/treatment\/radiation-therapy\/?region=qc\">Radioth\u00e9rapie<\/a><\/strong><\/h4>\n<\/li>\n<li>\n<h4><strong><a href=\"https:\/\/www.cancer.ca\/fr-ca\/cancer-information\/cancer-type\/penile\/treatment\/drug-therapy\/?region=qc\">Traitement m\u00e9dicamenteux<\/a><\/strong><\/h4>\n<\/li>\n<li>\n<h4><strong><a href=\"https:\/\/www.cancer.ca\/fr-ca\/cancer-information\/cancer-type\/penile\/treatment\/follow-up\/?region=qc\">Suivi<\/a><\/strong><\/h4>\n<\/li>\n<\/ul>\n<\/li>\n<li>\n<h4><strong><a href=\"https:\/\/www.cancer.ca\/fr-ca\/cancer-information\/cancer-type\/penile\/supportive-care\/?region=qc\">Soins de soutien<\/a><\/strong><\/h4>\n<\/li>\n<li>\n<h4><strong><a href=\"https:\/\/www.cancer.ca\/fr-ca\/cancer-information\/cancer-type\/penile\/research\/?region=qc\">Recherche<\/a><\/strong><\/h4>\n<\/li>\n<li>\n<h4><strong><a href=\"https:\/\/www.cancer.ca\/fr-ca\/cancer-information\/cancer-type\/penile\/statistics\/?region=qc\">Statistiques<\/a><\/strong><\/h4>\n<\/li>\n<\/ul>\n<p>&nbsp;<\/p>\n<h3><\/h3>\n<h3><strong>Ressources \u2013 \u00c9tats-Unis<\/strong><\/h3>\n<h3><\/h3>\n<h3><\/h3>\n<h3><strong>Manuel Merck &#8211; Version pour le grand public<\/strong><\/h3>\n<ul>\n<li>\n<h4><strong><a href=\"https:\/\/www.merckmanuals.com\/fr-ca\/accueil\/troubles-r%c3%a9naux-et-des-voies-urinaires\/cancers-du-rein-et-des-voies-g%c3%a9nitales-et-urinaires\/cancer-du-p%c3%a9nis\" target=\"_blank\" rel=\"noopener noreferrer\">Cancer du p\u00e9nis<\/a><\/strong><\/h4>\n<\/li>\n<\/ul>\n","protected":false},"excerpt":{"rendered":"<p>Ressources \u2013 Canada Soci\u00e9t\u00e9 canadienne du cancer Cancer du p\u00e9nis Tumeurs canc\u00e9reuses \u00c9tats pr\u00e9canc\u00e9reux Affections non canc\u00e9reuses Risques Signes et sympt\u00f4mes Diagnostic Classification histologique Stadification Si le cancer se propage [&hellip;]<\/p>\n","protected":false},"author":2,"featured_media":0,"parent":0,"menu_order":0,"comment_status":"closed","ping_status":"closed","template":"","meta":{"footnotes":""},"class_list":["post-6006","page","type-page","status-publish","hentry"],"_links":{"self":[{"href":"https:\/\/cansupport.ca\/fr\/wp-json\/wp\/v2\/pages\/6006","targetHints":{"allow":["GET"]}}],"collection":[{"href":"https:\/\/cansupport.ca\/fr\/wp-json\/wp\/v2\/pages"}],"about":[{"href":"https:\/\/cansupport.ca\/fr\/wp-json\/wp\/v2\/types\/page"}],"author":[{"embeddable":true,"href":"https:\/\/cansupport.ca\/fr\/wp-json\/wp\/v2\/users\/2"}],"replies":[{"embeddable":true,"href":"https:\/\/cansupport.ca\/fr\/wp-json\/wp\/v2\/comments?post=6006"}],"version-history":[{"count":1,"href":"https:\/\/cansupport.ca\/fr\/wp-json\/wp\/v2\/pages\/6006\/revisions"}],"predecessor-version":[{"id":6007,"href":"https:\/\/cansupport.ca\/fr\/wp-json\/wp\/v2\/pages\/6006\/revisions\/6007"}],"wp:attachment":[{"href":"https:\/\/cansupport.ca\/fr\/wp-json\/wp\/v2\/media?parent=6006"}],"curies":[{"name":"wp","href":"https:\/\/api.w.org\/{rel}","templated":true}]}}