{"id":6004,"date":"2020-05-19T19:10:08","date_gmt":"2020-05-19T23:10:08","guid":{"rendered":"https:\/\/cansupport.ca\/talking-to-children-and-teenagers-about-cancer\/"},"modified":"2022-02-21T15:53:47","modified_gmt":"2022-02-21T20:53:47","slug":"parler-du-cancer-aux-enfants-et-aux-adolescents","status":"publish","type":"page","link":"https:\/\/cansupport.ca\/fr\/parler-du-cancer-aux-enfants-et-aux-adolescents\/","title":{"rendered":"Parler du cancer aux enfants et aux adolescents"},"content":{"rendered":"<h3><\/h3>\n<h3><strong>Ressources \u2013 Qu\u00e9bec<\/strong><\/h3>\n<h3><\/h3>\n<p>&nbsp;<\/p>\n<h3><strong>Centre Hospitalier de l\u2019Universit\u00e9 de Montr\u00e9al<\/strong><\/h3>\n<ul>\n<li>\n<h4><strong><a href=\"https:\/\/www.chumontreal.qc.ca\/sites\/default\/files\/2018-06\/301-1-parler-a-mon-enfant-et-laccompagner-apres-mon-diagnostic-de-cancer.pdf\">Comment parler \u00e0 mon enfant et l&rsquo;accompagner apr\u00e8s mon diagnostic de cancer<\/a><\/strong><\/h4>\n<\/li>\n<\/ul>\n<h3><\/h3>\n<p>&nbsp;<\/p>\n<h3><strong>Fondation qu\u00e9b\u00e9coise du cancer du sein<\/strong><\/h3>\n<ul>\n<li>\n<h4><strong><a href=\"https:\/\/rubanrose.org\/renseignements-pratiques\/diagnostic-enfants\" target=\"_blank\" rel=\"noopener noreferrer\">Annoncer son diagnostic \u00e0 ses enfants<\/a><\/strong><\/h4>\n<\/li>\n<\/ul>\n<h3><\/h3>\n<p>&nbsp;<\/p>\n<h3><strong>Ressources \u2013 Canada<\/strong><\/h3>\n<p>&nbsp;<\/p>\n<h3><strong>Portail canadien en soins palliatifs<\/strong><\/h3>\n<ul>\n<li>\n<h4><strong><a href=\"https:\/\/www.virtualhospice.ca\/fr_CA\/Main+Site+Navigation\/Home\/Topics\/Topics\/Communication\/Talking+with+Children+and+Youth.aspx\">Comment parler d\u2019une maladie grave \u00e0 un enfant ou \u00e0 un adolescent<\/a><\/strong><\/h4>\n<\/li>\n<\/ul>\n<p>&nbsp;<\/p>\n<h3><strong>Rethink Breast Cancer<\/strong><\/h3>\n<ul>\n<li>\n<h4><strong><a href=\"https:\/\/rethinkbreastcancer.com\/wp-content\/uploads\/2015\/05\/Rething_TalkingToYourKids_FR_HIGHRES.pdf\">Comment parler du cancer du sein \u00e0 vos enfants &#8211; Guide \u00e0 l\u2019intention des parents<\/a><\/strong><\/h4>\n<\/li>\n<\/ul>\n<p>&nbsp;<\/p>\n<h3><strong>Soci\u00e9t\u00e9 canadienne du cancer<\/strong><\/h3>\n<ul>\n<li>\n<h4><strong><a href=\"https:\/\/www.cancer.ca\/fr-ca\/cancer-information\/living-with-cancer\/talking-about-cancer\/talking-to-children-about-cancer\/?region=qc\" target=\"_blank\" rel=\"noopener noreferrer\">Parler du cancer aux enfants<\/a><\/strong><\/h4>\n<\/li>\n<\/ul>\n<p>&nbsp;<\/p>\n<h3><strong>Soci\u00e9t\u00e9 Leuc\u00e9mie et Lymphome Canada<\/strong><\/h3>\n<ul class=\"menu\">\n<li class=\"first leaf active-trail active menu-mlid-15881\">\n<h4><strong><a class=\"active-trail active\" title=\"Parler du cancer avec la famille, les amis et les enfants\" href=\"https:\/\/www.cancersdusang.ca\/lannoncer-vos-enfants\" target=\"_blank\" rel=\"noopener\">L&rsquo;annoncer \u00e0 vos enfants<\/a><\/strong><\/h4>\n<\/li>\n<\/ul>\n<p>&nbsp;<\/p>\n<h4><\/h4>\n","protected":false},"excerpt":{"rendered":"<p>Ressources \u2013 Qu\u00e9bec &nbsp; Centre Hospitalier de l\u2019Universit\u00e9 de Montr\u00e9al Comment parler \u00e0 mon enfant et l&rsquo;accompagner apr\u00e8s mon diagnostic de cancer &nbsp; Fondation qu\u00e9b\u00e9coise du cancer du sein Annoncer [&hellip;]<\/p>\n","protected":false},"author":2,"featured_media":0,"parent":0,"menu_order":0,"comment_status":"closed","ping_status":"closed","template":"","meta":{"footnotes":""},"class_list":["post-6004","page","type-page","status-publish","hentry"],"_links":{"self":[{"href":"https:\/\/cansupport.ca\/fr\/wp-json\/wp\/v2\/pages\/6004","targetHints":{"allow":["GET"]}}],"collection":[{"href":"https:\/\/cansupport.ca\/fr\/wp-json\/wp\/v2\/pages"}],"about":[{"href":"https:\/\/cansupport.ca\/fr\/wp-json\/wp\/v2\/types\/page"}],"author":[{"embeddable":true,"href":"https:\/\/cansupport.ca\/fr\/wp-json\/wp\/v2\/users\/2"}],"replies":[{"embeddable":true,"href":"https:\/\/cansupport.ca\/fr\/wp-json\/wp\/v2\/comments?post=6004"}],"version-history":[{"count":1,"href":"https:\/\/cansupport.ca\/fr\/wp-json\/wp\/v2\/pages\/6004\/revisions"}],"predecessor-version":[{"id":6005,"href":"https:\/\/cansupport.ca\/fr\/wp-json\/wp\/v2\/pages\/6004\/revisions\/6005"}],"wp:attachment":[{"href":"https:\/\/cansupport.ca\/fr\/wp-json\/wp\/v2\/media?parent=6004"}],"curies":[{"name":"wp","href":"https:\/\/api.w.org\/{rel}","templated":true}]}}