{"id":6002,"date":"2020-05-27T13:07:46","date_gmt":"2020-05-27T17:07:46","guid":{"rendered":"https:\/\/cansupport.ca\/pancreatic-cancer\/"},"modified":"2022-02-21T15:52:57","modified_gmt":"2022-02-21T20:52:57","slug":"cancer-du-pancreas","status":"publish","type":"page","link":"https:\/\/cansupport.ca\/fr\/cancer-du-pancreas\/","title":{"rendered":"Cancer du Pancr\u00e9as"},"content":{"rendered":"<h3><strong>Ressources \u2013 CUSM<\/strong><\/h3>\n<h3><\/h3>\n<p>&nbsp;<\/p>\n<h3><strong>Office d&rsquo;\u00e9ducation des patients du CUSM<\/strong><\/h3>\n<ul>\n<li>\n<h4><strong><a href=\"https:\/\/educationdespatientscusm.ca\/guides-sur-la%20chirurgie\/guides-de-chirurgie\/chirurgie-du-pancreas.html?parentID=31&amp;sectionID=441\" target=\"_blank\" rel=\"noopener noreferrer\">Guides sur la chirurgie du pancr\u00e9as<\/a><\/strong><\/h4>\n<\/li>\n<\/ul>\n<h3><\/h3>\n<p>&nbsp;<\/p>\n<h3><strong>Ressources \u2013 Qu\u00e9bec<\/strong><\/h3>\n<p>&nbsp;<\/p>\n<h3><strong>Centre Hospitalier de l&rsquo;Universit\u00e9 de Montr\u00e9al<\/strong><\/h3>\n<ul>\n<li>\n<h4><strong><a href=\"https:\/\/www.chumontreal.qc.ca\/sites\/default\/files\/2018-06\/321-1-Le-cancer-du-pancreas.pdf\" target=\"_blank\" rel=\"noopener noreferrer\">Le cancer du pancr\u00e9as<\/a><\/strong><\/h4>\n<\/li>\n<\/ul>\n<p>&nbsp;<\/p>\n<h3><strong>Ressources \u2013 Canada<\/strong><\/h3>\n<p>&nbsp;<\/p>\n<h3><strong>Soci\u00e9t\u00e9 canadienne du cancer<\/strong><\/h3>\n<ul>\n<li>\n<h4><strong><a href=\"https:\/\/cancer.ca\/fr\/cancer-information\/cancer-types\/pancreatic\">Cancer du pancr\u00e9as<\/a><\/strong><\/h4>\n<\/li>\n<li>\n<h4><strong><a href=\"https:\/\/www.cancer.ca\/fr-ca\/cancer-information\/cancer-type\/pancreatic\/pancreatic-cancer\/?region=qc\" target=\"_blank\" rel=\"noopener noreferrer\">Qu\u2019est-ce que le cancer du pancr\u00e9as?<\/a><\/strong><\/h4>\n<\/li>\n<li class=\"anchors-nav__item\">\n<h4><strong><a class=\"anchors-nav__link \" href=\"https:\/\/cancer.ca\/fr\/cancer-information\/cancer-types\/pancreatic\/risks\"><span class=\"anchors-nav__text\">Risques<\/span><\/a><\/strong><\/h4>\n<\/li>\n<li class=\"anchors-nav__item\">\n<h4><strong><a class=\"anchors-nav__link \" href=\"https:\/\/cancer.ca\/fr\/cancer-information\/cancer-types\/pancreatic\/signs-and-symptoms\"><span class=\"anchors-nav__text\">Signes et sympt\u00f4mes<\/span><\/a><\/strong><\/h4>\n<\/li>\n<li class=\"anchors-nav__item\">\n<h4><strong><a class=\"anchors-nav__link \" href=\"https:\/\/cancer.ca\/fr\/cancer-information\/cancer-types\/pancreatic\/diagnosis\"><span class=\"anchors-nav__text\">Diagnostic<\/span><\/a><\/strong><\/h4>\n<\/li>\n<li class=\"anchors-nav__item\">\n<h4><strong><a class=\"anchors-nav__link \" href=\"https:\/\/cancer.ca\/fr\/cancer-information\/cancer-types\/pancreatic\/grading\"><span class=\"anchors-nav__text\">Classification histologique<\/span><\/a><\/strong><\/h4>\n<\/li>\n<li class=\"anchors-nav__item\">\n<h4><strong><a class=\"anchors-nav__link \" href=\"https:\/\/cancer.ca\/fr\/cancer-information\/cancer-types\/pancreatic\/staging\"><span class=\"anchors-nav__text\">Stadification<\/span><\/a><\/strong><\/h4>\n<\/li>\n<li class=\"anchors-nav__item\">\n<h4><strong><a class=\"anchors-nav__link \" href=\"https:\/\/cancer.ca\/fr\/cancer-information\/cancer-types\/pancreatic\/if-cancer-spreads\"><span class=\"anchors-nav__text\">Si le cancer se propage<\/span><\/a><\/strong><\/h4>\n<\/li>\n<li class=\"anchors-nav__item\">\n<h4><strong><a class=\"anchors-nav__link \" href=\"https:\/\/cancer.ca\/fr\/cancer-information\/cancer-types\/pancreatic\/prognosis-and-survival\"><span class=\"anchors-nav__text\">Pronostic et survie<\/span><\/a><\/strong><\/h4>\n<\/li>\n<li class=\"anchors-nav__item\">\n<h4><strong><a class=\"anchors-nav__link \" href=\"https:\/\/cancer.ca\/fr\/cancer-information\/cancer-types\/pancreatic\/treatment\"><span class=\"anchors-nav__text\">Traitement<\/span><\/a><\/strong><\/h4>\n<\/li>\n<li class=\"anchors-nav__item\">\n<h4><strong><a class=\"anchors-nav__link \" href=\"https:\/\/cancer.ca\/fr\/cancer-information\/cancer-types\/pancreatic\/supportive-care\"><span class=\"anchors-nav__text\">Soins de soutien<\/span><\/a><\/strong><\/h4>\n<\/li>\n<li class=\"anchors-nav__item\">\n<h4><strong><a class=\"anchors-nav__link \" href=\"https:\/\/cancer.ca\/fr\/cancer-information\/cancer-types\/pancreatic\/research\"><span class=\"anchors-nav__text\">Recherche<\/span><\/a><\/strong><\/h4>\n<\/li>\n<li class=\"anchors-nav__item\">\n<h4><strong><a class=\"anchors-nav__link \" href=\"https:\/\/cancer.ca\/fr\/cancer-information\/cancer-types\/pancreatic\/statistics\"><span class=\"anchors-nav__text\">Statistiques<\/span><\/a><\/strong><\/h4>\n<\/li>\n<li>\n<h4><strong><a href=\"https:\/\/cdn.cancer.ca\/-\/media\/files\/cancer-information\/resources\/publications\/pancreatic-cancer-uyd\/32050-pancreatic-cancer-uyd-fr.pdf?rev=4f5fc1432f26439898c43ac6cfd2bcb5&amp;hash=287524766F4BD7BBEE71C64DE020AC91&amp;_ga=2.178434596.1057318771.1643912076-359541453.1642085334\" target=\"_blank\" rel=\"noopener noreferrer\">Cancer du pancr\u00e9as : Comprendre le diagnostic (livret)<\/a><\/strong><\/h4>\n<\/li>\n<\/ul>\n<h4><\/h4>\n<h3><\/h3>\n<p>&nbsp;<\/p>\n<h3><strong>Ressources \u2013 \u00c9tats-Unis<\/strong><\/h3>\n<p>&nbsp;<\/p>\n<h3><strong>Manuel Merck &#8211; Version pour le grand public<\/strong><\/h3>\n<ul>\n<li>\n<h4><strong><a href=\"https:\/\/www.merckmanuals.com\/fr-ca\/accueil\/troubles-digestifs\/tumeurs-de-l%E2%80%99appareil-digestif\/cancer-du-pancr%C3%A9as\" target=\"_blank\" rel=\"noopener noreferrer\">Cancer du pancr\u00e9as<\/a><\/strong><\/h4>\n<\/li>\n<\/ul>\n","protected":false},"excerpt":{"rendered":"<p>Ressources \u2013 CUSM &nbsp; Office d&rsquo;\u00e9ducation des patients du CUSM Guides sur la chirurgie du pancr\u00e9as &nbsp; Ressources \u2013 Qu\u00e9bec &nbsp; Centre Hospitalier de l&rsquo;Universit\u00e9 de Montr\u00e9al Le cancer du [&hellip;]<\/p>\n","protected":false},"author":2,"featured_media":0,"parent":0,"menu_order":0,"comment_status":"closed","ping_status":"closed","template":"","meta":{"footnotes":""},"class_list":["post-6002","page","type-page","status-publish","hentry"],"_links":{"self":[{"href":"https:\/\/cansupport.ca\/fr\/wp-json\/wp\/v2\/pages\/6002","targetHints":{"allow":["GET"]}}],"collection":[{"href":"https:\/\/cansupport.ca\/fr\/wp-json\/wp\/v2\/pages"}],"about":[{"href":"https:\/\/cansupport.ca\/fr\/wp-json\/wp\/v2\/types\/page"}],"author":[{"embeddable":true,"href":"https:\/\/cansupport.ca\/fr\/wp-json\/wp\/v2\/users\/2"}],"replies":[{"embeddable":true,"href":"https:\/\/cansupport.ca\/fr\/wp-json\/wp\/v2\/comments?post=6002"}],"version-history":[{"count":1,"href":"https:\/\/cansupport.ca\/fr\/wp-json\/wp\/v2\/pages\/6002\/revisions"}],"predecessor-version":[{"id":6003,"href":"https:\/\/cansupport.ca\/fr\/wp-json\/wp\/v2\/pages\/6002\/revisions\/6003"}],"wp:attachment":[{"href":"https:\/\/cansupport.ca\/fr\/wp-json\/wp\/v2\/media?parent=6002"}],"curies":[{"name":"wp","href":"https:\/\/api.w.org\/{rel}","templated":true}]}}