{"id":5999,"date":"2020-05-25T13:15:24","date_gmt":"2020-05-25T17:15:24","guid":{"rendered":"https:\/\/cansupport.ca\/ovarian-cancer\/"},"modified":"2022-02-21T15:52:06","modified_gmt":"2022-02-21T20:52:06","slug":"cancer-de-lovaire","status":"publish","type":"page","link":"https:\/\/cansupport.ca\/fr\/cancer-de-lovaire\/","title":{"rendered":"Cancer de l&rsquo;ovaire"},"content":{"rendered":"<h3><strong>Ressources \u2013 CUSM<\/strong><\/h3>\n<h3><\/h3>\n<h3><\/h3>\n<p>&nbsp;<\/p>\n<h3><strong>Office d&rsquo;\u00e9ducation des patients du CUSM<\/strong><\/h3>\n<ul>\n<li>\n<h4><strong><a href=\"https:\/\/educationdespatientscusm.ca\/guides-sur-le-cancer\/trouver-un-cancer\/cancer-de-lovaire.html?parentID=300&amp;sectionID=335\" target=\"_blank\" rel=\"noopener noreferrer\">Guides sur le cancer de l&rsquo;ovaire<\/a><\/strong><\/h4>\n<\/li>\n<li>\n<h4><strong><a href=\"http:\/\/muhcguides.com\/module\/ovarian\" target=\"_blank\" rel=\"noopener noreferrer\">Cancer de l&rsquo;ovaire<\/a>\u00a0 \u00a0(module)<\/strong><\/h4>\n<\/li>\n<li>\n<h4><strong><a class=\"nomGuide\" title=\"OvarianGenetics_Pamphlet_MUHC_7Sept2018FNL_fr\" href=\"https:\/\/educationdespatientscusm.ca\/DATA\/GUIDE\/785_fr~v~depistage-genetique-pour-les-patientes-atteintes-d-un-cancer-de-l-ovaire.pdf\" target=\"_blank\" rel=\"noopener noreferrer\">D\u00e9pistage g\u00e9n\u00e9tique pour les patientes atteintes d&rsquo;un cancer de l&rsquo;ovaire<\/a><\/strong><\/h4>\n<\/li>\n<li>\n<h4><strong><a class=\"nomGuide\" title=\"OvarianCancerBooklet_RVH_30May2019FNL_fr\" href=\"https:\/\/educationdespatientscusm.ca\/DATA\/GUIDE\/774_fr~v~guide-de-preparation-a-la-chirurgie-du-cancer-de-l-ovaire-hopital-royal-victorial.pdf\" target=\"_blank\" rel=\"noopener noreferrer\">Guide de pr\u00e9paration \u00e0 la chirurgie du cancer de l&rsquo;ovaire &#8211; H\u00f4pital Royal Victorial<\/a><\/strong><\/h4>\n<\/li>\n<li>\n<h4><strong><a class=\"nomGuide\" title=\"MinimallyInvasiveHysterectomy_Booklet_RVH_2May2019FNL_fr\" href=\"https:\/\/educationdespatientscusm.ca\/DATA\/GUIDE\/753_fr~v~guide-de-preparation-hysterectomie-minimalement-invasive-retrait-de-l-uterus-.pdf\" target=\"_blank\" rel=\"noopener noreferrer\">Guide de preparation &#8211; Hysterectomie minimalement invasive (Retrait de l&rsquo;uterus)<\/a><\/strong><\/h4>\n<\/li>\n<li>\n<h4><strong><a class=\"nomGuide\" title=\"Gynecology_Booklet_RVH_9May2019FNL_fr\" href=\"https:\/\/educationdespatientscusm.ca\/DATA\/GUIDE\/218_fr~v~chirurgies-gynecologiques-site-glen.pdf\" target=\"_blank\" rel=\"noopener noreferrer\">Chirurgies gyn\u00e9cologiques &#8211; Site Glen<\/a><\/strong><\/h4>\n<\/li>\n<\/ul>\n<p>&nbsp;<\/p>\n<h3><\/h3>\n<h3><\/h3>\n<h3><strong>Ressources \u2013 Canada<\/strong><\/h3>\n<p>&nbsp;<\/p>\n<h3><strong>Soci\u00e9t\u00e9 canadienne du cancer<\/strong><\/h3>\n<ul>\n<li>\n<h4><strong><a title=\"Le lien s'ouvrira dans une nouvelle fen\u00eatre\" href=\"http:\/\/www.cancer.ca\/fr-ca\/cancer-information\/cancer-type\/ovarian\/ovarian-cancer\/?region=qc\" target=\"_blank\" rel=\"noopener noreferrer\">Qu\u2019est-ce que le cancer de l\u2019ovaire?<\/a><\/strong><\/h4>\n<\/li>\n<li>\n<h4><strong><a title=\"Le lien s'ouvrira dans une nouvelle fen\u00eatre\" href=\"http:\/\/www.cancer.ca\/fr-ca\/cancer-information\/cancer-type\/ovarian\/risks\/?region=qc\" target=\"_blank\" rel=\"noopener noreferrer\">Facteurs de risque du cancer de l\u2019ovaire<\/a><\/strong><\/h4>\n<\/li>\n<li>\n<h4><strong><a title=\"Le lien s'ouvrira dans une nouvelle fen\u00eatre\" href=\"http:\/\/www.cancer.ca\/fr-ca\/cancer-information\/cancer-type\/ovarian\/finding-cancer-early\/?region=qc\" target=\"_blank\" rel=\"noopener noreferrer\">Trouver le cancer de l\u2019ovaire \u00e0 ses d\u00e9buts<\/a><\/strong><\/h4>\n<\/li>\n<li>\n<h4><strong><a title=\"Le lien s'ouvrira dans une nouvelle fen\u00eatre\" href=\"http:\/\/www.cancer.ca\/fr-ca\/cancer-information\/cancer-type\/ovarian\/signs-and-symptoms\/?region=qc\" target=\"_blank\" rel=\"noopener noreferrer\">Sympt\u00f4mes du cancer de l\u2019ovaire<\/a><\/strong><\/h4>\n<\/li>\n<li>\n<h4><strong><a title=\"Le lien s'ouvrira dans une nouvelle fen\u00eatre\" href=\"http:\/\/www.cancer.ca\/fr-ca\/cancer-information\/cancer-type\/ovarian\/diagnosis\/?region=qc\" target=\"_blank\" rel=\"noopener noreferrer\">Diagnostic du cancer de l\u2019ovaire<\/a><\/strong><\/h4>\n<\/li>\n<li>\n<h4><strong><a title=\"Le lien s'ouvrira dans une nouvelle fen\u00eatre\" href=\"http:\/\/www.cancer.ca\/fr-ca\/cancer-information\/cancer-type\/ovarian\/grading\/?region=qc\" target=\"_blank\" rel=\"noopener noreferrer\">Classification histologique du cancer de l\u2019ovaire<\/a><\/strong><\/h4>\n<\/li>\n<li>\n<h4><strong><a title=\"Le lien s'ouvrira dans une nouvelle fen\u00eatre\" href=\"http:\/\/www.cancer.ca\/fr-ca\/cancer-information\/cancer-type\/ovarian\/staging\/?region=qc\" target=\"_blank\" rel=\"noopener noreferrer\">Stades du cancer de l\u2019ovaire<\/a><\/strong><\/h4>\n<\/li>\n<li>\n<h4><strong><a title=\"Le lien s'ouvrira dans une nouvelle fen\u00eatre\" href=\"http:\/\/www.cancer.ca\/fr-ca\/cancer-information\/cancer-type\/ovarian\/if-cancer-spreads\/?region=qc\" target=\"_blank\" rel=\"noopener noreferrer\">Si le cancer de l\u2019ovaire se propage<\/a><\/strong><\/h4>\n<\/li>\n<li>\n<h4><strong><a title=\"Le lien s'ouvrira dans une nouvelle fen\u00eatre\" href=\"http:\/\/www.cancer.ca\/fr-ca\/cancer-information\/cancer-type\/ovarian\/prognosis-and-survival\/?region=qc\" target=\"_blank\" rel=\"noopener noreferrer\">Pronostic et survie pour le cancer de l\u2019ovaire<\/a><\/strong><\/h4>\n<\/li>\n<li>\n<h4><strong><a title=\"Le lien s'ouvrira dans une nouvelle fen\u00eatre\" href=\"http:\/\/www.cancer.ca\/fr-ca\/cancer-information\/cancer-type\/ovarian\/treatment\/?region=qc\" target=\"_blank\" rel=\"noopener noreferrer\">Traitement du cancer de l\u2019ovaire<\/a><\/strong><\/h4>\n<\/li>\n<li>\n<h4><strong><a title=\"Le lien s'ouvrira dans une nouvelle fen\u00eatre\" href=\"http:\/\/www.cancer.ca\/fr-ca\/cancer-information\/cancer-type\/ovarian\/supportive-care\/?region=qc\" target=\"_blank\" rel=\"noopener noreferrer\">Soins de soutien pour le cancer de l\u2019ovaire<\/a><\/strong><\/h4>\n<\/li>\n<li>\n<h4><strong><a title=\"Le lien s'ouvrira dans une nouvelle fen\u00eatre\" href=\"http:\/\/www.cancer.ca\/fr-ca\/cancer-information\/cancer-type\/ovarian\/research\/?region=qc\" target=\"_blank\" rel=\"noopener noreferrer\">Recherche sur le cancer de l\u2019ovaire<\/a><\/strong><\/h4>\n<\/li>\n<li>\n<h4><a href=\"https:\/\/www.cancer.ca\/fr-ca\/cancer-information\/cancer-type\/ovarian\/statistics\/?region=qc\" target=\"_blank\" rel=\"noopener noreferrer\"><strong>Statistiques sur le cancer de l\u2019ovaire<\/strong><\/a><\/h4>\n<\/li>\n<li>\n<h4><strong><a title=\"Le lien s'ouvrira dans une nouvelle fen\u00eatre\" href=\"https:\/\/cdn.cancer.ca\/-\/media\/files\/cancer-information\/resources\/publications\/ovarian-cancer-uyd\/32067-ovarian-cancer-uyd-fr.pdf?rev=3f04cb41cdd4478fb04fb7ba45e28f43&amp;hash=6C493CD39FEC99D16B0C1DAE2EFD0E87&amp;_ga=2.122029711.506461026.1643647835-359541453.1642085334\" target=\"_blank\" rel=\"noopener noreferrer\">Cancer de l\u2019ovaire : Comprendre le diagnostic<\/a><\/strong><\/h4>\n<\/li>\n<\/ul>\n<h3><\/h3>\n<p>&nbsp;<\/p>\n<h3><strong>Cancer de l\u2019ovaire Canada<\/strong><\/h3>\n<ul>\n<li>\n<h4><strong><a title=\"Le lien s'ouvrira dans une nouvelle fen\u00eatre\" href=\"http:\/\/ovairecanada.org\/about-ovarian-cancer\/disease-basics\" target=\"_blank\" rel=\"noopener noreferrer\">\u00c0 propos du cancer de l\u2019ovaire : Notions de base<\/a><\/strong><\/h4>\n<\/li>\n<li>\n<h4><strong><a title=\"Le lien s'ouvrira dans une nouvelle fen\u00eatre\" href=\"http:\/\/ovairecanada.org\/about-ovarian-cancer\/detection\" target=\"_blank\" rel=\"noopener noreferrer\">\u00c0 propos du cancer de l\u2019ovaire : D\u00e9pistage<\/a><\/strong><\/h4>\n<\/li>\n<li>\n<h4><strong><a title=\"Le lien s'ouvrira dans une nouvelle fen\u00eatre\" href=\"http:\/\/ovairecanada.org\/about-ovarian-cancer\/treatment\" target=\"_blank\" rel=\"noopener noreferrer\">\u00c0 propos du cancer de l\u2019ovaire : Traitements<\/a><\/strong><\/h4>\n<\/li>\n<li>\n<h4><strong><a title=\"Le lien s'ouvrira dans une nouvelle fen\u00eatre\" href=\"http:\/\/ovairecanada.org\/living-with-ovarian-cancer\/newly-diagnosed\" target=\"_blank\" rel=\"noopener noreferrer\">Vivre avec le cancer de l\u2019ovaire : Nouvellement diagnostiqu\u00e9e<\/a><\/strong><\/h4>\n<\/li>\n<li>\n<h4><strong><a title=\"Le lien s'ouvrira dans une nouvelle fen\u00eatre\" href=\"http:\/\/ovairecanada.org\/living-with-ovarian-cancer\/recurrence\" target=\"_blank\" rel=\"noopener noreferrer\">Vivre avec le cancer de l\u2019ovaire : R\u00e9cidive<\/a><\/strong><\/h4>\n<\/li>\n<li>\n<h4><strong><a title=\"Le lien s'ouvrira dans une nouvelle fen\u00eatre\" href=\"http:\/\/ovairecanada.org\/living-with-ovarian-cancer\/recovery\" target=\"_blank\" rel=\"noopener noreferrer\">Vivre avec le cancer de l\u2019ovaire : Gu\u00e9rison<\/a><\/strong><\/h4>\n<\/li>\n<li>\n<h4><strong><a title=\"Le lien s'ouvrira dans une nouvelle fen\u00eatre\" href=\"http:\/\/ovairecanada.org\/living-with-ovarian-cancer\/other-issues\" target=\"_blank\" rel=\"noopener noreferrer\">Vivre avec le cancer de l\u2019ovaire : Autres consid\u00e9rations<\/a><\/strong><\/h4>\n<\/li>\n<li>\n<h4><strong><a href=\"https:\/\/ovairecanada.org\/Vivre-avec-le-cancer-de-l%e2%80%99ovaire\/Ressources-de-soutien\" target=\"_blank\" rel=\"noopener noreferrer\">Guides de Cancer de l&rsquo;ovaire Canada<\/a><\/strong><\/h4>\n<\/li>\n<li>\n<h4><strong><a href=\"https:\/\/ovairecanada.org\/stories-and-media\/Feature-Stories\/2020\/COVID-19-Update?lang=fr-CA&amp;_ga=2.242121670.571484178.1590411697-2083346893.1590411697\" target=\"_blank\" rel=\"noopener noreferrer\">Le point sur la COVID-19<\/a><\/strong><\/h4>\n<\/li>\n<\/ul>\n<p>&nbsp;<\/p>\n<h3><strong>Action Cancer Ontario<\/strong><\/h3>\n<ul>\n<li>\n<h4><strong><a href=\"https:\/\/www.cancercareontario.ca\/fr\/types-de-cancer\/cancer-de-ovaire\" target=\"_blank\" rel=\"noopener noreferrer\">Cancer de l&rsquo;ovaire<\/a><\/strong><\/h4>\n<\/li>\n<\/ul>\n<p>&nbsp;<\/p>\n<h3><\/h3>\n<h3><strong>Ressources \u2013 \u00c9tats-Unis<\/strong><\/h3>\n<h3><\/h3>\n<p>&nbsp;<\/p>\n<h3><strong>Manuel Merck &#8211; Version pour le grand public<\/strong><\/h3>\n<ul>\n<li>\n<h4><strong><a href=\"https:\/\/www.merckmanuals.com\/fr-ca\/accueil\/les-faits-en-bref-probl%C3%A8mes-de-sant%C3%A9-de-la-femme\/cancers-gyn%C3%A9cologiques\/cancer-de-l%E2%80%99ovaire\" target=\"_blank\" rel=\"noopener noreferrer\">Les faits en bref: cancer de l&rsquo;ovaire<\/a><\/strong><\/h4>\n<\/li>\n<li>\n<h4><strong><a href=\"https:\/\/www.merckmanuals.com\/fr-ca\/accueil\/probl%C3%A8mes-de-sant%C3%A9-de-la-femme\/cancers-gyn%C3%A9cologiques\/cancer-de-l%E2%80%99ovaire\" target=\"_blank\" rel=\"noopener noreferrer\">Cancer de l&rsquo;ovaire (version d\u00e9taill\u00e9e)<\/a><\/strong><\/h4>\n<\/li>\n<\/ul>\n<p>&nbsp;<\/p>\n","protected":false},"excerpt":{"rendered":"<p>Ressources \u2013 CUSM &nbsp; Office d&rsquo;\u00e9ducation des patients du CUSM Guides sur le cancer de l&rsquo;ovaire Cancer de l&rsquo;ovaire\u00a0 \u00a0(module) D\u00e9pistage g\u00e9n\u00e9tique pour les patientes atteintes d&rsquo;un cancer de l&rsquo;ovaire [&hellip;]<\/p>\n","protected":false},"author":2,"featured_media":0,"parent":0,"menu_order":0,"comment_status":"closed","ping_status":"closed","template":"","meta":{"footnotes":""},"class_list":["post-5999","page","type-page","status-publish","hentry"],"_links":{"self":[{"href":"https:\/\/cansupport.ca\/fr\/wp-json\/wp\/v2\/pages\/5999","targetHints":{"allow":["GET"]}}],"collection":[{"href":"https:\/\/cansupport.ca\/fr\/wp-json\/wp\/v2\/pages"}],"about":[{"href":"https:\/\/cansupport.ca\/fr\/wp-json\/wp\/v2\/types\/page"}],"author":[{"embeddable":true,"href":"https:\/\/cansupport.ca\/fr\/wp-json\/wp\/v2\/users\/2"}],"replies":[{"embeddable":true,"href":"https:\/\/cansupport.ca\/fr\/wp-json\/wp\/v2\/comments?post=5999"}],"version-history":[{"count":1,"href":"https:\/\/cansupport.ca\/fr\/wp-json\/wp\/v2\/pages\/5999\/revisions"}],"predecessor-version":[{"id":6000,"href":"https:\/\/cansupport.ca\/fr\/wp-json\/wp\/v2\/pages\/5999\/revisions\/6000"}],"wp:attachment":[{"href":"https:\/\/cansupport.ca\/fr\/wp-json\/wp\/v2\/media?parent=5999"}],"curies":[{"name":"wp","href":"https:\/\/api.w.org\/{rel}","templated":true}]}}