{"id":5993,"date":"2020-06-26T13:24:19","date_gmt":"2020-06-26T17:24:19","guid":{"rendered":"https:\/\/cansupport.ca\/eye-cancer\/"},"modified":"2022-02-21T15:49:14","modified_gmt":"2022-02-21T20:49:14","slug":"cancer-de-loeil","status":"publish","type":"page","link":"https:\/\/cansupport.ca\/fr\/cancer-de-loeil\/","title":{"rendered":"Cancer de l&rsquo;oeil"},"content":{"rendered":"<h3><strong>Ressources \u2013 Qu\u00e9bec<\/strong><\/h3>\n<h3><\/h3>\n<p>&nbsp;<\/p>\n<h3><strong>Centre Hospitalier de l\u2019Universit\u00e9 de Montr\u00e9al<\/strong><\/h3>\n<ul>\n<li>\n<h4><strong><a href=\"https:\/\/www.chumontreal.qc.ca\/patients\/cicc\/cancer-oculaire\">Cancer oculaire<\/a><\/strong><\/h4>\n<\/li>\n<li>\n<h4><strong><a href=\"https:\/\/www.chumontreal.qc.ca\/patients\/cancer-oculaire\/melanome-de-loeil\">Qu\u2019est-ce qu\u2019un m\u00e9lanome de l\u2019oeil?<\/a><\/strong><\/h4>\n<ul>\n<li>\n<h4><strong><a href=\"https:\/\/www.chumontreal.qc.ca\/patients\/cancer-oculaire\/melanome-de-loeil\/signes-et-symptomes\">Signes et sympt\u00f4mes<\/a><\/strong><\/h4>\n<\/li>\n<li>\n<h4><strong><a href=\"https:\/\/www.chumontreal.qc.ca\/patients\/cancer-oculaire\/melanome-de-loeil\/que-se-passe-t-il-suivant-un-diagnostic-de-melanome\">Que se passe-t\u2019il suivant un diagnostic de m\u00e9lanome?<\/a><\/strong><\/h4>\n<\/li>\n<li>\n<h4><strong><a href=\"https:\/\/www.chumontreal.qc.ca\/patients\/cancer-oculaire\/melanome-de-loeil\/le-traitement-des-melanomes-oculaires-recidivants-et-ou-metastatiques\">Le traitement des m\u00e9lanomes oculaires r\u00e9cidivants et\/ou m\u00e9tastatiques<\/a><\/strong><\/h4>\n<\/li>\n<\/ul>\n<\/li>\n<li>\n<h4><strong><a href=\"https:\/\/www.chumontreal.qc.ca\/patients\/cancer-oculaire\/comment-choisit-on-le-traitement-du-melanome\">Comment choisit-on le traitement du m\u00e9lanome?<\/a><\/strong><\/h4>\n<ul>\n<li>\n<h4><strong><a href=\"https:\/\/www.chumontreal.qc.ca\/patients\/cancer-oculaire\/comment-choisit-on-le-traitement-du-melanome\/tout-savoir-sur-le-traitement-par-plaque-radioactive\">Tout savoir sur le traitement par plaque radioactive (curieth\u00e9rapie)<\/a><\/strong><\/h4>\n<\/li>\n<li>\n<h4><strong><a href=\"https:\/\/www.chumontreal.qc.ca\/patients\/cancer-oculaire\/comment-choisit-on-le-traitement-du-melanome\/stereotaxie-et-le-cyberknife\">Qu\u2019est-ce que la st\u00e9r\u00e9otaxie et le CyberKnife?<\/a><\/strong><\/h4>\n<\/li>\n<li>\n<h4><strong><a href=\"https:\/\/www.chumontreal.qc.ca\/patients\/cancer-oculaire\/comment-choisit-on-le-traitement-du-melanome\/comment-se-passe-enucleation-de-oeil-suivant-un-cancer-oculaire\">Comment se passe l\u2019\u00e9nucl\u00e9ation de l\u2019oeil suivant un cancer oculaire?<\/a><\/strong><\/h4>\n<\/li>\n<\/ul>\n<\/li>\n<li>\n<h4><strong><a href=\"https:\/\/www.chumontreal.qc.ca\/patients\/cancer-oculaire\/questions-frequemment-posees-a-propos-du-cancer-oculaire\">Questions fr\u00e9quemment pos\u00e9es \u00e0 propos du cancer oculaire<\/a><\/strong><\/h4>\n<\/li>\n<\/ul>\n<p>&nbsp;<\/p>\n<h3><\/h3>\n<h3><strong>Ressources \u2013 Canada<\/strong><\/h3>\n<p>&nbsp;<\/p>\n<h3><strong>Soci\u00e9t\u00e9 canadienne du cancer<\/strong><\/h3>\n<ul>\n<li>\n<h4><strong><a class=\"active\" href=\"https:\/\/www.cancer.ca\/fr-ca\/cancer-information\/cancer-type\/eye\/eye-cancer\/?region=qc\">Cancer de l&rsquo;\u0153il<\/a><\/strong><\/h4>\n<ul>\n<li>\n<h4><strong><a href=\"https:\/\/www.cancer.ca\/fr-ca\/cancer-information\/cancer-type\/eye\/eye-cancer\/the-eyes\/?region=qc\">Les yeux<\/a><\/strong><\/h4>\n<\/li>\n<li>\n<h4><strong><a href=\"https:\/\/www.cancer.ca\/fr-ca\/cancer-information\/cancer-type\/eye\/eye-cancer\/cancerous-tumours\/?region=qc\">Tumeurs canc\u00e9reuses<\/a><\/strong><\/h4>\n<\/li>\n<li>\n<h4><strong><a href=\"https:\/\/www.cancer.ca\/fr-ca\/cancer-information\/cancer-type\/eye\/eye-cancer\/precancerous-conditions\/?region=qc\">\u00c9tats pr\u00e9canc\u00e9reux<\/a><\/strong><\/h4>\n<\/li>\n<li>\n<h4><strong><a href=\"https:\/\/www.cancer.ca\/fr-ca\/cancer-information\/cancer-type\/eye\/eye-cancer\/non-cancerous-tumours\/?region=qc\">Tumeurs non canc\u00e9reuses<\/a><\/strong><\/h4>\n<\/li>\n<\/ul>\n<\/li>\n<li>\n<h4><strong><a href=\"https:\/\/www.cancer.ca\/fr-ca\/cancer-information\/cancer-type\/eye\/risks\/?region=qc\">Risques<\/a><\/strong><\/h4>\n<\/li>\n<li>\n<h4><strong><a href=\"https:\/\/www.cancer.ca\/fr-ca\/cancer-information\/cancer-type\/eye\/signs-and-symptoms\/?region=qc\">Signes et sympt\u00f4mes<\/a><\/strong><\/h4>\n<\/li>\n<li>\n<h4><strong><a href=\"https:\/\/www.cancer.ca\/fr-ca\/cancer-information\/cancer-type\/eye\/diagnosis\/?region=qc\">Diagnostic<\/a><\/strong><\/h4>\n<\/li>\n<li>\n<h4><strong><a href=\"https:\/\/www.cancer.ca\/fr-ca\/cancer-information\/cancer-type\/eye\/grading\/?region=qc\">Classification histologique<\/a><\/strong><\/h4>\n<\/li>\n<li>\n<h4><strong><a href=\"https:\/\/www.cancer.ca\/fr-ca\/cancer-information\/cancer-type\/eye\/staging\/?region=qc\">Stadification<\/a><\/strong><\/h4>\n<\/li>\n<li>\n<h4><strong><a href=\"https:\/\/www.cancer.ca\/fr-ca\/cancer-information\/cancer-type\/eye\/if-cancer-spreads\/?region=qc\">Si le cancer se propage<\/a><\/strong><\/h4>\n<\/li>\n<li>\n<h4><strong><a href=\"https:\/\/www.cancer.ca\/fr-ca\/cancer-information\/cancer-type\/eye\/prognosis-and-survival\/?region=qc\">Pronostic et survie<\/a><\/strong><\/h4>\n<\/li>\n<li>\n<h4><strong><a href=\"https:\/\/www.cancer.ca\/fr-ca\/cancer-information\/cancer-type\/eye\/treatment\/?region=qc\">Traitement<\/a><\/strong><\/h4>\n<ul>\n<li>\n<h4><strong><a href=\"https:\/\/www.cancer.ca\/fr-ca\/cancer-information\/cancer-type\/eye\/treatment\/intraocular-melanoma\/?region=qc\">M\u00e9lanome intraoculaire<\/a><\/strong><\/h4>\n<\/li>\n<li>\n<h4><strong><a href=\"https:\/\/www.cancer.ca\/fr-ca\/cancer-information\/cancer-type\/eye\/treatment\/lymphoma-of-the-eye\/?region=qc\">Lymphome oculaire<\/a><\/strong><\/h4>\n<\/li>\n<li>\n<h4><strong><a href=\"https:\/\/www.cancer.ca\/fr-ca\/cancer-information\/cancer-type\/eye\/treatment\/surgery\/?region=qc\">Chirurgie<\/a><\/strong><\/h4>\n<\/li>\n<li>\n<h4><strong><a href=\"https:\/\/www.cancer.ca\/fr-ca\/cancer-information\/cancer-type\/eye\/treatment\/radiation-therapy\/?region=qc\">Radioth\u00e9rapie<\/a><\/strong><\/h4>\n<\/li>\n<li>\n<h4><strong><a href=\"https:\/\/www.cancer.ca\/fr-ca\/cancer-information\/cancer-type\/eye\/treatment\/chemotherapy\/?region=qc\">Chimioth\u00e9rapie<\/a><\/strong><\/h4>\n<\/li>\n<li>\n<h4><strong><a href=\"https:\/\/www.cancer.ca\/fr-ca\/cancer-information\/cancer-type\/eye\/treatment\/active-surveillance\/?region=qc\">Surveillance active<\/a><\/strong><\/h4>\n<\/li>\n<li>\n<h4><strong><a href=\"https:\/\/www.cancer.ca\/fr-ca\/cancer-information\/cancer-type\/eye\/treatment\/targeted-therapy\/?region=qc\">Traitement cibl\u00e9<\/a><\/strong><\/h4>\n<\/li>\n<li>\n<h4><strong><a href=\"https:\/\/www.cancer.ca\/fr-ca\/cancer-information\/cancer-type\/eye\/treatment\/immunotherapy\/?region=qc\">Immunoth\u00e9rapie<\/a><\/strong><\/h4>\n<\/li>\n<li>\n<h4><strong><a href=\"https:\/\/www.cancer.ca\/fr-ca\/cancer-information\/cancer-type\/eye\/treatment\/follow-up\/?region=qc\">Suivi<\/a><\/strong><\/h4>\n<\/li>\n<\/ul>\n<\/li>\n<li>\n<h4><strong><a href=\"https:\/\/www.cancer.ca\/fr-ca\/cancer-information\/cancer-type\/eye\/supportive-care\/?region=qc\">Soins de soutien<\/a><\/strong><\/h4>\n<\/li>\n<li>\n<h4><strong><a href=\"https:\/\/www.cancer.ca\/fr-ca\/cancer-information\/cancer-type\/eye\/statistics\/?region=qc\">Statistiques<\/a><\/strong><\/h4>\n<\/li>\n<\/ul>\n<h4><\/h4>\n","protected":false},"excerpt":{"rendered":"<p>Ressources \u2013 Qu\u00e9bec &nbsp; Centre Hospitalier de l\u2019Universit\u00e9 de Montr\u00e9al Cancer oculaire Qu\u2019est-ce qu\u2019un m\u00e9lanome de l\u2019oeil? Signes et sympt\u00f4mes Que se passe-t\u2019il suivant un diagnostic de m\u00e9lanome? Le traitement [&hellip;]<\/p>\n","protected":false},"author":2,"featured_media":0,"parent":0,"menu_order":0,"comment_status":"closed","ping_status":"closed","template":"","meta":{"footnotes":""},"class_list":["post-5993","page","type-page","status-publish","hentry"],"_links":{"self":[{"href":"https:\/\/cansupport.ca\/fr\/wp-json\/wp\/v2\/pages\/5993","targetHints":{"allow":["GET"]}}],"collection":[{"href":"https:\/\/cansupport.ca\/fr\/wp-json\/wp\/v2\/pages"}],"about":[{"href":"https:\/\/cansupport.ca\/fr\/wp-json\/wp\/v2\/types\/page"}],"author":[{"embeddable":true,"href":"https:\/\/cansupport.ca\/fr\/wp-json\/wp\/v2\/users\/2"}],"replies":[{"embeddable":true,"href":"https:\/\/cansupport.ca\/fr\/wp-json\/wp\/v2\/comments?post=5993"}],"version-history":[{"count":1,"href":"https:\/\/cansupport.ca\/fr\/wp-json\/wp\/v2\/pages\/5993\/revisions"}],"predecessor-version":[{"id":5994,"href":"https:\/\/cansupport.ca\/fr\/wp-json\/wp\/v2\/pages\/5993\/revisions\/5994"}],"wp:attachment":[{"href":"https:\/\/cansupport.ca\/fr\/wp-json\/wp\/v2\/media?parent=5993"}],"curies":[{"name":"wp","href":"https:\/\/api.w.org\/{rel}","templated":true}]}}