{"id":5991,"date":"2020-05-22T19:35:39","date_gmt":"2020-05-22T23:35:39","guid":{"rendered":"https:\/\/cansupport.ca\/multiple-myeloma\/"},"modified":"2022-02-21T15:48:13","modified_gmt":"2022-02-21T20:48:13","slug":"myelome-multiple","status":"publish","type":"page","link":"https:\/\/cansupport.ca\/fr\/myelome-multiple\/","title":{"rendered":"My\u00e9lome Multiple"},"content":{"rendered":"<h3><strong>Ressources \u2013 Canada<\/strong><\/h3>\n<p>&nbsp;<\/p>\n<h3><strong>Soci\u00e9t\u00e9 canadienne du cancer<\/strong><\/h3>\n<ul>\n<li>\n<h4><strong><a title=\"Le lien s'ouvrira dans une nouvelle fen\u00eatre\" href=\"https:\/\/cdn.cancer.ca\/-\/media\/files\/cancer-information\/resources\/publications\/multiple-myeloma-uyd\/32048-multiple-myeloma-uyd-fr.pdf?rev=04f34439bb7345feaf03d1729c2749e1&amp;hash=B2E60AE264CA2AD1CB2324AC30771C6B&amp;_ga=2.91686174.506461026.1643647835-359541453.1642085334\" target=\"_blank\" rel=\"noopener noreferrer\">My\u00e9lome multiple : comprendre le diagnostic<\/a><\/strong><\/h4>\n<\/li>\n<li>\n<h4><strong><a title=\"Le lien s'ouvrira dans une nouvelle fen\u00eatre\" href=\"http:\/\/www.cancer.ca\/fr-ca\/cancer-information\/cancer-type\/multiple-myeloma\/multiple-myeloma\/?region=qc\" target=\"_blank\" rel=\"noopener noreferrer\">Qu\u2019est-ce que le my\u00e9lome multiple?<\/a><\/strong><\/h4>\n<\/li>\n<li>\n<h4><strong><a title=\"Le lien s'ouvrira dans une nouvelle fen\u00eatre\" href=\"http:\/\/www.cancer.ca\/fr-ca\/cancer-information\/cancer-type\/multiple-myeloma\/multiple-myeloma\/types-of-multiple-myeloma\/?region=qc\" target=\"_blank\" rel=\"noopener noreferrer\">Types de my\u00e9lome multiple<\/a><\/strong><\/h4>\n<\/li>\n<li>\n<h4><strong><a title=\"Le lien s'ouvrira dans une nouvelle fen\u00eatre\" href=\"http:\/\/www.cancer.ca\/fr-ca\/cancer-information\/cancer-type\/multiple-myeloma\/risks\/?region=qc\" target=\"_blank\" rel=\"noopener noreferrer\">Facteurs de risque du my\u00e9lome multiple<\/a><\/strong><\/h4>\n<\/li>\n<li>\n<h4><strong><a title=\"Le lien s'ouvrira dans une nouvelle fen\u00eatre\" href=\"http:\/\/www.cancer.ca\/fr-ca\/cancer-information\/cancer-type\/multiple-myeloma\/signs-and-symptoms\/?region=qc\" target=\"_blank\" rel=\"noopener noreferrer\">Sympt\u00f4mes du my\u00e9lome multiple<\/a><\/strong><\/h4>\n<\/li>\n<li>\n<h4><strong><a title=\"Le lien s'ouvrira dans une nouvelle fen\u00eatre\" href=\"http:\/\/www.cancer.ca\/fr-ca\/cancer-information\/cancer-type\/multiple-myeloma\/diagnosis\/?region=qc\" target=\"_blank\" rel=\"noopener noreferrer\">Diagnostiquer le my\u00e9lome multiple<\/a><\/strong><\/h4>\n<\/li>\n<li>\n<h4><strong><a title=\"Le lien s'ouvrira dans une nouvelle fen\u00eatre\" href=\"http:\/\/www.cancer.ca\/fr-ca\/cancer-information\/cancer-type\/multiple-myeloma\/staging\/?region=qc\" target=\"_blank\" rel=\"noopener noreferrer\">Stades du my\u00e9lome multiple<\/a><\/strong><\/h4>\n<\/li>\n<li>\n<h4><strong><a title=\"Le lien s'ouvrira dans une nouvelle fen\u00eatre\" href=\"http:\/\/www.cancer.ca\/fr-ca\/cancer-information\/cancer-type\/multiple-myeloma\/spread-of-multiple-myeloma\/?region=qc\" target=\"_blank\" rel=\"noopener noreferrer\">Propagation du my\u00e9lome multiple<\/a><\/strong><\/h4>\n<\/li>\n<li>\n<h4><strong><a title=\"Le lien s'ouvrira dans une nouvelle fen\u00eatre\" href=\"http:\/\/www.cancer.ca\/fr-ca\/cancer-information\/cancer-type\/multiple-myeloma\/prognosis-and-survival\/?region=qc\" target=\"_blank\" rel=\"noopener noreferrer\">Pronostic et survie pour le my\u00e9lome multiple<\/a><\/strong><\/h4>\n<\/li>\n<li>\n<h4><strong><a title=\"Le lien s'ouvrira dans une nouvelle fen\u00eatre\" href=\"http:\/\/www.cancer.ca\/fr-ca\/cancer-information\/cancer-type\/multiple-myeloma\/treatment\/?region=qc\" target=\"_blank\" rel=\"noopener noreferrer\">Traitements du my\u00e9lome multiple<\/a><\/strong><\/h4>\n<\/li>\n<li>\n<h4><strong><a title=\"Le lien s'ouvrira dans une nouvelle fen\u00eatre\" href=\"http:\/\/www.cancer.ca\/fr-ca\/cancer-information\/cancer-type\/multiple-myeloma\/supportive-care\/?region=qc\" target=\"_blank\" rel=\"noopener noreferrer\">Soins de soutien pour le my\u00e9lome multiple<\/a><\/strong><\/h4>\n<\/li>\n<li>\n<h4><strong><a title=\"Le lien s'ouvrira dans une nouvelle fen\u00eatre\" href=\"http:\/\/www.cancer.ca\/fr-ca\/cancer-information\/cancer-type\/multiple-myeloma\/research\/?region=qc\" target=\"_blank\" rel=\"noopener noreferrer\">Recherche sur le my\u00e9lome multiple<\/a><\/strong><\/h4>\n<\/li>\n<\/ul>\n<p>&nbsp;<\/p>\n<h3><strong>Soci\u00e9t\u00e9 de leuc\u00e9mie et lymphome du canada<\/strong><\/h3>\n<ul>\n<li>\n<h4><strong><a title=\"Le lien s'ouvrira dans une nouvelle fen\u00eatre\" href=\"http:\/\/www.sllcanada.org\/myelome\" target=\"_blank\" rel=\"noopener noreferrer\">My\u00e9lome<\/a><\/strong><\/h4>\n<\/li>\n<li>\n<h4><strong><a href=\"https:\/\/www.cancersdusang.ca\/sites\/default\/files\/2021-09\/PS49_Le_guide_du_my%C3%A9lome_Information_%C3%A0_l%E2%80%99intention_des_patients_et_des_aidants_naturels.pdf\" target=\"_blank\" rel=\"noopener\">Le guide du my\u00e9lome: Information \u00e0 l\u2019intention des patients et des aidants naturels<\/a><\/strong><\/h4>\n<\/li>\n<li>\n<h4><strong><a href=\"https:\/\/www.cancersdusang.ca\/sites\/default\/files\/2021-09\/2021%20LLSC%20Booklet-PracticalSupport-ChemoBrainFatigue_Final_FR.pdf\" target=\"_blank\" rel=\"noopener\">Composer avec la dysfonction cognitive et la fatigue li\u00e9es au cancer<\/a><\/strong><\/h4>\n<\/li>\n<li>\n<h4><a href=\"https:\/\/www.cancersdusang.ca\/sites\/default\/files\/2021-09\/2020%20LLSC%20Fact%20Sheet-Treatment-StemCellTransplant_Final_FR_0.pdf\" target=\"_blank\" rel=\"noopener\"><strong>Greffe de cellules souches du sang et de la moelle<\/strong><\/a><\/h4>\n<\/li>\n<li>\n<h4><strong><a href=\"https:\/\/www.cancersdusang.ca\/sites\/default\/files\/2021-11\/LLS1154-F-FS-CAR-T-4P-F02%20final%20with%20sponsor%20logos.pdf\" target=\"_blank\" rel=\"noopener\">Th\u00e9rapie CAR-T<\/a><\/strong><\/h4>\n<\/li>\n<li>\n<h4><strong><a href=\"https:\/\/www.cancersdusang.ca\/sites\/default\/files\/2021-11\/LLS948-F-FS-Immunotherapy-F03%20with%20sponsor%20logo.pdf\" target=\"_blank\" rel=\"noopener\">Immunoth\u00e9rapie<\/a><\/strong><\/h4>\n<\/li>\n<li>\n<h4><strong><a href=\"https:\/\/www.cancersdusang.ca\/sites\/default\/files\/2021-11\/2020%20LLSC%20Fact-Treatment-ManagingSideEffects_Final_FR%20%281%29.pdf\" target=\"_blank\" rel=\"noopener\">Gestion des effets secondaires de votre traitement<\/a><\/strong><\/h4>\n<\/li>\n<li>\n<h4><strong><a href=\"https:\/\/www.cancersdusang.ca\/sites\/default\/files\/2021-10\/LLS844-F-FS-Blood-Transfusion-F02.pdf\" target=\"_blank\" rel=\"noopener\">Transfusion sanguine<\/a><\/strong><\/h4>\n<\/li>\n<li>\n<h4><strong><a href=\"https:\/\/www.cancersdusang.ca\/sites\/default\/files\/2021-09\/2020%20LLSC%20Fact%20Sheet-Treatment-ClinicalTrials_Final_FR_0.pdf\" target=\"_blank\" rel=\"noopener\">Comprendre les essais cliniques<\/a><\/strong><\/h4>\n<\/li>\n<li>\n<h4><strong><a href=\"https:\/\/www.cancersdusang.ca\/sites\/default\/files\/2021-11\/LLS1161-F-FS-Fertility-Facts-F01.pdf\" target=\"_blank\" rel=\"noopener\">Fertilit\u00e9 et cancer<\/a><\/strong><\/h4>\n<\/li>\n<li>\n<h4><strong><a href=\"https:\/\/www.cancersdusang.ca\/sites\/default\/files\/2021-11\/LLS1163-F-FS-Support-Followig-Diagnosis-F01.pdf\" target=\"_blank\" rel=\"noopener\">Soutenir un \u00eatre cher apr\u00e8s un diagnostic de cancer<\/a><\/strong><\/h4>\n<\/li>\n<li>\n<h4><strong><a href=\"https:\/\/www.cancersdusang.ca\/sites\/default\/files\/2021-11\/LLS1160-F-FS-Comm-With-Health-Team-F01.pdf\" target=\"_blank\" rel=\"noopener\">Communiquer avec votre \u00e9quipe soignante<\/a><\/strong><\/h4>\n<\/li>\n<li>\n<h4><strong><a href=\"https:\/\/www.cancersdusang.ca\/sites\/default\/files\/2021-09\/2020%20LLSC%20Caregiver%20Fact%20Sheet-TalkingtoChildren_Final_FR.pdf\" target=\"_blank\" rel=\"noopener\">Parler aux enfants<\/a><\/strong><\/h4>\n<\/li>\n<li><\/li>\n<\/ul>\n<p>&nbsp;<\/p>\n<h3><strong>My\u00e9lome Canada<\/strong><\/h3>\n<ul>\n<li>\n<h4><strong><a title=\"Le lien s'ouvrira dans une nouvelle fen\u00eatre\" href=\"http:\/\/www.myelomacanada.ca\/ressources\/publications-educatives-de-myelome-canada\" target=\"_blank\" rel=\"noopener noreferrer\">Publications \u00e9ducatives de My\u00e9lome Canada<\/a><\/strong><\/h4>\n<\/li>\n<li>\n<h4><a href=\"https:\/\/www.myelomacanada.ca\/pixms\/uploads\/serve\/ckeditor\/myelome_canada_guide_patients_10_2017p30.pdf\" target=\"_blank\" rel=\"noopener noreferrer\"><strong>Guide destin\u00e9 aux patients atteints d&rsquo;un my\u00e9lome multiple<\/strong><\/a><\/h4>\n<\/li>\n<li>\n<h4><a href=\"https:\/\/www.myelomacanada.ca\/pixms\/uploads\/serve\/ckeditor\/caregiver_handbook_fr_11_2019_v4.pdf\" target=\"_blank\" rel=\"noopener noreferrer\"><strong>Guide destin\u00e9 aux proches aidants<\/strong><\/a><\/h4>\n<\/li>\n<li>\n<h4><a href=\"https:\/\/myelome.ca\/documents\/HighDoseTherapyAutoloStemCellTransp_Infoguide_MyelomaCan_30April2019_fr.pdf\" target=\"_blank\" rel=\"noopener noreferrer\"><strong>Traitement \u00e0 forte dose et autogreffe de cellules souches<\/strong><\/a><\/h4>\n<\/li>\n<li>\n<h4><a href=\"https:\/\/www.myelomacanada.ca\/pixms\/uploads\/serve\/ckeditor\/essais_cliniques_comme_option_de_traitement.pdf\" target=\"_blank\" rel=\"noopener noreferrer\"><strong>InfoGuide\u00a0: Essais cliniques comme option de traitement<\/strong><\/a><\/h4>\n<\/li>\n<li>\n<h4><a href=\"https:\/\/www.myelomacanada.ca\/pixms\/uploads\/serve\/ckeditor\/infoguide_bone_fr.pdf\" target=\"_blank\" rel=\"noopener noreferrer\"><strong>InfoGuide\u00a0: La maladie osseuse associ\u00e9e au my\u00e9lome multiple<\/strong><\/a><\/h4>\n<\/li>\n<li>\n<h4><a href=\"https:\/\/www.myelomacanada.ca\/pixms\/uploads\/serve\/ckeditor\/infoguide_blood_fr.pdf\" target=\"_blank\" rel=\"noopener noreferrer\"><strong>InfoGuide\u00a0: Comprendre votre formule sanguine et vos analyses de sang\u200b<\/strong><\/a><\/h4>\n<\/li>\n<li>\n<h4><a href=\"https:\/\/www.myelomacanada.ca\/pixms\/uploads\/serve\/ckeditor\/mc_kidney_booklet_fr_02_2017_lr.pdf\" target=\"_blank\" rel=\"noopener noreferrer\"><strong>InfoGuide\u00a0: Le my\u00e9lome et les reins<\/strong><\/a><\/h4>\n<\/li>\n<\/ul>\n<p>&nbsp;<\/p>\n<h3><\/h3>\n<h3><strong>Ressources \u2013 \u00c9tats-Unis<\/strong><\/h3>\n<p>&nbsp;<\/p>\n<h3><strong>Manuel Merck \u2014 Version pour le grand public\u00a0<\/strong><\/h3>\n<ul>\n<li>\n<h4><a title=\"Le lien s'ouvrira dans une nouvelle fen\u00eatre\" href=\"https:\/\/www.merckmanuals.com\/fr-ca\/accueil\/troubles-du-sang\/maladies-des-plasmocytes\/my%C3%A9lome-multiple\" target=\"_blank\" rel=\"noopener noreferrer\"><strong>My\u00e9lome multiple<\/strong><br \/>\n<\/a><\/h4>\n<\/li>\n<\/ul>\n<p>&nbsp;<\/p>\n","protected":false},"excerpt":{"rendered":"<p>Ressources \u2013 Canada &nbsp; Soci\u00e9t\u00e9 canadienne du cancer My\u00e9lome multiple : comprendre le diagnostic Qu\u2019est-ce que le my\u00e9lome multiple? Types de my\u00e9lome multiple Facteurs de risque du my\u00e9lome multiple Sympt\u00f4mes [&hellip;]<\/p>\n","protected":false},"author":2,"featured_media":0,"parent":0,"menu_order":0,"comment_status":"closed","ping_status":"closed","template":"","meta":{"footnotes":""},"class_list":["post-5991","page","type-page","status-publish","hentry"],"_links":{"self":[{"href":"https:\/\/cansupport.ca\/fr\/wp-json\/wp\/v2\/pages\/5991","targetHints":{"allow":["GET"]}}],"collection":[{"href":"https:\/\/cansupport.ca\/fr\/wp-json\/wp\/v2\/pages"}],"about":[{"href":"https:\/\/cansupport.ca\/fr\/wp-json\/wp\/v2\/types\/page"}],"author":[{"embeddable":true,"href":"https:\/\/cansupport.ca\/fr\/wp-json\/wp\/v2\/users\/2"}],"replies":[{"embeddable":true,"href":"https:\/\/cansupport.ca\/fr\/wp-json\/wp\/v2\/comments?post=5991"}],"version-history":[{"count":1,"href":"https:\/\/cansupport.ca\/fr\/wp-json\/wp\/v2\/pages\/5991\/revisions"}],"predecessor-version":[{"id":5992,"href":"https:\/\/cansupport.ca\/fr\/wp-json\/wp\/v2\/pages\/5991\/revisions\/5992"}],"wp:attachment":[{"href":"https:\/\/cansupport.ca\/fr\/wp-json\/wp\/v2\/media?parent=5991"}],"curies":[{"name":"wp","href":"https:\/\/api.w.org\/{rel}","templated":true}]}}