{"id":5988,"date":"2020-06-26T14:43:22","date_gmt":"2020-06-26T18:43:22","guid":{"rendered":"https:\/\/cansupport.ca\/mesothelioma\/"},"modified":"2022-02-21T15:47:23","modified_gmt":"2022-02-21T20:47:23","slug":"mesotheliome","status":"publish","type":"page","link":"https:\/\/cansupport.ca\/fr\/mesotheliome\/","title":{"rendered":"M\u00e9soth\u00e9liome"},"content":{"rendered":"<h3><strong>Ressources \u2013 Canada<\/strong><\/h3>\n<h3><\/h3>\n<p>&nbsp;<\/p>\n<h3><strong>Soci\u00e9t\u00e9 canadienne du cancer<\/strong><\/h3>\n<ul>\n<li>\n<h4><strong><a class=\"active\" href=\"https:\/\/www.cancer.ca\/fr-ca\/cancer-information\/cancer-type\/mesothelioma\/mesothelioma\/?region=qc\">M\u00e9soth\u00e9liome<\/a><\/strong><\/h4>\n<ul>\n<li>\n<h4><strong><a href=\"https:\/\/www.cancer.ca\/fr-ca\/cancer-information\/cancer-type\/mesothelioma\/mesothelioma\/mesothelioma\/?region=qc\">M\u00e9soth\u00e9liome<\/a><\/strong><\/h4>\n<\/li>\n<li>\n<h4><strong><a href=\"https:\/\/www.cancer.ca\/fr-ca\/cancer-information\/cancer-type\/mesothelioma\/mesothelioma\/non-cancerous-tumours\/?region=qc\">Tumeurs non canc\u00e9reuses<\/a><\/strong><\/h4>\n<\/li>\n<\/ul>\n<\/li>\n<li>\n<h4><strong><a href=\"https:\/\/www.cancer.ca\/fr-ca\/cancer-information\/cancer-type\/mesothelioma\/risks\/?region=qc\">Risques<\/a><\/strong><\/h4>\n<\/li>\n<li>\n<h4><strong><a href=\"https:\/\/www.cancer.ca\/fr-ca\/cancer-information\/cancer-type\/mesothelioma\/signs-and-symptoms\/?region=qc\">Signes et sympt\u00f4mes<\/a><\/strong><\/h4>\n<\/li>\n<li>\n<h4><strong><a href=\"https:\/\/www.cancer.ca\/fr-ca\/cancer-information\/cancer-type\/mesothelioma\/diagnosis\/?region=qc\">Diagnostic<\/a><\/strong><\/h4>\n<\/li>\n<li>\n<h4><strong><a href=\"https:\/\/www.cancer.ca\/fr-ca\/cancer-information\/cancer-type\/mesothelioma\/staging\/?region=qc\">Stadification<\/a><\/strong><\/h4>\n<\/li>\n<li>\n<h4><strong><a href=\"https:\/\/www.cancer.ca\/fr-ca\/cancer-information\/cancer-type\/mesothelioma\/if-cancer-spreads\/?region=qc\">Si le cancer se propage<\/a><\/strong><\/h4>\n<\/li>\n<li>\n<h4><strong><a href=\"https:\/\/www.cancer.ca\/fr-ca\/cancer-information\/cancer-type\/mesothelioma\/prognosis-and-survival\/?region=qc\">Pronostic et survie<\/a><\/strong><\/h4>\n<\/li>\n<li>\n<h4><strong><a href=\"https:\/\/www.cancer.ca\/fr-ca\/cancer-information\/cancer-type\/mesothelioma\/treatment\/?region=qc\">Traitement<\/a><\/strong><\/h4>\n<ul>\n<li>\n<h4><strong><a href=\"https:\/\/www.cancer.ca\/fr-ca\/cancer-information\/cancer-type\/mesothelioma\/treatment\/pleural-mesothelioma\/?region=qc\">M\u00e9soth\u00e9liome pleural<\/a><\/strong><\/h4>\n<\/li>\n<li>\n<h4><strong><a href=\"https:\/\/www.cancer.ca\/fr-ca\/cancer-information\/cancer-type\/mesothelioma\/treatment\/peritoneal-mesothelioma\/?region=qc\">M\u00e9soth\u00e9liome p\u00e9riton\u00e9al<\/a><\/strong><\/h4>\n<\/li>\n<li>\n<h4><strong><a href=\"https:\/\/www.cancer.ca\/fr-ca\/cancer-information\/cancer-type\/mesothelioma\/treatment\/surgery\/?region=qc\">Chirurgie<\/a><\/strong><\/h4>\n<\/li>\n<li>\n<h4><strong><a href=\"https:\/\/www.cancer.ca\/fr-ca\/cancer-information\/cancer-type\/mesothelioma\/treatment\/chemotherapy\/?region=qc\">Chimioth\u00e9rapie<\/a><\/strong><\/h4>\n<\/li>\n<li>\n<h4><strong><a href=\"https:\/\/www.cancer.ca\/fr-ca\/cancer-information\/cancer-type\/mesothelioma\/treatment\/radiation-therapy\/?region=qc\">Radioth\u00e9rapie<\/a><\/strong><\/h4>\n<\/li>\n<li>\n<h4><strong><a href=\"https:\/\/www.cancer.ca\/fr-ca\/cancer-information\/cancer-type\/mesothelioma\/treatment\/follow-up\/?region=qc\">Suivi<\/a><\/strong><\/h4>\n<\/li>\n<\/ul>\n<\/li>\n<li>\n<h4><strong><a href=\"https:\/\/www.cancer.ca\/fr-ca\/cancer-information\/cancer-type\/mesothelioma\/supportive-care\/?region=qc\">Soins de soutien<\/a><\/strong><\/h4>\n<\/li>\n<li>\n<h4><strong><a href=\"https:\/\/www.cancer.ca\/fr-ca\/cancer-information\/cancer-type\/mesothelioma\/statistics\/?region=qc\">Statistiques<\/a><\/strong><\/h4>\n<\/li>\n<\/ul>\n<p>&nbsp;<\/p>\n<h3><strong>Action Cancer Ontario<\/strong><\/h3>\n<ul>\n<li>\n<h4><strong><a href=\"https:\/\/www.cancercareontario.ca\/fr\/types-de-cancer\/mesotheliome\" target=\"_blank\" rel=\"noopener noreferrer\">M\u00e9soth\u00e9liome<\/a><\/strong><\/h4>\n<\/li>\n<\/ul>\n<p>&nbsp;<\/p>\n<h3><\/h3>\n<h3><strong>Ressources \u2013 \u00c9tats-Unis<\/strong><\/h3>\n<p>&nbsp;<\/p>\n<h3><strong>Manuel Merck &#8211; Version pour le grand public<\/strong><\/h3>\n<ul>\n<li>\n<h4><strong><a href=\"https:\/\/www.merckmanuals.com\/fr-ca\/accueil\/troubles-pulmonaires-et-des-voies-a%C3%A9riennes\/maladies-pulmonaires-environnementales\/m%C3%A9soth%C3%A9liome\" target=\"_blank\" rel=\"noopener noreferrer\">M\u00e9soth\u00e9liome<\/a><\/strong><\/h4>\n<\/li>\n<\/ul>\n","protected":false},"excerpt":{"rendered":"<p>Ressources \u2013 Canada &nbsp; Soci\u00e9t\u00e9 canadienne du cancer M\u00e9soth\u00e9liome M\u00e9soth\u00e9liome Tumeurs non canc\u00e9reuses Risques Signes et sympt\u00f4mes Diagnostic Stadification Si le cancer se propage Pronostic et survie Traitement M\u00e9soth\u00e9liome pleural [&hellip;]<\/p>\n","protected":false},"author":2,"featured_media":0,"parent":0,"menu_order":0,"comment_status":"closed","ping_status":"closed","template":"","meta":{"footnotes":""},"class_list":["post-5988","page","type-page","status-publish","hentry"],"_links":{"self":[{"href":"https:\/\/cansupport.ca\/fr\/wp-json\/wp\/v2\/pages\/5988","targetHints":{"allow":["GET"]}}],"collection":[{"href":"https:\/\/cansupport.ca\/fr\/wp-json\/wp\/v2\/pages"}],"about":[{"href":"https:\/\/cansupport.ca\/fr\/wp-json\/wp\/v2\/types\/page"}],"author":[{"embeddable":true,"href":"https:\/\/cansupport.ca\/fr\/wp-json\/wp\/v2\/users\/2"}],"replies":[{"embeddable":true,"href":"https:\/\/cansupport.ca\/fr\/wp-json\/wp\/v2\/comments?post=5988"}],"version-history":[{"count":1,"href":"https:\/\/cansupport.ca\/fr\/wp-json\/wp\/v2\/pages\/5988\/revisions"}],"predecessor-version":[{"id":5989,"href":"https:\/\/cansupport.ca\/fr\/wp-json\/wp\/v2\/pages\/5988\/revisions\/5989"}],"wp:attachment":[{"href":"https:\/\/cansupport.ca\/fr\/wp-json\/wp\/v2\/media?parent=5988"}],"curies":[{"name":"wp","href":"https:\/\/api.w.org\/{rel}","templated":true}]}}