{"id":5986,"date":"2020-05-28T13:46:30","date_gmt":"2020-05-28T17:46:30","guid":{"rendered":"https:\/\/cansupport.ca\/skin-cancer\/"},"modified":"2022-02-21T15:46:19","modified_gmt":"2022-02-21T20:46:19","slug":"cancer-de-la-peau","status":"publish","type":"page","link":"https:\/\/cansupport.ca\/fr\/cancer-de-la-peau\/","title":{"rendered":"Cancer de la peau"},"content":{"rendered":"<h3><\/h3>\n<h3><strong>Ressources \u2013 CUSM<\/strong><\/h3>\n<p>&nbsp;<\/p>\n<h3><strong>Office d&rsquo;\u00e9ducation des patients du CUSM<\/strong><\/h3>\n<ul>\n<li>\n<h4><strong><a href=\"https:\/\/educationdespatientscusm.ca\/guides-sur-le-cancer\/trouver-un-cancer\/cancer-de-la-peau.html?parentID=300&amp;sectionID=345\" target=\"_blank\" rel=\"noopener noreferrer\">Guides sur le cancer de la peau<\/a><\/strong><\/h4>\n<\/li>\n<li>\n<h4><strong><a class=\"nomGuide\" title=\"skin_cancer_infosheet2007FNL_fr\" href=\"https:\/\/educationdespatientscusm.ca\/DATA\/GUIDE\/412_fr~v~cancer-de-la-peau-non-realise-par-loffice-deducation-des-patients-du-cusm-.pdf\" target=\"_blank\" rel=\"noopener noreferrer\">Cancer de la peau<\/a><\/strong><\/h4>\n<\/li>\n<li>\n<h4><strong><a href=\"http:\/\/muhcguides.com\/module\/skin-cancer\" target=\"_blank\" rel=\"noopener noreferrer\">Module &#8211; Cancer de la peau<\/a><\/strong><\/h4>\n<\/li>\n<\/ul>\n<p>&nbsp;<\/p>\n<p>&nbsp;<\/p>\n<h3><strong>Ressources \u2013 Canada<\/strong><\/h3>\n<p>&nbsp;<\/p>\n<h3><strong>Soci\u00e9t\u00e9 canadienne du cancer<\/strong><\/h3>\n<ul>\n<li>\n<h4><strong><a href=\"https:\/\/www.cancer.ca\/fr-ca\/cancer-information\/cancer-type\/skin-non-melanoma\/non-melanoma-skin-cancer\/?region=qc\" target=\"_blank\" rel=\"noopener noreferrer\">Qu\u2019est-ce que le cancer de la peau autre que le m\u00e9lanome?<\/a><\/strong><\/h4>\n<\/li>\n<li>\n<h4><strong><a id=\"pagecontent_0_ctl01_ctl00_7_TitleLink_7\" href=\"https:\/\/cdn.cancer.ca\/-\/media\/files\/cancer-information\/resources\/publications\/non-melanoma-skin-cancer\/32090-non-melenoma-skin-cancer-uyd-fr.pdf?rev=5638fbe9541145248fee08ea88fed05d&amp;hash=FC9AD34AD165EA71227EEEDA41EB7417&amp;_ga=2.180687719.1978999423.1644328890-359541453.1642085334\" target=\"_blank\" rel=\"noopener noreferrer\">Cancer de la peau autre que le m\u00e9lanome : Comprendre le diagnostic<\/a><\/strong><\/h4>\n<\/li>\n<li>\n<h4><strong><a href=\"https:\/\/www.cancer.ca\/fr-ca\/cancer-information\/cancer-type\/skin-melanoma\/melanoma\/?region=qc\" target=\"_blank\" rel=\"noopener noreferrer\">Qu\u2019est-ce que le m\u00e9lanome?<\/a>\u00a0<\/strong><\/h4>\n<\/li>\n<li>\n<h4><strong><a id=\"pagecontent_0_ctl01_ctl00_37_TitleLink_37\" href=\"https:\/\/cdn.cancer.ca\/-\/media\/files\/cancer-information\/resources\/publications\/melanoma-uyd\/32089-melanoma-uyd-fr.pdf?rev=e70ea9ed5d04479caae1d32ac0d2a41a&amp;hash=3267AB6378EADF0D6B3B0B5C086DED05&amp;_ga=2.158872698.1978999423.1644328890-359541453.1642085334\" target=\"_blank\" rel=\"noopener noreferrer\">M\u00e9lanome : Comprendre le diagnostic<\/a><\/strong><\/h4>\n<\/li>\n<\/ul>\n<p>&nbsp;<\/p>\n<h3><strong>Gouvernement du Canada<\/strong><\/h3>\n<ul>\n<li>\n<h4><strong><a href=\"http:\/\/www.canadiensensante.gc.ca\/environment-environnement\/sun-soleil\/skin-cancer-peau-fra.php?_ga=1.27430140.196329739.1397586507\">Cancer de la peau<\/a>\u00a0<\/strong><\/h4>\n<\/li>\n<\/ul>\n<p>&nbsp;<\/p>\n<h3><strong>R\u00e9seau m\u00e9lanome Canada<\/strong><\/h3>\n<ul>\n<li>\n<h4><strong><a href=\"https:\/\/www.melanomanetwork.ca\/fr\/quest-ce-que-le-melanome\/\" target=\"_blank\" rel=\"noopener noreferrer\">Qu\u2019est-ce que le m\u00e9lanome?<\/a><\/strong><\/h4>\n<\/li>\n<li>\n<h4><strong><a href=\"https:\/\/www.melanomanetwork.ca\/fr\/types-de-melanome\/\" target=\"_blank\" rel=\"noopener noreferrer\">Types de m\u00e9lanome<\/a><\/strong><\/h4>\n<\/li>\n<li>\n<h4><strong><a href=\"https:\/\/www.melanomanetwork.ca\/fr\/cancer-de-la-peau-non-melanome\/\" target=\"_blank\" rel=\"noopener noreferrer\">Cancer de la peau non-m\u00e9lanome<\/a><\/strong><\/h4>\n<\/li>\n<li>\n<h4><strong><a href=\"https:\/\/www.melanomanetwork.ca\/fr\/questcec\/#\" target=\"_blank\" rel=\"noopener noreferrer\">Carcinome \u00e9pidermo\u00efde cutan\u00e9<\/a><\/strong><\/h4>\n<\/li>\n<li>\n<h4><strong><a href=\"https:\/\/www.melanomanetwork.ca\/fr\/les-stades-du-melanome\/\" target=\"_blank\" rel=\"noopener noreferrer\">Les stades du m\u00e9lanome<\/a><\/strong><\/h4>\n<\/li>\n<li>\n<h4><strong><a href=\"https:\/\/www.melanomanetwork.ca\/fr\/questions-a-poser-a-votre-medecin\/\" target=\"_blank\" rel=\"noopener noreferrer\">Questions \u00e0 poser \u00e0 votre m\u00e9decin<\/a><\/strong><\/h4>\n<\/li>\n<li>\n<h4><strong><a href=\"https:\/\/www.melanomanetwork.ca\/fr\/composer-avec-un-diagnostic\/\" target=\"_blank\" rel=\"noopener noreferrer\">Composer avec un diagnostic<\/a><\/strong><\/h4>\n<\/li>\n<li>\n<h4><strong><a href=\"https:\/\/www.melanomanetwork.ca\/fr\/prise-en-charge-du-lymphoedeme-par-les-patients-atteints-dun-melanome\/\" target=\"_blank\" rel=\"noopener noreferrer\">Prise en charge du lymph\u0153d\u00e8me par les patients atteints d\u2019un m\u00e9lanome<\/a><\/strong><\/h4>\n<\/li>\n<li>\n<h4><strong><a href=\"https:\/\/www.melanomanetwork.ca\/fr\/rmc-publications\/\" target=\"_blank\" rel=\"noopener noreferrer\">Publications de R\u00e9seau m\u00e9lanome Canada<\/a> (disponible en ligne pour t\u00e9l\u00e9chargement)<\/strong><\/h4>\n<\/li>\n<\/ul>\n<p>&nbsp;<\/p>\n<h3><strong>Action Cancer Ontario<\/strong><\/h3>\n<ul>\n<li>\n<h4><strong><a href=\"https:\/\/www.cancercareontario.ca\/fr\/types-de-cancer\/melanome\" target=\"_blank\" rel=\"noopener noreferrer\">M\u00e9lanome<\/a><\/strong><\/h4>\n<\/li>\n<\/ul>\n<h4><\/h4>\n<p>&nbsp;<\/p>\n<p>&nbsp;<\/p>\n<h3><strong>Ressources \u2013 \u00c9tats-Unis<\/strong><\/h3>\n<p>&nbsp;<\/p>\n<h3><strong>Manuel Merck &#8211; Version pour le grand public<\/strong><\/h3>\n<div class=\"chapter__column\">\n<ul>\n<li>\n<h4><strong><a href=\"https:\/\/www.merckmanuals.com\/fr-ca\/accueil\/troubles-cutan%C3%A9s\/cancers-de-la-peau\/pr%C3%A9sentation-des-cancers-de-la-peau\">Pr\u00e9sentation des cancers de la peau<\/a><\/strong><\/h4>\n<\/li>\n<li>\n<h4><strong><a href=\"https:\/\/www.merckmanuals.com\/fr-ca\/accueil\/troubles-cutan%C3%A9s\/cancers-de-la-peau\/fibroxanthome-atypique\">Fibroxanthome atypique<\/a><\/strong><\/h4>\n<\/li>\n<li>\n<h4><strong><a href=\"https:\/\/www.merckmanuals.com\/fr-ca\/accueil\/troubles-cutan%C3%A9s\/cancers-de-la-peau\/carcinome-basocellulaire\">Carcinome basocellulaire<\/a><\/strong><\/h4>\n<\/li>\n<li>\n<h4><strong><a href=\"https:\/\/www.merckmanuals.com\/fr-ca\/accueil\/troubles-cutan%C3%A9s\/cancers-de-la-peau\/maladie-de-bowen\">Maladie de Bowen<\/a><\/strong><\/h4>\n<\/li>\n<\/ul>\n<\/div>\n<ul>\n<li>\n<h4><strong><a href=\"https:\/\/www.merckmanuals.com\/fr-ca\/accueil\/troubles-cutan%C3%A9s\/cancers-de-la-peau\/sarcome-de-kaposi\">Sarcome de Kaposi<\/a><\/strong><\/h4>\n<\/li>\n<li>\n<h4><strong><a href=\"https:\/\/www.merckmanuals.com\/fr-ca\/accueil\/troubles-cutan%C3%A9s\/cancers-de-la-peau\/k%C3%A9rato-acanthomes\">K\u00e9rato-acanthomes<\/a><\/strong><\/h4>\n<\/li>\n<li>\n<h4><strong><a href=\"https:\/\/www.merckmanuals.com\/fr-ca\/accueil\/troubles-cutan%C3%A9s\/cancers-de-la-peau\/m%C3%A9lanome\">M\u00e9lanome<\/a><\/strong><\/h4>\n<\/li>\n<\/ul>\n<div class=\"chapter__column\">\n<ul>\n<li>\n<h4><strong><a href=\"https:\/\/www.merckmanuals.com\/fr-ca\/accueil\/troubles-cutan%C3%A9s\/cancers-de-la-peau\/carcinome-%C3%A0-cellules-de-merkel\">Carcinome \u00e0 cellules de Merkel<\/a><\/strong><\/h4>\n<\/li>\n<li>\n<h4><strong><a href=\"https:\/\/www.merckmanuals.com\/fr-ca\/accueil\/troubles-cutan%C3%A9s\/cancers-de-la-peau\/maladie-de-paget-du-mamelon\">Maladie de Paget du mamelon<\/a><\/strong><\/h4>\n<\/li>\n<li>\n<h4><strong><a href=\"https:\/\/www.merckmanuals.com\/fr-ca\/accueil\/troubles-cutan%C3%A9s\/cancers-de-la-peau\/carcinome-%C3%A9pidermo%C3%AFde\">Carcinome \u00e9pidermo\u00efde<\/a><\/strong><\/h4>\n<\/li>\n<\/ul>\n<p>&nbsp;<\/p>\n<\/div>\n","protected":false},"excerpt":{"rendered":"<p>Ressources \u2013 CUSM &nbsp; Office d&rsquo;\u00e9ducation des patients du CUSM Guides sur le cancer de la peau Cancer de la peau Module &#8211; Cancer de la peau &nbsp; &nbsp; Ressources [&hellip;]<\/p>\n","protected":false},"author":2,"featured_media":0,"parent":0,"menu_order":0,"comment_status":"closed","ping_status":"closed","template":"","meta":{"footnotes":""},"class_list":["post-5986","page","type-page","status-publish","hentry"],"_links":{"self":[{"href":"https:\/\/cansupport.ca\/fr\/wp-json\/wp\/v2\/pages\/5986","targetHints":{"allow":["GET"]}}],"collection":[{"href":"https:\/\/cansupport.ca\/fr\/wp-json\/wp\/v2\/pages"}],"about":[{"href":"https:\/\/cansupport.ca\/fr\/wp-json\/wp\/v2\/types\/page"}],"author":[{"embeddable":true,"href":"https:\/\/cansupport.ca\/fr\/wp-json\/wp\/v2\/users\/2"}],"replies":[{"embeddable":true,"href":"https:\/\/cansupport.ca\/fr\/wp-json\/wp\/v2\/comments?post=5986"}],"version-history":[{"count":1,"href":"https:\/\/cansupport.ca\/fr\/wp-json\/wp\/v2\/pages\/5986\/revisions"}],"predecessor-version":[{"id":5987,"href":"https:\/\/cansupport.ca\/fr\/wp-json\/wp\/v2\/pages\/5986\/revisions\/5987"}],"wp:attachment":[{"href":"https:\/\/cansupport.ca\/fr\/wp-json\/wp\/v2\/media?parent=5986"}],"curies":[{"name":"wp","href":"https:\/\/api.w.org\/{rel}","templated":true}]}}