{"id":5984,"date":"2020-05-25T18:53:34","date_gmt":"2020-05-25T22:53:34","guid":{"rendered":"https:\/\/cansupport.ca\/non-hodgkin-lymphoma\/"},"modified":"2022-02-21T15:45:12","modified_gmt":"2022-02-21T20:45:12","slug":"lymphome-non-hodgkinien","status":"publish","type":"page","link":"https:\/\/cansupport.ca\/fr\/lymphome-non-hodgkinien\/","title":{"rendered":"Lymphome non hodgkinien"},"content":{"rendered":"<h2><strong>Sujet connexe: <a href=\"https:\/\/cansupport.ca\/fr\/lymphome\/\">Lymphome<\/a><\/strong><\/h2>\n<p>&nbsp;<\/p>\n<h3><strong>Ressources \u2013 CUSM<\/strong><\/h3>\n<h3><strong>Office d&rsquo;\u00e9ducation des patients du CUSM<\/strong><\/h3>\n<ul>\n<li>\n<h4><strong><a href=\"https:\/\/educationdespatientscusm.ca\/DATA\/GUIDE\/720_fr~v~la-greffe-de-cellules-souches.pdf\" target=\"_blank\" rel=\"noopener noreferrer\">Guide sur la greffe de cellules souches<\/a><\/strong><\/h4>\n<\/li>\n<\/ul>\n<p>&nbsp;<\/p>\n<h3><strong>Ressources \u2013 Canada<\/strong><\/h3>\n<h3><strong>Soci\u00e9t\u00e9 canadienne du cancer<\/strong><\/h3>\n<ul>\n<li>\n<h4><strong><a title=\"Le lien s'ouvrira dans une nouvelle fen\u00eatre\" href=\"http:\/\/www.cancer.ca\/fr-ca\/cancer-information\/cancer-type\/non-hodgkin-lymphoma\/non-hodgkin-lymphoma\/?region=qc\" target=\"_blank\" rel=\"noopener noreferrer\">Qu\u2019est-ce que le lymphome non hodgkinien?<\/a><\/strong><\/h4>\n<\/li>\n<li>\n<h4><strong><a title=\"Le lien s'ouvrira dans une nouvelle fen\u00eatre\" href=\"http:\/\/www.cancer.ca\/fr-ca\/cancer-information\/cancer-type\/non-hodgkin-lymphoma\/risks\/?region=qc\" target=\"_blank\" rel=\"noopener noreferrer\">Facteurs de risque du lymphome non hodgkinien<\/a><\/strong><\/h4>\n<\/li>\n<li>\n<h4><strong><a title=\"Le lien s'ouvrira dans une nouvelle fen\u00eatre\" href=\"http:\/\/www.cancer.ca\/fr-ca\/cancer-information\/cancer-type\/non-hodgkin-lymphoma\/signs-and-symptoms\/?region=qc\" target=\"_blank\" rel=\"noopener noreferrer\">Sympt\u00f4mes du lymphome non hodgkinien<\/a><\/strong><\/h4>\n<\/li>\n<li>\n<h4><strong><a title=\"Le lien s'ouvrira dans une nouvelle fen\u00eatre\" href=\"http:\/\/www.cancer.ca\/fr-ca\/cancer-information\/cancer-type\/non-hodgkin-lymphoma\/diagnosis\/?region=qc\" target=\"_blank\" rel=\"noopener noreferrer\">Diagnostic du lymphome non hodgkinien<\/a><\/strong><\/h4>\n<\/li>\n<li>\n<h4><strong><a title=\"Le lien s'ouvrira dans une nouvelle fen\u00eatre\" href=\"http:\/\/www.cancer.ca\/fr-ca\/cancer-information\/cancer-type\/non-hodgkin-lymphoma\/grading\/?region=qc\" target=\"_blank\" rel=\"noopener noreferrer\">Classification histologique du lymphome non hodgkinien<\/a><\/strong><\/h4>\n<\/li>\n<li>\n<h4><strong><a title=\"Le lien s'ouvrira dans une nouvelle fen\u00eatre\" href=\"http:\/\/www.cancer.ca\/fr-ca\/cancer-information\/cancer-type\/non-hodgkin-lymphoma\/staging\/?region=qc\" target=\"_blank\" rel=\"noopener noreferrer\">Stades du lymphome non hodgkinien<\/a><\/strong><\/h4>\n<\/li>\n<li>\n<h4><strong><a title=\"Le lien s'ouvrira dans une nouvelle fen\u00eatre\" href=\"http:\/\/www.cancer.ca\/fr-ca\/cancer-information\/cancer-type\/non-hodgkin-lymphoma\/if-cancer-spreads\/?region=qc\" target=\"_blank\" rel=\"noopener noreferrer\">Si le lymphome non hodgkinien se propage<\/a><\/strong><\/h4>\n<\/li>\n<li>\n<h4><strong><a title=\"Le lien s'ouvrira dans une nouvelle fen\u00eatre\" href=\"http:\/\/www.cancer.ca\/fr-ca\/cancer-information\/cancer-type\/non-hodgkin-lymphoma\/prognosis-and-survival\/?region=qc\" target=\"_blank\" rel=\"noopener noreferrer\">Pronostic et survie pour le lymphome non hodgkinien<\/a><\/strong><\/h4>\n<\/li>\n<li>\n<h4><strong><a title=\"Le lien s'ouvrira dans une nouvelle fen\u00eatre\" href=\"http:\/\/www.cancer.ca\/fr-ca\/cancer-information\/cancer-type\/non-hodgkin-lymphoma\/treatment\/?region=qc\" target=\"_blank\" rel=\"noopener noreferrer\">Traitement du lymphome non hodgkinien<\/a><\/strong><\/h4>\n<\/li>\n<li>\n<h4><strong><a title=\"Le lien s'ouvrira dans une nouvelle fen\u00eatre\" href=\"http:\/\/www.cancer.ca\/fr-ca\/cancer-information\/cancer-type\/non-hodgkin-lymphoma\/supportive-care\/?region=qc\" target=\"_blank\" rel=\"noopener noreferrer\">Soins de soutien pour le lymphome non hodgkinien<\/a><\/strong><\/h4>\n<\/li>\n<li>\n<h4><strong><a title=\"Le lien s'ouvrira dans une nouvelle fen\u00eatre\" href=\"http:\/\/www.cancer.ca\/fr-ca\/cancer-information\/cancer-type\/non-hodgkin-lymphoma\/research\/?region=qc\" target=\"_blank\" rel=\"noopener noreferrer\">Recherche sur le lymphome non hodgkinien<\/a><\/strong><\/h4>\n<\/li>\n<li>\n<h4><strong><a href=\"https:\/\/www.cancer.ca\/fr-ca\/cancer-information\/cancer-type\/non-hodgkin-lymphoma\/statistics\/?region=qc\" target=\"_blank\" rel=\"noopener noreferrer\">Statistiques sur le lymphome non hodgkinien<\/a><\/strong><\/h4>\n<\/li>\n<li>\n<h4><a href=\"https:\/\/cdn.cancer.ca\/-\/media\/files\/cancer-information\/resources\/publications\/hodgkin-lymphoma-uyd\/32046-hodgkin-lymphoma-uyd-fr.pdf?rev=f311897805b8466e9ca0ee84b2dbcfd7&amp;hash=F5C5AD2C062C257BB8D258EE740A72E2&amp;_ga=2.127918729.506461026.1643647835-359541453.1642085334\" target=\"_blank\" rel=\"noopener noreferrer\"><strong>Lymphome non hodgkinien: Comprendre le diagnostic<\/strong><\/a><\/h4>\n<\/li>\n<\/ul>\n<p>&nbsp;<\/p>\n<h3><strong>Soci\u00e9t\u00e9 de leuc\u00e9mie et lymphome du Canada<\/strong><\/h3>\n<ul>\n<li>\n<h4><strong><a title=\"Le lien s'ouvrira dans une nouvelle fen\u00eatre\" href=\"http:\/\/www.sllcanada.org\/lymphome\/lymphome-non-hodgkinien\" target=\"_blank\" rel=\"noopener noreferrer\">Lymphome non hodgkinien<\/a><\/strong><\/h4>\n<\/li>\n<li>\n<h4><strong><a href=\"https:\/\/www.cancersdusang.ca\/bibliotheque-de-ressources?field_audience_type_target_id=All&amp;field_topic_target_id%5B316%5D=316&amp;combine=&amp;items_per_page=10\" target=\"_blank\" rel=\"noopener\">Biblioth\u00e8que de ressources sur le lymphome<\/a><\/strong><\/h4>\n<\/li>\n<li>\n<h4><strong><a href=\"https:\/\/www.cancersdusang.ca\/sites\/default\/files\/2021-09\/2021%20LLSC%20Booklet-PracticalSupport-ChemoBrainFatigue_Final_FR.pdf\" target=\"_blank\" rel=\"noopener\">Composer avec la dysfonction cognitive et la fatigue li\u00e9es au cancer<\/a><\/strong><\/h4>\n<\/li>\n<li>\n<h4><a href=\"https:\/\/www.cancersdusang.ca\/sites\/default\/files\/2021-09\/2020%20LLSC%20Fact%20Sheet-Treatment-StemCellTransplant_Final_FR_0.pdf\" target=\"_blank\" rel=\"noopener\"><strong>Greffe de cellules souches du sang et de la moelle<\/strong><\/a><\/h4>\n<\/li>\n<li>\n<h4><strong><a href=\"https:\/\/www.cancersdusang.ca\/sites\/default\/files\/2021-11\/LLS1154-F-FS-CAR-T-4P-F02%20final%20with%20sponsor%20logos.pdf\" target=\"_blank\" rel=\"noopener\">Th\u00e9rapie CAR-T<\/a><\/strong><\/h4>\n<\/li>\n<li>\n<h4><strong><a href=\"https:\/\/www.cancersdusang.ca\/sites\/default\/files\/2021-11\/LLS948-F-FS-Immunotherapy-F03%20with%20sponsor%20logo.pdf\" target=\"_blank\" rel=\"noopener\">Immunoth\u00e9rapie<\/a><\/strong><\/h4>\n<\/li>\n<li>\n<h4><strong><a href=\"https:\/\/www.cancersdusang.ca\/sites\/default\/files\/2021-11\/2020%20LLSC%20Fact-Treatment-ManagingSideEffects_Final_FR%20%281%29.pdf\" target=\"_blank\" rel=\"noopener\">Gestion des effets secondaires de votre traitement<\/a><\/strong><\/h4>\n<\/li>\n<li>\n<h4><strong><a href=\"https:\/\/www.cancersdusang.ca\/sites\/default\/files\/2021-10\/LLS844-F-FS-Blood-Transfusion-F02.pdf\" target=\"_blank\" rel=\"noopener\">Transfusion sanguine<\/a><\/strong><\/h4>\n<\/li>\n<li>\n<h4><strong><a href=\"https:\/\/www.cancersdusang.ca\/sites\/default\/files\/2021-09\/2020%20LLSC%20Fact%20Sheet-Treatment-ClinicalTrials_Final_FR_0.pdf\" target=\"_blank\" rel=\"noopener\">Comprendre les essais cliniques<\/a><\/strong><\/h4>\n<\/li>\n<li>\n<h4><strong><a href=\"https:\/\/www.cancersdusang.ca\/sites\/default\/files\/2021-11\/LLS1161-F-FS-Fertility-Facts-F01.pdf\" target=\"_blank\" rel=\"noopener\">Fertilit\u00e9 et cancer<\/a><\/strong><\/h4>\n<\/li>\n<li>\n<h4><strong><a href=\"https:\/\/www.cancersdusang.ca\/sites\/default\/files\/2021-11\/LLS1163-F-FS-Support-Followig-Diagnosis-F01.pdf\" target=\"_blank\" rel=\"noopener\">Soutenir un \u00eatre cher apr\u00e8s un diagnostic de cancer<\/a><\/strong><\/h4>\n<\/li>\n<li>\n<h4><strong><a href=\"https:\/\/www.cancersdusang.ca\/sites\/default\/files\/2021-11\/LLS1160-F-FS-Comm-With-Health-Team-F01.pdf\" target=\"_blank\" rel=\"noopener\">Communiquer avec votre \u00e9quipe soignante<\/a><\/strong><\/h4>\n<\/li>\n<li>\n<h4><strong><a href=\"https:\/\/www.cancersdusang.ca\/sites\/default\/files\/2021-09\/2020%20LLSC%20Caregiver%20Fact%20Sheet-TalkingtoChildren_Final_FR.pdf\" target=\"_blank\" rel=\"noopener\">Parler aux enfants<\/a><\/strong><\/h4>\n<\/li>\n<\/ul>\n<p>&nbsp;<\/p>\n<h3><strong>Lymphome Canada<\/strong><\/h3>\n<ul>\n<li>\n<h4><strong><a href=\"https:\/\/www.lymphoma.ca\/fr\/le-lymphome\/les-differents-types-de-lymphomes-non-hodgkiniens\/lymphome-non-hodgkinien\/\" target=\"_blank\" rel=\"noopener noreferrer\">Lymphome non-Hodgkinien<\/a><\/strong><\/h4>\n<\/li>\n<li>\n<h4><strong><a href=\"https:\/\/www.lymphoma.ca\/fr\/le-lymphome\/les-differents-types-de-lymphomes-non-hodgkiniens\/symptomes-du-lymphome\/\" target=\"_blank\" rel=\"noopener noreferrer\">Sympt\u00f4mes du lymphome<\/a><\/strong><\/h4>\n<\/li>\n<li>\n<h4><strong><a href=\"https:\/\/www.lymphoma.ca\/fr\/le-lymphome\/les-differents-types-de-lymphomes-non-hodgkiniens\/causes-des-lymphomes\/\" target=\"_blank\" rel=\"noopener noreferrer\">Causes des lymphomes<\/a><\/strong><\/h4>\n<\/li>\n<li>\n<h4><strong><a href=\"https:\/\/www.lymphoma.ca\/fr\/le-lymphome\/les-differents-types-de-lymphomes-non-hodgkiniens\/classification-des-lymphomes-non-hodgkiniens\/\" target=\"_blank\" rel=\"noopener noreferrer\">Classification des lymphomes non hodgkiniens<\/a><\/strong><\/h4>\n<\/li>\n<li>\n<h4><strong><a href=\"https:\/\/www.lymphoma.ca\/fr\/le-lymphome\/les-differents-types-de-lymphomes-non-hodgkiniens\/lymphome-non-hodgkinien\/traitement-pour-le-lnh-agressif-en-recidive\/\" target=\"_blank\" rel=\"noopener noreferrer\">Traitement pour le LNH agressif en r\u00e9cidive<\/a><\/strong><\/h4>\n<\/li>\n<li>\n<h4><strong><a href=\"https:\/\/www.lymphoma.ca\/fr\/le-lymphome\/les-differents-types-de-lymphomes-non-hodgkiniens\/lymphome-non-hodgkinien\/traitement-du-lnh-indolent-en-recidive\/\" target=\"_blank\" rel=\"noopener noreferrer\">Traitement du LNH indolent en r\u00e9cidive<\/a><\/strong><\/h4>\n<\/li>\n<li>\n<h4><strong><a href=\"https:\/\/www.lymphoma.ca\/fr\/le-lymphome\/les-differents-types-de-lymphomes-non-hodgkiniens\/traitement\/\" target=\"_blank\" rel=\"noopener noreferrer\">Traitement<\/a><\/strong><\/h4>\n<ul>\n<li>\n<h4><strong><a href=\"https:\/\/www.lymphoma.ca\/fr\/le-lymphome\/les-differents-types-de-lymphomes-non-hodgkiniens\/traitement\/objectifs-du-traitement\/\" target=\"_blank\" rel=\"noopener noreferrer\">Objectifs du traitement<\/a><\/strong><\/h4>\n<\/li>\n<li>\n<h4><strong><a href=\"https:\/\/www.lymphoma.ca\/fr\/le-lymphome\/les-differents-types-de-lymphomes-non-hodgkiniens\/traitement\/observer-et-attendre\/\" target=\"_blank\" rel=\"noopener noreferrer\">Observer et attendre<\/a><\/strong><\/h4>\n<\/li>\n<li>\n<h4><strong><a href=\"https:\/\/www.lymphoma.ca\/fr\/le-lymphome\/les-differents-types-de-lymphomes-non-hodgkiniens\/traitement\/produits-biologiques\/\" target=\"_blank\" rel=\"noopener noreferrer\">Produits biologiques<\/a><\/strong><\/h4>\n<\/li>\n<li>\n<h4><strong><a href=\"https:\/\/www.lymphoma.ca\/fr\/le-lymphome\/les-differents-types-de-lymphomes-non-hodgkiniens\/traitement\/traitement-general-par-chimiotherapie\/\" target=\"_blank\" rel=\"noopener noreferrer\">Traitement g\u00e9n\u00e9ral par chimioth\u00e9rapie<\/a><\/strong><\/h4>\n<\/li>\n<li>\n<h4><strong><a href=\"https:\/\/www.lymphoma.ca\/fr\/le-lymphome\/les-differents-types-de-lymphomes-non-hodgkiniens\/traitement\/traitement-general-par-rayons-x\/\" target=\"_blank\" rel=\"noopener noreferrer\">Traitement g\u00e9n\u00e9ral par rayons X<\/a><\/strong><\/h4>\n<\/li>\n<li>\n<h4><strong><a href=\"https:\/\/www.lymphoma.ca\/fr\/le-lymphome\/les-differents-types-de-lymphomes-non-hodgkiniens\/traitement\/chirurgie-generale\/\" target=\"_blank\" rel=\"noopener noreferrer\">Chirurgie g\u00e9n\u00e9rale<\/a><\/strong><\/h4>\n<\/li>\n<li>\n<h4><strong><a href=\"https:\/\/www.lymphoma.ca\/fr\/le-lymphome\/les-differents-types-de-lymphomes-non-hodgkiniens\/traitement\/greffe-de-moelle-osseuse\/\" target=\"_blank\" rel=\"noopener noreferrer\">Greffe de moelle osseuse<\/a><\/strong><\/h4>\n<\/li>\n<li>\n<h4><strong><a href=\"https:\/\/www.lymphoma.ca\/fr\/le-lymphome\/les-differents-types-de-lymphomes-non-hodgkiniens\/traitement\/traitements-complementaires\/\" target=\"_blank\" rel=\"noopener noreferrer\">Traitements compl\u00e9mentaires<\/a><\/strong><\/h4>\n<\/li>\n<li>\n<h4><strong><a href=\"https:\/\/www.lymphoma.ca\/fr\/le-lymphome\/les-differents-types-de-lymphomes-non-hodgkiniens\/traitement\/gestion-des-effets-secondaires\/\" target=\"_blank\" rel=\"noopener noreferrer\">Gestion des effets secondaires<\/a><\/strong><\/h4>\n<\/li>\n<li>\n<h4><strong><a href=\"https:\/\/www.lymphoma.ca\/fr\/le-lymphome\/les-differents-types-de-lymphomes-non-hodgkiniens\/traitement\/postcure\/\" target=\"_blank\" rel=\"noopener noreferrer\">Post traitement<\/a><\/strong><\/h4>\n<\/li>\n<\/ul>\n<\/li>\n<\/ul>\n<p>&nbsp;<\/p>\n<h3><\/h3>\n<h3><strong>Ressources \u2013 \u00c9tats-Unis<\/strong><\/h3>\n<h3><strong>Manuel Merck \u2014 Version pour le grand public<\/strong><\/h3>\n<ul>\n<li>\n<h4><strong><a title=\"Le lien s'ouvrira dans une nouvelle fen\u00eatre\" href=\"https:\/\/www.merckmanuals.com\/fr-ca\/accueil\/troubles-du-sang\/lymphomes\/lymphomes-non-hodgkiniens\" target=\"_blank\" rel=\"noopener noreferrer\">Lymphomes non hodgkiniens<\/a><\/strong><\/h4>\n<\/li>\n<\/ul>\n","protected":false},"excerpt":{"rendered":"<p>Sujet connexe: Lymphome &nbsp; Ressources \u2013 CUSM Office d&rsquo;\u00e9ducation des patients du CUSM Guide sur la greffe de cellules souches &nbsp; Ressources \u2013 Canada Soci\u00e9t\u00e9 canadienne du cancer Qu\u2019est-ce que [&hellip;]<\/p>\n","protected":false},"author":2,"featured_media":0,"parent":0,"menu_order":0,"comment_status":"closed","ping_status":"closed","template":"","meta":{"footnotes":""},"class_list":["post-5984","page","type-page","status-publish","hentry"],"_links":{"self":[{"href":"https:\/\/cansupport.ca\/fr\/wp-json\/wp\/v2\/pages\/5984","targetHints":{"allow":["GET"]}}],"collection":[{"href":"https:\/\/cansupport.ca\/fr\/wp-json\/wp\/v2\/pages"}],"about":[{"href":"https:\/\/cansupport.ca\/fr\/wp-json\/wp\/v2\/types\/page"}],"author":[{"embeddable":true,"href":"https:\/\/cansupport.ca\/fr\/wp-json\/wp\/v2\/users\/2"}],"replies":[{"embeddable":true,"href":"https:\/\/cansupport.ca\/fr\/wp-json\/wp\/v2\/comments?post=5984"}],"version-history":[{"count":1,"href":"https:\/\/cansupport.ca\/fr\/wp-json\/wp\/v2\/pages\/5984\/revisions"}],"predecessor-version":[{"id":5985,"href":"https:\/\/cansupport.ca\/fr\/wp-json\/wp\/v2\/pages\/5984\/revisions\/5985"}],"wp:attachment":[{"href":"https:\/\/cansupport.ca\/fr\/wp-json\/wp\/v2\/media?parent=5984"}],"curies":[{"name":"wp","href":"https:\/\/api.w.org\/{rel}","templated":true}]}}