{"id":5980,"date":"2020-05-25T17:48:04","date_gmt":"2020-05-25T21:48:04","guid":{"rendered":"https:\/\/cansupport.ca\/lymphoma\/"},"modified":"2022-02-21T15:42:58","modified_gmt":"2022-02-21T20:42:58","slug":"lymphome","status":"publish","type":"page","link":"https:\/\/cansupport.ca\/fr\/lymphome\/","title":{"rendered":"Lymphome"},"content":{"rendered":"<h3><strong>Ressources \u2013 CUSM<\/strong><\/h3>\n<h3><strong>Office d&rsquo;\u00e9ducation des patients du CUSM<\/strong><\/h3>\n<ul>\n<li>\n<h4><strong><a href=\"https:\/\/educationdespatientscusm.ca\/DATA\/GUIDE\/720_fr~v~la-greffe-de-cellules-souches.pdf\" target=\"_blank\" rel=\"noopener noreferrer\">Guide sur la greffe de cellules souches<\/a><\/strong><\/h4>\n<\/li>\n<\/ul>\n<h3><\/h3>\n<p>&nbsp;<\/p>\n<h3><strong>Ressources \u2013 Canada<\/strong><\/h3>\n<p>&nbsp;<\/p>\n<h3><strong>Soci\u00e9t\u00e9 canadienne du cancer<\/strong><\/h3>\n<ul>\n<li class=\"title \">\n<h4><strong><a href=\"https:\/\/cancer.ca\/fr\/cancer-information\/cancer-types\/hodgkin-lymphoma\" target=\"_blank\" rel=\"noopener\">Lymphome hodgkinien<\/a><\/strong><\/h4>\n<\/li>\n<li class=\"title \">\n<h4><strong><a href=\"https:\/\/cancer.ca\/fr\/cancer-information\/cancer-types\/non-hodgkin-lymphoma\" target=\"_blank\" rel=\"noopener\">Lymphome non hodgkinien<\/a><\/strong><\/h4>\n<\/li>\n<\/ul>\n<h4><\/h4>\n<h3><strong>Soci\u00e9t\u00e9 de leuc\u00e9mie et lymphome du Canada<\/strong><\/h3>\n<ul>\n<li>\n<h4><strong><a title=\"Le lien s'ouvrira dans une nouvelle fen\u00eatre\" href=\"https:\/\/www.cancersdusang.ca\/jai-un-cancer-du-sang\/le-lymphome\" target=\"_blank\" rel=\"noopener noreferrer\">Lymphome<\/a><\/strong><\/h4>\n<\/li>\n<li>\n<h4><a href=\"https:\/\/www.cancersdusang.ca\/jai-un-cancer-du-sang\/lymphome-hodgkinien\">Lymphome hodgkinien<\/a><\/h4>\n<\/li>\n<li>\n<h4><a href=\"https:\/\/www.cancersdusang.ca\/jai-un-cancer-du-sang\/lymphome\/lymphome-non-hodgkinien\">Lymphome non hodgkinien<\/a><\/h4>\n<\/li>\n<li>\n<h4><strong><a href=\"https:\/\/www.cancersdusang.ca\/bibliotheque-de-ressources?field_audience_type_target_id=All&amp;field_topic_target_id%5B316%5D=316&amp;combine=&amp;items_per_page=10\" target=\"_blank\" rel=\"noopener\">Biblioth\u00e8que de ressources sur le lymphome<\/a><\/strong><\/h4>\n<\/li>\n<li>\n<h4><strong><a href=\"https:\/\/www.cancersdusang.ca\/sites\/default\/files\/2021-09\/2021%20LLSC%20Booklet-PracticalSupport-ChemoBrainFatigue_Final_FR.pdf\" target=\"_blank\" rel=\"noopener\">Composer avec la dysfonction cognitive et la fatigue li\u00e9es au cancer<\/a><\/strong><\/h4>\n<\/li>\n<li>\n<h4><a href=\"https:\/\/www.cancersdusang.ca\/sites\/default\/files\/2021-09\/2020%20LLSC%20Fact%20Sheet-Treatment-StemCellTransplant_Final_FR_0.pdf\" target=\"_blank\" rel=\"noopener\"><strong>Greffe de cellules souches du sang et de la moelle<\/strong><\/a><\/h4>\n<\/li>\n<li>\n<h4><strong><a href=\"https:\/\/www.cancersdusang.ca\/sites\/default\/files\/2021-11\/LLS1154-F-FS-CAR-T-4P-F02%20final%20with%20sponsor%20logos.pdf\" target=\"_blank\" rel=\"noopener\">Th\u00e9rapie CAR-T<\/a><\/strong><\/h4>\n<\/li>\n<li>\n<h4><strong><a href=\"https:\/\/www.cancersdusang.ca\/sites\/default\/files\/2021-11\/LLS948-F-FS-Immunotherapy-F03%20with%20sponsor%20logo.pdf\" target=\"_blank\" rel=\"noopener\">Immunoth\u00e9rapie<\/a><\/strong><\/h4>\n<\/li>\n<li>\n<h4><strong><a href=\"https:\/\/www.cancersdusang.ca\/sites\/default\/files\/2021-11\/2020%20LLSC%20Fact-Treatment-ManagingSideEffects_Final_FR%20%281%29.pdf\" target=\"_blank\" rel=\"noopener\">Gestion des effets secondaires de votre traitement<\/a><\/strong><\/h4>\n<\/li>\n<li>\n<h4><strong><a href=\"https:\/\/www.cancersdusang.ca\/sites\/default\/files\/2021-10\/LLS844-F-FS-Blood-Transfusion-F02.pdf\" target=\"_blank\" rel=\"noopener\">Transfusion sanguine<\/a><\/strong><\/h4>\n<\/li>\n<li>\n<h4><strong><a href=\"https:\/\/www.cancersdusang.ca\/sites\/default\/files\/2021-09\/2020%20LLSC%20Fact%20Sheet-Treatment-ClinicalTrials_Final_FR_0.pdf\" target=\"_blank\" rel=\"noopener\">Comprendre les essais cliniques<\/a><\/strong><\/h4>\n<\/li>\n<li>\n<h4><strong><a href=\"https:\/\/www.cancersdusang.ca\/sites\/default\/files\/2021-11\/LLS1161-F-FS-Fertility-Facts-F01.pdf\" target=\"_blank\" rel=\"noopener\">Fertilit\u00e9 et cancer<\/a><\/strong><\/h4>\n<\/li>\n<li>\n<h4><strong><a href=\"https:\/\/www.cancersdusang.ca\/sites\/default\/files\/2021-11\/LLS1163-F-FS-Support-Followig-Diagnosis-F01.pdf\" target=\"_blank\" rel=\"noopener\">Soutenir un \u00eatre cher apr\u00e8s un diagnostic de cancer<\/a><\/strong><\/h4>\n<\/li>\n<li>\n<h4><strong><a href=\"https:\/\/www.cancersdusang.ca\/sites\/default\/files\/2021-11\/LLS1160-F-FS-Comm-With-Health-Team-F01.pdf\" target=\"_blank\" rel=\"noopener\">Communiquer avec votre \u00e9quipe soignante<\/a><\/strong><\/h4>\n<\/li>\n<li>\n<h4><strong><a href=\"https:\/\/www.cancersdusang.ca\/sites\/default\/files\/2021-09\/2020%20LLSC%20Caregiver%20Fact%20Sheet-TalkingtoChildren_Final_FR.pdf\" target=\"_blank\" rel=\"noopener\">Parler aux enfants<\/a><\/strong><\/h4>\n<\/li>\n<\/ul>\n<p>&nbsp;<\/p>\n<h3><strong>Lymphome Canada<\/strong><\/h3>\n<ul>\n<li>\n<h4><strong><a href=\"https:\/\/www.lymphoma.ca\/fr\/le-lymphome\/lymphome-101\/\" target=\"_blank\" rel=\"noopener noreferrer\">Lymphome 101<\/a><\/strong><\/h4>\n<ul>\n<li>\n<h4><strong><a href=\"https:\/\/www.lymphoma.ca\/fr\/le-lymphome\/lymphome-101\/notions-de-base-sur-le-cancer\/\" target=\"_blank\" rel=\"noopener noreferrer\">Notions de base sur le cancer<\/a><\/strong><\/h4>\n<\/li>\n<li>\n<h4><strong><a href=\"https:\/\/www.lymphoma.ca\/fr\/le-lymphome\/lymphome-101\/systeme-lymphatique\/\" target=\"_blank\" rel=\"noopener noreferrer\">Syst\u00e8me lymphatique<\/a><\/strong><\/h4>\n<\/li>\n<li>\n<h4><strong><a href=\"https:\/\/www.lymphoma.ca\/fr\/le-lymphome\/lymphome-101\/types-de-lymphomes\/\" target=\"_blank\" rel=\"noopener noreferrer\">Types de lymphomes<\/a><\/strong><\/h4>\n<\/li>\n<\/ul>\n<\/li>\n<li>\n<h4><strong><a href=\"https:\/\/www.lymphoma.ca\/fr\/le-lymphome\/la-llc\/a-propos-de-la-llc-et-du-lpl\/\" target=\"_blank\" rel=\"noopener noreferrer\">\u00c0 propos de la LLC et du LPL<\/a><\/strong><\/h4>\n<\/li>\n<li>\n<h4><strong><a href=\"https:\/\/www.lymphoma.ca\/fr\/cheminement-du-patient\/prise-en-charge-de-la-maladie\/\" target=\"_blank\" rel=\"noopener noreferrer\">Prise en charge de la maladie<\/a><\/strong><\/h4>\n<ul>\n<li>\n<h4><strong><a href=\"https:\/\/www.lymphoma.ca\/fr\/cheminement-du-patient\/prise-en-charge-de-la-maladie\/trouver-des-essais-cliniques\/\" target=\"_blank\" rel=\"noopener noreferrer\">Trouver des essais cliniques<\/a><\/strong><\/h4>\n<\/li>\n<li>\n<h4><strong><a href=\"https:\/\/www.lymphoma.ca\/fr\/cheminement-du-patient\/prise-en-charge-de-la-maladie\/votre-equipe-soignante\/\" target=\"_blank\" rel=\"noopener noreferrer\">Votre \u00e9quipe soignante<\/a><\/strong><\/h4>\n<\/li>\n<li>\n<h4><strong><a href=\"https:\/\/www.lymphoma.ca\/fr\/cheminement-du-patient\/prise-en-charge-de-la-maladie\/questions-a-poser-a-votre-equipe-soignante\/\" target=\"_blank\" rel=\"noopener noreferrer\">Questions \u00e0 poser \u00e0 votre \u00e9quipe soignante<\/a><\/strong><\/h4>\n<\/li>\n<\/ul>\n<\/li>\n<li>\n<h4><strong><a href=\"https:\/\/www.lymphoma.ca\/fr\/cheminement-du-patient\/jeunes-adultes\/\" target=\"_blank\" rel=\"noopener noreferrer\">Jeunes adultes<\/a><\/strong><\/h4>\n<\/li>\n<li>\n<h4><strong><a href=\"https:\/\/www.lymphoma.ca\/fr\/cheminement-du-patient\/apercu-du-soutien\/\" target=\"_blank\" rel=\"noopener noreferrer\">Faire face au cancer<\/a><\/strong><\/h4>\n<ul>\n<li>\n<h4><strong><a href=\"https:\/\/www.lymphoma.ca\/fr\/cheminement-du-patient\/apercu-du-soutien\/mecanismes-dadaptation-et-emotions\/\" target=\"_blank\" rel=\"noopener noreferrer\">M\u00e9canismes d\u2019adaptation et \u00e9motions<\/a><\/strong><\/h4>\n<\/li>\n<li>\n<h4><strong><a href=\"https:\/\/www.lymphoma.ca\/fr\/cheminement-du-patient\/apercu-du-soutien\/exercice\/\" target=\"_blank\" rel=\"noopener noreferrer\">Exercise<\/a><\/strong><\/h4>\n<\/li>\n<li>\n<h4><strong><a href=\"https:\/\/www.lymphoma.ca\/fr\/cheminement-du-patient\/apercu-du-soutien\/defense-des-interets-des-patients\/\" target=\"_blank\" rel=\"noopener noreferrer\">D\u00e9fense des int\u00e9r\u00eats des patients<\/a><\/strong><\/h4>\n<\/li>\n<li>\n<h4><strong><a href=\"https:\/\/www.lymphoma.ca\/fr\/cheminement-du-patient\/apercu-du-soutien\/perte-et-deuil\/\" target=\"_blank\" rel=\"noopener noreferrer\">Perte et deuil<\/a><\/strong><\/h4>\n<\/li>\n<li>\n<h4><strong><a href=\"https:\/\/www.lymphoma.ca\/fr\/cheminement-du-patient\/apercu-du-soutien\/parler-de-son-cancer\/\" target=\"_blank\" rel=\"noopener noreferrer\">Parler de son cancer<\/a><\/strong><\/h4>\n<\/li>\n<li>\n<h4><strong><a href=\"https:\/\/www.lymphoma.ca\/fr\/cheminement-du-patient\/apercu-du-soutien\/nutrition\/\" target=\"_blank\" rel=\"noopener noreferrer\">Nutrition<\/a><\/strong><\/h4>\n<\/li>\n<li>\n<h4><strong><a href=\"https:\/\/www.lymphoma.ca\/fr\/cheminement-du-patient\/apercu-du-soutien\/planification-prealable\/\" target=\"_blank\" rel=\"noopener noreferrer\">Planification pr\u00e9alable<\/a><\/strong><\/h4>\n<\/li>\n<li>\n<h4><strong><a href=\"https:\/\/www.lymphoma.ca\/fr\/cheminement-du-patient\/apercu-du-soutien\/cancer-avance\/\" target=\"_blank\" rel=\"noopener noreferrer\">Cancer avanc\u00e9<\/a><\/strong><\/h4>\n<\/li>\n<li>\n<h4><strong><a href=\"https:\/\/www.lymphoma.ca\/fr\/cheminement-du-patient\/apercu-du-soutien\/cancer-avance\/soins-palliatifs\/\" target=\"_blank\" rel=\"noopener noreferrer\">Soins palliatifs<\/a><\/strong><\/h4>\n<\/li>\n<li>\n<h4><strong><a href=\"https:\/\/www.lymphoma.ca\/fr\/cheminement-du-patient\/apercu-du-soutien\/cancer-avance\/travail-et-finances-personnelles\/\" target=\"_blank\" rel=\"noopener noreferrer\">Travail et finances personnelles<\/a><\/strong><\/h4>\n<\/li>\n<\/ul>\n<\/li>\n<li>\n<h4><strong><a href=\"https:\/\/www.lymphoma.ca\/fr\/cheminement-du-patient\/soutien-aux-aidants\/\" target=\"_blank\" rel=\"noopener noreferrer\">Soutien aux aidants<\/a><\/strong><\/h4>\n<ul>\n<li>\n<h4><strong><a href=\"https:\/\/www.lymphoma.ca\/fr\/cheminement-du-patient\/soutien-aux-aidants\/principes-de-bases-des-soins-de-sante\/\" target=\"_blank\" rel=\"noopener noreferrer\">Principes de bases des soins de sant\u00e9<\/a><\/strong><\/h4>\n<\/li>\n<li>\n<h4><strong><a href=\"https:\/\/www.lymphoma.ca\/fr\/cheminement-du-patient\/soutien-aux-aidants\/soins-aux-personnes-atteintes-dun-lymphome\/\" target=\"_blank\" rel=\"noopener noreferrer\">Soins aux personnes atteintes d\u2019un lymphome<\/a><\/strong><\/h4>\n<\/li>\n<li>\n<h4><strong><a href=\"https:\/\/www.lymphoma.ca\/fr\/cheminement-du-patient\/soutien-aux-aidants\/conseils-pratiques-aux-aidants\/\" target=\"_blank\" rel=\"noopener noreferrer\">Conseils pratiques aux aidants<\/a><\/strong><\/h4>\n<\/li>\n<li>\n<h4><strong><a href=\"https:\/\/www.lymphoma.ca\/fr\/cheminement-du-patient\/soutien-aux-aidants\/quand-les-professionnels-de-la-sante-repondent-aux-besoins-des-aidants\/\" target=\"_blank\" rel=\"noopener noreferrer\">Quand les professionnels de la sant\u00e9 r\u00e9pondent aux besoins des aidants<\/a><\/strong><\/h4>\n<\/li>\n<li>\n<h4><strong><a href=\"https:\/\/www.lymphoma.ca\/fr\/cheminement-du-patient\/soutien-aux-aidants\/soins-aux-aidants\/\" target=\"_blank\" rel=\"noopener noreferrer\">Soins aux aidants<\/a><\/strong><\/h4>\n<\/li>\n<li>\n<h4><strong><a href=\"https:\/\/www.lymphoma.ca\/fr\/cheminement-du-patient\/soutien-aux-aidants\/aidants-de-personnes-atteintes-dun-cancer-avance\/\" target=\"_blank\" rel=\"noopener noreferrer\"><span class=\"breadcrumb_last\" aria-current=\"page\">Aidants de personnes atteintes d\u2019un cancer avanc\u00e9<\/span><\/a><\/strong><\/h4>\n<\/li>\n<\/ul>\n<\/li>\n<li>\n<h4><strong><a href=\"https:\/\/www.lymphoma.ca\/fr\/vivre-apres\/\" target=\"_blank\" rel=\"noopener noreferrer\">La vie apr\u00e8s le lymphome<\/a><\/strong><\/h4>\n<\/li>\n<\/ul>\n<p>&nbsp;<\/p>\n<h3><\/h3>\n<h3><strong>Ressources \u2013 \u00c9tats-Unis<\/strong><\/h3>\n<h3><strong>Manuel Merck \u2014 Version pour le grand public<\/strong><\/h3>\n<ul>\n<li>\n<h4><strong><a title=\"Le lien s'ouvrira dans une nouvelle fen\u00eatre\" href=\"https:\/\/www.merckmanuals.com\/fr-ca\/accueil\/troubles-du-sang\/lymphomes\/pr%C3%A9sentation-des-lymphomes\" target=\"_blank\" rel=\"noopener noreferrer\">Pr\u00e9sentation des lymphomes<\/a><\/strong><\/h4>\n<\/li>\n<li>\n<h4><strong><a href=\"https:\/\/www.merckmanuals.com\/fr-ca\/accueil\/troubles-du-sang\/lymphomes\/lymphome-de-hodgkin\">Lymphome de Hodgkin<\/a><\/strong><\/h4>\n<\/li>\n<li>\n<h4><strong><a href=\"https:\/\/www.merckmanuals.com\/fr-ca\/accueil\/troubles-du-sang\/lymphomes\/lymphomes-non-hodgkiniens\">Lymphomes non hodgkiniens<\/a><\/strong><\/h4>\n<\/li>\n<\/ul>\n<p>&nbsp;<\/p>\n","protected":false},"excerpt":{"rendered":"<p>Ressources \u2013 CUSM Office d&rsquo;\u00e9ducation des patients du CUSM Guide sur la greffe de cellules souches &nbsp; Ressources \u2013 Canada &nbsp; Soci\u00e9t\u00e9 canadienne du cancer Lymphome hodgkinien Lymphome non hodgkinien [&hellip;]<\/p>\n","protected":false},"author":2,"featured_media":0,"parent":0,"menu_order":0,"comment_status":"closed","ping_status":"closed","template":"","meta":{"footnotes":""},"class_list":["post-5980","page","type-page","status-publish","hentry"],"_links":{"self":[{"href":"https:\/\/cansupport.ca\/fr\/wp-json\/wp\/v2\/pages\/5980","targetHints":{"allow":["GET"]}}],"collection":[{"href":"https:\/\/cansupport.ca\/fr\/wp-json\/wp\/v2\/pages"}],"about":[{"href":"https:\/\/cansupport.ca\/fr\/wp-json\/wp\/v2\/types\/page"}],"author":[{"embeddable":true,"href":"https:\/\/cansupport.ca\/fr\/wp-json\/wp\/v2\/users\/2"}],"replies":[{"embeddable":true,"href":"https:\/\/cansupport.ca\/fr\/wp-json\/wp\/v2\/comments?post=5980"}],"version-history":[{"count":1,"href":"https:\/\/cansupport.ca\/fr\/wp-json\/wp\/v2\/pages\/5980\/revisions"}],"predecessor-version":[{"id":5981,"href":"https:\/\/cansupport.ca\/fr\/wp-json\/wp\/v2\/pages\/5980\/revisions\/5981"}],"wp:attachment":[{"href":"https:\/\/cansupport.ca\/fr\/wp-json\/wp\/v2\/media?parent=5980"}],"curies":[{"name":"wp","href":"https:\/\/api.w.org\/{rel}","templated":true}]}}