{"id":5978,"date":"2020-05-25T15:38:27","date_gmt":"2020-05-25T19:38:27","guid":{"rendered":"https:\/\/cansupport.ca\/leukemia\/"},"modified":"2022-02-21T15:41:52","modified_gmt":"2022-02-21T20:41:52","slug":"leucemie","status":"publish","type":"page","link":"https:\/\/cansupport.ca\/fr\/leucemie\/","title":{"rendered":"Leuc\u00e9mie"},"content":{"rendered":"<h3><strong>Ressources \u2013 CUSM<\/strong><\/h3>\n<h3><strong>Office d&rsquo;\u00e9ducation des patients du CUSM<\/strong><\/h3>\n<ul>\n<li>\n<h4><strong><a href=\"https:\/\/educationdespatientscusm.ca\/DATA\/GUIDE\/720_fr~v~la-greffe-de-cellules-souches.pdf\" target=\"_blank\" rel=\"noopener noreferrer\">Guide sur la greffe de cellules souches<\/a><\/strong><\/h4>\n<\/li>\n<\/ul>\n<p>&nbsp;<\/p>\n<h3><strong>Ressources \u2013 Canada<\/strong><\/h3>\n<h3><strong>Soci\u00e9t\u00e9 canadienne du cancer<\/strong><\/h3>\n<ul>\n<li>\n<h4><strong><a title=\"Le lien s'ouvrira dans une nouvelle fen\u00eatre\" href=\"http:\/\/www.cancer.ca\/fr-ca\/cancer-information\/cancer-type\/leukemia\/leukemia\/?region=qc\" target=\"_blank\" rel=\"noopener noreferrer\">Qu\u2019est-ce que la leuc\u00e9mie ?<\/a><\/strong><\/h4>\n<\/li>\n<li>\n<h4><strong><a title=\"Le lien s'ouvrira dans une nouvelle fen\u00eatre\" href=\"http:\/\/www.cancer.ca\/fr-ca\/cancer-information\/cancer-type\/leukemia\/risks\/?region=qc\" target=\"_blank\" rel=\"noopener noreferrer\">Facteurs de risque de la leuc\u00e9mie<\/a><\/strong><\/h4>\n<\/li>\n<li>\n<h4><strong><a title=\"Le lien s'ouvrira dans une nouvelle fen\u00eatre\" href=\"http:\/\/www.cancer.ca\/fr-ca\/cancer-information\/cancer-type\/leukemia\/signs-and-symptoms\/?region=qc\" target=\"_blank\" rel=\"noopener noreferrer\">Sympt\u00f4mes de la leuc\u00e9mie<\/a><\/strong><\/h4>\n<\/li>\n<li>\n<h4><strong><a title=\"Le lien s'ouvrira dans une nouvelle fen\u00eatre\" href=\"http:\/\/www.cancer.ca\/fr-ca\/cancer-information\/cancer-type\/leukemia\/diagnosis\/?region=qc\" target=\"_blank\" rel=\"noopener noreferrer\">Diagnostic de la leuc\u00e9mie<\/a><\/strong><\/h4>\n<\/li>\n<li>\n<h4><strong><a title=\"Le lien s'ouvrira dans une nouvelle fen\u00eatre\" href=\"http:\/\/www.cancer.ca\/fr-ca\/cancer-information\/cancer-type\/leukemia\/treatment\/?region=qc\" target=\"_blank\" rel=\"noopener noreferrer\">Traitements de la leuc\u00e9mie<\/a><\/strong><\/h4>\n<\/li>\n<li>\n<h4><strong><a title=\"Le lien s'ouvrira dans une nouvelle fen\u00eatre\" href=\"http:\/\/www.cancer.ca\/fr-ca\/cancer-information\/cancer-type\/leukemia\/supportive-care\/?region=qc\" target=\"_blank\" rel=\"noopener noreferrer\">Soins de soutien pour la leuc\u00e9mie<\/a><\/strong><\/h4>\n<\/li>\n<li>\n<h4><strong><a title=\"Le lien s'ouvrira dans une nouvelle fen\u00eatre\" href=\"http:\/\/www.cancer.ca\/fr-ca\/cancer-information\/cancer-type\/leukemia\/research\/?region=qc\" target=\"_blank\" rel=\"noopener noreferrer\">Recherche sur la leuc\u00e9mie<\/a><\/strong><\/h4>\n<\/li>\n<li>\n<h4><strong><a href=\"https:\/\/www.cancer.ca\/fr-ca\/cancer-information\/cancer-type\/leukemia\/statistics\/?region=qc\" target=\"_blank\" rel=\"noopener noreferrer\">Statistiques sur la leuc\u00e9mie<\/a><\/strong><\/h4>\n<\/li>\n<li>\n<h4><strong><a title=\"Le lien s'ouvrira dans une nouvelle fen\u00eatre\" href=\"https:\/\/cdn.cancer.ca\/-\/media\/files\/cancer-information\/resources\/publications\/leukemia\/32047-leukemia-uyd-fr.pdf?rev=2f19c76905144ce8a5d74799b0f86935&amp;hash=E52A1F3736D9074FE62C88C6AF9BAEB9&amp;_ga=2.52350509.506461026.1643647835-359541453.1642085334\" target=\"_blank\" rel=\"noopener noreferrer\">Leuc\u00e9mie: Comprendre le diagnostic<\/a><\/strong><\/h4>\n<\/li>\n<li>\n<h4><strong><a href=\"https:\/\/www.cancer.ca\/fr-ca\/cancer-information\/cancer-type\/leukemia\/leukemia\/myelodysplastic-syndromes\/?region=qc\" target=\"_blank\" rel=\"noopener noreferrer\">Syndromes my\u00e9lodysplasiques<\/a><\/strong><\/h4>\n<\/li>\n<li>\n<h4><a href=\"https:\/\/www.cancer.ca\/fr-ca\/cancer-information\/cancer-type\/leukemia\/leukemia\/all\/?region=qc\" target=\"_blank\" rel=\"noopener noreferrer\"><strong>Leuc\u00e9mie aigu\u00eb lymphoblastique (LAL)<\/strong><\/a><\/h4>\n<\/li>\n<li>\n<h4><strong><a href=\"https:\/\/www.cancer.ca\/fr-ca\/cancer-information\/cancer-type\/leukemia\/leukemia\/aml\/?region=qc\" target=\"_blank\" rel=\"noopener noreferrer\">Leuc\u00e9mie aigu\u00eb my\u00e9loblastique (LAM)<\/a><\/strong><\/h4>\n<\/li>\n<li>\n<h4><strong><a href=\"https:\/\/www.cancer.ca\/fr-ca\/cancer-information\/cancer-type\/leukemia\/leukemia\/cml\/?region=qc\" target=\"_blank\" rel=\"noopener noreferrer\">Leuc\u00e9mie my\u00e9lo\u00efde chronique (LMC)<\/a><\/strong><\/h4>\n<\/li>\n<li>\n<h4><strong><a href=\"https:\/\/www.cancer.ca\/fr-ca\/cancer-information\/cancer-type\/leukemia\/leukemia\/cll\/?region=qc\" target=\"_blank\" rel=\"noopener noreferrer\">Leuc\u00e9mie lympho\u00efde chronique (LLC)<\/a><\/strong><\/h4>\n<\/li>\n<li>\n<h4><strong><a href=\"https:\/\/www.cancer.ca\/fr-ca\/cancer-information\/cancer-type\/leukemia\/leukemia\/rare-lymphocytic-leukemias\/?region=qc\" target=\"_blank\" rel=\"noopener noreferrer\">Leuc\u00e9mies lympho\u00efdes rares<\/a><\/strong><\/h4>\n<\/li>\n<li>\n<h4><strong><a href=\"https:\/\/www.cancer.ca\/fr-ca\/cancer-information\/cancer-type\/leukemia\/leukemia\/hairy-cell-leukemia\/?region=qc\" target=\"_blank\" rel=\"noopener noreferrer\">Leuc\u00e9mie \u00e0 tricholeucocytes<\/a><\/strong><\/h4>\n<\/li>\n<li>\n<h4><strong><a href=\"https:\/\/www.cancer.ca\/fr-ca\/cancer-information\/cancer-type\/leukemia\/leukemia\/polycythemia-vera\/?region=qc\" target=\"_blank\" rel=\"noopener noreferrer\">Maladie de Vaquez<\/a><\/strong><\/h4>\n<\/li>\n<li>\n<h4><strong><a href=\"https:\/\/www.cancer.ca\/fr-ca\/cancer-information\/cancer-type\/leukemia\/leukemia\/idiopathic-myelofibrosis\/?region=qc\" target=\"_blank\" rel=\"noopener noreferrer\">My\u00e9lofibrose idiopathique<\/a><\/strong><\/h4>\n<\/li>\n<li>\n<h4><strong><a href=\"https:\/\/www.cancer.ca\/fr-ca\/cancer-information\/cancer-type\/leukemia\/leukemia\/essential-thrombocytosis\/?region=qc\" target=\"_blank\" rel=\"noopener noreferrer\">Thrombocytose essentielle<\/a><\/strong><\/h4>\n<\/li>\n<li>\n<h4><strong><a href=\"https:\/\/www.cancer.ca\/fr-ca\/cancer-information\/cancer-type\/leukemia\/leukemia\/chronic-eosinophilic-leukemia\/?region=qc\" target=\"_blank\" rel=\"noopener noreferrer\">Leuc\u00e9mie chronique \u00e0 \u00e9osinophiles<\/a><\/strong><\/h4>\n<\/li>\n<li>\n<h4><strong><a href=\"https:\/\/www.cancer.ca\/fr-ca\/cancer-information\/cancer-type\/leukemia\/leukemia\/chronic-neutrophilic-leukemia\/?region=qc\" target=\"_blank\" rel=\"noopener noreferrer\">Leuc\u00e9mie chronique \u00e0 neutrophiles<\/a><\/strong><\/h4>\n<\/li>\n<li>\n<h4><strong><a href=\"https:\/\/cancer.ca\/fr\/cancer-information\/cancer-types\/leukemia\/what-is-leukemia\/myelodysplastic-myeloproliferative-neoplasms\" target=\"_blank\" rel=\"noopener noreferrer\">N\u00e9oplasmes my\u00e9lodysplasiques\/my\u00e9loprolif\u00e9ratifs<\/a><\/strong><\/h4>\n<\/li>\n<\/ul>\n<p>&nbsp;<\/p>\n<p>&nbsp;<\/p>\n<h3><strong>Soci\u00e9t\u00e9 de leuc\u00e9mie et lymphome du Canada<\/strong><\/h3>\n<ul>\n<li>\n<h4><strong><a title=\"Le lien s'ouvrira dans une nouvelle fen\u00eatre\" href=\"https:\/\/www.cancersdusang.ca\/jai-un-cancer-du-sang\/leucemie\" target=\"_blank\" rel=\"noopener noreferrer\">Leuc\u00e9mie<\/a><\/strong><\/h4>\n<\/li>\n<li>\n<h4><strong><a href=\"https:\/\/www.cancersdusang.ca\/jai-un-cancer-du-sang\/leucemie\/leucemie-lymphoblastique-aigue-lla\" target=\"_blank\" rel=\"noopener\">Leuc\u00e9mie lymphoblastique aigu\u00eb (LLA)<\/a><\/strong><\/h4>\n<\/li>\n<li>\n<h4><strong><a href=\"https:\/\/www.cancersdusang.ca\/jai-un-cancer-du-sang\/leucemie\/leucemie-myeloide-aigue-lma\">Leuc\u00e9mie my\u00e9lo\u00efde aigu\u00eb (LMA)<\/a><\/strong><\/h4>\n<\/li>\n<li>\n<h4><strong><a href=\"https:\/\/www.cancersdusang.ca\/jai-un-cancer-du-sang\/leucemie-lymphoide-chronique-llc\">Leuc\u00e9mie lympho\u00efde chronique (LLC)<\/a><\/strong><\/h4>\n<\/li>\n<li>\n<h4><strong><a href=\"https:\/\/www.cancersdusang.ca\/jai-un-cancer-du-sang\/leucemie\/leucemie-myeloide-chronique-lmc\">Leuc\u00e9mie my\u00e9lo\u00efde chronique (LMC)<\/a><\/strong><\/h4>\n<\/li>\n<li>\n<h4><strong><a href=\"https:\/\/www.cancersdusang.ca\/jai-un-cancer-du-sang\/leucemie\/leucemie-tricholeucocytes\">Leuc\u00e9mie \u00e0 tricholeucocytes<\/a><\/strong><\/h4>\n<\/li>\n<li>\n<h4><strong><a href=\"https:\/\/www.cancersdusang.ca\/bibliotheque-de-ressources?field_audience_type_target_id=All&amp;field_topic_target_id%5B166%5D=166&amp;combine=&amp;items_per_page=10\" target=\"_blank\" rel=\"noopener\">Biblioth\u00e8que de ressources sur la leuc\u00e9mie<\/a><\/strong><\/h4>\n<\/li>\n<li class=\"publication__name\">\n<h4><strong><a href=\"https:\/\/www.cancersdusang.ca\/sites\/default\/files\/2021-09\/2021%20LLSC%20Booklet-PracticalSupport-ChemoBrainFatigue_Final_FR.pdf\" target=\"_blank\" rel=\"noopener\">Composer avec la dysfonction cognitive et la fatigue li\u00e9es au cancer<\/a><\/strong><\/h4>\n<\/li>\n<li>\n<h4><a href=\"https:\/\/www.cancersdusang.ca\/sites\/default\/files\/2021-09\/2020%20LLSC%20Fact%20Sheet-Treatment-StemCellTransplant_Final_FR_0.pdf\" target=\"_blank\" rel=\"noopener\"><strong>Greffe de cellules souches du sang et de la moelle<\/strong><\/a><\/h4>\n<\/li>\n<li>\n<h4><strong><a href=\"https:\/\/www.cancersdusang.ca\/sites\/default\/files\/2021-11\/LLS1154-F-FS-CAR-T-4P-F02%20final%20with%20sponsor%20logos.pdf\" target=\"_blank\" rel=\"noopener\">Th\u00e9rapie CAR-T<\/a><\/strong><\/h4>\n<\/li>\n<li>\n<h4><strong><a href=\"https:\/\/www.cancersdusang.ca\/sites\/default\/files\/2021-11\/LLS948-F-FS-Immunotherapy-F03%20with%20sponsor%20logo.pdf\" target=\"_blank\" rel=\"noopener\">Immunoth\u00e9rapie<\/a><\/strong><\/h4>\n<\/li>\n<li>\n<h4><strong><a href=\"https:\/\/www.cancersdusang.ca\/sites\/default\/files\/2021-11\/2020%20LLSC%20Fact-Treatment-ManagingSideEffects_Final_FR%20%281%29.pdf\" target=\"_blank\" rel=\"noopener\">Gestion des effets secondaires de votre traitement<\/a><\/strong><\/h4>\n<\/li>\n<li>\n<h4><strong><a href=\"https:\/\/www.cancersdusang.ca\/sites\/default\/files\/2021-10\/LLS844-F-FS-Blood-Transfusion-F02.pdf\" target=\"_blank\" rel=\"noopener\">Transfusion sanguine<\/a><\/strong><\/h4>\n<\/li>\n<li>\n<h4><strong><a href=\"https:\/\/www.cancersdusang.ca\/sites\/default\/files\/2021-09\/2020%20LLSC%20Fact%20Sheet-Treatment-ClinicalTrials_Final_FR_0.pdf\" target=\"_blank\" rel=\"noopener\">Comprendre les essais cliniques<\/a><\/strong><\/h4>\n<\/li>\n<li>\n<h4><strong><a href=\"https:\/\/www.cancersdusang.ca\/sites\/default\/files\/2021-11\/LLS1161-F-FS-Fertility-Facts-F01.pdf\" target=\"_blank\" rel=\"noopener\">Fertilit\u00e9 et cancer<\/a><\/strong><\/h4>\n<\/li>\n<li>\n<h4><strong><a href=\"https:\/\/www.cancersdusang.ca\/sites\/default\/files\/2021-11\/LLS1163-F-FS-Support-Followig-Diagnosis-F01.pdf\" target=\"_blank\" rel=\"noopener\">Soutenir un \u00eatre cher apr\u00e8s un diagnostic de cancer<\/a><\/strong><\/h4>\n<\/li>\n<li>\n<h4><strong><a href=\"https:\/\/www.cancersdusang.ca\/sites\/default\/files\/2021-11\/LLS1160-F-FS-Comm-With-Health-Team-F01.pdf\" target=\"_blank\" rel=\"noopener\">Communiquer avec votre \u00e9quipe soignante<\/a><\/strong><\/h4>\n<\/li>\n<li>\n<h4><strong><a href=\"https:\/\/www.cancersdusang.ca\/sites\/default\/files\/2021-09\/2020%20LLSC%20Caregiver%20Fact%20Sheet-TalkingtoChildren_Final_FR.pdf\" target=\"_blank\" rel=\"noopener\">Parler aux enfants<\/a><\/strong><\/h4>\n<\/li>\n<\/ul>\n<p>&nbsp;<\/p>\n<h3><\/h3>\n<h3><strong>Ressources \u2013 \u00c9tats-Unis<\/strong><\/h3>\n<h3><strong>Manuel Merck \u2014 Version pour le grand public<\/strong><\/h3>\n<ul>\n<li>\n<h4><a title=\"Le lien s'ouvrira dans une nouvelle fen\u00eatre\" href=\"https:\/\/www.merckmanuals.com\/fr-ca\/accueil\/troubles-du-sang\/leuc%C3%A9mies\/pr%C3%A9sentation-des-leuc%C3%A9mies\" target=\"_blank\" rel=\"noopener noreferrer\">Pr\u00e9sentation des leuc\u00e9mies<\/a><\/h4>\n<\/li>\n<li>\n<h4><a href=\"https:\/\/www.merckmanuals.com\/fr-ca\/accueil\/troubles-du-sang\/leuc%C3%A9mies\/leuc%C3%A9mie-my%C3%A9lo%C3%AFde-chronique-lmc\" target=\"_blank\" rel=\"noopener\">Leuc\u00e9mie my\u00e9lo\u00efde chronique (LMC)<\/a><\/h4>\n<\/li>\n<li>\n<h4><a class=\"search__result--title\" href=\"https:\/\/www.merckmanuals.com\/fr-ca\/accueil\/troubles-du-sang\/leuc%C3%A9mies\/leuc%C3%A9mie-my%C3%A9lo%C3%AFde-aigu%C3%AB-lma?query=leuc%C3%A9mie\">Leuc\u00e9mie my\u00e9lo\u00efde aigu\u00eb (LMA)<\/a><\/h4>\n<\/li>\n<li>\n<h4><a class=\"search__result--title\" href=\"https:\/\/www.merckmanuals.com\/fr-ca\/accueil\/troubles-du-sang\/leuc%C3%A9mies\/leuc%C3%A9mie-lympho%C3%AFde-aigu%C3%AB-lla?query=leuc%C3%A9mie\">Leuc\u00e9mie lymphoblastique aigu\u00eb (LLA)<\/a><\/h4>\n<\/li>\n<li>\n<h4><a class=\"search__result--title\" href=\"https:\/\/www.merckmanuals.com\/fr-ca\/accueil\/troubles-du-sang\/leuc%C3%A9mies\/leuc%C3%A9mie-lympho%C3%AFde-chronique-llc?query=leuc%C3%A9mie\">Leuc\u00e9mie lympho\u00efde chronique (LLC)<\/a><\/h4>\n<\/li>\n<li>\n<h4><strong><a class=\"search__result--title\" href=\"https:\/\/www.merckmanuals.com\/fr-ca\/accueil\/troubles-du-sang\/leuc%C3%A9mies\/syndromes-my%C3%A9lodysplasiques-smd?query=leuc%C3%A9mie\">Syndromes my\u00e9lodysplasiques (SMD)<\/a><\/strong><\/h4>\n<\/li>\n<\/ul>\n","protected":false},"excerpt":{"rendered":"<p>Ressources \u2013 CUSM Office d&rsquo;\u00e9ducation des patients du CUSM Guide sur la greffe de cellules souches &nbsp; Ressources \u2013 Canada Soci\u00e9t\u00e9 canadienne du cancer Qu\u2019est-ce que la leuc\u00e9mie ? Facteurs [&hellip;]<\/p>\n","protected":false},"author":2,"featured_media":0,"parent":0,"menu_order":0,"comment_status":"closed","ping_status":"closed","template":"","meta":{"footnotes":""},"class_list":["post-5978","page","type-page","status-publish","hentry"],"_links":{"self":[{"href":"https:\/\/cansupport.ca\/fr\/wp-json\/wp\/v2\/pages\/5978","targetHints":{"allow":["GET"]}}],"collection":[{"href":"https:\/\/cansupport.ca\/fr\/wp-json\/wp\/v2\/pages"}],"about":[{"href":"https:\/\/cansupport.ca\/fr\/wp-json\/wp\/v2\/types\/page"}],"author":[{"embeddable":true,"href":"https:\/\/cansupport.ca\/fr\/wp-json\/wp\/v2\/users\/2"}],"replies":[{"embeddable":true,"href":"https:\/\/cansupport.ca\/fr\/wp-json\/wp\/v2\/comments?post=5978"}],"version-history":[{"count":1,"href":"https:\/\/cansupport.ca\/fr\/wp-json\/wp\/v2\/pages\/5978\/revisions"}],"predecessor-version":[{"id":5979,"href":"https:\/\/cansupport.ca\/fr\/wp-json\/wp\/v2\/pages\/5978\/revisions\/5979"}],"wp:attachment":[{"href":"https:\/\/cansupport.ca\/fr\/wp-json\/wp\/v2\/media?parent=5978"}],"curies":[{"name":"wp","href":"https:\/\/api.w.org\/{rel}","templated":true}]}}