{"id":5976,"date":"2020-05-21T13:01:37","date_gmt":"2020-05-21T17:01:37","guid":{"rendered":"https:\/\/cansupport.ca\/sexual-health-and-intimacy\/"},"modified":"2022-02-21T15:40:56","modified_gmt":"2022-02-21T20:40:56","slug":"sexualite-et-intimite","status":"publish","type":"page","link":"https:\/\/cansupport.ca\/fr\/sexualite-et-intimite\/","title":{"rendered":"Sexualit\u00e9 et intimit\u00e9"},"content":{"rendered":"<h3>CanSupport des C\u00e8dres<\/h3>\n<ul>\n<li class=\"title style-scope ytd-video-primary-info-renderer\">\n<h4><strong><a href=\"https:\/\/www.youtube.com\/watch?v=oq9cxvdaqOg\" target=\"_blank\" rel=\"noopener\">Conversation de bien-\u00eatre Cancer et intimit\u00e9 (vid\u00e9o)<\/a><\/strong><\/h4>\n<\/li>\n<\/ul>\n<h3><\/h3>\n<h3><strong>Soci\u00e9t\u00e9 canadienne du cancer<\/strong><\/h3>\n<ul>\n<li>\n<h4><strong><a href=\"https:\/\/cdn.cancer.ca\/-\/media\/files\/cancer-information\/resources\/publications\/sex-intimacy-and-cancer\/32061-sex-intimacy-and-cancer-fr.pdf?rev=a2127bfea32840a9b1dbbe3d35f3f184&amp;hash=662BD39BB6E1CD1595E5617E6CF9B39B&amp;_ga=2.1115635.398326846.1644512279-359541453.1642085334\" target=\"_blank\" rel=\"noopener noreferrer\">Sexualit\u00e9, intimit\u00e9 et cancer<\/a><\/strong>\u00a0<strong> (livret)<\/strong><\/h4>\n<\/li>\n<\/ul>\n<p>&nbsp;<\/p>\n<p>&nbsp;<\/p>\n","protected":false},"excerpt":{"rendered":"<p>CanSupport des C\u00e8dres Conversation de bien-\u00eatre Cancer et intimit\u00e9 (vid\u00e9o) Soci\u00e9t\u00e9 canadienne du cancer Sexualit\u00e9, intimit\u00e9 et cancer\u00a0 (livret) &nbsp; &nbsp;<\/p>\n","protected":false},"author":2,"featured_media":0,"parent":0,"menu_order":0,"comment_status":"closed","ping_status":"closed","template":"","meta":{"footnotes":""},"class_list":["post-5976","page","type-page","status-publish","hentry"],"_links":{"self":[{"href":"https:\/\/cansupport.ca\/fr\/wp-json\/wp\/v2\/pages\/5976","targetHints":{"allow":["GET"]}}],"collection":[{"href":"https:\/\/cansupport.ca\/fr\/wp-json\/wp\/v2\/pages"}],"about":[{"href":"https:\/\/cansupport.ca\/fr\/wp-json\/wp\/v2\/types\/page"}],"author":[{"embeddable":true,"href":"https:\/\/cansupport.ca\/fr\/wp-json\/wp\/v2\/users\/2"}],"replies":[{"embeddable":true,"href":"https:\/\/cansupport.ca\/fr\/wp-json\/wp\/v2\/comments?post=5976"}],"version-history":[{"count":1,"href":"https:\/\/cansupport.ca\/fr\/wp-json\/wp\/v2\/pages\/5976\/revisions"}],"predecessor-version":[{"id":5977,"href":"https:\/\/cansupport.ca\/fr\/wp-json\/wp\/v2\/pages\/5976\/revisions\/5977"}],"wp:attachment":[{"href":"https:\/\/cansupport.ca\/fr\/wp-json\/wp\/v2\/media?parent=5976"}],"curies":[{"name":"wp","href":"https:\/\/api.w.org\/{rel}","templated":true}]}}