{"id":5974,"date":"2020-05-14T13:04:37","date_gmt":"2020-05-14T17:04:37","guid":{"rendered":"https:\/\/cansupport.ca\/immunotherapy\/"},"modified":"2022-02-21T15:39:42","modified_gmt":"2022-02-21T20:39:42","slug":"immunotherapie","status":"publish","type":"page","link":"https:\/\/cansupport.ca\/fr\/immunotherapie\/","title":{"rendered":"Immunoth\u00e9rapie"},"content":{"rendered":"<h3><strong>Ressources \u2013 CUSM<\/strong><\/h3>\n<h3><strong>R\u00e9seau de canc\u00e9rologie Rossy<\/strong><\/h3>\n<ul>\n<li>\n<h4><strong><a href=\"https:\/\/precare.ca\/fr\/immunotherapie\/\" target=\"_blank\" rel=\"noopener noreferrer\">Vid\u00e9o guide sur l&rsquo;immunoth\u00e9rapie<\/a><\/strong><\/h4>\n<\/li>\n<\/ul>\n<p>&nbsp;<\/p>\n<h3><strong>Ressources \u2013 Canada<\/strong><\/h3>\n<h3><strong>Soci\u00e9t\u00e9 canadienne du cancer<\/strong><\/h3>\n<ul>\n<li>\n<h4><strong><a href=\"https:\/\/www.cancer.ca\/fr-ca\/cancer-information\/diagnosis-and-treatment\/chemotherapy-and-other-drug-therapies\/immunotherapy\/?region=on\" target=\"_blank\" rel=\"noopener noreferrer\">Immunoth\u00e9rapie<\/a><\/strong><\/h4>\n<\/li>\n<\/ul>\n<p>&nbsp;<\/p>\n<h3><strong>Ressources \u2013 \u00c9tats-Unis<\/strong><\/h3>\n<h3><strong>Manuel Merck &#8211; Version pour le grand public<\/strong><\/h3>\n<ul>\n<li class=\"topic__header--title topic__header--title--animate\">\n<h4><strong><a href=\"https:\/\/www.merckmanuals.com\/fr-ca\/accueil\/cancer\/pr%C3%A9vention-et-traitement-du-cancer\/immunoth%C3%A9rapie-anticanc%C3%A9reuse\" target=\"_blank\" rel=\"noopener noreferrer\">Immunoth\u00e9rapie anticanc\u00e9reuse<\/a><\/strong><\/h4>\n<\/li>\n<\/ul>\n","protected":false},"excerpt":{"rendered":"<p>Ressources \u2013 CUSM R\u00e9seau de canc\u00e9rologie Rossy Vid\u00e9o guide sur l&rsquo;immunoth\u00e9rapie &nbsp; Ressources \u2013 Canada Soci\u00e9t\u00e9 canadienne du cancer Immunoth\u00e9rapie &nbsp; Ressources \u2013 \u00c9tats-Unis Manuel Merck &#8211; Version pour le [&hellip;]<\/p>\n","protected":false},"author":2,"featured_media":0,"parent":0,"menu_order":0,"comment_status":"closed","ping_status":"closed","template":"","meta":{"footnotes":""},"class_list":["post-5974","page","type-page","status-publish","hentry"],"_links":{"self":[{"href":"https:\/\/cansupport.ca\/fr\/wp-json\/wp\/v2\/pages\/5974","targetHints":{"allow":["GET"]}}],"collection":[{"href":"https:\/\/cansupport.ca\/fr\/wp-json\/wp\/v2\/pages"}],"about":[{"href":"https:\/\/cansupport.ca\/fr\/wp-json\/wp\/v2\/types\/page"}],"author":[{"embeddable":true,"href":"https:\/\/cansupport.ca\/fr\/wp-json\/wp\/v2\/users\/2"}],"replies":[{"embeddable":true,"href":"https:\/\/cansupport.ca\/fr\/wp-json\/wp\/v2\/comments?post=5974"}],"version-history":[{"count":1,"href":"https:\/\/cansupport.ca\/fr\/wp-json\/wp\/v2\/pages\/5974\/revisions"}],"predecessor-version":[{"id":5975,"href":"https:\/\/cansupport.ca\/fr\/wp-json\/wp\/v2\/pages\/5974\/revisions\/5975"}],"wp:attachment":[{"href":"https:\/\/cansupport.ca\/fr\/wp-json\/wp\/v2\/media?parent=5974"}],"curies":[{"name":"wp","href":"https:\/\/api.w.org\/{rel}","templated":true}]}}