{"id":5972,"date":"2020-05-14T13:04:35","date_gmt":"2020-05-14T17:04:35","guid":{"rendered":"https:\/\/cansupport.ca\/hormonal-therapy\/"},"modified":"2022-02-21T15:23:06","modified_gmt":"2022-02-21T20:23:06","slug":"hormonotherapie","status":"publish","type":"page","link":"https:\/\/cansupport.ca\/fr\/hormonotherapie\/","title":{"rendered":"Hormonoth\u00e9rapie"},"content":{"rendered":"<h4><strong>Soci\u00e9t\u00e9 canadienne du cancer<\/strong><\/h4>\n<ul>\n<li>\n<h4><strong><a href=\"https:\/\/www.cancer.ca\/fr-ca\/cancer-information\/diagnosis-and-treatment\/chemotherapy-and-other-drug-therapies\/hormonal-therapy\/?region=qc\" target=\"_blank\" rel=\"noopener noreferrer\">Hormonoth\u00e9rapie<\/a><\/strong><\/h4>\n<\/li>\n<li>\n<h4><strong><a href=\"https:\/\/www.cancer.ca\/fr-ca\/cancer-information\/diagnosis-and-treatment\/chemotherapy-and-other-drug-therapies\/hormonal-therapy\/side-effects-of-hormonal-therapy\/?region=qc\" target=\"_blank\" rel=\"noopener noreferrer\">Effets secondaires de l\u2019hormonoth\u00e9rapie<\/a><\/strong><\/h4>\n<\/li>\n<\/ul>\n<h3><\/h3>\n","protected":false},"excerpt":{"rendered":"<p>Soci\u00e9t\u00e9 canadienne du cancer Hormonoth\u00e9rapie Effets secondaires de l\u2019hormonoth\u00e9rapie<\/p>\n","protected":false},"author":2,"featured_media":0,"parent":0,"menu_order":0,"comment_status":"closed","ping_status":"closed","template":"","meta":{"footnotes":""},"class_list":["post-5972","page","type-page","status-publish","hentry"],"_links":{"self":[{"href":"https:\/\/cansupport.ca\/fr\/wp-json\/wp\/v2\/pages\/5972","targetHints":{"allow":["GET"]}}],"collection":[{"href":"https:\/\/cansupport.ca\/fr\/wp-json\/wp\/v2\/pages"}],"about":[{"href":"https:\/\/cansupport.ca\/fr\/wp-json\/wp\/v2\/types\/page"}],"author":[{"embeddable":true,"href":"https:\/\/cansupport.ca\/fr\/wp-json\/wp\/v2\/users\/2"}],"replies":[{"embeddable":true,"href":"https:\/\/cansupport.ca\/fr\/wp-json\/wp\/v2\/comments?post=5972"}],"version-history":[{"count":1,"href":"https:\/\/cansupport.ca\/fr\/wp-json\/wp\/v2\/pages\/5972\/revisions"}],"predecessor-version":[{"id":5973,"href":"https:\/\/cansupport.ca\/fr\/wp-json\/wp\/v2\/pages\/5972\/revisions\/5973"}],"wp:attachment":[{"href":"https:\/\/cansupport.ca\/fr\/wp-json\/wp\/v2\/media?parent=5972"}],"curies":[{"name":"wp","href":"https:\/\/api.w.org\/{rel}","templated":true}]}}