{"id":5970,"date":"2020-05-14T13:04:56","date_gmt":"2020-05-14T17:04:56","guid":{"rendered":"https:\/\/cansupport.ca\/stem-cell-transplant\/"},"modified":"2022-02-21T15:21:27","modified_gmt":"2022-02-21T20:21:27","slug":"greffe-de-cellules-souches","status":"publish","type":"page","link":"https:\/\/cansupport.ca\/fr\/greffe-de-cellules-souches\/","title":{"rendered":"Greffe de cellules souches"},"content":{"rendered":"<h3><strong>Ressources \u2013 CUSM<\/strong><\/h3>\n<h3><strong>Office d&rsquo;\u00e9ducation des patients du CUSM<\/strong><\/h3>\n<ul>\n<li>\n<h4><strong><a href=\"https:\/\/educationdespatientscusm.ca\/DATA\/GUIDE\/720_fr~v~la-greffe-de-cellules-souches.pdf\" target=\"_blank\" rel=\"noopener noreferrer\">Guide du patient sur la greffe de cellules souches<\/a><\/strong><\/h4>\n<\/li>\n<\/ul>\n<p>&nbsp;<\/p>\n<h3><strong>Ressources \u2013 Qu\u00e9bec<\/strong><\/h3>\n<h3><strong>H\u00e9ma-Qu\u00e9bec<\/strong><\/h3>\n<ul>\n<li>\n<h4><strong><a href=\"https:\/\/www.hema-quebec.qc.ca\/cellules-souches\/savoir-plus\/cellules-souches.fr.html\" target=\"_blank\" rel=\"noopener noreferrer\">Qu\u2019est-ce que les cellules souches?<\/a><\/strong><\/h4>\n<\/li>\n<\/ul>\n<p>&nbsp;<\/p>\n<h3><strong>Ressources \u2013 Canada<\/strong><\/h3>\n<h3><strong>Soci\u00e9t\u00e9 canadienne du cancer<\/strong><\/h3>\n<ul>\n<li>\n<h4><a href=\"https:\/\/www.cancer.ca\/fr-ca\/cancer-information\/diagnosis-and-treatment\/stem-cell-transplant\/?region=qc\" target=\"_blank\" rel=\"noopener noreferrer\"><strong>Greffe de cellules souches<\/strong><\/a><\/h4>\n<\/li>\n<li>\n<h4><a href=\"https:\/\/www.cancer.ca\/fr-ca\/cancer-information\/diagnosis-and-treatment\/stem-cell-transplant\/having-a-stem-cell-transplant\/?region=qc\" target=\"_blank\" rel=\"noopener noreferrer\"><strong>Recevoir une greffe de cellules souches<\/strong><\/a><\/h4>\n<\/li>\n<li>\n<h4><a href=\"https:\/\/www.cancer.ca\/fr-ca\/cancer-information\/diagnosis-and-treatment\/stem-cell-transplant\/after-stem-cell-transplant\/?region=qc\" target=\"_blank\" rel=\"noopener noreferrer\"><strong>Apr\u00e8s la greffe de cellules souches<\/strong><\/a><\/h4>\n<\/li>\n<li>\n<h4><strong><a href=\"https:\/\/www.cancer.ca\/fr-ca\/cancer-information\/diagnosis-and-treatment\/stem-cell-transplant\/side-effects-of-stem-cell-transplant\/?region=qc\" target=\"_blank\" rel=\"noopener noreferrer\">Effets secondaires de la greffe de cellules souches<\/a><\/strong><\/h4>\n<\/li>\n<\/ul>\n<p>&nbsp;<\/p>\n<h3><strong>Soci\u00e9t\u00e9 de Leuc\u00e9mie et Lymphome du Canada<\/strong><\/h3>\n<ul>\n<li>\n<h4><a href=\"https:\/\/www.cancersdusang.ca\/sites\/default\/files\/2021-09\/2020%20LLSC%20Fact%20Sheet-Treatment-StemCellTransplant_Final_FR_0.pdf\" target=\"_blank\" rel=\"noopener\"><strong>Livret: Greffe de cellules souches du sang et de la moe<\/strong><strong>l<\/strong><strong>le<\/strong><\/a><\/h4>\n<\/li>\n<li>\n<h4><strong><a href=\"https:\/\/www.cancersdusang.ca\/sites\/default\/files\/2021-11\/LLS1154-F-FS-CAR-T-4P-F02%20final%20with%20sponsor%20logos.pdf\" target=\"_blank\" rel=\"noopener\">Th\u00e9rapie CAR-T<\/a><\/strong><\/h4>\n<\/li>\n<\/ul>\n<p>&nbsp;<\/p>\n<h3><strong>Action Cancer Ontario<\/strong><\/h3>\n<ul>\n<li id=\"page-title\" class=\"page__title title\">\n<h4><strong><a href=\"https:\/\/www.cancercareontario.ca\/fr\/traitements-contre-le-cancer\/transplantation-cellules-souches\" target=\"_blank\" rel=\"noopener noreferrer\">Transplantation de cellules souches<\/a><\/strong><\/h4>\n<\/li>\n<\/ul>\n<p>&nbsp;<\/p>\n<h3><strong>Ressources \u2013 \u00c9tats-Unis<\/strong><\/h3>\n<h3><strong>Manuel Merck &#8211; Version pour le grand public<\/strong><\/h3>\n<ul>\n<li class=\"topic__header--title topic__header--title--animate\">\n<h4><strong><a href=\"https:\/\/www.merckmanuals.com\/fr-ca\/accueil\/troubles-immunitaires\/transplantation\/greffe-de-cellules-souches\" target=\"_blank\" rel=\"noopener noreferrer\">Greffe de cellules souches<\/a><\/strong><\/h4>\n<\/li>\n<\/ul>\n","protected":false},"excerpt":{"rendered":"<p>Ressources \u2013 CUSM Office d&rsquo;\u00e9ducation des patients du CUSM Guide du patient sur la greffe de cellules souches &nbsp; Ressources \u2013 Qu\u00e9bec H\u00e9ma-Qu\u00e9bec Qu\u2019est-ce que les cellules souches? &nbsp; Ressources [&hellip;]<\/p>\n","protected":false},"author":2,"featured_media":0,"parent":0,"menu_order":0,"comment_status":"closed","ping_status":"closed","template":"","meta":{"footnotes":""},"class_list":["post-5970","page","type-page","status-publish","hentry"],"_links":{"self":[{"href":"https:\/\/cansupport.ca\/fr\/wp-json\/wp\/v2\/pages\/5970","targetHints":{"allow":["GET"]}}],"collection":[{"href":"https:\/\/cansupport.ca\/fr\/wp-json\/wp\/v2\/pages"}],"about":[{"href":"https:\/\/cansupport.ca\/fr\/wp-json\/wp\/v2\/types\/page"}],"author":[{"embeddable":true,"href":"https:\/\/cansupport.ca\/fr\/wp-json\/wp\/v2\/users\/2"}],"replies":[{"embeddable":true,"href":"https:\/\/cansupport.ca\/fr\/wp-json\/wp\/v2\/comments?post=5970"}],"version-history":[{"count":1,"href":"https:\/\/cansupport.ca\/fr\/wp-json\/wp\/v2\/pages\/5970\/revisions"}],"predecessor-version":[{"id":5971,"href":"https:\/\/cansupport.ca\/fr\/wp-json\/wp\/v2\/pages\/5970\/revisions\/5971"}],"wp:attachment":[{"href":"https:\/\/cansupport.ca\/fr\/wp-json\/wp\/v2\/media?parent=5970"}],"curies":[{"name":"wp","href":"https:\/\/api.w.org\/{rel}","templated":true}]}}