{"id":5966,"date":"2020-05-15T14:17:59","date_gmt":"2020-05-15T18:17:59","guid":{"rendered":"https:\/\/cansupport.ca\/fertility\/"},"modified":"2022-02-21T15:16:18","modified_gmt":"2022-02-21T20:16:18","slug":"fertilite","status":"publish","type":"page","link":"https:\/\/cansupport.ca\/fr\/fertilite\/","title":{"rendered":"Fertilit\u00e9"},"content":{"rendered":"<h3><strong>Ressources \u2013 CUSM<\/strong><\/h3>\n<h3><strong>Office d\u2019\u00e9ducation des patients du CUSM<\/strong><\/h3>\n<ul>\n<li>\n<h4><strong><a class=\"index-title\" href=\"http:\/\/muhcguides.com\/module\/fertility-female\" target=\"_blank\" rel=\"noopener noreferrer\">Guide d\u2019\u00e9ducation des patients du CUSM: Ferilit\u00e9 et chimioth\u00e9rapie (femme)<\/a><\/strong><\/h4>\n<\/li>\n<li>\n<h4><strong><a class=\"index-title\" href=\"http:\/\/muhcguides.com\/module\/fertility-male\" target=\"_blank\" rel=\"noopener noreferrer\">Guide d\u2019\u00e9ducation des patients du CUSM: Ferilit\u00e9 et chimioth\u00e9rapie (m\u00e2le)<\/a><\/strong><\/h4>\n<\/li>\n<li>\n<h4><strong><a href=\"https:\/\/educationdespatientscusm.ca\/guides-sur-le-cancer\/cancer-et-fertilite\/qu-est-ce-que-la-menopause-chirurgicale-.html?sectionID=250&amp;guideID=263\" target=\"_blank\" rel=\"noopener noreferrer\">Qu\u2019est-ce que la m\u00e9nopause chirurgicale?<\/a><\/strong><\/h4>\n<\/li>\n<\/ul>\n<p>&nbsp;<\/p>\n<h3><strong>R\u00e9seau de canc\u00e9rologie Rossy<\/strong><\/h3>\n<ul>\n<li class=\"title style-scope ytd-video-primary-info-renderer\">\n<h4><strong><a href=\"https:\/\/www.youtube.com\/watch?v=HqXepsD7Oug&amp;t=1s\" target=\"_blank\" rel=\"noopener noreferrer\">Cancer &#8211; Pr\u00e9servation de la fertilit\u00e9 chez les femmes (vid\u00e9o)<\/a><\/strong><\/h4>\n<\/li>\n<li>\n<h4 class=\"title style-scope ytd-video-primary-info-renderer\"><strong><a href=\"https:\/\/www.youtube.com\/watch?v=ngttCVjkLfY&amp;t=2s\" target=\"_blank\" rel=\"noopener noreferrer\">Cancer &#8211; Pr\u00e9servation de la fertilit\u00e9 chez les hommes (vid\u00e9o)<\/a><\/strong><\/h4>\n<\/li>\n<\/ul>\n<p>&nbsp;<\/p>\n<h3><strong>Centre de la reproduction du CUSM<\/strong><\/h3>\n<ul>\n<li>\n<h4><strong><a href=\"https:\/\/cusm.ca\/centre-reproduction\" target=\"_blank\" rel=\"noopener noreferrer\">Page d&rsquo;acceuil<\/a><\/strong><\/h4>\n<\/li>\n<li>\n<h4 class=\"page-title\"><strong><a href=\"https:\/\/cusm.ca\/centre-reproduction\/par-ou-commencer\" target=\"_blank\" rel=\"noopener noreferrer\"><span class=\"field field--name-title field--type-string field--label-hidden\">Par o\u00f9 commencer?<\/span><\/a><\/strong><\/h4>\n<\/li>\n<li>\n<h4 class=\"page-title\"><strong><a href=\"https:\/\/cusm.ca\/centre-reproduction\/resources\" target=\"_blank\" rel=\"noopener noreferrer\"><span class=\"field field--name-title field--type-string field--label-hidden\">Ressources<\/span><\/a><\/strong><\/h4>\n<\/li>\n<\/ul>\n<p>&nbsp;<\/p>\n<h3><strong>Ressources \u2013 Canada<\/strong><\/h3>\n<h3><strong>Gouvernement du Canada<\/strong><\/h3>\n<ul>\n<li id=\"wb-cont\" dir=\"ltr\">\n<h4><strong><a href=\"https:\/\/www.canada.ca\/fr\/sante-publique\/services\/fertilite\/cancer-et-fertilite.html\" target=\"_blank\" rel=\"noopener noreferrer\">Cancer et fertilit\u00e9<\/a><\/strong><\/h4>\n<\/li>\n<\/ul>\n<p>&nbsp;<\/p>\n<h3><strong>Rethink Breast Cancer<\/strong><\/h3>\n<ul>\n<li>\n<h4><strong><a href=\"https:\/\/fertilityaid.rethinkbreastcancer.com\/index_fr.php\">Outil d&rsquo;aide \u00e0 la d\u00e9cision sur la fertilit\u00e9 avant le traitement pour les jeunes patientes atteintes du cancer du sein au Canada<\/a><\/strong><\/h4>\n<\/li>\n<\/ul>\n<p>&nbsp;<\/p>\n<h3><strong>Soci\u00e9t\u00e9 canadienne du cancer<\/strong><\/h3>\n<ul>\n<li>\n<h4><strong><a href=\"https:\/\/www.cancer.ca\/fr-ca\/cancer-information\/diagnosis-and-treatment\/managing-side-effects\/fertility-problems\/?region=qc\" target=\"_blank\" rel=\"noopener noreferrer\">Troubles de la fertilit\u00e9<\/a><\/strong><\/h4>\n<\/li>\n<li>\n<h4><strong><a href=\"https:\/\/www.cancer.ca\/fr-ca\/cancer-information\/diagnosis-and-treatment\/cancer-during-pregnancy\/?region=qc\" target=\"_blank\" rel=\"noopener noreferrer\">Cancer pr\u00e9sent lors d&rsquo;une grossesse<\/a><\/strong><\/h4>\n<\/li>\n<\/ul>\n","protected":false},"excerpt":{"rendered":"<p>Ressources \u2013 CUSM Office d\u2019\u00e9ducation des patients du CUSM Guide d\u2019\u00e9ducation des patients du CUSM: Ferilit\u00e9 et chimioth\u00e9rapie (femme) Guide d\u2019\u00e9ducation des patients du CUSM: Ferilit\u00e9 et chimioth\u00e9rapie (m\u00e2le) Qu\u2019est-ce [&hellip;]<\/p>\n","protected":false},"author":2,"featured_media":0,"parent":0,"menu_order":0,"comment_status":"closed","ping_status":"closed","template":"","meta":{"footnotes":""},"class_list":["post-5966","page","type-page","status-publish","hentry"],"_links":{"self":[{"href":"https:\/\/cansupport.ca\/fr\/wp-json\/wp\/v2\/pages\/5966","targetHints":{"allow":["GET"]}}],"collection":[{"href":"https:\/\/cansupport.ca\/fr\/wp-json\/wp\/v2\/pages"}],"about":[{"href":"https:\/\/cansupport.ca\/fr\/wp-json\/wp\/v2\/types\/page"}],"author":[{"embeddable":true,"href":"https:\/\/cansupport.ca\/fr\/wp-json\/wp\/v2\/users\/2"}],"replies":[{"embeddable":true,"href":"https:\/\/cansupport.ca\/fr\/wp-json\/wp\/v2\/comments?post=5966"}],"version-history":[{"count":1,"href":"https:\/\/cansupport.ca\/fr\/wp-json\/wp\/v2\/pages\/5966\/revisions"}],"predecessor-version":[{"id":5967,"href":"https:\/\/cansupport.ca\/fr\/wp-json\/wp\/v2\/pages\/5966\/revisions\/5967"}],"wp:attachment":[{"href":"https:\/\/cansupport.ca\/fr\/wp-json\/wp\/v2\/media?parent=5966"}],"curies":[{"name":"wp","href":"https:\/\/api.w.org\/{rel}","templated":true}]}}