{"id":5951,"date":"2020-05-21T14:27:43","date_gmt":"2020-05-21T18:27:43","guid":{"rendered":"https:\/\/cansupport.ca\/colorectal-colon-and-rectal-cancer\/"},"modified":"2022-02-21T15:03:46","modified_gmt":"2022-02-21T20:03:46","slug":"cancer-colorectal-colon-et-rectum","status":"publish","type":"page","link":"https:\/\/cansupport.ca\/fr\/cancer-colorectal-colon-et-rectum\/","title":{"rendered":"Cancer Colorectal (col\u00f4n et rectum)"},"content":{"rendered":"<h4><strong><em>\u00c9galement appel\u00e9 Cancer du Col\u00f4n, Cancer du Rectum<\/em><\/strong><\/h4>\n<p>&nbsp;<\/p>\n<h3>Ressources \u2013 CUSM<\/h3>\n<h3><strong>Office d&rsquo;\u00e9ducation des patients du CUSM<\/strong><\/h3>\n<ul>\n<li>\n<h4><strong><a href=\"https:\/\/educationdespatientscusm.ca\/guides-sur-le-cancer\/trouver-un-cancer\/cancer-intestinal.html?parentID=300&amp;sectionID=310\" target=\"_blank\" rel=\"noopener noreferrer\">Guides sur le Cancer intestinal<\/a><\/strong><\/h4>\n<\/li>\n<li>\n<h4><strong><a href=\"http:\/\/muhcguides.com\/module\/colon-cancer\" target=\"_blank\" rel=\"noopener noreferrer\">Cancer du col\u00f4n<\/a>\u00a0 (module)<\/strong><\/h4>\n<\/li>\n<li>\n<h4><strong><a href=\"https:\/\/educationdespatientscusm.ca\/DATA\/GUIDE\/297_fr~v~guide-du-traitement-de-radiotherapie-colorectale.pdf\" target=\"_blank\" rel=\"noopener noreferrer\">Guide de traitement de radioth\u00e9rapie colorectale<\/a><\/strong><\/h4>\n<\/li>\n<li>\n<h4><strong><a href=\"https:\/\/educationdespatientscusm.ca\/DATA\/GUIDE\/210_fr~v~chirurgie-intestinale-site-glen.pdf\" target=\"_blank\" rel=\"noopener noreferrer\">Guide de pr\u00e9paration chirurgie de l&rsquo;intestin<\/a>\u00a0 (livret)<\/strong><\/h4>\n<\/li>\n<li>\n<h4><strong><a href=\"https:\/\/educationdespatientscusm.ca\/DATA\/GUIDE\/212_fr~v~chirurgie-intestinale-poster-de-retablissement-cusm.pdf\" target=\"_blank\" rel=\"noopener noreferrer\">Guide de r\u00e9tablissement \u00e0 la maison chirurgie intestinale (colorectale)<\/a>\u00a0 \u00a0(livret)\u00a0<\/strong><\/h4>\n<\/li>\n<\/ul>\n<p>&nbsp;<\/p>\n<h3>Ressources \u2013 Qu\u00e9bec<\/h3>\n<h3><strong>Gouvernement du Qu\u00e9bec<\/strong><\/h3>\n<ul>\n<li id=\"titreNo1\" class=\"d-block themeTitre\">\n<h4><strong><a href=\"https:\/\/www.quebec.ca\/sante\/problemes-de-sante\/cancer\/cancer-colorectal-colon-et-rectum\/\" target=\"_blank\" rel=\"noopener noreferrer\">Cancer colorectal (c\u00f4lon et rectum)<\/a><\/strong><\/h4>\n<\/li>\n<li id=\"titreNo1\" class=\"d-block themeTitre\">\n<h4><strong><a href=\"https:\/\/www.quebec.ca\/sante\/conseils-et-prevention\/depistage-et-offre-de-tests-de-porteur\/depistage-du-cancer-colorectal\/\" target=\"_blank\" rel=\"noopener noreferrer\">D\u00e9pistage du cancer colorectal (c\u00f4lon et rectum)<\/a><\/strong><\/h4>\n<\/li>\n<li id=\"titreNo1\" class=\"d-block themeTitre\">\n<h4><strong><a href=\"https:\/\/www.quebec.ca\/sante\/conseils-et-prevention\/depistage-et-offre-de-tests-de-porteur\/depistage-du-cancer-colorectal\/test-de-rsosi\/\" target=\"_blank\" rel=\"noopener noreferrer\">Test immunochimique de recherche de sang occulte dans les selles (RSOSi)<\/a><\/strong><\/h4>\n<\/li>\n<li id=\"titreNo1\" class=\"d-block themeTitre\">\n<h4><strong><a href=\"https:\/\/www.quebec.ca\/sante\/conseils-et-prevention\/depistage-et-offre-de-tests-de-porteur\/depistage-du-cancer-colorectal\/directives-pour-le-test-de-rsosi\/\" target=\"_blank\" rel=\"noopener noreferrer\">Directives pour le test immunochimique de recherche de sang occulte dans les selles (RSOSi)<\/a><\/strong><\/h4>\n<\/li>\n<li id=\"titreNo1\" class=\"d-block themeTitre\">\n<h4><strong><a href=\"https:\/\/www.quebec.ca\/sante\/conseils-et-prevention\/depistage-et-offre-de-tests-de-porteur\/depistage-du-cancer-colorectal\/coloscopie-longue\/\" target=\"_blank\" rel=\"noopener noreferrer\">Coloscopie longue<\/a><\/strong><\/h4>\n<\/li>\n<\/ul>\n<p>&nbsp;<\/p>\n<h3>Ressources \u2013 Canada<\/h3>\n<h3><strong>Soci\u00e9t\u00e9 canadienne du cancer<\/strong><\/h3>\n<ul>\n<li>\n<h4><strong><a href=\"https:\/\/www.cancer.ca\/fr-ca\/cancer-information\/cancer-type\/colorectal\/colorectal-cancer\/?region=qc\" target=\"_blank\" rel=\"noopener noreferrer\">Qu\u2019est-ce que le cancer colorectal?<\/a><\/strong><\/h4>\n<\/li>\n<li>\n<h4><strong><a href=\"https:\/\/www.cancer.ca\/fr-ca\/cancer-information\/cancer-type\/colorectal\/risks\/?region=qc\" target=\"_blank\" rel=\"noopener noreferrer\">Facteurs de risque du cancer colorectal<\/a><\/strong><\/h4>\n<\/li>\n<li>\n<h4><strong><a href=\"https:\/\/www.cancer.ca\/fr-ca\/cancer-information\/cancer-type\/colorectal\/screening\/?region=qc\" target=\"_blank\" rel=\"noopener noreferrer\">D\u00e9pistage du cancer colorectal<\/a><\/strong><\/h4>\n<\/li>\n<li>\n<h4><strong><a href=\"https:\/\/www.cancer.ca\/fr-ca\/cancer-information\/cancer-type\/colorectal\/signs-and-symptoms\/?region=qc\" target=\"_blank\" rel=\"noopener noreferrer\">Sympt\u00f4mes du cancer colorectal<\/a><\/strong><\/h4>\n<\/li>\n<li>\n<h4><strong><a href=\"https:\/\/www.cancer.ca\/fr-ca\/cancer-information\/cancer-type\/colorectal\/diagnosis\/?region=qc\" target=\"_blank\" rel=\"noopener noreferrer\">Diagnostic du cancer colorectal<\/a><\/strong><\/h4>\n<\/li>\n<li>\n<h4><strong><a href=\"https:\/\/www.cancer.ca\/fr-ca\/cancer-information\/cancer-type\/colorectal\/grading\/?region=qc\" target=\"_blank\" rel=\"noopener noreferrer\">Grades du cancer colorectal<\/a><\/strong><\/h4>\n<\/li>\n<li>\n<h4><strong><a href=\"https:\/\/www.cancer.ca\/fr-ca\/cancer-information\/cancer-type\/colorectal\/staging\/?region=qc\" target=\"_blank\" rel=\"noopener noreferrer\">Stades du cancer colorectal<\/a><\/strong><\/h4>\n<\/li>\n<li>\n<h4><strong><a href=\"https:\/\/www.cancer.ca\/fr-ca\/cancer-information\/cancer-type\/colorectal\/if-cancer-spreads\/?region=qc\" target=\"_blank\" rel=\"noopener noreferrer\">Si le cancer colorectal se propage<\/a><\/strong><\/h4>\n<\/li>\n<li>\n<h4><strong><a href=\"https:\/\/www.cancer.ca\/fr-ca\/cancer-information\/cancer-type\/colorectal\/prognosis-and-survival\/?region=qc\" target=\"_blank\" rel=\"noopener noreferrer\">Pronostic et survie pour le cancer colorectal<\/a><\/strong><\/h4>\n<\/li>\n<li>\n<h4><strong><a href=\"https:\/\/www.cancer.ca\/fr-ca\/cancer-information\/cancer-type\/colorectal\/treatment\/?region=qc\" target=\"_blank\" rel=\"noopener noreferrer\">Traitements du cancer colorectal<\/a><\/strong><\/h4>\n<\/li>\n<li>\n<h4><strong><a href=\"https:\/\/www.cancer.ca\/fr-ca\/cancer-information\/cancer-type\/colorectal\/supportive-care\/?region=qc\" target=\"_blank\" rel=\"noopener noreferrer\">Soins de soutien pour le cancer colorectal<\/a><\/strong><\/h4>\n<\/li>\n<li>\n<h4><strong><a href=\"https:\/\/www.cancer.ca\/fr-ca\/cancer-information\/cancer-type\/colorectal\/research\/?region=qc\" target=\"_blank\" rel=\"noopener noreferrer\">Recherche sur le cancer colorectal<\/a><\/strong><\/h4>\n<\/li>\n<li>\n<h4><strong><a href=\"https:\/\/www.cancer.ca\/fr-ca\/cancer-information\/cancer-type\/colorectal\/statistics\/?region=qc\" target=\"_blank\" rel=\"noopener noreferrer\">Statistiques sur le cancer colorectal<\/a><\/strong><\/h4>\n<\/li>\n<\/ul>\n<p>&nbsp;<\/p>\n<h3><strong>Gouvernement du Canada<\/strong><\/h3>\n<ul>\n<li id=\"wb-cont\" dir=\"ltr\">\n<h4><strong><a href=\"https:\/\/www.canada.ca\/fr\/sante-publique\/services\/maladies-chroniques\/cancer\/cancer-colorectal.html\" target=\"_blank\" rel=\"noopener noreferrer\">Cancer colorectal<\/a><\/strong><\/h4>\n<\/li>\n<\/ul>\n<p>&nbsp;<\/p>\n<h3><strong>Cancer Colorectal Canada<\/strong><\/h3>\n<ul>\n<li>\n<h4><strong><a href=\"https:\/\/www.colorectalcancercanada.com\/fr\/resources\/covid-19\/\" target=\"_blank\" rel=\"noopener noreferrer\">Information li\u00e9e \u00e0 la COVID-19 pour les patients atteints du cancer colorectal<\/a><\/strong><\/h4>\n<\/li>\n<li>\n<h4><strong><a href=\"https:\/\/www.colorectalcancercanada.com\/fr\/colorectal-cancer\/what-is-colon-cancer\/\" target=\"_blank\" rel=\"noopener noreferrer\">Sympt\u00f4mes<\/a><\/strong><\/h4>\n<\/li>\n<li>\n<h4><strong><a href=\"https:\/\/www.colorectalcancercanada.com\/fr\/colorectal-cancer\/what-is-colorectal-cancer\/\" target=\"_blank\" rel=\"noopener noreferrer\">Qu&rsquo;est-ce que le cancer colorectal?<\/a><\/strong><\/h4>\n<\/li>\n<li>\n<h4><strong><a href=\"https:\/\/www.colorectalcancercanada.com\/fr\/colorectal-cancer\/early-age-onset-colorectal-cancer\/\" target=\"_blank\" rel=\"noopener noreferrer\">Cancer colorectal pr\u00e9coce<\/a><\/strong><\/h4>\n<\/li>\n<li>\n<h4><strong><a href=\"https:\/\/www.colorectalcancercanada.com\/fr\/colorectal-cancer\/treatment\/\" target=\"_blank\" rel=\"noopener noreferrer\">Traitement<\/a><\/strong><\/h4>\n<\/li>\n<li>\n<h4><a href=\"https:\/\/www.colorectalcancercanada.com\/fr\/colorectal-cancer\/life-after-treatment\/\" target=\"_blank\" rel=\"noopener noreferrer\"><strong>La vie apr\u00e8s le traitement<\/strong><\/a><\/h4>\n<\/li>\n<\/ul>\n<p>&nbsp;<\/p>\n<p>&nbsp;<\/p>\n","protected":false},"excerpt":{"rendered":"<p>\u00c9galement appel\u00e9 Cancer du Col\u00f4n, Cancer du Rectum &nbsp; Ressources \u2013 CUSM Office d&rsquo;\u00e9ducation des patients du CUSM Guides sur le Cancer intestinal Cancer du col\u00f4n\u00a0 (module) Guide de traitement [&hellip;]<\/p>\n","protected":false},"author":2,"featured_media":0,"parent":0,"menu_order":0,"comment_status":"closed","ping_status":"closed","template":"","meta":{"footnotes":""},"class_list":["post-5951","page","type-page","status-publish","hentry"],"_links":{"self":[{"href":"https:\/\/cansupport.ca\/fr\/wp-json\/wp\/v2\/pages\/5951","targetHints":{"allow":["GET"]}}],"collection":[{"href":"https:\/\/cansupport.ca\/fr\/wp-json\/wp\/v2\/pages"}],"about":[{"href":"https:\/\/cansupport.ca\/fr\/wp-json\/wp\/v2\/types\/page"}],"author":[{"embeddable":true,"href":"https:\/\/cansupport.ca\/fr\/wp-json\/wp\/v2\/users\/2"}],"replies":[{"embeddable":true,"href":"https:\/\/cansupport.ca\/fr\/wp-json\/wp\/v2\/comments?post=5951"}],"version-history":[{"count":1,"href":"https:\/\/cansupport.ca\/fr\/wp-json\/wp\/v2\/pages\/5951\/revisions"}],"predecessor-version":[{"id":5952,"href":"https:\/\/cansupport.ca\/fr\/wp-json\/wp\/v2\/pages\/5951\/revisions\/5952"}],"wp:attachment":[{"href":"https:\/\/cansupport.ca\/fr\/wp-json\/wp\/v2\/media?parent=5951"}],"curies":[{"name":"wp","href":"https:\/\/api.w.org\/{rel}","templated":true}]}}