{"id":5948,"date":"2020-05-20T15:58:03","date_gmt":"2020-05-20T19:58:03","guid":{"rendered":"https:\/\/cansupport.ca\/cervical-cancer\/"},"modified":"2022-02-21T14:26:21","modified_gmt":"2022-02-21T19:26:21","slug":"cancer-du-col-de-luterus","status":"publish","type":"page","link":"https:\/\/cansupport.ca\/fr\/cancer-du-col-de-luterus\/","title":{"rendered":"Cancer du col de l&rsquo;ut\u00e9rus"},"content":{"rendered":"<h3>Ressources \u2013 Qu\u00e9bec<\/h3>\n<h3><strong>Gouvernement du Qu\u00e9bec<\/strong><\/h3>\n<ul>\n<li id=\"titreNo1\" class=\"d-block themeTitre\">\n<h4><strong><a href=\"https:\/\/www.quebec.ca\/sante\/problemes-de-sante\/cancer\/cancer-du-col-de-l-uterus\/\" target=\"_blank\" rel=\"noopener noreferrer\">Cancer du col de l&rsquo;ut\u00e9rus<\/a><\/strong><\/h4>\n<\/li>\n<li class=\"d-block themeTitre\">\n<h4><strong><a href=\"https:\/\/www.quebec.ca\/sante\/conseils-et-prevention\/depistage-et-offre-de-tests-de-porteur\/depistage-du-cancer-du-col-uterus\/\" target=\"_blank\" rel=\"noopener noreferrer\">D\u00e9pistage du cancer du col de l&rsquo;ut\u00e9rus<\/a><\/strong><\/h4>\n<\/li>\n<li class=\"d-block themeTitre\">\n<h4><strong><a href=\"https:\/\/www.quebec.ca\/sante\/conseils-et-prevention\/depistage-et-offre-de-tests-de-porteur\/depistage-du-cancer-du-col-uterus\/cytologie-avantages-inconvenients-et-limites\/\" target=\"_blank\" rel=\"noopener noreferrer\">Avantages et inconv\u00e9nients du d\u00e9pistage par cytologie (test de Pap)<\/a><\/strong><\/h4>\n<\/li>\n<\/ul>\n<h3><\/h3>\n<p>&nbsp;<\/p>\n<h3>Ressources \u2013 Canada<\/h3>\n<h3><strong>Soci\u00e9t\u00e9 canadienne du cancer<\/strong><\/h3>\n<ul>\n<li>\n<h4><strong><a href=\"https:\/\/www.cancer.ca\/fr-ca\/cancer-information\/cancer-type\/cervical\/cervical-cancer\/?region=qc\" target=\"_blank\" rel=\"noopener noreferrer\">Qu\u2019est-ce que le cancer du col de l&rsquo;ut\u00e9rus?<\/a><\/strong><\/h4>\n<\/li>\n<li>\n<h4><strong><a href=\"https:\/\/www.cancer.ca\/fr-ca\/cancer-information\/cancer-type\/cervical\/risks\/?region=qc\" target=\"_blank\" rel=\"noopener noreferrer\">Facteurs de risque du cancer du col de l\u2019ut\u00e9rus<\/a><\/strong><\/h4>\n<\/li>\n<li>\n<h4><strong><a href=\"https:\/\/www.cancer.ca\/fr-ca\/cancer-information\/cancer-type\/cervical\/screening\/?region=qc\" target=\"_blank\" rel=\"noopener noreferrer\">D\u00e9pistage du cancer du col de l&rsquo;ut\u00e9rus<\/a><\/strong><\/h4>\n<\/li>\n<li>\n<h4><strong><a href=\"https:\/\/www.cancer.ca\/fr-ca\/cancer-information\/cancer-type\/cervical\/signs-and-symptoms\/?region=qc\" target=\"_blank\" rel=\"noopener noreferrer\">Sympt\u00f4mes du cancer du col de l&rsquo;ut\u00e9rus<\/a><\/strong><\/h4>\n<\/li>\n<li>\n<h4><strong><a href=\"https:\/\/www.cancer.ca\/fr-ca\/cancer-information\/cancer-type\/cervical\/diagnosis\/?region=qc\" target=\"_blank\" rel=\"noopener noreferrer\">Diagnostic du cancer du col de l\u2019ut\u00e9rus<\/a><\/strong><\/h4>\n<\/li>\n<li>\n<h4><strong><a href=\"https:\/\/www.cancer.ca\/fr-ca\/cancer-information\/cancer-type\/cervical\/grading\/?region=qc\" target=\"_blank\" rel=\"noopener noreferrer\">Classification histologique du cancer du col de l&rsquo;ut\u00e9rus<\/a><\/strong><\/h4>\n<\/li>\n<li>\n<h4><strong><a href=\"https:\/\/www.cancer.ca\/fr-ca\/cancer-information\/cancer-type\/cervical\/staging\/?region=qc\" target=\"_blank\" rel=\"noopener noreferrer\">Stades du cancer du col de l&rsquo;ut\u00e9rus<\/a><\/strong><\/h4>\n<\/li>\n<li>\n<h4><strong><a href=\"https:\/\/www.cancer.ca\/fr-ca\/cancer-information\/cancer-type\/cervical\/if-cancer-spreads\/?region=qc\" target=\"_blank\" rel=\"noopener noreferrer\">Si le cancer du col de l&rsquo;ut\u00e9rus se propage<\/a><\/strong><\/h4>\n<\/li>\n<li>\n<h4><strong><a href=\"https:\/\/www.cancer.ca\/fr-ca\/cancer-information\/cancer-type\/cervical\/prognosis-and-survival\/?region=qc\" target=\"_blank\" rel=\"noopener noreferrer\">Pronostic et survie pour le cancer du col de l&rsquo;ut\u00e9rus<\/a><\/strong><\/h4>\n<\/li>\n<li>\n<h4><strong><a href=\"https:\/\/www.cancer.ca\/fr-ca\/cancer-information\/cancer-type\/cervical\/treatment\/?region=qc\" target=\"_blank\" rel=\"noopener noreferrer\">Traitements du cancer du col de l&rsquo;ut\u00e9rus<\/a><\/strong><\/h4>\n<\/li>\n<li>\n<h4><strong><a href=\"https:\/\/www.cancer.ca\/fr-ca\/cancer-information\/cancer-type\/cervical\/supportive-care\/?region=qc\" target=\"_blank\" rel=\"noopener noreferrer\">Soins de soutien pour le cancer du col de l&rsquo;ut\u00e9rus<\/a><\/strong><\/h4>\n<\/li>\n<li>\n<h4><strong><a href=\"https:\/\/www.cancer.ca\/fr-ca\/cancer-information\/cancer-type\/cervical\/research\/?region=qc\" target=\"_blank\" rel=\"noopener noreferrer\">Recherche sur le cancer du col de l\u2019ut\u00e9rus<\/a><\/strong><\/h4>\n<\/li>\n<li>\n<h4><strong><a href=\"https:\/\/www.cancer.ca\/fr-ca\/cancer-information\/cancer-type\/cervical\/statistics\/?region=qc\" target=\"_blank\" rel=\"noopener noreferrer\">Statistiques sur le cancer du col de l\u2019ut\u00e9rus<\/a><\/strong><\/h4>\n<\/li>\n<\/ul>\n<p>&nbsp;<\/p>\n<h3><strong>Gouvernement du Canada<\/strong><\/h3>\n<ul>\n<li>\n<h4><strong><a href=\"https:\/\/www.canada.ca\/fr\/sante-publique\/services\/maladies-chroniques\/cancer\/cancer-uterus.html\" target=\"_blank\" rel=\"noopener noreferrer\">Cancer du col de l&rsquo;ut\u00e9rus<\/a><\/strong><\/h4>\n<\/li>\n<\/ul>\n<p>&nbsp;<\/p>\n<h3><strong>Action Cancer Ontario<\/strong><\/h3>\n<ul>\n<li id=\"page-title\" class=\"page__title title\">\n<h4><strong><a href=\"https:\/\/www.cancercareontario.ca\/fr\/types-de-cancer\/cancer-du-col-de-uterus\" target=\"_blank\" rel=\"noopener noreferrer\">Cancer du col de l\u2019ut\u00e9rus<\/a><\/strong><\/h4>\n<\/li>\n<\/ul>\n<p>&nbsp;<\/p>\n<h3>Ressources \u2013 \u00c9tats-Unis<\/h3>\n<h3><strong>Manuel Merck &#8211; Version pour le grand public<\/strong><\/h3>\n<ul>\n<li>\n<h4><strong><a href=\"https:\/\/www.merckmanuals.com\/fr-ca\/accueil\/probl%C3%A8mes-de-sant%C3%A9-de-la-femme\/cancers-gyn%C3%A9cologiques\/cancer-du-col-de-l%E2%80%99ut%C3%A9rus?query=cancer%20du%20col%20de%20l%27ut%C3%A9rus\" target=\"_blank\" rel=\"noopener noreferrer\">Cancer du col de l&rsquo;ut\u00e9rus<\/a><\/strong><\/h4>\n<\/li>\n<\/ul>\n","protected":false},"excerpt":{"rendered":"<p>Ressources \u2013 Qu\u00e9bec Gouvernement du Qu\u00e9bec Cancer du col de l&rsquo;ut\u00e9rus D\u00e9pistage du cancer du col de l&rsquo;ut\u00e9rus Avantages et inconv\u00e9nients du d\u00e9pistage par cytologie (test de Pap) &nbsp; Ressources [&hellip;]<\/p>\n","protected":false},"author":2,"featured_media":0,"parent":0,"menu_order":0,"comment_status":"closed","ping_status":"closed","template":"","meta":{"footnotes":""},"class_list":["post-5948","page","type-page","status-publish","hentry"],"_links":{"self":[{"href":"https:\/\/cansupport.ca\/fr\/wp-json\/wp\/v2\/pages\/5948","targetHints":{"allow":["GET"]}}],"collection":[{"href":"https:\/\/cansupport.ca\/fr\/wp-json\/wp\/v2\/pages"}],"about":[{"href":"https:\/\/cansupport.ca\/fr\/wp-json\/wp\/v2\/types\/page"}],"author":[{"embeddable":true,"href":"https:\/\/cansupport.ca\/fr\/wp-json\/wp\/v2\/users\/2"}],"replies":[{"embeddable":true,"href":"https:\/\/cansupport.ca\/fr\/wp-json\/wp\/v2\/comments?post=5948"}],"version-history":[{"count":2,"href":"https:\/\/cansupport.ca\/fr\/wp-json\/wp\/v2\/pages\/5948\/revisions"}],"predecessor-version":[{"id":5950,"href":"https:\/\/cansupport.ca\/fr\/wp-json\/wp\/v2\/pages\/5948\/revisions\/5950"}],"wp:attachment":[{"href":"https:\/\/cansupport.ca\/fr\/wp-json\/wp\/v2\/media?parent=5948"}],"curies":[{"name":"wp","href":"https:\/\/api.w.org\/{rel}","templated":true}]}}