{"id":5945,"date":"2020-05-26T19:28:26","date_gmt":"2020-05-26T23:28:26","guid":{"rendered":"https:\/\/cansupport.ca\/uterine-cancer\/"},"modified":"2022-02-21T14:04:04","modified_gmt":"2022-02-21T19:04:04","slug":"cancer-de-luterus","status":"publish","type":"page","link":"https:\/\/cansupport.ca\/fr\/cancer-de-luterus\/","title":{"rendered":"Cancer de l&rsquo;ut\u00e9rus"},"content":{"rendered":"<h2><strong>Sujet connexe: <a href=\"https:\/\/cansupport.ca\/fr\/cancer-de-lendometre\/\">Cancer de l&rsquo;endom\u00e8tre<\/a><\/strong><\/h2>\n<p>&nbsp;<\/p>\n<h3><strong>Office d&rsquo;\u00e9ducation des patients du CUSM<\/strong><\/h3>\n<ul>\n<li>\n<h4><strong><a href=\"https:\/\/educationdespatientscusm.ca\/guides-sur-le-cancer\/trouver-un-cancer\/cancer-de-l-uterus.html?parentID=300&amp;sectionID=449\" target=\"_blank\" rel=\"noopener noreferrer\">Tous les guides sur le cancer de l&rsquo;ut\u00e9rus<\/a><\/strong><\/h4>\n<\/li>\n<li>\n<h4><strong><a class=\"nomGuide\" title=\"MinimallyInvasiveHysterectomy_Booklet_RVH_2May2019FNL_fr\" href=\"https:\/\/educationdespatientscusm.ca\/DATA\/GUIDE\/753_fr~v~guide-de-preparation-hysterectomie-minimalement-invasive-retrait-de-l-uterus-.pdf\" target=\"_blank\" rel=\"noopener noreferrer\">Guide de pr\u00e9paration &#8211; Hysterectomie minimalement invasive (Retrait de l&rsquo;ut\u00e9rus)<\/a><\/strong><\/h4>\n<\/li>\n<\/ul>\n<p>&nbsp;<\/p>\n<h3><strong>Soci\u00e9t\u00e9 canadienne du cancer<\/strong><\/h3>\n<ul>\n<li>\n<h4><strong><a href=\"https:\/\/www.cancer.ca\/fr-ca\/cancer-information\/cancer-type\/uterine\/uterine-cancer\/?region=qc\" target=\"_blank\" rel=\"noopener noreferrer\">Qu\u2019est-ce que le cancer de l\u2019ut\u00e9rus?<\/a><\/strong><\/h4>\n<\/li>\n<li>\n<h4><strong><a id=\"pagecontent_0_ctl01_ctl00_5_TitleLink_5\" href=\"https:\/\/cdn.cancer.ca\/-\/media\/files\/cancer-information\/resources\/publications\/uterine-cancer-uyd\/32070-uterine-cancer-uyd-fr.pdf?rev=8bcbc80a4776485dac6d9f690e3e4cfe&amp;hash=EB001AA2B772E5B79EA9A5AA594CD1B5&amp;_ga=2.5515889.398326846.1644512279-359541453.1642085334\" target=\"_blank\" rel=\"noopener noreferrer\">Cancer de l\u2019ut\u00e9rus : Comprendre le diagnostic<\/a><\/strong><\/h4>\n<\/li>\n<\/ul>\n<p>&nbsp;<\/p>\n<h3><strong>Manuel Merck &#8211; Version pour le grand public<\/strong><\/h3>\n<ul>\n<li class=\"topic__header--title topic__header--title--animate\">\n<h4><strong><a href=\"https:\/\/www.msdmanuals.com\/fr\/accueil\/probl%C3%A8mes-de-sant%C3%A9-de-la-femme\/cancers-gyn%C3%A9cologiques\/cancer-de-l-ut%C3%A9rus?query=cancer%20ut%C3%A9rin\" target=\"_blank\" rel=\"noopener noreferrer\">Cancer de l\u2019ut\u00e9rus<\/a><\/strong><\/h4>\n<\/li>\n<\/ul>\n","protected":false},"excerpt":{"rendered":"<p>Sujet connexe: Cancer de l&rsquo;endom\u00e8tre &nbsp; Office d&rsquo;\u00e9ducation des patients du CUSM Tous les guides sur le cancer de l&rsquo;ut\u00e9rus Guide de pr\u00e9paration &#8211; Hysterectomie minimalement invasive (Retrait de l&rsquo;ut\u00e9rus) [&hellip;]<\/p>\n","protected":false},"author":2,"featured_media":0,"parent":0,"menu_order":0,"comment_status":"closed","ping_status":"closed","template":"","meta":{"footnotes":""},"class_list":["post-5945","page","type-page","status-publish","hentry"],"_links":{"self":[{"href":"https:\/\/cansupport.ca\/fr\/wp-json\/wp\/v2\/pages\/5945","targetHints":{"allow":["GET"]}}],"collection":[{"href":"https:\/\/cansupport.ca\/fr\/wp-json\/wp\/v2\/pages"}],"about":[{"href":"https:\/\/cansupport.ca\/fr\/wp-json\/wp\/v2\/types\/page"}],"author":[{"embeddable":true,"href":"https:\/\/cansupport.ca\/fr\/wp-json\/wp\/v2\/users\/2"}],"replies":[{"embeddable":true,"href":"https:\/\/cansupport.ca\/fr\/wp-json\/wp\/v2\/comments?post=5945"}],"version-history":[{"count":2,"href":"https:\/\/cansupport.ca\/fr\/wp-json\/wp\/v2\/pages\/5945\/revisions"}],"predecessor-version":[{"id":5947,"href":"https:\/\/cansupport.ca\/fr\/wp-json\/wp\/v2\/pages\/5945\/revisions\/5947"}],"wp:attachment":[{"href":"https:\/\/cansupport.ca\/fr\/wp-json\/wp\/v2\/media?parent=5945"}],"curies":[{"name":"wp","href":"https:\/\/api.w.org\/{rel}","templated":true}]}}