{"id":5943,"date":"2020-05-14T13:04:58","date_gmt":"2020-05-14T17:04:58","guid":{"rendered":"https:\/\/cansupport.ca\/surgery\/"},"modified":"2022-02-21T13:03:29","modified_gmt":"2022-02-21T18:03:29","slug":"chirurgie","status":"publish","type":"page","link":"https:\/\/cansupport.ca\/fr\/chirurgie\/","title":{"rendered":"Chirurgie"},"content":{"rendered":"<h3><strong><span style=\"color: #1e22aa;\">Information g\u00e9n\u00e9rale sur la chirurgie<\/span><\/strong><\/h3>\n<h4><\/h4>\n<h4><strong>Office d&rsquo;\u00e9ducation des patients du CUSM<\/strong><\/h4>\n<ul>\n<li>\n<h4><strong><a href=\"https:\/\/educationdespatientscusm.ca\/guides-sur-la%20chirurgie\/guides-de-chirurgie.html?sectionID=31\" target=\"_blank\" rel=\"noopener noreferrer\">Guides sur la chirurgie du CUSM<\/a><\/strong><\/h4>\n<\/li>\n<li>\n<h4><strong><a href=\"https:\/\/educationdespatientscusm.ca\/guides-sur-la%20chirurgie\/guides-de-chirurgie\/information-generale.html?parentID=31&amp;sectionID=49\" target=\"_blank\" rel=\"noopener noreferrer\">Information g\u00e9n\u00e9rale<\/a><\/strong><\/h4>\n<\/li>\n<\/ul>\n<p>&nbsp;<\/p>\n<h3><span style=\"color: #1e22aa;\"><strong>Cancer et chirurgie<\/strong><\/span><\/h3>\n<p>&nbsp;<\/p>\n<h4>Ressources \u2013 Canada<\/h4>\n<h4><strong>Soci\u00e9t\u00e9 canadienne du cancer<\/strong><\/h4>\n<ul>\n<li>\n<h4><strong><a href=\"https:\/\/www.cancer.ca\/fr-ca\/cancer-information\/diagnosis-and-treatment\/surgery\/?region=qc\" target=\"_blank\" rel=\"noopener noreferrer\">Chirurgie dans le traitement du cancer<\/a><\/strong><\/h4>\n<\/li>\n<li>\n<h4><strong><a href=\"https:\/\/www.cancer.ca\/fr-ca\/cancer-information\/diagnosis-and-treatment\/surgery\/types-of-surgery\/?region=qc\" target=\"_blank\" rel=\"noopener noreferrer\">Types de chirurgie<\/a><\/strong><\/h4>\n<\/li>\n<li>\n<h4><strong><a href=\"https:\/\/www.cancer.ca\/fr-ca\/cancer-information\/diagnosis-and-treatment\/surgery\/having-surgery\/?region=qc\" target=\"_blank\" rel=\"noopener noreferrer\">Subir une chirurgie<\/a><\/strong><\/h4>\n<\/li>\n<li>\n<h4><a href=\"https:\/\/www.cancer.ca\/fr-ca\/cancer-information\/diagnosis-and-treatment\/surgery\/anesthesia\/?region=qc\" target=\"_blank\" rel=\"noopener noreferrer\"><strong>Anesth\u00e9sie<\/strong><\/a><\/h4>\n<\/li>\n<li>\n<h4><a href=\"https:\/\/www.cancer.ca\/fr-ca\/cancer-information\/diagnosis-and-treatment\/surgery\/side-effects-of-surgery\/?region=qc\" target=\"_blank\" rel=\"noopener noreferrer\"><strong>Effets secondaires de la chirurgie<\/strong><\/a><\/h4>\n<\/li>\n<\/ul>\n<p>&nbsp;<\/p>\n<h4><strong>Action Cancer Ontario<\/strong><\/h4>\n<ul>\n<li>\n<h4><strong><a href=\"https:\/\/www.cancercareontario.ca\/fr\/traitements-contre-le-cancer\/chirurgie\" target=\"_blank\" rel=\"noopener noreferrer\">Chirurgie<\/a><\/strong><\/h4>\n<\/li>\n<\/ul>\n<p>&nbsp;<\/p>\n<h4>Ressources \u2013 \u00c9tats-Unis<\/h4>\n<h4><strong>Manuel Merck &#8211; Version pour le grand public<\/strong><\/h4>\n<ul>\n<li>\n<h4><strong><a href=\"https:\/\/www.merckmanuals.com\/fr-ca\/accueil\/cancer\/pr%C3%A9vention-et-traitement-du-cancer\/chirurgie-du-cancer?query=Chirurgie%20du%20cancer\">Chirurgie du cancer<\/a><\/strong><\/h4>\n<\/li>\n<\/ul>\n<p>&nbsp;<\/p>\n","protected":false},"excerpt":{"rendered":"<p>Information g\u00e9n\u00e9rale sur la chirurgie Office d&rsquo;\u00e9ducation des patients du CUSM Guides sur la chirurgie du CUSM Information g\u00e9n\u00e9rale &nbsp; Cancer et chirurgie &nbsp; Ressources \u2013 Canada Soci\u00e9t\u00e9 canadienne du [&hellip;]<\/p>\n","protected":false},"author":2,"featured_media":0,"parent":0,"menu_order":0,"comment_status":"closed","ping_status":"closed","template":"","meta":{"footnotes":""},"class_list":["post-5943","page","type-page","status-publish","hentry"],"_links":{"self":[{"href":"https:\/\/cansupport.ca\/fr\/wp-json\/wp\/v2\/pages\/5943","targetHints":{"allow":["GET"]}}],"collection":[{"href":"https:\/\/cansupport.ca\/fr\/wp-json\/wp\/v2\/pages"}],"about":[{"href":"https:\/\/cansupport.ca\/fr\/wp-json\/wp\/v2\/types\/page"}],"author":[{"embeddable":true,"href":"https:\/\/cansupport.ca\/fr\/wp-json\/wp\/v2\/users\/2"}],"replies":[{"embeddable":true,"href":"https:\/\/cansupport.ca\/fr\/wp-json\/wp\/v2\/comments?post=5943"}],"version-history":[{"count":1,"href":"https:\/\/cansupport.ca\/fr\/wp-json\/wp\/v2\/pages\/5943\/revisions"}],"predecessor-version":[{"id":5944,"href":"https:\/\/cansupport.ca\/fr\/wp-json\/wp\/v2\/pages\/5943\/revisions\/5944"}],"wp:attachment":[{"href":"https:\/\/cansupport.ca\/fr\/wp-json\/wp\/v2\/media?parent=5943"}],"curies":[{"name":"wp","href":"https:\/\/api.w.org\/{rel}","templated":true}]}}