{"id":5941,"date":"2020-05-14T13:04:29","date_gmt":"2020-05-14T17:04:29","guid":{"rendered":"https:\/\/cansupport.ca\/chemotherapy\/"},"modified":"2022-02-21T13:01:33","modified_gmt":"2022-02-21T18:01:33","slug":"chimiotherapie","status":"publish","type":"page","link":"https:\/\/cansupport.ca\/fr\/chimiotherapie\/","title":{"rendered":"Chimioth\u00e9rapie"},"content":{"rendered":"<h3>Ressources \u2013 CUSM<\/h3>\n<h3><strong>Office d&rsquo;\u00e9ducation des patients du CUSM<\/strong><\/h3>\n<ul>\n<li>\n<h4><strong><a href=\"https:\/\/educationdespatientscusm.ca\/guides-sur-le-cancer\/chimiotherapie.html?sectionID=247\" target=\"_blank\" rel=\"noopener\">Guides sur la chimioth\u00e9rapie<\/a><\/strong><\/h4>\n<\/li>\n<li>\n<h4><strong><a href=\"https:\/\/educationdespatientscusm.ca\/guides-sur-le-cancer\/chimiotherapie\/chimiotherapie-a-la-maison.html?parentID=247&amp;sectionID=298\" target=\"_blank\" rel=\"noopener noreferrer\">Chimioth\u00e9rapie \u00e0 la maison<\/a><\/strong><\/h4>\n<\/li>\n<li>\n<h4><strong><a href=\"https:\/\/educationdespatientscusm.ca\/guides-sur-le-cancer\/chimiotherapie\/chimiotherapie-principes-de-bases.html?parentID=247&amp;sectionID=297\" target=\"_blank\" rel=\"noopener noreferrer\">Chimioth\u00e9rapie: Principes de bases<\/a><\/strong><\/h4>\n<\/li>\n<\/ul>\n<p>&nbsp;<\/p>\n<h3><strong>R\u00e9seau de canc\u00e9rologie Rossy<\/strong><\/h3>\n<ul>\n<li>\n<h4><strong><a href=\"https:\/\/precare.ca\/fr\/chimio\/\" target=\"_blank\" rel=\"noopener noreferrer\">Guide Chimioth\u00e9rapie<\/a><\/strong><\/h4>\n<\/li>\n<\/ul>\n<p>&nbsp;<\/p>\n<h3>Ressources \u2013 Qu\u00e9bec<\/h3>\n<h3><strong>Fondation qu\u00e9b\u00e9coise du cancer<\/strong><\/h3>\n<ul>\n<li>\n<h4><strong><a href=\"https:\/\/fqc.qc.ca\/fr\/information\/traitements\/chimiotherapie\" target=\"_blank\" rel=\"noopener noreferrer\">Chimioth\u00e9rapie<\/a><\/strong><\/h4>\n<\/li>\n<li>\n<h4><strong><a href=\"https:\/\/fqc.qc.ca\/images\/files\/Brochure_chimiotherapie.pdf\" target=\"_blank\" rel=\"noopener noreferrer\">Ce qu\u2019il faut savoir sur la chimioth\u00e9rapie: Livret<\/a><\/strong><\/h4>\n<\/li>\n<\/ul>\n<p>&nbsp;<\/p>\n<h3>Ressources \u2013 Canada<\/h3>\n<h3><strong>Soci\u00e9t\u00e9 canadienne du cancer<\/strong><\/h3>\n<ul>\n<li>\n<h4><strong><a href=\"https:\/\/www.cancer.ca\/fr-ca\/cancer-information\/diagnosis-and-treatment\/chemotherapy-and-other-drug-therapies\/chemotherapy\/?region=qc\" target=\"_blank\" rel=\"noopener noreferrer\">Chimioth\u00e9rapie<\/a><\/strong><\/h4>\n<\/li>\n<li>\n<h4><strong><a href=\"https:\/\/www.cancer.ca\/fr-ca\/cancer-information\/diagnosis-and-treatment\/chemotherapy-and-other-drug-therapies\/chemotherapy\/taking-oral-chemotherapy-at-home\/?region=qc\" target=\"_blank\" rel=\"noopener noreferrer\">La chimioth\u00e9rapie par voie orale \u00e0 la maison<\/a><\/strong><\/h4>\n<\/li>\n<li>\n<h4><strong><a href=\"https:\/\/www.cancer.ca\/fr-ca\/cancer-information\/diagnosis-and-treatment\/chemotherapy-and-other-drug-therapies\/chemotherapy\/side-effects-of-chemotherapy\/?region=qc\" target=\"_blank\" rel=\"noopener noreferrer\">Effets secondaires de la chimioth\u00e9rapie<\/a><\/strong><\/h4>\n<\/li>\n<li>\n<h4><strong><a href=\"https:\/\/cdn.cancer.ca\/-\/media\/files\/cancer-information\/resources\/publications\/chemotherapy-and-other-drug-therapies\/32055-chemotherapy-and-other-drug-therapies-fr.pdf?rev=82a1f8668a84438b90fbe38f738ece04&amp;hash=0562F83F8FDAA39E609C52BC46510C2B&amp;_ga=2.135477557.545301476.1643307013-359541453.1642085334\" target=\"_blank\" rel=\"noopener\">Chimioth\u00e9rapie et autres traitements m\u00e9dicamenteux : Guide pratique<\/a><\/strong><\/h4>\n<\/li>\n<\/ul>\n<p>&nbsp;<\/p>\n<h3><strong>Action Cancer Ontario<\/strong><\/h3>\n<ul>\n<li>\n<h4><strong><a href=\"https:\/\/www.cancercareontario.ca\/fr\/traitements-contre-le-cancer\/chimiotherapie\" target=\"_blank\" rel=\"noopener noreferrer\">Chimioth\u00e9rapie<\/a><\/strong><\/h4>\n<\/li>\n<li>\n<h4><strong><a href=\"https:\/\/www.cancercareontario.ca\/fr\/traitements-contre-le-cancer\/chimiotherapie\/effets-secondaires-chimiotherapie\" target=\"_blank\" rel=\"noopener noreferrer\">Sympt\u00f4mes et effets secondaires de la chimioth\u00e9rapie<\/a><\/strong><\/h4>\n<\/li>\n<li>\n<h4 id=\"page-title\" class=\"page__title title\"><a href=\"https:\/\/www.cancercareontario.ca\/fr\/traitements-contre-le-cancer\/chimiotherapie\/a-propos-de-chimiotherapies\" target=\"_blank\" rel=\"noopener noreferrer\"><strong>\u00c0 propos des chimioth\u00e9rapies<\/strong><\/a><\/h4>\n<\/li>\n<\/ul>\n<p>&nbsp;<\/p>\n<h3>Ressources \u2013 \u00c9tats-Unis<\/h3>\n<h3><strong>Manuel Merck &#8211; Version pour le grand public<\/strong><\/h3>\n<ul>\n<li>\n<h4><strong><a href=\"https:\/\/www.merckmanuals.com\/fr-ca\/accueil\/cancer\/pr%C3%A9vention-et-traitement-du-cancer\/chimioth%C3%A9rapie?query=chimioth%C3%A9rapie\" target=\"_blank\" rel=\"noopener noreferrer\">Chimioth\u00e9rapie<\/a><\/strong><\/h4>\n<\/li>\n<\/ul>\n<p>&nbsp;<\/p>\n","protected":false},"excerpt":{"rendered":"<p>Ressources \u2013 CUSM Office d&rsquo;\u00e9ducation des patients du CUSM Guides sur la chimioth\u00e9rapie Chimioth\u00e9rapie \u00e0 la maison Chimioth\u00e9rapie: Principes de bases &nbsp; R\u00e9seau de canc\u00e9rologie Rossy Guide Chimioth\u00e9rapie &nbsp; Ressources [&hellip;]<\/p>\n","protected":false},"author":2,"featured_media":0,"parent":0,"menu_order":0,"comment_status":"closed","ping_status":"closed","template":"","meta":{"footnotes":""},"class_list":["post-5941","page","type-page","status-publish","hentry"],"_links":{"self":[{"href":"https:\/\/cansupport.ca\/fr\/wp-json\/wp\/v2\/pages\/5941","targetHints":{"allow":["GET"]}}],"collection":[{"href":"https:\/\/cansupport.ca\/fr\/wp-json\/wp\/v2\/pages"}],"about":[{"href":"https:\/\/cansupport.ca\/fr\/wp-json\/wp\/v2\/types\/page"}],"author":[{"embeddable":true,"href":"https:\/\/cansupport.ca\/fr\/wp-json\/wp\/v2\/users\/2"}],"replies":[{"embeddable":true,"href":"https:\/\/cansupport.ca\/fr\/wp-json\/wp\/v2\/comments?post=5941"}],"version-history":[{"count":1,"href":"https:\/\/cansupport.ca\/fr\/wp-json\/wp\/v2\/pages\/5941\/revisions"}],"predecessor-version":[{"id":5942,"href":"https:\/\/cansupport.ca\/fr\/wp-json\/wp\/v2\/pages\/5941\/revisions\/5942"}],"wp:attachment":[{"href":"https:\/\/cansupport.ca\/fr\/wp-json\/wp\/v2\/media?parent=5941"}],"curies":[{"name":"wp","href":"https:\/\/api.w.org\/{rel}","templated":true}]}}