{"id":5938,"date":"2020-05-20T14:09:05","date_gmt":"2020-05-20T18:09:05","guid":{"rendered":"https:\/\/cansupport.ca\/brain-cancer\/"},"modified":"2022-02-21T12:09:22","modified_gmt":"2022-02-21T17:09:22","slug":"cancer-du-cerveau","status":"publish","type":"page","link":"https:\/\/cansupport.ca\/fr\/cancer-du-cerveau\/","title":{"rendered":"Cancer du Cerveau"},"content":{"rendered":"<h3>Ressources \u2013 CUSM<\/h3>\n<h3><strong>Office d&rsquo;\u00e9ducation des patients du CUSM<\/strong><\/h3>\n<ul>\n<li>\n<h4><strong><a href=\"https:\/\/educationdespatientscusm.ca\/guides-sur-le-cancer\/trouver-un-cancer\/cancer-du-cerveau.html?parentID=300&amp;sectionID=301\" target=\"_blank\" rel=\"noopener\">Guides sur le cancer du cerveau<\/a><\/strong><\/h4>\n<\/li>\n<li>\n<h4><strong><a href=\"http:\/\/muhcguides.com\/module\/glioma\" target=\"_blank\" rel=\"noopener noreferrer\">Cancer du cerveau<\/a>\u00a0 (Module)<\/strong><\/h4>\n<\/li>\n<li>\n<h4><strong><a href=\"https:\/\/educationdespatientscusm.ca\/DATA\/GUIDE\/682_fr~v~programme-des-tumeurs-cerebrales.pdf\" target=\"_blank\" rel=\"noopener noreferrer\">Programme des tumeurs c\u00e9r\u00e9brales<\/a>\u00a0 (Livret)<\/strong><\/h4>\n<\/li>\n<li>\n<h4><strong><a href=\"https:\/\/educationdespatientscusm.ca\/DATA\/GUIDE\/619_fr~v~bienvenue-au-centre-de-jour-preston-robb-hopital-neurologique-de-montreal.pdf\" target=\"_blank\" rel=\"noopener noreferrer\">Bienvenue au Centre de jour Preston Robb H\u00f4pital neurologique de Montr\u00e9al<\/a> \u00a0 (Livret)<\/strong><\/h4>\n<\/li>\n<li>\n<h4><strong><a href=\"https:\/\/educationdespatientscusm.ca\/DATA\/GUIDE\/293_fr~v~guide-du-traitement-de-radiotherapie-du-cerveau.pdf\" target=\"_blank\" rel=\"noopener noreferrer\">Guide du traitement de radioth\u00e9rapie du cerveau<\/a>\u00a0 (Livret)<\/strong><\/h4>\n<\/li>\n<\/ul>\n<h3><\/h3>\n<p>&nbsp;<\/p>\n<h3>Ressources \u2013 Canada<\/h3>\n<h3><strong>Fondation canadienne des tumeurs c\u00e9r\u00e9brales<\/strong><\/h3>\n<ul>\n<li class=\"page-title\">\n<h4><strong><a href=\"https:\/\/www.braintumour.ca\/fr\/faire-face-a-une-tumeur-cerebrale\/\">Faire face \u00e0 une tumeur c\u00e9r\u00e9brale<\/a><\/strong><\/h4>\n<\/li>\n<li class=\"page-title\">\n<h4><strong><a href=\"https:\/\/www.braintumour.ca\/fr\/faire-face-a-une-tumeur-cerebrale\/vivre-avec-une-tumeur-cerebrale\/\">Vivre avec une tumeur c\u00e9r\u00e9brale<\/a><\/strong><\/h4>\n<\/li>\n<li>\n<h4><strong><a href=\"https:\/\/www.braintumour.ca\/fr\/faire-face-a-une-tumeur-cerebrale\/signes-et-symptomes\/\">Signes Et Sympt\u00f4mes<\/a><\/strong><\/h4>\n<\/li>\n<li class=\"page-title\">\n<h4><strong><a href=\"https:\/\/www.braintumour.ca\/fr\/faire-face-a-une-tumeur-cerebrale\/types-de-tumeurs-cerebrales\/\">Types de tumeurs c\u00e9r\u00e9brales<\/a><\/strong><\/h4>\n<\/li>\n<li>\n<h4><strong><a href=\"https:\/\/www.braintumour.ca\/fr\/faire-face-a-une-tumeur-cerebrale\/faits-sur-les-tumeurs-cerebrales\/\" target=\"_blank\" rel=\"noopener noreferrer\">Faits Sur Les Tumeurs C\u00e9r\u00e9brales<\/a><\/strong><\/h4>\n<\/li>\n<li>\n<h4><strong><a href=\"https:\/\/www.braintumour.ca\/fr\/faire-face-a-une-tumeur-cerebrale\/mythes-sur-les-tumeurs-cerebrales\/\" target=\"_blank\" rel=\"noopener noreferrer\">Mythes Sur Les Tumeurs C\u00e9r\u00e9brales<\/a><\/strong><\/h4>\n<\/li>\n<li>\n<h4><strong><a href=\"https:\/\/www.braintumour.ca\/fr\/information-utile\/commande-de-ressources\/\" target=\"_blank\" rel=\"noopener noreferrer\">Manuels pour patients de la Fondation canadienne des tumeurs c\u00e9r\u00e9brables<\/a><\/strong><\/h4>\n<\/li>\n<\/ul>\n<p>&nbsp;<\/p>\n<h3><strong>Soci\u00e9t\u00e9 canadienne du cancer<\/strong><\/h3>\n<ul>\n<li>\n<h4><strong><a href=\"https:\/\/www.cancer.ca\/fr-ca\/cancer-information\/cancer-type\/brain-spinal\/brain-and-spinal-tumours\/?region=qc\" target=\"_blank\" rel=\"noopener noreferrer\">Qu\u2019est-ce qu\u2019une tumeur au cerveau ou \u00e0 la moelle \u00e9pini\u00e8re?<\/a><\/strong><\/h4>\n<\/li>\n<li>\n<h4><strong><a href=\"https:\/\/www.cancer.ca\/fr-ca\/cancer-information\/cancer-type\/brain-spinal\/risks\/?region=qc\" target=\"_blank\" rel=\"noopener noreferrer\">Facteurs de risque des tumeurs au cerveau et \u00e0 la moelle \u00e9pini\u00e8re<\/a><\/strong><\/h4>\n<\/li>\n<li>\n<h4><strong><a href=\"https:\/\/www.cancer.ca\/fr-ca\/cancer-information\/cancer-type\/brain-spinal\/signs-and-symptoms\/?region=qc\" target=\"_blank\" rel=\"noopener noreferrer\">Sympt\u00f4mes de la tumeur au cerveau ou \u00e0 la moelle \u00e9pini\u00e8re<\/a><\/strong><\/h4>\n<\/li>\n<li>\n<h4><strong><a href=\"https:\/\/www.cancer.ca\/fr-ca\/cancer-information\/cancer-type\/brain-spinal\/diagnosis\/?region=qc\" target=\"_blank\" rel=\"noopener noreferrer\">Diagnostic des tumeurs au cerveau et \u00e0 la moelle \u00e9pini\u00e8re<\/a><\/strong><\/h4>\n<\/li>\n<li>\n<h4><strong><a href=\"https:\/\/www.cancer.ca\/fr-ca\/cancer-information\/cancer-type\/brain-spinal\/grading\/?region=qc\" target=\"_blank\" rel=\"noopener noreferrer\">Classification histologique des tumeurs au cerveau et \u00e0 la moelle \u00e9pini\u00e8re<\/a><\/strong><\/h4>\n<\/li>\n<li>\n<h4><strong><a href=\"https:\/\/www.cancer.ca\/fr-ca\/cancer-information\/cancer-type\/brain-spinal\/staging\/?region=qc\" target=\"_blank\" rel=\"noopener noreferrer\">Stadification des tumeurs au cerveau et \u00e0 la moelle \u00e9pini\u00e8re<\/a><\/strong><\/h4>\n<\/li>\n<li>\n<h4><strong><a href=\"https:\/\/www.cancer.ca\/fr-ca\/cancer-information\/cancer-type\/brain-spinal\/if-cancer-spreads\/?region=qc\" target=\"_blank\" rel=\"noopener noreferrer\">Si la tumeur au cerveau ou \u00e0 la moelle \u00e9pini\u00e8re se propage<\/a><\/strong><\/h4>\n<\/li>\n<li>\n<h4><strong><a href=\"https:\/\/www.cancer.ca\/fr-ca\/cancer-information\/cancer-type\/brain-spinal\/prognosis-and-survival\/?region=qc\" target=\"_blank\" rel=\"noopener noreferrer\">Pronostic et survie pour les tumeurs au cerveau et \u00e0 la moelle \u00e9pini\u00e8re<\/a><\/strong><\/h4>\n<\/li>\n<li>\n<h4><strong><a href=\"https:\/\/www.cancer.ca\/fr-ca\/cancer-information\/cancer-type\/brain-spinal\/treatment\/?region=qc\" target=\"_blank\" rel=\"noopener noreferrer\">Traitements des tumeurs au cerveau et \u00e0 la moelle \u00e9pini\u00e8re<\/a><\/strong><\/h4>\n<\/li>\n<li>\n<h4><strong><a href=\"https:\/\/www.cancer.ca\/fr-ca\/cancer-information\/cancer-type\/brain-spinal\/supportive-care\/?region=qc\" target=\"_blank\" rel=\"noopener noreferrer\">Soins de soutien pour les tumeurs au cerveau et \u00e0 la moelle \u00e9pini\u00e8re<\/a><\/strong><\/h4>\n<\/li>\n<li>\n<h4><strong><a href=\"https:\/\/www.cancer.ca\/fr-ca\/cancer-information\/cancer-type\/brain-spinal\/research\/?region=qc\" target=\"_blank\" rel=\"noopener noreferrer\">Recherche sur les tumeurs au cerveau et \u00e0 la moelle \u00e9pini\u00e8re<\/a><\/strong><\/h4>\n<\/li>\n<li>\n<h4><strong><a href=\"https:\/\/www.cancer.ca\/fr-ca\/cancer-information\/cancer-type\/brain-spinal\/statistics\/?region=qc\" target=\"_blank\" rel=\"noopener noreferrer\">Statistiques sur le cancer du cerveau et de la moelle \u00e9pini\u00e8re<\/a><\/strong><\/h4>\n<\/li>\n<\/ul>\n<div class=\"Section1\"><\/div>\n","protected":false},"excerpt":{"rendered":"<p>Ressources \u2013 CUSM Office d&rsquo;\u00e9ducation des patients du CUSM Guides sur le cancer du cerveau Cancer du cerveau\u00a0 (Module) Programme des tumeurs c\u00e9r\u00e9brales\u00a0 (Livret) Bienvenue au Centre de jour Preston [&hellip;]<\/p>\n","protected":false},"author":2,"featured_media":0,"parent":0,"menu_order":0,"comment_status":"closed","ping_status":"closed","template":"","meta":{"footnotes":""},"class_list":["post-5938","page","type-page","status-publish","hentry"],"_links":{"self":[{"href":"https:\/\/cansupport.ca\/fr\/wp-json\/wp\/v2\/pages\/5938","targetHints":{"allow":["GET"]}}],"collection":[{"href":"https:\/\/cansupport.ca\/fr\/wp-json\/wp\/v2\/pages"}],"about":[{"href":"https:\/\/cansupport.ca\/fr\/wp-json\/wp\/v2\/types\/page"}],"author":[{"embeddable":true,"href":"https:\/\/cansupport.ca\/fr\/wp-json\/wp\/v2\/users\/2"}],"replies":[{"embeddable":true,"href":"https:\/\/cansupport.ca\/fr\/wp-json\/wp\/v2\/comments?post=5938"}],"version-history":[{"count":2,"href":"https:\/\/cansupport.ca\/fr\/wp-json\/wp\/v2\/pages\/5938\/revisions"}],"predecessor-version":[{"id":5940,"href":"https:\/\/cansupport.ca\/fr\/wp-json\/wp\/v2\/pages\/5938\/revisions\/5940"}],"wp:attachment":[{"href":"https:\/\/cansupport.ca\/fr\/wp-json\/wp\/v2\/media?parent=5938"}],"curies":[{"name":"wp","href":"https:\/\/api.w.org\/{rel}","templated":true}]}}