{"id":5931,"date":"2020-05-14T19:00:54","date_gmt":"2020-05-14T23:00:54","guid":{"rendered":"https:\/\/cansupport.ca\/advanced-cancer\/"},"modified":"2022-02-21T09:55:06","modified_gmt":"2022-02-21T14:55:06","slug":"cancer-avance","status":"publish","type":"page","link":"https:\/\/cansupport.ca\/fr\/cancer-avance\/","title":{"rendered":"Cancer avanc\u00e9"},"content":{"rendered":"<h3><strong>Soci\u00e9t\u00e9 canadienne du cancer<\/strong><\/h3>\n<ul>\n<li>\n<h4><strong><a href=\"https:\/\/www.cancer.ca\/fr-ca\/cancer-information\/living-with-cancer\/advanced-cancer\/?region=qc\" target=\"_blank\" rel=\"noopener noreferrer\">Cancer avanc\u00e9<\/a><\/strong><\/h4>\n<\/li>\n<li>\n<h4><strong><a href=\"https:\/\/www.cancer.ca\/fr-ca\/cancer-information\/living-with-cancer\/advanced-cancer\/choosing-care-and-treatment-for-advanced-cancer\/?region=qc\" target=\"_blank\" rel=\"noopener noreferrer\">Choisir les soins et le traitement pour un cancer avanc\u00e9<\/a><\/strong><\/h4>\n<\/li>\n<li>\n<h4><a href=\"https:\/\/www.cancer.ca\/fr-ca\/cancer-information\/living-with-cancer\/advanced-cancer\/physical-symptoms-of-advanced-cancer\/?region=qc\" target=\"_blank\" rel=\"noopener noreferrer\"><strong>Effets secondaires physiques du cancer avanc\u00e9<\/strong><\/a><\/h4>\n<\/li>\n<li>\n<h4><strong><a href=\"https:\/\/cdn.cancer.ca\/-\/media\/files\/cancer-information\/resources\/publications\/advanced-cancer\/32043-advanced-cancer-fr.pdf?rev=bd5c6235751945d385423520a948a2f0&amp;hash=63550AC794CC1ECEE2E06B8BE7C2B5CC&amp;_ga=2.28367996.1397840394.1643034250-359541453.1642085334\">Cancer avanc\u00e9 (livret)<\/a><\/strong><\/h4>\n<\/li>\n<\/ul>\n<p>&nbsp;<\/p>\n<p>&nbsp;<\/p>\n","protected":false},"excerpt":{"rendered":"<p>Soci\u00e9t\u00e9 canadienne du cancer Cancer avanc\u00e9 Choisir les soins et le traitement pour un cancer avanc\u00e9 Effets secondaires physiques du cancer avanc\u00e9 Cancer avanc\u00e9 (livret) &nbsp; &nbsp;<\/p>\n","protected":false},"author":2,"featured_media":0,"parent":0,"menu_order":0,"comment_status":"closed","ping_status":"closed","template":"","meta":{"footnotes":""},"class_list":["post-5931","page","type-page","status-publish","hentry"],"_links":{"self":[{"href":"https:\/\/cansupport.ca\/fr\/wp-json\/wp\/v2\/pages\/5931","targetHints":{"allow":["GET"]}}],"collection":[{"href":"https:\/\/cansupport.ca\/fr\/wp-json\/wp\/v2\/pages"}],"about":[{"href":"https:\/\/cansupport.ca\/fr\/wp-json\/wp\/v2\/types\/page"}],"author":[{"embeddable":true,"href":"https:\/\/cansupport.ca\/fr\/wp-json\/wp\/v2\/users\/2"}],"replies":[{"embeddable":true,"href":"https:\/\/cansupport.ca\/fr\/wp-json\/wp\/v2\/comments?post=5931"}],"version-history":[{"count":1,"href":"https:\/\/cansupport.ca\/fr\/wp-json\/wp\/v2\/pages\/5931\/revisions"}],"predecessor-version":[{"id":5932,"href":"https:\/\/cansupport.ca\/fr\/wp-json\/wp\/v2\/pages\/5931\/revisions\/5932"}],"wp:attachment":[{"href":"https:\/\/cansupport.ca\/fr\/wp-json\/wp\/v2\/media?parent=5931"}],"curies":[{"name":"wp","href":"https:\/\/api.w.org\/{rel}","templated":true}]}}