{"id":5927,"date":"2020-05-19T18:32:36","date_gmt":"2020-05-19T22:32:36","guid":{"rendered":"https:\/\/cansupport.ca\/complementary-health-approaches\/"},"modified":"2022-02-21T09:51:27","modified_gmt":"2022-02-21T14:51:27","slug":"approches-complementaires-en-matiere-de-sante","status":"publish","type":"page","link":"https:\/\/cansupport.ca\/fr\/approches-complementaires-en-matiere-de-sante\/","title":{"rendered":"Approches compl\u00e9mentaires en mati\u00e8re de sant\u00e9"},"content":{"rendered":"<h4><em>\u00c9galement appel\u00e9 th\u00e9rapies compl\u00e9mentaires<\/em><\/h4>\n<p>&nbsp;<\/p>\n<h3><strong>Ressources &#8211; CUSM<\/strong><\/h3>\n<h3><strong>Programme psychosocial en oncologie<\/strong><\/h3>\n<ul>\n<li>\n<h4><strong><a href=\"https:\/\/cusm.ca\/psychosocial-oncology\/page\/les-ressources\">CD de relaxation (disponible en ligne)\u00a0<\/a><\/strong><\/h4>\n<\/li>\n<\/ul>\n<p>&nbsp;<\/p>\n<h3><strong>Ressources \u2013 Canada<\/strong><\/h3>\n<h3><strong>Soci\u00e9t\u00e9 canadienne du cancer<\/strong><\/h3>\n<ul>\n<li>\n<h4><strong><a href=\"https:\/\/www.cancer.ca\/fr-ca\/cancer-information\/diagnosis-and-treatment\/complementary-therapies\/?region=qc\">Th\u00e9rapies compl\u00e9mentaires<\/a><\/strong><\/h4>\n<\/li>\n<li>\n<h4><strong><a href=\"https:\/\/www.cancer.ca\/fr-ca\/cancer-information\/diagnosis-and-treatment\/complementary-therapies\/choosing-a-complementary-therapy-and-practitioner\/?region=qc\" target=\"_blank\" rel=\"noopener noreferrer\">Choisir une th\u00e9rapie compl\u00e9mentaire et un praticien<\/a><\/strong><\/h4>\n<\/li>\n<li>\n<h4><strong><a href=\"https:\/\/www.cancer.ca\/fr-ca\/cancer-information\/diagnosis-and-treatment\/complementary-therapies\/choosing-a-complementary-therapy-and-practitioner\/natural-health-products\/?region=qc\" target=\"_blank\" rel=\"noopener noreferrer\">Produits de sant\u00e9 naturels<\/a><\/strong><\/h4>\n<\/li>\n<li>\n<h4><strong><a href=\"https:\/\/www.cancer.ca\/fr-ca\/cancer-information\/diagnosis-and-treatment\/complementary-therapies\/choosing-a-complementary-therapy-and-practitioner\/what-about-alternative-therapies\/?region=qc\" target=\"_blank\" rel=\"noopener noreferrer\">Qu\u2019en est-il des th\u00e9rapies parall\u00e8les?<\/a><\/strong><\/h4>\n<\/li>\n<li>\n<h4><strong><a href=\"https:\/\/www.cancer.ca\/fr-ca\/cancer-information\/diagnosis-and-treatment\/complementary-therapies\/aboriginal-traditional-healing\/?region=qc\" target=\"_blank\" rel=\"noopener noreferrer\">Pratiques de gu\u00e9rison traditionnelles autochtones<\/a><\/strong><\/h4>\n<\/li>\n<li>\n<h4><strong><a href=\"https:\/\/www.cancer.ca\/fr-ca\/cancer-information\/diagnosis-and-treatment\/complementary-therapies\/acupuncture\/?region=qc\" target=\"_blank\" rel=\"noopener noreferrer\">Acupuncture<\/a><\/strong><\/h4>\n<\/li>\n<li>\n<h4><strong><a href=\"https:\/\/www.cancer.ca\/fr-ca\/cancer-information\/diagnosis-and-treatment\/complementary-therapies\/aromatherapy\/?region=qc\" target=\"_blank\" rel=\"noopener noreferrer\">Aromath\u00e9rapie<\/a><\/strong><\/h4>\n<\/li>\n<li>\n<h4><strong><a href=\"https:\/\/www.cancer.ca\/fr-ca\/cancer-information\/diagnosis-and-treatment\/complementary-therapies\/art-therapy\/?region=qc\" target=\"_blank\" rel=\"noopener noreferrer\">Art-th\u00e9rapie<\/a><\/strong><\/h4>\n<\/li>\n<li>\n<h4><strong><a href=\"https:\/\/www.cancer.ca\/fr-ca\/cancer-information\/diagnosis-and-treatment\/complementary-therapies\/ayurveda\/?region=qc\" target=\"_blank\" rel=\"noopener noreferrer\">Ayurveda<\/a><\/strong><\/h4>\n<\/li>\n<li>\n<h4><strong><a href=\"https:\/\/www.cancer.ca\/fr-ca\/cancer-information\/diagnosis-and-treatment\/complementary-therapies\/biofeedback\/?region=qc\" target=\"_blank\" rel=\"noopener noreferrer\">R\u00e9troaction biologique<\/a><\/strong><\/h4>\n<\/li>\n<li>\n<h4><strong><a href=\"https:\/\/www.cancer.ca\/fr-ca\/cancer-information\/diagnosis-and-treatment\/complementary-therapies\/chiropractic-therapy\/?region=qc\" target=\"_blank\" rel=\"noopener noreferrer\">Chiropratique<\/a><\/strong><\/h4>\n<\/li>\n<li>\n<h4><strong><a href=\"https:\/\/www.cancer.ca\/fr-ca\/cancer-information\/diagnosis-and-treatment\/complementary-therapies\/energy-therapies\/?region=qc\" target=\"_blank\" rel=\"noopener noreferrer\">Th\u00e9rapies par l&rsquo;\u00e9nergie<\/a><\/strong><\/h4>\n<\/li>\n<li>\n<h4><strong><a href=\"https:\/\/www.cancer.ca\/fr-ca\/cancer-information\/diagnosis-and-treatment\/complementary-therapies\/guided-imagery\/?region=qc\" target=\"_blank\" rel=\"noopener noreferrer\">Imagerie mentale dirig\u00e9e<\/a><\/strong><\/h4>\n<\/li>\n<li>\n<h4><strong><a href=\"https:\/\/www.cancer.ca\/fr-ca\/cancer-information\/diagnosis-and-treatment\/complementary-therapies\/hypnosis\/?region=qc\" target=\"_blank\" rel=\"noopener noreferrer\">Hypnose<\/a><\/strong><\/h4>\n<\/li>\n<li>\n<h4><strong><a href=\"https:\/\/www.cancer.ca\/fr-ca\/cancer-information\/diagnosis-and-treatment\/complementary-therapies\/massage-therapy\/?region=qc\" target=\"_blank\" rel=\"noopener noreferrer\">Massoth\u00e9rapie<\/a><\/strong><\/h4>\n<\/li>\n<li>\n<h4><strong><a href=\"https:\/\/www.cancer.ca\/fr-ca\/cancer-information\/diagnosis-and-treatment\/complementary-therapies\/medical-cannabis-and-cannabinoids\/?region=qc\" target=\"_blank\" rel=\"noopener noreferrer\">Cannabis et cannabino\u00efdes \u00e0 des fins m\u00e9dicales<\/a><\/strong><\/h4>\n<\/li>\n<li>\n<h4><strong><a href=\"https:\/\/www.cancer.ca\/fr-ca\/cancer-information\/diagnosis-and-treatment\/complementary-therapies\/meditation\/?region=qc\" target=\"_blank\" rel=\"noopener noreferrer\">M\u00e9ditation<\/a><\/strong><\/h4>\n<\/li>\n<li>\n<h4><strong><a href=\"https:\/\/www.cancer.ca\/fr-ca\/cancer-information\/diagnosis-and-treatment\/complementary-therapies\/music-therapy\/?region=qc\" target=\"_blank\" rel=\"noopener noreferrer\">Musicoth\u00e9rapie<\/a><\/strong><\/h4>\n<\/li>\n<li>\n<h4><strong><a href=\"https:\/\/www.cancer.ca\/fr-ca\/cancer-information\/diagnosis-and-treatment\/complementary-therapies\/naturopathic-medicine\/?region=qc\" target=\"_blank\" rel=\"noopener noreferrer\">Naturopathie<\/a><\/strong><\/h4>\n<\/li>\n<li>\n<h4><strong><a href=\"https:\/\/www.cancer.ca\/fr-ca\/cancer-information\/diagnosis-and-treatment\/complementary-therapies\/tai-chi\/?region=qc\" target=\"_blank\" rel=\"noopener noreferrer\">Tai-chi<\/a><\/strong><\/h4>\n<\/li>\n<li>\n<h4><strong><a href=\"https:\/\/www.cancer.ca\/fr-ca\/cancer-information\/diagnosis-and-treatment\/complementary-therapies\/traditional-chinese-herbal-remedies\/?region=qc\" target=\"_blank\" rel=\"noopener noreferrer\">Rem\u00e8des traditionnels chinois \u00e0 base de plantes m\u00e9dicinales<\/a><\/strong><\/h4>\n<\/li>\n<li>\n<h4><strong><a href=\"https:\/\/www.cancer.ca\/fr-ca\/cancer-information\/diagnosis-and-treatment\/complementary-therapies\/yoga\/?region=qc\" target=\"_blank\" rel=\"noopener noreferrer\">Yoga<\/a><\/strong><\/h4>\n<\/li>\n<\/ul>\n<p>&nbsp;<\/p>\n<h3><strong>Ressources \u2013 \u00c9tats-Unis<\/strong><\/h3>\n<h3><strong>Manuel Merck &#8211; Version pour le grand public<\/strong><\/h3>\n<ul>\n<li class=\"topic__header--title topic__header--title--animate\">\n<h4><strong><a href=\"https:\/\/www.merckmanuals.com\/fr-ca\/accueil\/sujets-particuliers\/m%C3%A9decine-int%C3%A9gr%C3%A9e-et-m%C3%A9decines-alternatives-et-compl%C3%A9mentaires\/pr%C3%A9sentation-de-la-m%C3%A9decine-int%C3%A9gr%C3%A9e-et-des-m%C3%A9decines-alternatives-et-compl%C3%A9mentaires?query=th%C3%A9rapies%20compl%C3%A9mentaires\" target=\"_blank\" rel=\"noopener noreferrer\">Pr\u00e9sentation de la m\u00e9decine int\u00e9gr\u00e9e et des m\u00e9decines alternatives et compl\u00e9mentaires<\/a><\/strong><\/h4>\n<\/li>\n<li>\n<h4><strong><a href=\"https:\/\/www.merckmanuals.com\/fr-ca\/accueil\/sujets-particuliers\/m%C3%A9decine-int%C3%A9gr%C3%A9e-et-m%C3%A9decines-alternatives-et-compl%C3%A9mentaires\/types-de-m%C3%A9decines-alternatives-et-compl%C3%A9mentaires\" target=\"_blank\" rel=\"noopener noreferrer\">Types de m\u00e9decines alternatives et compl\u00e9mentaires<\/a><\/strong><\/h4>\n<\/li>\n<li class=\"topic__listitem\">\n<h4><strong><a href=\"https:\/\/www.merckmanuals.com\/fr-ca\/accueil\/sujets-particuliers\/m%C3%A9decine-int%C3%A9gr%C3%A9e-et-m%C3%A9decines-alternatives-et-compl%C3%A9mentaires\/ayurveda\" target=\"_blank\" rel=\"noopener noreferrer\" data-preview-itemid=\"6903ef87d5854f51b50f666844c54c0e\">Ayurveda<\/a><\/strong><\/h4>\n<\/li>\n<li class=\"topic__listitem\">\n<h4><strong><a href=\"https:\/\/www.merckmanuals.com\/fr-ca\/accueil\/sujets-particuliers\/m%C3%A9decine-int%C3%A9gr%C3%A9e-et-m%C3%A9decines-alternatives-et-compl%C3%A9mentaires\/hom%C3%A9opathie\" target=\"_blank\" rel=\"noopener noreferrer\" data-preview-itemid=\"68b77858dd3a49b9965204d3db00f77e\">Hom\u00e9opathie<\/a><\/strong><\/h4>\n<\/li>\n<li class=\"topic__listitem\">\n<h4><strong><a href=\"https:\/\/www.merckmanuals.com\/fr-ca\/accueil\/sujets-particuliers\/m%C3%A9decine-int%C3%A9gr%C3%A9e-et-m%C3%A9decines-alternatives-et-compl%C3%A9mentaires\/naturopathie\" target=\"_blank\" rel=\"noopener noreferrer\" data-preview-itemid=\"9b1a42b910564a6c8d8f969877f373ef\">Naturopathie<\/a><\/strong><\/h4>\n<\/li>\n<\/ul>\n<div class=\"para\">\n<ul>\n<li>\n<h4><strong><a href=\"https:\/\/www.merckmanuals.com\/fr-ca\/accueil\/sujets-particuliers\/m%C3%A9decine-int%C3%A9gr%C3%A9e-et-m%C3%A9decines-alternatives-et-compl%C3%A9mentaires\/m%C3%A9decine-traditionnelle-chinoise-mtc\" target=\"_blank\" rel=\"noopener noreferrer\" data-preview-itemid=\"e60b707cd0b640808d5b75641e8ed916\">M\u00e9decine traditionnelle chinoise<\/a><\/strong><\/h4>\n<\/li>\n<li class=\"topic__listitem\">\n<h4><strong><a href=\"https:\/\/www.merckmanuals.com\/fr-ca\/accueil\/sujets-particuliers\/m%C3%A9decine-int%C3%A9gr%C3%A9e-et-m%C3%A9decines-alternatives-et-compl%C3%A9mentaires\/r%C3%A9troaction-biologique\" target=\"_blank\" rel=\"noopener noreferrer\" data-preview-itemid=\"c06aafad08ef4ee39b0903533aa304ed\">R\u00e9troaction biologique<\/a><\/strong><\/h4>\n<\/li>\n<li class=\"topic__listitem\">\n<h4><strong><a href=\"https:\/\/www.merckmanuals.com\/fr-ca\/accueil\/sujets-particuliers\/m%C3%A9decine-int%C3%A9gr%C3%A9e-et-m%C3%A9decines-alternatives-et-compl%C3%A9mentaires\/imagination-guid%C3%A9e\" target=\"_blank\" rel=\"noopener noreferrer\" data-preview-itemid=\"9fa3bf819bda4a24801dd23dd02179bc\">Imagination guid\u00e9e<\/a><\/strong><\/h4>\n<\/li>\n<li class=\"topic__listitem\">\n<h4><strong><a href=\"https:\/\/www.merckmanuals.com\/fr-ca\/accueil\/sujets-particuliers\/m%C3%A9decine-int%C3%A9gr%C3%A9e-et-m%C3%A9decines-alternatives-et-compl%C3%A9mentaires\/hypnoth%C3%A9rapie\" target=\"_blank\" rel=\"noopener noreferrer\" data-preview-itemid=\"aa0aefad21c6433db410151f4fb31913\">Hypnoth\u00e9rapie<\/a>\u00a0(hypnose)<\/strong><\/h4>\n<\/li>\n<li class=\"topic__listitem\">\n<h4><strong><a href=\"https:\/\/www.merckmanuals.com\/fr-ca\/accueil\/sujets-particuliers\/m%C3%A9decine-int%C3%A9gr%C3%A9e-et-m%C3%A9decines-alternatives-et-compl%C3%A9mentaires\/m%C3%A9ditation\" target=\"_blank\" rel=\"noopener noreferrer\" data-preview-itemid=\"7f1911b58cf042c2af1792c4eec6dfe1\">M\u00e9ditation<\/a>, y compris la pleine conscience<\/strong><\/h4>\n<\/li>\n<li class=\"topic__listitem\">\n<h4><strong><a href=\"https:\/\/www.merckmanuals.com\/fr-ca\/accueil\/sujets-particuliers\/m%C3%A9decine-int%C3%A9gr%C3%A9e-et-m%C3%A9decines-alternatives-et-compl%C3%A9mentaires\/techniques-de-relaxation\" target=\"_blank\" rel=\"noopener noreferrer\" data-preview-itemid=\"7adcc1583e284997b55121b03fa41152\">Techniques de relaxation<\/a><\/strong><\/h4>\n<\/li>\n<li class=\"topic__listitem\">\n<h4><strong><a href=\"https:\/\/www.merckmanuals.com\/fr-ca\/accueil\/sujets-particuliers\/m%C3%A9decine-int%C3%A9gr%C3%A9e-et-m%C3%A9decines-alternatives-et-compl%C3%A9mentaires\/naturopathie\" target=\"_blank\" rel=\"noopener noreferrer\" data-preview-itemid=\"9b1a42b910564a6c8d8f969877f373ef\" aria-describedby=\"ui-id-17\">Phytoth\u00e9rapie<\/a><\/strong><\/h4>\n<\/li>\n<li class=\"topic__listitem\">\n<h4><strong><a href=\"https:\/\/www.merckmanuals.com\/fr-ca\/accueil\/sujets-particuliers\/m%C3%A9decine-int%C3%A9gr%C3%A9e-et-m%C3%A9decines-alternatives-et-compl%C3%A9mentaires\/traitement-ch%C3%A9lateur\" target=\"_blank\" rel=\"noopener noreferrer\" data-preview-itemid=\"10651de070dc42d586a5f0586f5eea38\">Traitement ch\u00e9lateur<\/a><\/strong><\/h4>\n<\/li>\n<li class=\"topic__listitem\">\n<h4><strong><a href=\"https:\/\/www.merckmanuals.com\/fr-ca\/accueil\/sujets-particuliers\/m%C3%A9decine-int%C3%A9gr%C3%A9e-et-m%C3%A9decines-alternatives-et-compl%C3%A9mentaires\/di%C3%A9t%C3%A9tique-th%C3%A9rapeutique\" target=\"_blank\" rel=\"noopener noreferrer\" data-preview-itemid=\"b1e07cb5318949309aa82457b068e9a2\">Di\u00e9t\u00e9tique th\u00e9rapeutique<\/a><\/strong><\/h4>\n<\/li>\n<li class=\"topic__listitem\">\n<h4><strong><a href=\"https:\/\/www.merckmanuals.com\/fr-ca\/accueil\/sujets-particuliers\/m%C3%A9decine-int%C3%A9gr%C3%A9e-et-m%C3%A9decines-alternatives-et-compl%C3%A9mentaires\/chiropraxie\" target=\"_blank\" rel=\"noopener noreferrer\" data-preview-itemid=\"5df430e71d6c4154b6c8ee4849a88e6a\">Chiropraxie<\/a><\/strong><\/h4>\n<\/li>\n<li class=\"topic__listitem\">\n<h4><strong><a href=\"https:\/\/www.merckmanuals.com\/fr-ca\/accueil\/sujets-particuliers\/m%C3%A9decine-int%C3%A9gr%C3%A9e-et-m%C3%A9decines-alternatives-et-compl%C3%A9mentaires\/ventouses-cupping\" target=\"_blank\" rel=\"noopener noreferrer\" data-preview-itemid=\"5a7fc5d0522e49eebb3cdc7e985c48ea\">Ventouses (cupping)<\/a><\/strong><\/h4>\n<\/li>\n<li class=\"topic__listitem\">\n<h4><strong><a href=\"https:\/\/www.merckmanuals.com\/fr-ca\/accueil\/fondamentaux\/r%C3%A9%C3%A9ducation\/traitement-de-la-douleur-et-de-l%E2%80%99inflammation#v713835_fr\" target=\"_blank\" rel=\"noopener noreferrer\">Massage<\/a><\/strong><\/h4>\n<\/li>\n<li class=\"topic__listitem\">\n<h4><strong><a href=\"https:\/\/www.merckmanuals.com\/fr-ca\/accueil\/sujets-particuliers\/m%C3%A9decine-int%C3%A9gr%C3%A9e-et-m%C3%A9decines-alternatives-et-compl%C3%A9mentaires\/moxibustion\" target=\"_blank\" rel=\"noopener noreferrer\" data-preview-itemid=\"50c28f11b3544565b763d4c24fbfade4\">Moxibustion<\/a><\/strong><\/h4>\n<\/li>\n<li class=\"topic__listitem\">\n<h4><strong><a href=\"https:\/\/www.merckmanuals.com\/fr-ca\/accueil\/sujets-particuliers\/m%C3%A9decine-int%C3%A9gr%C3%A9e-et-m%C3%A9decines-alternatives-et-compl%C3%A9mentaires\/raclage\" target=\"_blank\" rel=\"noopener noreferrer\" data-preview-itemid=\"2070f3affaa0494989af1a364ce2a409\">Raclage<\/a>\u00a0<\/strong><\/h4>\n<\/li>\n<li class=\"topic__listitem\">\n<h4><strong><a href=\"https:\/\/www.merckmanuals.com\/fr-ca\/accueil\/sujets-particuliers\/m%C3%A9decine-int%C3%A9gr%C3%A9e-et-m%C3%A9decines-alternatives-et-compl%C3%A9mentaires\/acupuncture\" target=\"_blank\" rel=\"noopener noreferrer\" data-preview-itemid=\"7af2f3ad8c4b4484a08d47344489af49\">Acupuncture<\/a><\/strong><\/h4>\n<\/li>\n<li class=\"topic__listitem\">\n<h4><strong><a href=\"https:\/\/www.merckmanuals.com\/fr-ca\/accueil\/sujets-particuliers\/m%C3%A9decine-int%C3%A9gr%C3%A9e-et-m%C3%A9decines-alternatives-et-compl%C3%A9mentaires\/magn%C3%A9toth%C3%A9rapie\" target=\"_blank\" rel=\"noopener noreferrer\" data-preview-itemid=\"c1040f232afd41ca83452afe80320001\">Aimants<\/a><\/strong><\/h4>\n<\/li>\n<li class=\"topic__listitem\">\n<h4><strong><a href=\"https:\/\/www.merckmanuals.com\/fr-ca\/accueil\/sujets-particuliers\/m%C3%A9decine-int%C3%A9gr%C3%A9e-et-m%C3%A9decines-alternatives-et-compl%C3%A9mentaires\/reiki\" target=\"_blank\" rel=\"noopener noreferrer\" data-preview-itemid=\"ba2d9b8401304f3c9c8e89998f6ef133\">Reiki<\/a><\/strong><\/h4>\n<\/li>\n<li class=\"topic__listitem\">\n<div class=\"para\">\n<h4><strong><a href=\"https:\/\/www.merckmanuals.com\/fr-ca\/accueil\/sujets-particuliers\/m%C3%A9decine-int%C3%A9gr%C3%A9e-et-m%C3%A9decines-alternatives-et-compl%C3%A9mentaires\/toucher-th%C3%A9rapeutique\" target=\"_blank\" rel=\"noopener noreferrer\" data-preview-itemid=\"5b5139352f7f40dca58f664cdd6ff97c\">Toucher th\u00e9rapeutique<\/a><\/strong><\/h4>\n<\/div>\n<\/li>\n<\/ul>\n<\/div>\n<p>&nbsp;<\/p>\n","protected":false},"excerpt":{"rendered":"<p>\u00c9galement appel\u00e9 th\u00e9rapies compl\u00e9mentaires &nbsp; Ressources &#8211; CUSM Programme psychosocial en oncologie CD de relaxation (disponible en ligne)\u00a0 &nbsp; Ressources \u2013 Canada Soci\u00e9t\u00e9 canadienne du cancer Th\u00e9rapies compl\u00e9mentaires Choisir une [&hellip;]<\/p>\n","protected":false},"author":2,"featured_media":0,"parent":0,"menu_order":0,"comment_status":"closed","ping_status":"closed","template":"","meta":{"footnotes":""},"class_list":["post-5927","page","type-page","status-publish","hentry"],"_links":{"self":[{"href":"https:\/\/cansupport.ca\/fr\/wp-json\/wp\/v2\/pages\/5927","targetHints":{"allow":["GET"]}}],"collection":[{"href":"https:\/\/cansupport.ca\/fr\/wp-json\/wp\/v2\/pages"}],"about":[{"href":"https:\/\/cansupport.ca\/fr\/wp-json\/wp\/v2\/types\/page"}],"author":[{"embeddable":true,"href":"https:\/\/cansupport.ca\/fr\/wp-json\/wp\/v2\/users\/2"}],"replies":[{"embeddable":true,"href":"https:\/\/cansupport.ca\/fr\/wp-json\/wp\/v2\/comments?post=5927"}],"version-history":[{"count":1,"href":"https:\/\/cansupport.ca\/fr\/wp-json\/wp\/v2\/pages\/5927\/revisions"}],"predecessor-version":[{"id":5928,"href":"https:\/\/cansupport.ca\/fr\/wp-json\/wp\/v2\/pages\/5927\/revisions\/5928"}],"wp:attachment":[{"href":"https:\/\/cansupport.ca\/fr\/wp-json\/wp\/v2\/media?parent=5927"}],"curies":[{"name":"wp","href":"https:\/\/api.w.org\/{rel}","templated":true}]}}