{"id":5923,"date":"2020-05-14T17:41:39","date_gmt":"2020-05-14T21:41:39","guid":{"rendered":"https:\/\/cansupport.ca\/nutrition\/"},"modified":"2022-02-21T09:47:59","modified_gmt":"2022-02-21T14:47:59","slug":"alimentation","status":"publish","type":"page","link":"https:\/\/cansupport.ca\/fr\/alimentation\/","title":{"rendered":"Alimentation"},"content":{"rendered":"<h3><strong>Ressources &#8211; CUSM<\/strong><\/h3>\n<h4><strong>Office d&rsquo;\u00e9ducation pour les patients du CUSM<\/strong><\/h4>\n<ul>\n<li>\n<h4><strong><a href=\"https:\/\/educationdespatientscusm.ca\/guides-sur-le-cancer\/nutrition.html?sectionID=474\">Nutrition<\/a><\/strong><\/h4>\n<\/li>\n<\/ul>\n<h4><strong>R\u00e9seau canc\u00e9rologie Rossy<\/strong><\/h4>\n<ul>\n<li>\n<h4><strong><a href=\"https:\/\/www.youtube.com\/watch?v=wdWVa9dZIp0\">\u00c9ducation pour patients en nutrition (vid\u00e9o)<\/a><\/strong><\/h4>\n<\/li>\n<\/ul>\n<p>&nbsp;<\/p>\n<h3><strong>Ressources &#8211; Qu\u00e9bec<\/strong><\/h3>\n<h4><strong>Fondation qu\u00e9b\u00e9coise du cancer<\/strong><\/h4>\n<ul>\n<li>\n<h4><a href=\"https:\/\/fqc.qc.ca\/images\/files\/Brochure_Bien_manger_pour_mieux_vivre.pdf\" target=\"_blank\" rel=\"noopener noreferrer\"><strong>Bien manger pour mieux vivre pendant ses traitements<\/strong><\/a><\/h4>\n<\/li>\n<\/ul>\n<p>&nbsp;<\/p>\n<h3><strong>Ressources &#8211; Canada<\/strong><\/h3>\n<h4><strong>Les di\u00e9t\u00e9tistes du Canada<\/strong><\/h4>\n<ul>\n<li>\n<h4><strong><a href=\"https:\/\/www.dietitians.ca\/DietitiansOfCanada\/media\/Documents\/Resources\/NM2021-Recipe-ebook-French.pdf?ext=.pdf\">Livre de recettes num\u00e9rique Le Mois de la nutrition 2021<\/a><\/strong><\/h4>\n<\/li>\n<\/ul>\n<h4><\/h4>\n<h4><strong>Sant\u00e9 Canada<\/strong><\/h4>\n<ul>\n<li>\n<h4><strong><a href=\"https:\/\/guide-alimentaire.canada.ca\/fr\/\">Guide alimentaire canadien<\/a><\/strong><\/h4>\n<\/li>\n<li>\n<h4><strong><a href=\"https:\/\/guide-alimentaire.canada.ca\/fr\/recommandations-en-matiere-dalimentation-saine\/\">Recommandations en mati\u00e8re d\u2019alimentation saine<\/a><\/strong><\/h4>\n<\/li>\n<li>\n<h4><strong><a href=\"https:\/\/www.canada.ca\/fr\/sante-canada\/services\/salubrite-aliments-pour-populations-vulnerables\/salubrite-aliments-pour-personnes-systeme-immunitaire-affaibli.html\" target=\"_blank\" rel=\"noopener noreferrer\">La salubrit\u00e9 des aliments pour les personnes au syst\u00e8me immunitaire affaibli<\/a> (<a href=\"https:\/\/www.canada.ca\/content\/dam\/canada\/health-canada\/migration\/healthy-canadians\/alt\/pdf\/eating-nutrition\/healthy-eating-saine-alimentation\/safety-salubrite\/vulnerable-populations\/immune-immunitaire-fra.pdf\" target=\"_blank\" rel=\"noopener noreferrer\">version PDF<\/a>)<\/strong><\/h4>\n<\/li>\n<\/ul>\n<h4><\/h4>\n<h4><strong>Soci\u00e9t\u00e9 canadienne du cancer<\/strong><\/h4>\n<ul>\n<li>\n<h4><strong><a href=\"https:\/\/www.cancer.ca\/fr-ca\/cancer-information\/living-with-cancer\/feeling-your-best\/eating-well\/?region=qc\" target=\"_blank\" rel=\"noopener noreferrer\">Bien manger pendant et apr\u00e8s le traitement<\/a><\/strong><\/h4>\n<\/li>\n<li>\n<h4><strong><a href=\"https:\/\/www.cancer.ca\/fr-ca\/cancer-information\/living-with-cancer\/feeling-your-best\/eating-well\/food-safety\/?region=qc\" target=\"_blank\" rel=\"noopener noreferrer\">Salubrit\u00e9 des aliments<\/a><\/strong><\/h4>\n<\/li>\n<li>\n<h4><strong><a href=\"https:\/\/www.cancer.ca\/fr-ca\/support-and-services\/resources\/recipes\/during-treatment\/?region=qc\" target=\"_blank\" rel=\"noopener noreferrer\">Bien s\u2019alimenter lorsqu\u2019on a le cancer (recettes)<\/a><\/strong><\/h4>\n<\/li>\n<li>\n<h4><a href=\"https:\/\/cdn.cancer.ca\/-\/media\/files\/cancer-information\/resources\/publications\/eating-well-when-you-have-cancer\/32062-eating-well-when-you-have-cancer-fr.pdf?rev=042fda99feb943968bcefa371067cb37&amp;hash=EE6ED2E6557F7DE8F4B9D332ED8DB7E9&amp;_ga=2.134470449.1397840394.1643034250-359541453.1642085334\" target=\"_blank\" rel=\"noopener noreferrer\"><strong>Bien s\u2019alimenter lorsqu\u2019on a le cancer (livret)<\/strong><\/a><\/h4>\n<\/li>\n<\/ul>\n<h4><\/h4>\n<p>&nbsp;<\/p>\n<h3><strong>Ressources &#8211; \u00c9tats-Unis<\/strong><\/h3>\n<h4><strong>Manuel Merck &#8211; Version pour le grand public<\/strong><\/h4>\n<ul>\n<li class=\"topic__header--title topic__header--title--animate\">\n<h4><strong><a href=\"https:\/\/www.merckmanuals.com\/fr-ca\/accueil\/cancer\/pr%C3%A9vention-et-traitement-du-cancer\/alimentation-et-cancer\" target=\"_blank\" rel=\"noopener noreferrer\">Alimentation et cancer<\/a><\/strong><\/h4>\n<\/li>\n<\/ul>\n<h4><\/h4>\n<p>&nbsp;<\/p>\n","protected":false},"excerpt":{"rendered":"<p>Ressources &#8211; CUSM Office d&rsquo;\u00e9ducation pour les patients du CUSM Nutrition R\u00e9seau canc\u00e9rologie Rossy \u00c9ducation pour patients en nutrition (vid\u00e9o) &nbsp; Ressources &#8211; Qu\u00e9bec Fondation qu\u00e9b\u00e9coise du cancer Bien manger [&hellip;]<\/p>\n","protected":false},"author":2,"featured_media":0,"parent":0,"menu_order":0,"comment_status":"closed","ping_status":"closed","template":"","meta":{"footnotes":""},"class_list":["post-5923","page","type-page","status-publish","hentry"],"_links":{"self":[{"href":"https:\/\/cansupport.ca\/fr\/wp-json\/wp\/v2\/pages\/5923","targetHints":{"allow":["GET"]}}],"collection":[{"href":"https:\/\/cansupport.ca\/fr\/wp-json\/wp\/v2\/pages"}],"about":[{"href":"https:\/\/cansupport.ca\/fr\/wp-json\/wp\/v2\/types\/page"}],"author":[{"embeddable":true,"href":"https:\/\/cansupport.ca\/fr\/wp-json\/wp\/v2\/users\/2"}],"replies":[{"embeddable":true,"href":"https:\/\/cansupport.ca\/fr\/wp-json\/wp\/v2\/comments?post=5923"}],"version-history":[{"count":1,"href":"https:\/\/cansupport.ca\/fr\/wp-json\/wp\/v2\/pages\/5923\/revisions"}],"predecessor-version":[{"id":5924,"href":"https:\/\/cansupport.ca\/fr\/wp-json\/wp\/v2\/pages\/5923\/revisions\/5924"}],"wp:attachment":[{"href":"https:\/\/cansupport.ca\/fr\/wp-json\/wp\/v2\/media?parent=5923"}],"curies":[{"name":"wp","href":"https:\/\/api.w.org\/{rel}","templated":true}]}}