{"id":5920,"date":"2020-05-14T13:07:44","date_gmt":"2020-05-14T17:07:44","guid":{"rendered":"https:\/\/cansupport.ca\/cancer-online-information\/"},"modified":"2022-03-08T08:30:48","modified_gmt":"2022-03-08T13:30:48","slug":"information-en-ligne-sur-le-cancer","status":"publish","type":"page","link":"https:\/\/cansupport.ca\/fr\/information-en-ligne-sur-le-cancer\/","title":{"rendered":"R\u00e9pertoire d&rsquo;information en ligne sur le cancer"},"content":{"rendered":"<div class=\"tlid-results-container results-container\">\n<div class=\"tlid-result result-dict-wrapper\">\n<div class=\"result tlid-copy-target\">\n<div class=\"result-header\">\n<div class=\"starbutton jfk-button-flat jfk-button unstarred\" tabindex=\"0\" role=\"button\" aria-label=\"Star translation\" data-tooltip=\"Star translation\" data-tooltip-align=\"t,c\">\n<h4 class=\"jfk-button-img\" style=\"text-align: center;\"><strong><span title=\"\">Cette page fournit des liens vers de l&rsquo;information en ligne sur le cancer.<\/span> <span class=\"\" title=\"\"><span class=\"\" title=\"\">Les renseignements fournis par le site Web de CanSupport des C\u00e8dres sont \u00e0 titre informatif seulement et ne doivent pas remplacer les conseils ou indications fournis par les professionnels de sant\u00e9, ni se substituer \u00e0 des soins m\u00e9dicaux.<\/span><\/span><\/strong><\/h4>\n<\/div>\n<\/div>\n<div class=\"text-wrap tlid-copy-target\">\n<h4 class=\"result-shield-container tlid-copy-target\" style=\"text-align: center;\" tabindex=\"0\"><\/h4>\n<p>&nbsp;<\/p>\n<\/div>\n<\/div>\n<\/div>\n<\/div>\n<p>&nbsp;<\/p>\n<div class=\"tlid-results-container results-container\">\n<div class=\"tlid-result result-dict-wrapper\">\n<div class=\"result tlid-copy-target\">\n<div class=\"text-wrap tlid-copy-target\">\n<h3><strong>Liste des ressources d&rsquo;information en ligne sur le cancer par ordre alphab\u00e9tique<\/strong><\/h3>\n<\/div>\n<\/div>\n<\/div>\n<\/div>\n<p>&nbsp;<\/p>\n<h3><strong>A-B-C<\/strong><\/h3>\n<h5><\/h5>\n<p>&nbsp;<\/p>\n<ul>\n<li>\n<h4><a href=\"https:\/\/www.cansupport.ca\/fr\/alimentation\/\" target=\"_blank\" rel=\"noopener\"><strong>Alimentation<\/strong><\/a><\/h4>\n<\/li>\n<li>\n<h4><a href=\"https:\/\/www.cansupport.ca\/fr\/cancer-de-lanus\/\" target=\"_blank\" rel=\"noopener\"><strong>Anus (cancer)<\/strong><\/a><\/h4>\n<\/li>\n<li>\n<h4><strong><a href=\"https:\/\/www.cansupport.ca\/fr\/approches-complementaires-en-matiere-de-sante\/\" target=\"_blank\" rel=\"noopener\">Approches compl\u00e9mentaires en mati\u00e8re de sant\u00e9<\/a> (\u00e9galement appel\u00e9 th\u00e9rapies compl\u00e9mentaires)<\/strong><\/h4>\n<\/li>\n<li>\n<h4><a href=\"https:\/\/www.cansupport.ca\/fr\/information-generale-sur-le-cancer\/\" target=\"_blank\" rel=\"noopener\"><strong>Cancer (information g\u00e9n\u00e9rale)<\/strong><\/a><\/h4>\n<\/li>\n<li>\n<h4><a href=\"https:\/\/www.cansupport.ca\/fr\/cancer-avance\/\" target=\"_blank\" rel=\"noopener\"><strong>Cancer avanc\u00e9<\/strong><\/a><\/h4>\n<\/li>\n<li>\n<h4><a href=\"https:\/\/www.cansupport.ca\/fr\/cancer-et-la-covid-19-nouveau-coronavirus\/\" target=\"_blank\" rel=\"noopener\"><strong>Cancer et la COVID-19 (Nouveau Coronavirus)<\/strong><\/a><\/h4>\n<\/li>\n<li>\n<h4><strong>Cavit\u00e9 buccale (cancer), voir <a href=\"https:\/\/www.cansupport.ca\/fr\/cancers-de-la-tete-et-du-cou\/\" target=\"_blank\" rel=\"noopener\">Cancers de la t\u00eate et du cou<\/a><\/strong><\/h4>\n<\/li>\n<li>\n<h4><a href=\"https:\/\/www.cansupport.ca\/fr\/cancer-du-cerveau\/\" target=\"_blank\" rel=\"noopener\"><strong>Cerveau (cancer)<\/strong><\/a><\/h4>\n<\/li>\n<li>\n<h4><a href=\"https:\/\/www.cansupport.ca\/fr\/chimiotherapie\/\" target=\"_blank\" rel=\"noopener\"><strong>Chimioth\u00e9rapie<\/strong><\/a><\/h4>\n<\/li>\n<li>\n<h4><a href=\"https:\/\/www.cansupport.ca\/fr\/chirurgie\/\" target=\"_blank\" rel=\"noopener\"><strong>Chirurgie<\/strong><\/a><\/h4>\n<\/li>\n<li>\n<h4><strong><a href=\"https:\/\/www.cansupport.ca\/fr\/cancer-du-col-de-luterus\/\" target=\"_blank\" rel=\"noopener\">Col de l&rsquo;ut\u00e9rus (cancer)<\/a><\/strong><\/h4>\n<\/li>\n<li>\n<h4><strong>Col\u00f4n (cancer), voir <a href=\"https:\/\/www.cansupport.ca\/fr\/cancer-colorectal-colon-et-rectum\/\" target=\"_blank\" rel=\"noopener\">Cancer Colorectal<\/a><\/strong><\/h4>\n<\/li>\n<li>\n<h4><a href=\"https:\/\/www.cansupport.ca\/fr\/cancer-colorectal-colon-et-rectum\/\" target=\"_blank\" rel=\"noopener\"><strong>Colorectal (cancer)<\/strong><\/a><\/h4>\n<\/li>\n<\/ul>\n<h5><\/h5>\n<p>&nbsp;<\/p>\n<h3><strong>D-E-F<\/strong><\/h3>\n<p>&nbsp;<\/p>\n<ul>\n<li>\n<h4><a href=\"https:\/\/www.cansupport.ca\/fr\/deuil\/\" target=\"_blank\" rel=\"noopener\"><strong>Deuil<\/strong><\/a><\/h4>\n<\/li>\n<li>\n<h4><a href=\"https:\/\/www.cansupport.ca\/fr\/douleur\/\" target=\"_blank\" rel=\"noopener\"><strong>Douleur<\/strong><\/a><\/h4>\n<\/li>\n<li>\n<h4><a href=\"https:\/\/www.cansupport.ca\/fr\/cancer-de-lendometre\/\" target=\"_blank\" rel=\"noopener\"><strong>Endom\u00e8tre (cancer)<\/strong><\/a><\/h4>\n<\/li>\n<li>\n<h4><a href=\"https:\/\/www.cansupport.ca\/fr\/essais-cliniques\/\" target=\"_blank\" rel=\"noopener\"><strong>Essais Cliniques<\/strong><\/a><\/h4>\n<\/li>\n<li>\n<h4><a href=\"https:\/\/www.cansupport.ca\/fr\/cancer-de-lestomac\/\" target=\"_blank\" rel=\"noopener\"><strong>Estomac (cancer)<\/strong><\/a> (\u00e9galement appel\u00e9 cancer gastrique)<\/h4>\n<\/li>\n<li>\n<h4><a href=\"https:\/\/www.cansupport.ca\/fr\/faire-face-au-cancer\/\" target=\"_blank\" rel=\"noopener\"><strong>Faire face au cancer<\/strong><\/a><\/h4>\n<\/li>\n<li>\n<h4><a href=\"https:\/\/www.cansupport.ca\/fr\/fertilite\/\" target=\"_blank\" rel=\"noopener\"><strong>Fertilit\u00e9<\/strong><\/a><\/h4>\n<\/li>\n<li>\n<h4><a href=\"https:\/\/www.cansupport.ca\/fr\/cancer-du-foie\/\" target=\"_blank\" rel=\"noopener\"><strong>Foie (cancer)<\/strong><\/a><\/h4>\n<\/li>\n<li>\n<h4><strong>Fosses nasales et des sinus paranasaux (cancer), voir <a href=\"https:\/\/www.cansupport.ca\/fr\/cancers-de-la-tete-et-du-cou\/\" target=\"_blank\" rel=\"noopener\">Cancers de la t\u00eate et du cou<\/a><\/strong><\/h4>\n<\/li>\n<\/ul>\n<p>&nbsp;<\/p>\n<p>&nbsp;<\/p>\n<h3><strong>G-H-I<\/strong><\/h3>\n<p>&nbsp;<\/p>\n<ul>\n<li>\n<h4><strong>Gastrique (cancer), voir <a href=\"https:\/\/www.cansupport.ca\/fr\/cancer-de-lestomac\/\" target=\"_blank\" rel=\"noopener\">Cancer de l&rsquo;estomac<\/a><\/strong><\/h4>\n<\/li>\n<li>\n<h4><strong>Glandes salivaires (cancer), voir <a href=\"https:\/\/www.cansupport.ca\/fr\/cancers-de-la-tete-et-du-cou\/\" target=\"_blank\" rel=\"noopener\">Cancers de la t\u00eate et du cou<\/a><\/strong><\/h4>\n<\/li>\n<li>\n<h4><strong><a href=\"https:\/\/www.cansupport.ca\/fr\/greffe-de-cellules-souches\/\" target=\"_blank\" rel=\"noopener\">Greffe de cellules souches<\/a> (\u00e9galement appel\u00e9 greffe de moelle osseuse)<\/strong><\/h4>\n<\/li>\n<li>\n<h4><strong>Greffe de moelle osseuse, voir <a href=\"https:\/\/www.cansupport.ca\/fr\/greffe-de-cellules-souches\/\" target=\"_blank\" rel=\"noopener\">Greffe de cellules souches<\/a><\/strong><\/h4>\n<\/li>\n<li>\n<h4><strong><a href=\"https:\/\/www.bibliothequescusm.ca\/patients\/sujets-de-sante\/hebergement-glen\/\">H\u00e9bergement <\/a><\/strong><\/h4>\n<\/li>\n<li>\n<h4><a href=\"https:\/\/www.cansupport.ca\/fr\/hormonotherapie\/\" target=\"_blank\" rel=\"noopener\"><strong>Hormonoth\u00e9rapie<\/strong><\/a><\/h4>\n<\/li>\n<li>\n<h4><strong>Hypopharynx (cancer), voir <a href=\"https:\/\/www.cansupport.ca\/fr\/cancers-de-la-tete-et-du-cou\/\" target=\"_blank\" rel=\"noopener\">Cancers de la t\u00eate et du cou<\/a><\/strong><\/h4>\n<\/li>\n<li>\n<h4><a href=\"https:\/\/www.cansupport.ca\/fr\/immunotherapie\/\" target=\"_blank\" rel=\"noopener\"><strong>Immunoth\u00e9rapie<\/strong><\/a><\/h4>\n<\/li>\n<li>\n<h4><strong>Intimit\u00e9, voir <a href=\"https:\/\/www.cansupport.ca\/fr\/sexualite-et-intimite\/\" target=\"_blank\" rel=\"noopener\">Sexualit\u00e9 et intimit\u00e9<\/a><\/strong><\/h4>\n<\/li>\n<\/ul>\n<h4><\/h4>\n<p>&nbsp;<\/p>\n<h3><strong>J-K-L<\/strong><\/h3>\n<p>&nbsp;<\/p>\n<ul>\n<li>\n<h4><strong>Langue (cancer), voir <a href=\"https:\/\/www.cansupport.ca\/fr\/cancers-de-la-tete-et-du-cou\/\" target=\"_blank\" rel=\"noopener\">Cancers de la t\u00eate et du cou<\/a><\/strong><\/h4>\n<\/li>\n<li>\n<h4><a href=\"https:\/\/www.cansupport.ca\/fr\/leucemie\/\" target=\"_blank\" rel=\"noopener\"><strong>Leuc\u00e9mie<\/strong><\/a><\/h4>\n<\/li>\n<li>\n<h4><strong><a href=\"https:\/\/cansupport.ca\/fr\/lymphome\/\">Lymphome<\/a><\/strong><\/h4>\n<\/li>\n<li>\n<h4><a href=\"https:\/\/www.cansupport.ca\/fr\/lymphome-hodgkinien\/\" target=\"_blank\" rel=\"noopener\"><strong>Lymphome hodgkinien<\/strong><\/a><\/h4>\n<\/li>\n<li>\n<h4><a href=\"https:\/\/www.cansupport.ca\/fr\/lymphome-non-hodgkinien\/\" target=\"_blank\" rel=\"noopener\"><strong>Lymphome non hodgkinien<\/strong><\/a><\/h4>\n<\/li>\n<\/ul>\n<p>&nbsp;<\/p>\n<p>&nbsp;<\/p>\n<h3><strong>M-N-O<\/strong><\/h3>\n<p>&nbsp;<\/p>\n<ul>\n<li>\n<h4><strong>M\u00e9lanome, voir <a href=\"https:\/\/www.cansupport.ca\/fr\/cancer-de-la-peau\/\" target=\"_blank\" rel=\"noopener\">Cancer de la peau<\/a><\/strong><\/h4>\n<\/li>\n<li>\n<h4><a href=\"https:\/\/www.cansupport.ca\/fr\/mesotheliome\/\" target=\"_blank\" rel=\"noopener\"><strong>M\u00e9soth\u00e9liome<\/strong><\/a><\/h4>\n<\/li>\n<li>\n<h4><a href=\"https:\/\/www.cansupport.ca\/fr\/myelome-multiple\/\" target=\"_blank\" rel=\"noopener\"><strong>My\u00e9lome Multiple<\/strong><\/a><\/h4>\n<\/li>\n<li>\n<h4><strong>Nasopharynx (cancer), voir <a href=\"https:\/\/www.cansupport.ca\/fr\/cancers-de-la-tete-et-du-cou\/\" target=\"_blank\" rel=\"noopener\">Cancers de la t\u00eate et du cou<\/a><\/strong><\/h4>\n<\/li>\n<li>\n<h4><strong>Nutrition, voir <a href=\"https:\/\/www.cansupport.ca\/fr\/alimentation\/\" target=\"_blank\" rel=\"noopener\">Alimentation<\/a><\/strong><\/h4>\n<\/li>\n<li>\n<h4><a href=\"https:\/\/www.cansupport.ca\/fr\/cancer-de-loeil\/\" target=\"_blank\" rel=\"noopener\"><strong>Oeil (cancer)<\/strong><\/a><\/h4>\n<\/li>\n<li>\n<h4><a href=\"https:\/\/www.cansupport.ca\/fr\/cancer-de-loesophage\/\" target=\"_blank\" rel=\"noopener\"><strong>Oesophage (cancer)<\/strong><\/a><\/h4>\n<\/li>\n<li>\n<h4><strong>Oropharynx (cancer), voir <a href=\"https:\/\/www.cansupport.ca\/fr\/cancers-de-la-tete-et-du-cou\/\" target=\"_blank\" rel=\"noopener\">Cancers de la t\u00eate et du cou<\/a><\/strong><\/h4>\n<\/li>\n<li>\n<h4><a href=\"https:\/\/www.cansupport.ca\/fr\/cancer-des-os\/\" target=\"_blank\" rel=\"noopener\"><strong>Os (cancer)<\/strong><\/a><\/h4>\n<\/li>\n<li>\n<h4><a href=\"https:\/\/www.cansupport.ca\/fr\/cancer-de-lovaire\/\" target=\"_blank\" rel=\"noopener\"><strong>Ovaire (cancer)<\/strong><\/a><\/h4>\n<\/li>\n<\/ul>\n<p>&nbsp;<\/p>\n<h3><\/h3>\n<h3><strong>P-Q-R<\/strong><\/h3>\n<p>&nbsp;<\/p>\n<ul>\n<li>\n<h4><a href=\"https:\/\/www.cansupport.ca\/fr\/cancer-du-pancreas\/\" target=\"_blank\" rel=\"noopener\"><strong>Pancr\u00e9as (cancer)<\/strong><\/a><\/h4>\n<\/li>\n<li>\n<h4><a href=\"https:\/\/www.cansupport.ca\/fr\/parler-du-cancer-aux-enfants-et-aux-adolescents\/\" target=\"_blank\" rel=\"noopener\"><strong>Parler du cancer aux enfants et adolescents<\/strong><\/a><\/h4>\n<\/li>\n<li>\n<h4><a href=\"https:\/\/www.cansupport.ca\/fr\/cancer-de-la-peau\/\" target=\"_blank\" rel=\"noopener\"><strong>Peau (cancer)<\/strong><\/a><\/h4>\n<\/li>\n<li>\n<h4><a href=\"https:\/\/www.cansupport.ca\/fr\/cancer-du-penis\/\" target=\"_blank\" rel=\"noopener\"><strong>P\u00e9nis (cancer)<\/strong><\/a><\/h4>\n<\/li>\n<li>\n<h4><a href=\"https:\/\/www.cansupport.ca\/fr\/cancer-du-poumon\/\" target=\"_blank\" rel=\"noopener\"><strong>Poumon (cancer)<\/strong><\/a><\/h4>\n<\/li>\n<li>\n<h4><a href=\"https:\/\/www.cansupport.ca\/fr\/proches-aidants\/\" target=\"_blank\" rel=\"noopener\"><strong>Proches aidants<\/strong><\/a><\/h4>\n<\/li>\n<li>\n<h4><a href=\"https:\/\/www.cansupport.ca\/fr\/cancer-de-la-prostate\/\" target=\"_blank\" rel=\"noopener\"><strong>Prostate (cancer)<\/strong><\/a><\/h4>\n<\/li>\n<li>\n<h4><a href=\"https:\/\/www.cansupport.ca\/fr\/radiotherapie\/\" target=\"_blank\" rel=\"noopener\"><strong>Radioth\u00e9rapie<\/strong><\/a><\/h4>\n<\/li>\n<li>\n<h4><strong>Rectum (cancer), voir <a href=\"https:\/\/www.cansupport.ca\/fr\/cancer-colorectal-colon-et-rectum\/\" target=\"_blank\" rel=\"noopener\">Cancer Colorectal<\/a><\/strong><\/h4>\n<\/li>\n<li>\n<h4><a href=\"https:\/\/www.cansupport.ca\/fr\/cancer-du-rein\/\" target=\"_blank\" rel=\"noopener\"><strong>Rein (cancer)<\/strong><\/a><\/h4>\n<\/li>\n<\/ul>\n<p>&nbsp;<\/p>\n<p>&nbsp;<\/p>\n<h3><strong>S-T-U<\/strong><\/h3>\n<h4><\/h4>\n<p>&nbsp;<\/p>\n<ul>\n<li>\n<h4><a href=\"https:\/\/www.cansupport.ca\/fr\/sarcome\/\" target=\"_blank\" rel=\"noopener\"><strong>Sarcome<\/strong><\/a><\/h4>\n<\/li>\n<li>\n<h4><strong>Sarcome des tissus mous, voir <a href=\"https:\/\/www.cansupport.ca\/fr\/sarcome\/\" target=\"_blank\" rel=\"noopener\">Sarcome<\/a><\/strong><\/h4>\n<\/li>\n<li>\n<h4><a href=\"https:\/\/www.cansupport.ca\/fr\/cancer-du-sein\/\" target=\"_blank\" rel=\"noopener\"><strong>Sein (cancer)<\/strong><\/a><\/h4>\n<\/li>\n<li>\n<h4><a href=\"https:\/\/www.cansupport.ca\/fr\/sexualite-et-intimite\/\" target=\"_blank\" rel=\"noopener\"><strong>Sexualit\u00e9 et intimit\u00e9<\/strong><\/a><\/h4>\n<\/li>\n<li>\n<h4><strong><a href=\"https:\/\/www.cansupport.ca\/fr\/soins-de-fin-de-vie\/\" target=\"_blank\" rel=\"noopener\">Soins de fin de vie<\/a> (\u00e9galement appel\u00e9 soins palliatifs)<\/strong><\/h4>\n<\/li>\n<li>\n<h4><strong>Soins palliatifs, voir <a href=\"https:\/\/www.cansupport.ca\/fr\/soins-de-fin-de-vie\/\" target=\"_blank\" rel=\"noopener\">Soins de fin de vie<\/a><\/strong><\/h4>\n<\/li>\n<li>\n<h4><a href=\"https:\/\/www.cansupport.ca\/fr\/cancers-de-la-tete-et-du-cou\/\" target=\"_blank\" rel=\"noopener\"><strong>T\u00eate et cou (cancers)<\/strong><\/a><\/h4>\n<\/li>\n<li>\n<h4><a href=\"https:\/\/www.cansupport.ca\/fr\/cancer-du-testicul\/\" target=\"_blank\" rel=\"noopener\"><strong>Testicule (cancer)<\/strong><\/a><\/h4>\n<\/li>\n<li>\n<h4><strong>Th\u00e9rapies compl\u00e9mentaires, voir <a href=\"https:\/\/www.cansupport.ca\/fr\/approches-complementaires-en-matiere-de-sante\/\" target=\"_blank\" rel=\"noopener\">Approches compl\u00e9mentaires en mati\u00e8re de sant\u00e9<\/a><\/strong><\/h4>\n<\/li>\n<li>\n<h4><a href=\"https:\/\/www.cansupport.ca\/fr\/cancer-du-thymus\/\" target=\"_blank\" rel=\"noopener\"><strong>Thymus (cancer)<\/strong><\/a><\/h4>\n<\/li>\n<li>\n<h4><a href=\"https:\/\/www.cansupport.ca\/fr\/cancer-de-la-thyroide\/\" target=\"_blank\" rel=\"noopener\"><strong>Thyro\u00efde (cancer)<\/strong><\/a><\/h4>\n<\/li>\n<li>\n<h4><a href=\"https:\/\/www.cansupport.ca\/fr\/traitement-cible\/\" target=\"_blank\" rel=\"noopener\"><strong>Traitement cibl\u00e9<\/strong><\/a><\/h4>\n<\/li>\n<li>\n<h4><a href=\"https:\/\/www.cansupport.ca\/fr\/cancer-de-la-trompe-de-fallope\/\" target=\"_blank\" rel=\"noopener\"><strong>Trompe de Fallope (cancer)<\/strong><\/a><\/h4>\n<\/li>\n<li>\n<h4><strong>Tumeurs c\u00e9r\u00e9brales, voir <a href=\"https:\/\/www.cansupport.ca\/fr\/cancer-du-cerveau\/\" target=\"_blank\" rel=\"noopener\">Cerveau (cancer)<\/a><\/strong><\/h4>\n<\/li>\n<li>\n<h4><a href=\"https:\/\/www.cansupport.ca\/fr\/cancer-de-luterus\/\" target=\"_blank\" rel=\"noopener\"><strong>Ut\u00e9rus (cancer)<\/strong><\/a><\/h4>\n<\/li>\n<\/ul>\n<h4><\/h4>\n<p>&nbsp;<\/p>\n<h3><strong>V-W<\/strong><\/h3>\n<p>&nbsp;<\/p>\n<ul>\n<li>\n<h4><a href=\"https:\/\/www.cansupport.ca\/fr\/cancer-du-vagin\/\" target=\"_blank\" rel=\"noopener\"><strong>Vagin (cancer)<\/strong><\/a><\/h4>\n<\/li>\n<li>\n<h4><a href=\"https:\/\/www.cansupport.ca\/fr\/cancer-de-la-vesicule-biliaire\/\" target=\"_blank\" rel=\"noopener\"><strong>V\u00e9sicule biliaire (cancer)<\/strong><\/a><\/h4>\n<\/li>\n<li>\n<h4><a href=\"https:\/\/www.cansupport.ca\/fr\/cancer-de-la-vessie\/\" target=\"_blank\" rel=\"noopener\"><strong>Vessie (cancer)<\/strong><\/a><\/h4>\n<\/li>\n<li>\n<h4><a href=\"https:\/\/www.cansupport.ca\/fr\/la-vie-apres-le-cancer\/\" target=\"_blank\" rel=\"noopener\"><strong>Vie apr\u00e8s le cancer<\/strong><\/a><\/h4>\n<\/li>\n<li>\n<h4><a href=\"https:\/\/www.cansupport.ca\/fr\/cancer-de-la-vulve\/\" target=\"_blank\" rel=\"noopener\"><strong>Vulve (cancer)<\/strong><\/a><\/h4>\n<\/li>\n<\/ul>\n<p>&nbsp;<\/p>\n<p>&nbsp;<\/p>\n<h3><strong>X-Y-Z<\/strong><\/h3>\n<p>&nbsp;<\/p>\n<div class=\"tlid-results-container results-container\">\n<p>&nbsp;<\/p>\n<\/div>\n","protected":false},"excerpt":{"rendered":"<p>Cette page fournit des liens vers de l&rsquo;information en ligne sur le cancer. Les renseignements fournis par le site Web de CanSupport des C\u00e8dres sont \u00e0 titre informatif seulement et [&hellip;]<\/p>\n","protected":false},"author":2,"featured_media":0,"parent":0,"menu_order":0,"comment_status":"closed","ping_status":"closed","template":"","meta":{"footnotes":""},"class_list":["post-5920","page","type-page","status-publish","hentry"],"_links":{"self":[{"href":"https:\/\/cansupport.ca\/fr\/wp-json\/wp\/v2\/pages\/5920","targetHints":{"allow":["GET"]}}],"collection":[{"href":"https:\/\/cansupport.ca\/fr\/wp-json\/wp\/v2\/pages"}],"about":[{"href":"https:\/\/cansupport.ca\/fr\/wp-json\/wp\/v2\/types\/page"}],"author":[{"embeddable":true,"href":"https:\/\/cansupport.ca\/fr\/wp-json\/wp\/v2\/users\/2"}],"replies":[{"embeddable":true,"href":"https:\/\/cansupport.ca\/fr\/wp-json\/wp\/v2\/comments?post=5920"}],"version-history":[{"count":3,"href":"https:\/\/cansupport.ca\/fr\/wp-json\/wp\/v2\/pages\/5920\/revisions"}],"predecessor-version":[{"id":6126,"href":"https:\/\/cansupport.ca\/fr\/wp-json\/wp\/v2\/pages\/5920\/revisions\/6126"}],"wp:attachment":[{"href":"https:\/\/cansupport.ca\/fr\/wp-json\/wp\/v2\/media?parent=5920"}],"curies":[{"name":"wp","href":"https:\/\/api.w.org\/{rel}","templated":true}]}}