{"id":5918,"date":"2020-10-09T18:30:52","date_gmt":"2020-10-09T22:30:52","guid":{"rendered":"https:\/\/cansupport.ca\/resource-centre-services\/"},"modified":"2022-03-09T14:26:29","modified_gmt":"2022-03-09T19:26:29","slug":"services-centre-de-ressources","status":"publish","type":"page","link":"https:\/\/cansupport.ca\/fr\/services-centre-de-ressources\/","title":{"rendered":"Services du centre de ressources"},"content":{"rendered":"<h2 style=\"text-align: center;\"><strong><span style=\"color: #96d700;\"><a href=\"https:\/\/cansupport.ca\/wp-content\/uploads\/2021\/08\/Resource-Centre-scaled.jpg\"><img loading=\"lazy\" decoding=\"async\" class=\"alignright wp-image-2210 size-large\" src=\"https:\/\/cansupport.ca\/wp-content\/uploads\/2021\/08\/Resource-Centre-1024x768.jpg\" alt=\"\" width=\"670\" height=\"503\" \/><\/a><\/span><\/strong><\/h2>\n<h4><span style=\"color: #1e22aa;\"><strong>Service de recherche d&rsquo;information sur la sant\u00e9<\/strong><\/span><\/h4>\n<p>La biblioth\u00e9caire et coordonnatrice du Centre de ressources CanSupport des C\u00e8dres peut vous aider \u00e0 trouver des ressources fiables et \u00e0 jour sur diff\u00e9rents sujets, tels que:<\/p>\n<ul>\n<li>Types de cancer,<\/li>\n<li>Traitements contre le cancer,<\/li>\n<li>Tests et proc\u00e9dures,<\/li>\n<li>Groupes et programmes de soutien pour les patients atteints de cancer et les proches aidants,<\/li>\n<li>Ressources communautaires,<\/li>\n<li>Et plus encore,<\/li>\n<\/ul>\n<p><em>Toutes les demandes sont confidentielles.<\/em><\/p>\n<p>Veuillez communiquer avec nous si vous avez besoin d&rsquo;informations par courriel \u00e0 <a href=\"mailto:cedarscansupport@muhc.mcgill.ca\">cedarscansupport@muhc.mcgill.ca<\/a><\/p>\n<p>&nbsp;<\/p>\n<h4><span style=\"color: #1e22aa;\"><strong>Collection de livres<\/strong><\/span><\/h4>\n<p>Le Centre de ressources CanSupport des C\u00e8dres poss\u00e8de une collection de livres sur la sant\u00e9 g\u00e9n\u00e9rale et les sujets li\u00e9s au cancer que les visiteurs peuvent emprunter.<\/p>\n<p>Le Centre de ressources CanSupport des C\u00e8dres propose \u00e9galement une grande vari\u00e9t\u00e9 de brochures et de fiches d&rsquo;information sur la sant\u00e9 g\u00e9n\u00e9rale et le cancer.<\/p>\n<p>Il n&rsquo;y a aucun frais de pr\u00eat ou d&rsquo;enregistrement. L&#8217;emprunt de livres de la collection du Centre de ressources CanSupport des C\u00e8dres est gratuit.<\/p>\n<p>&nbsp;<\/p>\n<h4><span style=\"color: #1e22aa;\"><strong>Politique de pr\u00eat de livres<\/strong><\/span><\/h4>\n<p>Pour emprunter des livres, les visiteurs doivent fournir leurs coordonn\u00e9es ainsi que leur carte d&rsquo;h\u00f4pital ou une pi\u00e8ce d&rsquo;identit\u00e9 avec photo.<\/p>\n<p>Les visiteurs sont autoris\u00e9s \u00e0 emprunter un maximum de 3 livres \u00e0 la fois pour une p\u00e9riode de trois semaines.<\/p>\n<p>Les livres peuvent \u00eatre renouvel\u00e9s une fois (pour une p\u00e9riode de trois semaines), \u00e0 condition qu&rsquo;aucun autre visiteur ne les ait r\u00e9serv\u00e9s.<\/p>\n<p>Pour renouveler, veuillez venir nous rendre visite en personne, ou communiquer avec nous par t\u00e9l\u00e9phone (514-934-1934 poste 31666) ou par courriel (<a href=\"mailto:cedarscansupport@muhc.mcgill.ca\">cedarscansupport@muhc.mcgill.ca<\/a>).<\/p>\n<p>&nbsp;<\/p>\n<h4><span style=\"color: #1e22aa;\"><strong>Programme de pr\u00eat de perruques et de couvre-t\u00eates<\/strong><\/span><\/h4>\n<p>Le Centre de ressources CanSupport des C\u00e8dres propose une grande vari\u00e9t\u00e9 de perruques et de couvre-t\u00eates r\u00e9serv\u00e9s aux patients atteints du cancer. Il n&rsquo;y a aucun frais pour ce service. Toutes nos perruques et couvre-t\u00eates sont gratuits. Veuillez noter que la quantit\u00e9 d&rsquo;articles allou\u00e9s aux patients atteints du cancer est limit\u00e9e.<\/p>\n<p>Aucun rendez-vous n\u2019est requis. Il s&rsquo;agit d&rsquo;un service sur demande durant nos heures d&rsquo;ouverture, qui sont de 8h \u00e0 16h du lundi au vendredi.<\/p>\n<p>&nbsp;<\/p>\n<h4><span style=\"color: #1e22aa;\"><strong>Impression, num\u00e9risation, photocopie et acc\u00e8s au WiFi<\/strong><\/span><\/h4>\n<p>Le Centre de ressources CanSupport des C\u00e8dres donne acc\u00e8s \u00e0:<\/p>\n<ul>\n<li>Imprimante (pour les informations relatives \u00e0 la sant\u00e9 uniquement)<\/li>\n<li>Num\u00e9riseur<\/li>\n<li>Photocopieur<\/li>\n<li>WiFi<\/li>\n<\/ul>\n<p>&nbsp;<\/p>\n","protected":false},"excerpt":{"rendered":"<p>Service de recherche d&rsquo;information sur la sant\u00e9 La biblioth\u00e9caire et coordonnatrice du Centre de ressources CanSupport des C\u00e8dres peut vous aider \u00e0 trouver des ressources fiables et \u00e0 jour sur [&hellip;]<\/p>\n","protected":false},"author":2,"featured_media":0,"parent":0,"menu_order":0,"comment_status":"closed","ping_status":"closed","template":"","meta":{"footnotes":""},"class_list":["post-5918","page","type-page","status-publish","hentry"],"_links":{"self":[{"href":"https:\/\/cansupport.ca\/fr\/wp-json\/wp\/v2\/pages\/5918","targetHints":{"allow":["GET"]}}],"collection":[{"href":"https:\/\/cansupport.ca\/fr\/wp-json\/wp\/v2\/pages"}],"about":[{"href":"https:\/\/cansupport.ca\/fr\/wp-json\/wp\/v2\/types\/page"}],"author":[{"embeddable":true,"href":"https:\/\/cansupport.ca\/fr\/wp-json\/wp\/v2\/users\/2"}],"replies":[{"embeddable":true,"href":"https:\/\/cansupport.ca\/fr\/wp-json\/wp\/v2\/comments?post=5918"}],"version-history":[{"count":3,"href":"https:\/\/cansupport.ca\/fr\/wp-json\/wp\/v2\/pages\/5918\/revisions"}],"predecessor-version":[{"id":6212,"href":"https:\/\/cansupport.ca\/fr\/wp-json\/wp\/v2\/pages\/5918\/revisions\/6212"}],"wp:attachment":[{"href":"https:\/\/cansupport.ca\/fr\/wp-json\/wp\/v2\/media?parent=5918"}],"curies":[{"name":"wp","href":"https:\/\/api.w.org\/{rel}","templated":true}]}}