{"id":5916,"date":"2018-02-22T21:26:06","date_gmt":"2018-02-23T02:26:06","guid":{"rendered":"https:\/\/cansupport.ca\/complementary-therapies\/"},"modified":"2025-06-03T12:07:03","modified_gmt":"2025-06-03T16:07:03","slug":"therapies-complementaires","status":"publish","type":"page","link":"https:\/\/cansupport.ca\/fr\/therapies-complementaires\/","title":{"rendered":"Programmes et services"},"content":{"rendered":"<h3 style=\"text-align: left;\"><span style=\"color: #1e22aa;\"><strong>Programmes et services<\/strong><\/span><\/h3>\n<p dir=\"ltr\" style=\"text-align: left;\">Les programmes et services offrent du soutien additionnel, qui s\u2019ajoute au traitement conventionnel. Ces th\u00e9rapies comportent divers avantages; elles aident \u00e0 composer avec le cancer et avec les traitements, \u00e0 r\u00e9duire le stress, la peur et l\u2019anxi\u00e9t\u00e9, et contribuent \u00e0 am\u00e9liorer l\u2019\u00e9tat de sant\u00e9 global ainsi que le bien-\u00eatre.<\/p>\n<h4 style=\"text-align: left;\"><span style=\"color: #1e22aa;\"><strong>Ce que nous offrons<\/strong><\/span><\/h4>\n<p style=\"text-align: left;\">La plupart des th\u00e9rapeutes proposent des ateliers de groupe s\u2019adressant aux patients qui ne sont pas hospitalis\u00e9s ou \u00e0 ceux qui ont d\u00e9j\u00e0 suivi un traitement pour le cancer. Des s\u00e9ances individuelles sont offertes aux patients hospitalis\u00e9s dans les unit\u00e9s d\u2019oncologie ou de soins palliatifs.<\/p>\n<p>&nbsp;<\/p>\n<h4><strong><span style=\"color: #1e22aa;\">Atelier d&rsquo;\u00e9criture cr\u00e9ative<\/span><\/strong><\/h4>\n<p>L\u2019\u00e9criture est une fa\u00e7on de s\u2019exprimer, d\u2019explorer, de s\u2019amuse, d\u2019inventer une histoire ou de partager sa propre histoire. Cet atelier vise \u00e0 cr\u00e9er un espace sans jugement. Nous ferons quelques exercices d\u2019\u00e9criture pour donner libre cours \u00e0 notre imagination. Aucune exp\u00e9rience d\u2019\u00e9criture n\u00e9cessaire. Tout le monde est bienvenu.<\/p>\n<p>&nbsp;<\/p>\n<h4><strong><span style=\"color: #1e22aa;\">Art-th\u00e9rapie<\/span><\/strong><\/h4>\n<p>Vivre l\u2019exp\u00e9rience du cancer en stimulant sa cr\u00e9ativit\u00e9 peut s\u2019av\u00e9rer tr\u00e8s important. L\u2019art-th\u00e9rapie peut constituer un moyen de r\u00e9duire l\u2019anxi\u00e9t\u00e9, d\u2019accro\u00eetre la conscience de soi et de r\u00e9duire le stress. Cette forme d\u2019expression peut favoriser la compr\u00e9hension de soi en allant au\u2011del\u00e0 de ce que peuvent exprimer les mots.\u00a0\u00a0\u00a0\u00a0 <strong>Inscription recquise<\/strong><\/p>\n<p>&nbsp;<\/p>\n<h4><span style=\"color: #1e22aa;\"><strong>Belle et Bien Dans Sa Peau (BBDSP)<\/strong><\/span><\/h4>\n<p>\u00ab\u00a0Un programme de soutien, dirig\u00e9 par une \u00e9quipe de professionnels des cosm\u00e9tiques, offre un esprit de communaut\u00e9 aux femmes de tous les milieux. Un atelier de 2 heures aux femmes atteintes de cancer, quel qu\u2019en soit le type ou le traitement. \u00c0 l\u2019aide de notre \u00e9quipe de professionnels des cosm\u00e9tiques, nous offrons les meilleurs conseils en soins de la peau, s\u00e9lection de proth\u00e8ses capillaires et techniques de maquillage dans le cadre d\u2019une s\u00e9rie d\u2019\u00e9tapes Signatures con\u00e7ues pour encourager les femmes \u00e0 para\u00eetre et \u00e0 se sentir le mieux possible.\u00a0\u00bb<\/p>\n<p><strong>L&rsquo;inscription en ligne est obligatoire <a href=\"https:\/\/lgfb.ca\/fr\/\">https:\/\/lgfb.ca\/fr\/<\/a><\/strong><\/p>\n<p>&nbsp;<\/p>\n<h4><strong><span style=\"color: #1e22aa;\">Groupe de marche pour les endeuill\u00e9s &lsquo;Gu\u00e9rir \u00e9tape par \u00e9tape&rsquo;<\/span><\/strong><\/h4>\n<p>Un groupe de marche informel pour les endeuill\u00e9s apr\u00e8s la perte d&rsquo;un \u00eatre cher \u00e0 cause du cancer.\u00a0 No promenades offrent un espace paisible pour se connecter avec d&rsquo;autres qui comprennent, partager des histoires et trouver du r\u00e9confort dans la nature.<\/p>\n<p>&nbsp;<\/p>\n<h4><strong><span style=\"color: #1e22aa;\">Groupe de soutien &lsquo;PARTAGEons SURE LE CANCER&rsquo;<\/span><\/strong><\/h4>\n<p>O\u00f9 votre histoire fera la diff\u00e9rence. Un nouveau groupe de soutien pour le cancer en collaboration avec le programme psychosociale en oncologie du CUSM. S\u2019inscrire maintenant ou se rendre sur place.<\/p>\n<p>&nbsp;<\/p>\n<h4><strong><span style=\"color: #1e22aa;\">Massoth\u00e9rapie<\/span><\/strong><\/h4>\n<p>Le massage th\u00e9rapeutique permet de soulager temporairement les effets secondaires des traitements. Il contribue \u00e0 r\u00e9duire la douleur et \u00e0 att\u00e9nuer l\u2019anxi\u00e9t\u00e9, tout en offrant une forme concr\u00e8te de soutien\u00a0moral.\u00a0\u00a0\u00a0 <strong>Pour les patients hospitalis\u00e9s en oncologie ou de soins palliatifs.<\/strong><\/p>\n<p>&nbsp;<\/p>\n<h4><strong><span style=\"color: #1e22aa;\">M\u00e9ditation et relaxation<\/span><\/strong><\/h4>\n<p>La m\u00e9ditation et la relaxation mettent l\u2019accent sur des exercices de respiration simples et sur des techniques de pleine conscience qui peuvent contribuer \u00e0 r\u00e9duire le stress, la pression art\u00e9rielle, l\u2019anxi\u00e9t\u00e9 et la douleur, et \u00e0 combattre l\u2019insomnie.\u00a0\u00a0<strong>Inscription recquise<\/strong><\/p>\n<p>&nbsp;<\/p>\n<h4><span style=\"color: #1e22aa;\"><strong>\u2018Tisser des liens\u2019- Mus\u00e9e des beaux-arts de Montr\u00e9al-Atelier interactif en groupe et cr\u00e9ation artistique<\/strong><\/span><\/h4>\n<p>Une visite de groupe interactive o\u00f9 vous aurez l\u2019occasion de visiter des collections d\u2019art et de participer \u00e0 des ateliers de cr\u00e9ation artistique dans le studio d\u2019art du Mus\u00e9e. Chaque atelier est anim\u00e9 par un m\u00e9diateur mus\u00e9al.<\/p>\n<p>* Nous souhaitons remercier le Mus\u00e9e des Beaux-Arts de Montr\u00e9al d&rsquo;avoir collabor\u00e9 et partag\u00e9 leur espace et leurs ressources avec CanSupport des C\u00e8dres (CUSM).<strong> Si l\u2019atelier est complet et \/ ou que vous \u00eates int\u00e9ress\u00e9 \u00e0 participer \u00e0 plusieurs ateliers, vous serez ajout\u00e9 sur la liste pour la session suivante<\/strong><\/p>\n<p>&nbsp;<\/p>\n<h4><span style=\"color: #1e22aa;\"><strong>Yoga<\/strong><\/span><\/h4>\n<p>La respiration, la m\u00e9ditation et des postures restauratrices simples aident le corps \u00e0 gu\u00e9rir apr\u00e8s une chirurgie et \u00e0 rester repos\u00e9 pendant le traitement. Il est aussi possible de faire du yoga sur chaise dans une chambre d\u2019h\u00f4pital.\u00a0\u00a0\u00a0\u00a0\u00a0 <strong>Inscription\u00a0 recquise<\/strong><\/p>\n<p>&nbsp;<\/p>\n<h4><span style=\"color: #1e22aa;\"><strong>Comment s\u2019inscrire<\/strong><\/span><u><\/u><\/h4>\n<p>Patients et proches aidants sont les bienvenus dans nos ateliers de groupe. Bien que les s\u00e9ances individuelles soient r\u00e9serv\u00e9es aux patients hospitalis\u00e9s dans les unit\u00e9s d\u2019oncologie ou de soins palliatifs, nos ressources sont limit\u00e9es. L\u2019ordre de priorit\u00e9 des demandes est \u00e9tabli en fonction des besoins des patients.<\/p>\n<p>&nbsp;<\/p>\n<h3><span style=\"color: #1e22aa;\"><strong>Communiquez avec nous par t\u00e9l\u00e9phone, au 514-934-1934 (poste 35297) ou par courriel \u00e0 l\u2019adresse suivante : <a href=\"mailto:rola.mouchantaf@muhc.mcgill.ca\">rola.mouchantaf@muhc.mcgill.ca<\/a><\/strong><\/span><\/h3>\n","protected":false},"excerpt":{"rendered":"<p>Programmes et services Les programmes et services offrent du soutien additionnel, qui s\u2019ajoute au traitement conventionnel. Ces th\u00e9rapies comportent divers avantages; elles aident \u00e0 composer avec le cancer et avec [&hellip;]<\/p>\n","protected":false},"author":4,"featured_media":0,"parent":0,"menu_order":0,"comment_status":"closed","ping_status":"closed","template":"","meta":{"footnotes":""},"class_list":["post-5916","page","type-page","status-publish","hentry"],"_links":{"self":[{"href":"https:\/\/cansupport.ca\/fr\/wp-json\/wp\/v2\/pages\/5916","targetHints":{"allow":["GET"]}}],"collection":[{"href":"https:\/\/cansupport.ca\/fr\/wp-json\/wp\/v2\/pages"}],"about":[{"href":"https:\/\/cansupport.ca\/fr\/wp-json\/wp\/v2\/types\/page"}],"author":[{"embeddable":true,"href":"https:\/\/cansupport.ca\/fr\/wp-json\/wp\/v2\/users\/4"}],"replies":[{"embeddable":true,"href":"https:\/\/cansupport.ca\/fr\/wp-json\/wp\/v2\/comments?post=5916"}],"version-history":[{"count":18,"href":"https:\/\/cansupport.ca\/fr\/wp-json\/wp\/v2\/pages\/5916\/revisions"}],"predecessor-version":[{"id":20307,"href":"https:\/\/cansupport.ca\/fr\/wp-json\/wp\/v2\/pages\/5916\/revisions\/20307"}],"wp:attachment":[{"href":"https:\/\/cansupport.ca\/fr\/wp-json\/wp\/v2\/media?parent=5916"}],"curies":[{"name":"wp","href":"https:\/\/api.w.org\/{rel}","templated":true}]}}