{"id":5912,"date":"2018-02-23T16:16:29","date_gmt":"2018-02-23T21:16:29","guid":{"rendered":"https:\/\/cansupport.ca\/palliative-care-support\/"},"modified":"2025-06-03T12:40:06","modified_gmt":"2025-06-03T16:40:06","slug":"soins-palliatifs","status":"publish","type":"page","link":"https:\/\/cansupport.ca\/fr\/soins-palliatifs\/","title":{"rendered":"Soins Palliatifs"},"content":{"rendered":"<p>Les soins palliatifs sont des soins sp\u00e9cialis\u00e9s pour les personnes atteintes d&rsquo;une maladie avanc\u00e9e. L&rsquo;objectif est d&rsquo;offrir du confort et d&rsquo;am\u00e9liorer la qualit\u00e9 de vie des patients et des familles. Les soins palliatifs visent \u00e0 soulager la douleur et d&rsquo;autres sympt\u00f4mes, ainsi qu&rsquo;\u00e0 soutenir les besoins psychologiques, sociaux, culturels, \u00e9motionnels et spirituels du patient et de sa famille.<\/p>\n<p><strong><span style=\"color: #1e22aa;\">Comment nous aidons les personnes en soins palliatifs<\/span><\/strong><\/p>\n<p><strong><span style=\"color: #1e22aa;\">Soutien aux patients et aux familles:<\/span><\/strong><\/p>\n<p>Nos b\u00e9n\u00e9voles form\u00e9s font partie de l&rsquo;\u00e9quipe multidisciplinaire en soins palliatifs. Leur objectif est de fournir des soins de confort aux patients, aux familles et aux soignants. Ils fournissent un soutien gr\u00e2ce \u00e0 l&rsquo;\u00e9coute active, la zooth\u00e9rapie, la musique, l&rsquo;aide pratique, les rafra\u00eechissements et une pr\u00e9sence.<\/p>\n<p><strong><span style=\"color: #1e22aa;\">Groupe de marche pour les endeuill\u00e9s &lsquo;Gu\u00e9rir \u00e9tape par \u00e9tape&rsquo;:<\/span><\/strong><\/p>\n<p>En collaboration avec une \u00e9quipe multidisciplinaire, CanSupport des C\u00e8dres organise des services comm\u00e9moratifs bimensuels pour c\u00e9l\u00e9brer la vie des patients d\u00e9c\u00e9d\u00e9s \u00e0 l&rsquo;unit\u00e9 de soins palliatifs de Balfour Mount.<\/p>\n","protected":false},"excerpt":{"rendered":"<p>Les soins palliatifs sont des soins sp\u00e9cialis\u00e9s pour les personnes atteintes d&rsquo;une maladie avanc\u00e9e. L&rsquo;objectif est d&rsquo;offrir du confort et d&rsquo;am\u00e9liorer la qualit\u00e9 de vie des patients et des familles. [&hellip;]<\/p>\n","protected":false},"author":4,"featured_media":0,"parent":0,"menu_order":0,"comment_status":"closed","ping_status":"closed","template":"","meta":{"footnotes":""},"class_list":["post-5912","page","type-page","status-publish","hentry"],"_links":{"self":[{"href":"https:\/\/cansupport.ca\/fr\/wp-json\/wp\/v2\/pages\/5912","targetHints":{"allow":["GET"]}}],"collection":[{"href":"https:\/\/cansupport.ca\/fr\/wp-json\/wp\/v2\/pages"}],"about":[{"href":"https:\/\/cansupport.ca\/fr\/wp-json\/wp\/v2\/types\/page"}],"author":[{"embeddable":true,"href":"https:\/\/cansupport.ca\/fr\/wp-json\/wp\/v2\/users\/4"}],"replies":[{"embeddable":true,"href":"https:\/\/cansupport.ca\/fr\/wp-json\/wp\/v2\/comments?post=5912"}],"version-history":[{"count":5,"href":"https:\/\/cansupport.ca\/fr\/wp-json\/wp\/v2\/pages\/5912\/revisions"}],"predecessor-version":[{"id":20313,"href":"https:\/\/cansupport.ca\/fr\/wp-json\/wp\/v2\/pages\/5912\/revisions\/20313"}],"wp:attachment":[{"href":"https:\/\/cansupport.ca\/fr\/wp-json\/wp\/v2\/media?parent=5912"}],"curies":[{"name":"wp","href":"https:\/\/api.w.org\/{rel}","templated":true}]}}